{"id":2944,"date":"2023-09-13T14:09:43","date_gmt":"2023-09-13T12:09:43","guid":{"rendered":"https:\/\/kitchenlab4kids.uniwersytet.ignatianum.edu.pl\/?page_id=2944"},"modified":"2023-09-23T19:13:58","modified_gmt":"2023-09-23T17:13:58","slug":"practiques-i-aprenentatge","status":"publish","type":"page","link":"https:\/\/kitchenlab4kids.ignatianum.edu.pl\/ca\/practiques-i-aprenentatge\/","title":{"rendered":"Pr\u00e0ctiques i aprenentatge"},"content":{"rendered":"\n<h2 class=\"wp-block-heading has-text-align-center\">Comunitat de pr\u00e0ctica i aprenentatge<\/h2>\n\n\n\n<p>La plataforma K4K est\u00e0 dissenyada per oferir recursos en l&#8217;\u00e0mbit de l&#8217;aprenentatge STEM\/ensenyament STEM a l&#8217;educaci\u00f3 infantil (idees, exemples de bones pr\u00e0ctiques, lli\u00e7ons de v\u00eddeo, literatura, resultats del treball infantil, etc.) materials, c\u00e0rrega de nous materials, compartir experi\u00e8ncies, donar suport al proc\u00e9s d&#8217;aprenentatge aprenentatge intercultural per al professorat en formaci\u00f3 i en formaci\u00f3.<\/p>\n\n\n\n<p>Els socis de K4K volen donar suport al desenvolupament d&#8217;una comunitat formada per educadors, aprenents, professors i investigadors, per\u00f2 tamb\u00e9 pares, que romandr\u00e0 oberta un cop finalitzat el projecte i que tamb\u00e9 inclour\u00e0 usuaris que no participin directament o indirectament en el projecte.<\/p>\n\n\n\n<p>A trav\u00e9s d&#8217;aquesta plataforma, els membres de la comunitat poden accedir a recursos en l\u00ednia que ja han estat descrits i valorats, poden compartir les seves opinions i, el m\u00e9s valu\u00f3s per a altres membres, poden descriure les seves experi\u00e8ncies mitjan\u00e7ant experiments STEM: quines dificultats, quines solucions o simplement quines alternatives s&#8217;han adoptat. \u00c9s senzill, nom\u00e9s cal accedir al quadre d&#8217;edici\u00f3 disponible a sota de cada recurs.<\/p>\n\n\n\n<p>Ja s&#8217;han utilitzat molts recursos per fer proves per part d&#8217;estudiants i acad\u00e8mics, amb el suport d&#8217;experts de K4K: molts v\u00eddeos i presentacions originals es publicaran al canal de YouTube de K4K i estaran disponibles en aquestes p\u00e0gines.<\/p>\n\n\n\n<p class=\"has-text-align-center\">Registra&#8217;t a la plataforma K4K i uneix-te a la comunitat!<\/p>\n\n\n\n<h2 class=\"wp-block-heading has-text-align-center\">Marc per a la descripci\u00f3 d&#8217;una unitat educativa<\/h2>\n\n\n\n<p>Heu participat a la comunitat de pr\u00e0ctica KitchenLab4Kids per contribuir al desenvolupament del kit did\u00e0ctic?<\/p>\n\n\n\n<ol>\n<li>Dissenya el teu propi recurs did\u00e0ctic<\/li>\n\n\n\n<li>Descarrega el document a continuaci\u00f3<\/li>\n\n\n\n<li>Completa el pla de la lli\u00e7\u00f3<\/li>\n\n\n\n<li>Manteniu-vos en contacte amb el vostre professor de refer\u00e8ncia<\/li>\n<\/ol>\n\n\n\n<div class=\"wp-block-buttons is-content-justification-center is-layout-flex wp-container-core-buttons-is-layout-1 wp-block-buttons-is-layout-flex\">\n<div class=\"wp-block-button\"><a class=\"wp-block-button__link wp-element-button\" href=\"http:\/\/kitchenlab4kids.uniwersytet.ignatianum.edu.pl\/wp-content\/uploads\/sites\/20\/2023\/09\/Framework-learning-unit-CA.doc\">Forma en catal\u00e0<\/a><\/div>\n<\/div>\n<!-- PMB print buttons is only displayed on a single post\/page URLs-->","protected":false},"excerpt":{"rendered":"Comunitat de pr\u00e0ctica i aprenentatge La plataforma K4K est\u00e0 dissenyada per oferir recursos en l&#8217;\u00e0mbit de l&#8217;aprenentatge STEM\/ensenyament STEM a l&#8217;educaci\u00f3 infantil (idees, exemples de bones pr\u00e0ctiques, lli\u00e7ons de v\u00eddeo, literatura, resultats del treball infantil, etc.) materials, c\u00e0rrega de nous materials, compartir experi\u00e8ncies, donar suport al proc\u00e9s d&#8217;aprenentatge aprenentatge intercultural per al professorat en formaci\u00f3 i en formaci\u00f3. Els socis de K4K volen donar suport al desenvolupament d&#8217;una comunitat formada per educadors, aprenents, professors i investigadors, per\u00f2 tamb\u00e9 pares, que romandr\u00e0 oberta un cop finalitzat el projecte i que tamb\u00e9 inclour\u00e0 usuaris que no participin directament o indirectament en el projecte. A trav\u00e9s d&#8217;aquesta plataforma, els membres de la comunitat poden accedir a recursos en l\u00ednia que ja han estat descrits i valorats, poden compartir les seves opinions i, el m\u00e9s valu\u00f3s per a altres membres, poden descriure les seves experi\u00e8ncies mitjan\u00e7ant experiments STEM: quines dificultats, quines solucions o simplement quines alternatives s&#8217;han adoptat. \u00c9s senzill, nom\u00e9s cal accedir al quadre d&#8217;edici\u00f3 disponible a sota de cada recurs. Ja s&#8217;han utilitzat molts recursos per fer proves per part d&#8217;estudiants i acad\u00e8mics, amb el suport d&#8217;experts de K4K: molts v\u00eddeos i presentacions originals es publicaran al canal de YouTube de K4K i estaran disponibles en aquestes p\u00e0gines. Registra&#8217;t a la plataforma K4K i uneix-te a la comunitat! Marc per a la descripci\u00f3 d&#8217;una unitat educativa Heu participat a la comunitat de pr\u00e0ctica KitchenLab4Kids per contribuir al desenvolupament del kit [&hellip;]","protected":false},"author":3,"featured_media":0,"parent":0,"menu_order":0,"comment_status":"closed","ping_status":"closed","template":"","meta":{"_acf_changed":false,"_uag_custom_page_level_css":"","site-sidebar-layout":"default","site-content-layout":"","ast-site-content-layout":"","site-content-style":"default","site-sidebar-style":"default","ast-global-header-display":"","ast-banner-title-visibility":"","ast-main-header-display":"","ast-hfb-above-header-display":"","ast-hfb-below-header-display":"","ast-hfb-mobile-header-display":"","site-post-title":"","ast-breadcrumbs-content":"","ast-featured-img":"","footer-sml-layout":"","theme-transparent-header-meta":"","adv-header-id-meta":"","stick-header-meta":"","header-above-stick-meta":"","header-main-stick-meta":"","header-below-stick-meta":"","astra-migrate-meta-layouts":"default","ast-page-background-enabled":"default","ast-page-background-meta":{"desktop":{"background-color":"var(--ast-global-color-4)","background-image":"","background-repeat":"repeat","background-position":"center center","background-size":"auto","background-attachment":"scroll","background-type":"","background-media":"","overlay-type":"","overlay-color":"","overlay-opacity":"","overlay-gradient":""},"tablet":{"background-color":"","background-image":"","background-repeat":"repeat","background-position":"center center","background-size":"auto","background-attachment":"scroll","background-type":"","background-media":"","overlay-type":"","overlay-color":"","overlay-opacity":"","overlay-gradient":""},"mobile":{"background-color":"","background-image":"","background-repeat":"repeat","background-position":"center center","background-size":"auto","background-attachment":"scroll","background-type":"","background-media":"","overlay-type":"","overlay-color":"","overlay-opacity":"","overlay-gradient":""}},"ast-content-background-meta":{"desktop":{"background-color":"var(--ast-global-color-5)","background-image":"","background-repeat":"repeat","background-position":"center center","background-size":"auto","background-attachment":"scroll","background-type":"","background-media":"","overlay-type":"","overlay-color":"","overlay-opacity":"","overlay-gradient":""},"tablet":{"background-color":"var(--ast-global-color-5)","background-image":"","background-repeat":"repeat","background-position":"center center","background-size":"auto","background-attachment":"scroll","background-type":"","background-media":"","overlay-type":"","overlay-color":"","overlay-opacity":"","overlay-gradient":""},"mobile":{"background-color":"var(--ast-global-color-5)","background-image":"","background-repeat":"repeat","background-position":"center center","background-size":"auto","background-attachment":"scroll","background-type":"","background-media":"","overlay-type":"","overlay-color":"","overlay-opacity":"","overlay-gradient":""}},"ngg_post_thumbnail":0,"footnotes":""},"acf":[],"uagb_featured_image_src":{"full":false,"thumbnail":false,"medium":false,"medium_large":false,"large":false,"1536x1536":false,"2048x2048":false},"uagb_author_info":{"display_name":"Redaktor","author_link":"https:\/\/kitchenlab4kids.ignatianum.edu.pl\/ca\/author\/dstolarek\/"},"uagb_comment_info":0,"uagb_excerpt":"Comunitat de pr\u00e0ctica i aprenentatge La plataforma K4K est\u00e0 dissenyada per oferir recursos en l&#8217;\u00e0mbit de l&#8217;aprenentatge STEM\/ensenyament STEM a l&#8217;educaci\u00f3 infantil (idees, exemples de bones pr\u00e0ctiques, lli\u00e7ons de v\u00eddeo, literatura, resultats del treball infantil, etc.) materials, c\u00e0rrega de nous materials, compartir experi\u00e8ncies, donar suport al proc\u00e9s d&#8217;aprenentatge aprenentatge intercultural per al professorat en formaci\u00f3&hellip;","_links":{"self":[{"href":"https:\/\/kitchenlab4kids.ignatianum.edu.pl\/ca\/wp-json\/wp\/v2\/pages\/2944"}],"collection":[{"href":"https:\/\/kitchenlab4kids.ignatianum.edu.pl\/ca\/wp-json\/wp\/v2\/pages"}],"about":[{"href":"https:\/\/kitchenlab4kids.ignatianum.edu.pl\/ca\/wp-json\/wp\/v2\/types\/page"}],"author":[{"embeddable":true,"href":"https:\/\/kitchenlab4kids.ignatianum.edu.pl\/ca\/wp-json\/wp\/v2\/users\/3"}],"replies":[{"embeddable":true,"href":"https:\/\/kitchenlab4kids.ignatianum.edu.pl\/ca\/wp-json\/wp\/v2\/comments?post=2944"}],"version-history":[{"count":1,"href":"https:\/\/kitchenlab4kids.ignatianum.edu.pl\/ca\/wp-json\/wp\/v2\/pages\/2944\/revisions"}],"predecessor-version":[{"id":2973,"href":"https:\/\/kitchenlab4kids.ignatianum.edu.pl\/ca\/wp-json\/wp\/v2\/pages\/2944\/revisions\/2973"}],"wp:attachment":[{"href":"https:\/\/kitchenlab4kids.ignatianum.edu.pl\/ca\/wp-json\/wp\/v2\/media?parent=2944"}],"curies":[{"name":"wp","href":"https:\/\/api.w.org\/{rel}","templated":true}]}}