{"id":6570,"date":"2023-09-22T13:27:56","date_gmt":"2023-09-22T11:27:56","guid":{"rendered":"https:\/\/kitchenlab4kids.uniwersytet.ignatianum.edu.pl\/?page_id=6570"},"modified":"2023-10-06T08:29:52","modified_gmt":"2023-10-06T06:29:52","slug":"la-ciencia-darrera-els-dolcos","status":"publish","type":"page","link":"https:\/\/kitchenlab4kids.ignatianum.edu.pl\/ca\/rutes-daprenentatge\/la-ciencia-darrera-els-dolcos\/","title":{"rendered":"La ci\u00e8ncia darrera els dol\u00e7os"},"content":{"rendered":"\n<h2 class=\"wp-block-heading has-text-align-center\"><strong>RUTA D\u2019APRENENTATGE TEM\u00c0TIC<br>La ci\u00e8ncia darrera els dol\u00e7os. Primer experimentem, despr\u00e9s mengem!<\/strong><\/h2>\n\n\n\n<h3 class=\"wp-block-heading\">Objectius:<\/h3>\n\n\n\n<ol>\n<li>Con\u00e8ixer les difer\u00e8ncies entre s\u00f2lid i l\u00edquid<\/li>\n\n\n\n<li>Comprendre els processos darrera la transformaci\u00f3 de l\u00edquids en s\u00f2lids<\/li>\n\n\n\n<li>Descobrir els ingredients de les llaminadures (ex: sucre)<\/li>\n\n\n\n<li>Conscienciar els alumnes de com es posa color als dol\u00e7os<\/li>\n\n\n\n<li>Con\u00e8ixer el proc\u00e9s de pujada en el menjar (cr\u00e9ixer)<\/li>\n\n\n\n<li>Desenvolupar el coneixement sobre el funcionament del forn<\/li>\n\n\n\n<li>Promocionar menjar dol\u00e7os saludables<\/li>\n<\/ol>\n\n\n\n<div style=\"height:30px\" aria-hidden=\"true\" class=\"wp-block-spacer\"><\/div>\n\n\n\n<h3 class=\"wp-block-heading\">Objectius d\u2019aprenentatge previstos<\/h3>\n\n\n\n<p><strong><strong>Els infants seran capa\u00e7os de:<\/strong><\/strong><\/p>\n\n\n\n<ol>\n<li>Participar en els experiments sota la supervisi\u00f3 de la mestra<\/li>\n\n\n\n<li>Explicar conceptes de l\u00edquid\/s\u00f3lid i diferenciar entre congelar, descongelar\/desfer, solidificar<\/li>\n\n\n\n<li>Entendre perqu\u00e8 serveix coure al forn<\/li>\n\n\n\n<li>Aprendre a utilitzar el forn sota la supervisi\u00f3 de la mestra<\/li>\n\n\n\n<li>Recon\u00e8ixer els colorants<\/li>\n\n\n\n<li>Recon\u00e8ixer el proc\u00e9s de coloraci\u00f3 dels aliments<\/li>\n\n\n\n<li>Desenvolupar un inter\u00e9s saludable cap als dol\u00e7os<\/li>\n\n\n\n<li>Dissenyar el seu propi experiment relacionat amb el tema (utilitzant materials donats per la mestra)<\/li>\n\n\n\n<li>Reflexionar sobre el seu aprenentatge<\/li>\n<\/ol>\n\n\n\n<div style=\"height:30px\" aria-hidden=\"true\" class=\"wp-block-spacer\"><\/div>\n\n\n\n<h3 class=\"wp-block-heading\">Estructura de la ruta<\/h3>\n\n\n\n<p><strong>Etapa I<\/strong><\/p>\n\n\n\n<p>Recon\u00e8ixer les difer\u00e8ncies entre s\u00f2lid i liquid, entendre la transformaci\u00f3 de l\u00edquid a s\u00f2lid, entendre que aquesta transformaci\u00f3 \u00e9s reversible<\/p>\n\n\n\n<ul class=\"bs-link-block\">\n<li><a href=\"\/ca\/eksperyment\/ciencia-amb-galetes\/\">Ci\u00e8ncia amb galetes<\/a><\/li>\n\n\n\n<li><a href=\"\/ca\/eksperyment\/fes-el-teu-propi-gelat\/\">Gelat a una bossa<\/a><\/li>\n\n\n\n<li><a href=\"\/ca\/eksperyment\/pastis-en-una-tassa\/\">Past\u00eds a una tassa<\/a><\/li>\n\n\n\n<li><a href=\"\/ca\/eksperyment\/ciencia-amb-xocolata-canvi-reversible\/\">Ci\u00e8ncia amb xocolata<\/a><\/li>\n<\/ul>\n\n\n\n<p><strong>Etapa II<\/strong><\/p>\n\n\n\n<p>Entendre com funciona el forn i com canvien els dol\u00e7os dins del mateix.<\/p>\n\n\n\n<ul class=\"bs-link-block\">\n<li><a href=\"\/ca\/eksperyment\/fent-panellets\/\">Fent panellets<\/a><\/li>\n\n\n\n<li><a href=\"\/ca\/eksperyment\/cunapes\/\">Cu\u00f1ap\u00e9s<\/a><\/li>\n<\/ul>\n\n\n\n<p><strong>Etapa III<\/strong><\/p>\n\n\n\n<p>Investigar el proc\u00e9s de coloraci\u00f3 dels aliments \u2013 entendre les difer\u00e8ncies entre colorant natural i artificial.<\/p>\n\n\n\n<ul class=\"bs-link-block\">\n<li><a href=\"\/ca\/eksperyment\/la-ciencia-dels-nuvols-de-sucre\/\">La ci\u00e8ncia dels n\u00favols de sucre<\/a><\/li>\n\n\n\n<li><a href=\"\/ca\/eksperyment\/creps-de-colors-amb-pigments-naturals\/\">Creps de colors amb pigments naturals<\/a><\/li>\n<\/ul>\n\n\n\n<p><strong>Etapa IV<\/strong><\/p>\n\n\n\n<p>Promoure una inclinaci\u00f3 saludable pels dol\u00e7os, preferint ingredients i dol\u00e7os casol\u00e0.<\/p>\n\n\n\n<ul class=\"bs-link-block\">\n<li><a href=\"\/ca\/eksperyment\/gelats-de-colors\/\">Gelats de colors<\/a><\/li>\n\n\n\n<li><a href=\"\/ca\/eksperyment\/fer-mantega-en-un-pot-de-vidre\/\">Fer mantega en un pot de vidre<\/a><\/li>\n\n\n\n<li><a href=\"\/ca\/eksperyment\/pastis-de-pastanaga\/\">Past\u00eds de pastanaga<\/a><\/li>\n<\/ul>\n\n\n\n<div style=\"height:30px\" aria-hidden=\"true\" class=\"wp-block-spacer\"><\/div>\n\n\n\n<h3 class=\"wp-block-heading\">Avaluaci\u00f3<\/h3>\n\n\n\n<p><strong>Inicial<\/strong>\u2013 fer un mapa conceptual (Qu\u00e8 se? Qu\u00e8 voldria saber\u2026?<\/p>\n\n\n\n<p><strong>Formativa<\/strong>\u2013 descrita a cada recurs<\/p>\n\n\n\n<p><strong>Final<\/strong>:<\/p>\n\n\n\n<ol type=\"A\">\n<li>Reflexionar amb el mapa conceptual fer anteriorment (Qu\u00e8 hem apr\u00e8s? Que ha sigut el m\u00e9s interessant? Qu\u00e8 m\u00e9s m\u2019agradaria saber sobre els dol\u00e7os?).<\/li>\n\n\n\n<li>Votar quin ha sigut l\u2019experiment m\u00e9s interessant (els infants poden posar un gomet a sota de l\u2019experiment que m\u00e9s els hi ha agradat)<\/li>\n\n\n\n<li>Autoavaluaci\u00f3 del proc\u00e9s d\u2019aprenentatge<\/li>\n\n\n\n<li>Avaluaci\u00f3 de la mestra<\/li>\n<\/ol>\n\n\n\n<figure class=\"wp-block-table\"><table class=\"mtr-table mtr-tr-td\"><tbody><tr><td data-mtr-content=\"Reconeix els l\u00edquids i els s\u00f3lids\" class=\"mtr-td-tag\"><div class=\"mtr-cell-content\">Reconeix els l\u00edquids i els s\u00f3lids<\/div><\/td><td data-mtr-content=\"1\" class=\"mtr-td-tag\"><div class=\"mtr-cell-content\">1<\/div><\/td><td data-mtr-content=\"2\" class=\"mtr-td-tag\"><div class=\"mtr-cell-content\">2<\/div><\/td><td data-mtr-content=\"3\" class=\"mtr-td-tag\"><div class=\"mtr-cell-content\">3<\/div><\/td><td data-mtr-content=\"4\" class=\"mtr-td-tag\"><div class=\"mtr-cell-content\">4<\/div><\/td><\/tr><tr><td data-mtr-content=\"Reconeix els l\u00edquids i els s\u00f3lids\" class=\"mtr-td-tag\"><div class=\"mtr-cell-content\">Pot explicar els canvis a les subst\u00e0ncies<\/div><\/td><td data-mtr-content=\"1\" class=\"mtr-td-tag\"><div class=\"mtr-cell-content\">1<\/div><\/td><td data-mtr-content=\"2\" class=\"mtr-td-tag\"><div class=\"mtr-cell-content\">2<\/div><\/td><td data-mtr-content=\"3\" class=\"mtr-td-tag\"><div class=\"mtr-cell-content\">3<\/div><\/td><td data-mtr-content=\"4\" class=\"mtr-td-tag\"><div class=\"mtr-cell-content\">4<\/div><\/td><\/tr><tr><td data-mtr-content=\"Reconeix els l\u00edquids i els s\u00f3lids\" class=\"mtr-td-tag\"><div class=\"mtr-cell-content\">Pot utilitzar el forn (sota supervisi\u00f3)<\/div><\/td><td data-mtr-content=\"1\" class=\"mtr-td-tag\"><div class=\"mtr-cell-content\">1<\/div><\/td><td data-mtr-content=\"2\" class=\"mtr-td-tag\"><div class=\"mtr-cell-content\">2<\/div><\/td><td data-mtr-content=\"3\" class=\"mtr-td-tag\"><div class=\"mtr-cell-content\">3<\/div><\/td><td data-mtr-content=\"4\" class=\"mtr-td-tag\"><div class=\"mtr-cell-content\">4<\/div><\/td><\/tr><tr><td data-mtr-content=\"Reconeix els l\u00edquids i els s\u00f3lids\" class=\"mtr-td-tag\"><div class=\"mtr-cell-content\">Reconeix els aliments que s\u2019han tenyit<\/div><\/td><td data-mtr-content=\"1\" class=\"mtr-td-tag\"><div class=\"mtr-cell-content\">1<\/div><\/td><td data-mtr-content=\"2\" class=\"mtr-td-tag\"><div class=\"mtr-cell-content\">2<\/div><\/td><td data-mtr-content=\"3\" class=\"mtr-td-tag\"><div class=\"mtr-cell-content\">3<\/div><\/td><td data-mtr-content=\"4\" class=\"mtr-td-tag\"><div class=\"mtr-cell-content\">4<\/div><\/td><\/tr><tr><td data-mtr-content=\"Reconeix els l\u00edquids i els s\u00f3lids\" class=\"mtr-td-tag\"><div class=\"mtr-cell-content\">Pot utilitzar colorants alimentaris<\/div><\/td><td data-mtr-content=\"1\" class=\"mtr-td-tag\"><div class=\"mtr-cell-content\">1<\/div><\/td><td data-mtr-content=\"2\" class=\"mtr-td-tag\"><div class=\"mtr-cell-content\">2<\/div><\/td><td data-mtr-content=\"3\" class=\"mtr-td-tag\"><div class=\"mtr-cell-content\">3<\/div><\/td><td data-mtr-content=\"4\" class=\"mtr-td-tag\"><div class=\"mtr-cell-content\">4<\/div><\/td><\/tr><tr><td data-mtr-content=\"Reconeix els l\u00edquids i els s\u00f3lids\" class=\"mtr-td-tag\"><div class=\"mtr-cell-content\">Desenvolupa una actitud saludable cap als dol\u00e7os<\/div><\/td><td data-mtr-content=\"1\" class=\"mtr-td-tag\"><div class=\"mtr-cell-content\">1<\/div><\/td><td data-mtr-content=\"2\" class=\"mtr-td-tag\"><div class=\"mtr-cell-content\">2<\/div><\/td><td data-mtr-content=\"3\" class=\"mtr-td-tag\"><div class=\"mtr-cell-content\">3<\/div><\/td><td data-mtr-content=\"4\" class=\"mtr-td-tag\"><div class=\"mtr-cell-content\">4<\/div><\/td><\/tr><\/tbody><\/table><\/figure>\n\n\n\n<p>1 \u2013 No del tot<br>2<br>3<br>4 \u2013 En absolut<\/p>\n<!-- PMB print buttons is only displayed on a single post\/page URLs-->","protected":false},"excerpt":{"rendered":"RUTA D\u2019APRENENTATGE TEM\u00c0TICLa ci\u00e8ncia darrera els dol\u00e7os. Primer experimentem, despr\u00e9s mengem! Objectius: Objectius d\u2019aprenentatge previstos Els infants seran capa\u00e7os de: Estructura de la ruta Etapa I Recon\u00e8ixer les difer\u00e8ncies entre s\u00f2lid i liquid, entendre la transformaci\u00f3 de l\u00edquid a s\u00f2lid, entendre que aquesta transformaci\u00f3 \u00e9s reversible Etapa II Entendre com funciona el forn i com canvien els dol\u00e7os dins del mateix. Etapa III Investigar el proc\u00e9s de coloraci\u00f3 dels aliments \u2013 entendre les difer\u00e8ncies entre colorant natural i artificial. Etapa IV Promoure una inclinaci\u00f3 saludable pels dol\u00e7os, preferint ingredients i dol\u00e7os casol\u00e0. Avaluaci\u00f3 Inicial\u2013 fer un mapa conceptual (Qu\u00e8 se? Qu\u00e8 voldria saber\u2026? Formativa\u2013 descrita a cada recurs Final: Reconeix els l\u00edquids i els s\u00f3lids 1 2 3 4 Pot explicar els canvis a les subst\u00e0ncies 1 2 3 4 Pot utilitzar el forn (sota supervisi\u00f3) 1 2 3 4 Reconeix els aliments que s\u2019han tenyit 1 2 3 4 Pot utilitzar colorants alimentaris 1 2 3 4 Desenvolupa una actitud saludable cap als dol\u00e7os 1 2 3 4 1 \u2013 No del tot234 \u2013 En [&hellip;]","protected":false},"author":3,"featured_media":0,"parent":7629,"menu_order":0,"comment_status":"closed","ping_status":"closed","template":"","meta":{"_acf_changed":false,"_uag_custom_page_level_css":"","site-sidebar-layout":"default","site-content-layout":"","ast-site-content-layout":"","site-content-style":"default","site-sidebar-style":"default","ast-global-header-display":"","ast-banner-title-visibility":"","ast-main-header-display":"","ast-hfb-above-header-display":"","ast-hfb-below-header-display":"","ast-hfb-mobile-header-display":"","site-post-title":"","ast-breadcrumbs-content":"","ast-featured-img":"","footer-sml-layout":"","theme-transparent-header-meta":"","adv-header-id-meta":"","stick-header-meta":"","header-above-stick-meta":"","header-main-stick-meta":"","header-below-stick-meta":"","astra-migrate-meta-layouts":"default","ast-page-background-enabled":"default","ast-page-background-meta":{"desktop":{"background-color":"var(--ast-global-color-4)","background-image":"","background-repeat":"repeat","background-position":"center center","background-size":"auto","background-attachment":"scroll","background-type":"","background-media":"","overlay-type":"","overlay-color":"","overlay-opacity":"","overlay-gradient":""},"tablet":{"background-color":"","background-image":"","background-repeat":"repeat","background-position":"center center","background-size":"auto","background-attachment":"scroll","background-type":"","background-media":"","overlay-type":"","overlay-color":"","overlay-opacity":"","overlay-gradient":""},"mobile":{"background-color":"","background-image":"","background-repeat":"repeat","background-position":"center center","background-size":"auto","background-attachment":"scroll","background-type":"","background-media":"","overlay-type":"","overlay-color":"","overlay-opacity":"","overlay-gradient":""}},"ast-content-background-meta":{"desktop":{"background-color":"var(--ast-global-color-5)","background-image":"","background-repeat":"repeat","background-position":"center center","background-size":"auto","background-attachment":"scroll","background-type":"","background-media":"","overlay-type":"","overlay-color":"","overlay-opacity":"","overlay-gradient":""},"tablet":{"background-color":"var(--ast-global-color-5)","background-image":"","background-repeat":"repeat","background-position":"center center","background-size":"auto","background-attachment":"scroll","background-type":"","background-media":"","overlay-type":"","overlay-color":"","overlay-opacity":"","overlay-gradient":""},"mobile":{"background-color":"var(--ast-global-color-5)","background-image":"","background-repeat":"repeat","background-position":"center center","background-size":"auto","background-attachment":"scroll","background-type":"","background-media":"","overlay-type":"","overlay-color":"","overlay-opacity":"","overlay-gradient":""}},"ngg_post_thumbnail":0,"footnotes":""},"acf":[],"uagb_featured_image_src":{"full":false,"thumbnail":false,"medium":false,"medium_large":false,"large":false,"1536x1536":false,"2048x2048":false},"uagb_author_info":{"display_name":"Redaktor","author_link":"https:\/\/kitchenlab4kids.ignatianum.edu.pl\/ca\/author\/dstolarek\/"},"uagb_comment_info":0,"uagb_excerpt":"RUTA D\u2019APRENENTATGE TEM\u00c0TICLa ci\u00e8ncia darrera els dol\u00e7os. Primer experimentem, despr\u00e9s mengem! Objectius: Objectius d\u2019aprenentatge previstos Els infants seran capa\u00e7os de: Estructura de la ruta Etapa I Recon\u00e8ixer les difer\u00e8ncies entre s\u00f2lid i liquid, entendre la transformaci\u00f3 de l\u00edquid a s\u00f2lid, entendre que aquesta transformaci\u00f3 \u00e9s reversible Etapa II Entendre com funciona el forn i com&hellip;","_links":{"self":[{"href":"https:\/\/kitchenlab4kids.ignatianum.edu.pl\/ca\/wp-json\/wp\/v2\/pages\/6570"}],"collection":[{"href":"https:\/\/kitchenlab4kids.ignatianum.edu.pl\/ca\/wp-json\/wp\/v2\/pages"}],"about":[{"href":"https:\/\/kitchenlab4kids.ignatianum.edu.pl\/ca\/wp-json\/wp\/v2\/types\/page"}],"author":[{"embeddable":true,"href":"https:\/\/kitchenlab4kids.ignatianum.edu.pl\/ca\/wp-json\/wp\/v2\/users\/3"}],"replies":[{"embeddable":true,"href":"https:\/\/kitchenlab4kids.ignatianum.edu.pl\/ca\/wp-json\/wp\/v2\/comments?post=6570"}],"version-history":[{"count":1,"href":"https:\/\/kitchenlab4kids.ignatianum.edu.pl\/ca\/wp-json\/wp\/v2\/pages\/6570\/revisions"}],"predecessor-version":[{"id":6573,"href":"https:\/\/kitchenlab4kids.ignatianum.edu.pl\/ca\/wp-json\/wp\/v2\/pages\/6570\/revisions\/6573"}],"up":[{"embeddable":true,"href":"https:\/\/kitchenlab4kids.ignatianum.edu.pl\/ca\/wp-json\/wp\/v2\/pages\/7629"}],"wp:attachment":[{"href":"https:\/\/kitchenlab4kids.ignatianum.edu.pl\/ca\/wp-json\/wp\/v2\/media?parent=6570"}],"curies":[{"name":"wp","href":"https:\/\/api.w.org\/{rel}","templated":true}]}}