{"id":6603,"date":"2023-09-22T13:39:00","date_gmt":"2023-09-22T11:39:00","guid":{"rendered":"https:\/\/kitchenlab4kids.uniwersytet.ignatianum.edu.pl\/?page_id=6603"},"modified":"2023-10-06T08:30:08","modified_gmt":"2023-10-06T06:30:08","slug":"laboratori-de-forners","status":"publish","type":"page","link":"https:\/\/kitchenlab4kids.ignatianum.edu.pl\/ca\/rutes-daprenentatge\/laboratori-de-forners\/","title":{"rendered":"Laboratori de Forners"},"content":{"rendered":"\n<h2 class=\"wp-block-heading has-text-align-center\"><strong>RUTA D\u2019APRENENTATGE TEM\u00c0TIC<br>Laboratori de Forners<\/strong><\/h2>\n\n\n\n<h3 class=\"wp-block-heading\">Objectius:<\/h3>\n\n\n\n<ol>\n<li>Treballar la capacitat de l\u2019alumne per mesurar la temperatura<\/li>\n\n\n\n<li>Millorar el coneixement dels alumnes sobre algunes reaccions qu\u00edmiques que es produeixen en elements quotidians<\/li>\n\n\n\n<li>Permetre als alumnes explorar el concepte d\u2019energia i calor<\/li>\n\n\n\n<li>Permetre als alumnes explorar el concepte d\u2019energia negativa i positiva<\/li>\n\n\n\n<li>Treballar el coneixement dels alumnes sobre el proc\u00e9s de pujada<\/li>\n\n\n\n<li>Permetre als estudiants explorar el concepte de pes i massa<\/li>\n\n\n\n<li>Deixar als alumnes explorar com diferents ingredients poden afectar el resultat final d\u2019un past\u00eds<\/li>\n<\/ol>\n\n\n\n<h4 class=\"wp-block-heading\"><strong><strong>Objectius transversals:<\/strong><\/strong><\/h4>\n\n\n\n<ol>\n<li>Treballar l\u2019actitud investigadora dels alumnes<\/li>\n\n\n\n<li>Desenvolupar les habilitats dels alumnes per escoltar i seguir instruccions<\/li>\n\n\n\n<li>Desenvolupar les habilitats culin\u00e0ries dels alumnes<\/li>\n\n\n\n<li>Permetre als estudiants investigar els canvis alimentaris<\/li>\n\n\n\n<li>Desenvolupar les habilitats ling\u00fc\u00edstiques expressives dels alumnes<\/li>\n\n\n\n<li>Desenvolupar la capacitat dels alumnes per treballar en grup<\/li>\n<\/ol>\n\n\n\n<div style=\"height:30px\" aria-hidden=\"true\" class=\"wp-block-spacer\"><\/div>\n\n\n\n<h3 class=\"wp-block-heading\">Resultats d\u2019aprenentatge previstos<\/h3>\n\n\n\n<p><strong><strong><strong>Els alumnes seran capa\u00e7os de:<\/strong><\/strong><\/strong><\/p>\n\n\n\n<ol>\n<li>Participar en experiments sota la supervisi\u00f3 del professor<\/li>\n\n\n\n<li>Recon\u00e8ixer i explicar els canvis en una subst\u00e0ncia<\/li>\n\n\n\n<li>Comprendre el funcionament del forn<\/li>\n\n\n\n<li>Aprendre a fer servir el forn sota la supervisi\u00f3 del professor<\/li>\n\n\n\n<li>Comprendre el fenomen del llevat<\/li>\n\n\n\n<li>Anotar la f\u00f3rmula qu\u00edmica d\u2019un gas<\/li>\n\n\n\n<li>Investigar com interactuen les c\u00e0rregues positives i negatives<\/li>\n\n\n\n<li>Observar i discutir com es divideixen el pebre i la sal mitjan\u00e7ant l\u2019energia electrost\u00e0tica<\/li>\n<\/ol>\n\n\n\n<div style=\"height:30px\" aria-hidden=\"true\" class=\"wp-block-spacer\"><\/div>\n\n\n\n<h3 class=\"wp-block-heading\">Estructura de la ruta d\u2019aprenentatge<\/h3>\n\n\n\n<p><strong>Etapa I<\/strong><\/p>\n\n\n\n<p>Mesurar la temperatura, pastar, entendre el concepte de que la massa pugui de fermentaci\u00f3.<\/p>\n\n\n\n<ul class=\"bs-link-block\">\n<li><a href=\"\/ca\/eksperyment\/la-focaccia-magica\/\">La focaccia m\u00e0gica \u2013 llevat<\/a><\/li>\n\n\n\n<li><a href=\"\/ca\/eksperyment\/pastem-els-gasos-fermentacio\/\">Pastem els gasos-fermentaci\u00f3<\/a><\/li>\n\n\n\n<li><a href=\"\/ca\/eksperyment\/fer-pa-en-una-bossa-hermetica\/\">Fer pa en una bossa herm\u00e8tica<\/a><\/li>\n<\/ul>\n\n\n\n<p><strong>Etapa II<\/strong><\/p>\n\n\n\n<p>Entendre l\u2019osmosi i els processos d\u2019energia est\u00e0tica darrere dels ingredients de la cuina; entendre com diferents ingredients poden afectar el resultat d\u2019un past\u00eds.<\/p>\n\n\n\n<ul class=\"bs-link-block\">\n<li><a href=\"\/ca\/eksperyment\/osmosi-dolca-la-quimica-es-torna-dolca\/\">Osmosi dol\u00e7a \u2013 la qu\u00edmica es torna dol\u00e7a<\/a><\/li>\n\n\n\n<li><a href=\"\/ca\/eksperyment\/dos-pesos-dues-mesures-electricitat-estatica\/\">Dos pesos, dues mesures: electricitat est\u00e0tica<\/a><\/li>\n\n\n\n<li><a href=\"\/ca\/eksperyment\/descobrir-la-ciencia-pastissera\/\">Descobrir la ci\u00e8ncia pastissera<\/a><\/li>\n<\/ul>\n\n\n\n<div style=\"height:30px\" aria-hidden=\"true\" class=\"wp-block-spacer\"><\/div>\n\n\n\n<h3 class=\"wp-block-heading\">Avaluaci\u00f3<\/h3>\n\n\n\n<p><strong>Inicial<\/strong>&nbsp;\u2013 fer un mapa conceptual : (Qu\u00e8 se? Qu\u00e8 voldria saber\u2026?) Activar els coneixements previs dels nens<\/p>\n\n\n\n<p><strong>Formativa<\/strong>&nbsp;\u2013 descrit en tots els recursos<\/p>\n\n\n\n<p><strong>Final<\/strong>:<br>A. Reflexi\u00f3 amb el mapa conceptual preparat al principi \u2013 Qu\u00e8 hem apr\u00e8s? Qu\u00e8 va ser el m\u00e9s intrigant? Qu\u00e8 m\u00e9s voldr\u00edem saber sobre la cuina?<br>B. Votar per l\u2019experiment m\u00e9s interessant (els nens poden posar l\u2019adhesiu sota la foto representant el seu experiment preferit)<br>C. Autoavaluaci\u00f3 del propi proc\u00e9s d\u2019aprenentatge.<br>D. Avaluaci\u00f3 del professor: vegeu l\u2019escala seg\u00fcent<\/p>\n\n\n\n<figure class=\"wp-block-table\"><table class=\"mtr-table mtr-tr-td\"><tbody><tr><td data-mtr-content=\"Ell\/ella pot recon\u00e8ixer els canvis en les subst\u00e0ncies\" class=\"mtr-td-tag\"><div class=\"mtr-cell-content\">Ell\/ella pot recon\u00e8ixer els canvis en les subst\u00e0ncies<\/div><\/td><td data-mtr-content=\"1\" class=\"mtr-td-tag\"><div class=\"mtr-cell-content\">1<\/div><\/td><td data-mtr-content=\"2\" class=\"mtr-td-tag\"><div class=\"mtr-cell-content\">2<\/div><\/td><td data-mtr-content=\"3\" class=\"mtr-td-tag\"><div class=\"mtr-cell-content\">3<\/div><\/td><td data-mtr-content=\"4\" class=\"mtr-td-tag\"><div class=\"mtr-cell-content\">4<\/div><\/td><\/tr><tr><td data-mtr-content=\"Ell\/ella pot recon\u00e8ixer els canvis en les subst\u00e0ncies\" class=\"mtr-td-tag\"><div class=\"mtr-cell-content\">Ell\/ella pot explicar els canvis en les subst\u00e0ncies<\/div><\/td><td data-mtr-content=\"1\" class=\"mtr-td-tag\"><div class=\"mtr-cell-content\">1<\/div><\/td><td data-mtr-content=\"2\" class=\"mtr-td-tag\"><div class=\"mtr-cell-content\">2<\/div><\/td><td data-mtr-content=\"3\" class=\"mtr-td-tag\"><div class=\"mtr-cell-content\">3<\/div><\/td><td data-mtr-content=\"4\" class=\"mtr-td-tag\"><div class=\"mtr-cell-content\">4<\/div><\/td><\/tr><tr><td data-mtr-content=\"Ell\/ella pot recon\u00e8ixer els canvis en les subst\u00e0ncies\" class=\"mtr-td-tag\"><div class=\"mtr-cell-content\">Ell\/ella pot utilitzar el forn (sota supervisi\u00f3)<\/div><\/td><td data-mtr-content=\"1\" class=\"mtr-td-tag\"><div class=\"mtr-cell-content\">1<\/div><\/td><td data-mtr-content=\"2\" class=\"mtr-td-tag\"><div class=\"mtr-cell-content\">2<\/div><\/td><td data-mtr-content=\"3\" class=\"mtr-td-tag\"><div class=\"mtr-cell-content\">3<\/div><\/td><td data-mtr-content=\"4\" class=\"mtr-td-tag\"><div class=\"mtr-cell-content\">4<\/div><\/td><\/tr><tr><td data-mtr-content=\"Ell\/ella pot recon\u00e8ixer els canvis en les subst\u00e0ncies\" class=\"mtr-td-tag\"><div class=\"mtr-cell-content\">Ell\/ella es capa\u00e7 d\u2019escriure la f\u00f3rmula qu\u00edmica del gas<\/div><\/td><td data-mtr-content=\"1\" class=\"mtr-td-tag\"><div class=\"mtr-cell-content\">1<\/div><\/td><td data-mtr-content=\"2\" class=\"mtr-td-tag\"><div class=\"mtr-cell-content\">2<\/div><\/td><td data-mtr-content=\"3\" class=\"mtr-td-tag\"><div class=\"mtr-cell-content\">3<\/div><\/td><td data-mtr-content=\"4\" class=\"mtr-td-tag\"><div class=\"mtr-cell-content\">4<\/div><\/td><\/tr><tr><td data-mtr-content=\"Ell\/ella pot recon\u00e8ixer els canvis en les subst\u00e0ncies\" class=\"mtr-td-tag\"><div class=\"mtr-cell-content\">Ell\/ella pot explicar el proc\u00e9s qu\u00edmic<\/div><\/td><td data-mtr-content=\"1\" class=\"mtr-td-tag\"><div class=\"mtr-cell-content\">1<\/div><\/td><td data-mtr-content=\"2\" class=\"mtr-td-tag\"><div class=\"mtr-cell-content\">2<\/div><\/td><td data-mtr-content=\"3\" class=\"mtr-td-tag\"><div class=\"mtr-cell-content\">3<\/div><\/td><td data-mtr-content=\"4\" class=\"mtr-td-tag\"><div class=\"mtr-cell-content\">4<\/div><\/td><\/tr><\/tbody><\/table><\/figure>\n\n\n\n<p>1 \u2013 No del tot<br>2<br>3<br>4 \u2013&nbsp;En absolut<\/p>\n<!-- PMB print buttons is only displayed on a single post\/page URLs-->","protected":false},"excerpt":{"rendered":"RUTA D\u2019APRENENTATGE TEM\u00c0TICLaboratori de Forners Objectius: Objectius transversals: Resultats d\u2019aprenentatge previstos Els alumnes seran capa\u00e7os de: Estructura de la ruta d\u2019aprenentatge Etapa I Mesurar la temperatura, pastar, entendre el concepte de que la massa pugui de fermentaci\u00f3. Etapa II Entendre l\u2019osmosi i els processos d\u2019energia est\u00e0tica darrere dels ingredients de la cuina; entendre com diferents ingredients poden afectar el resultat d\u2019un past\u00eds. Avaluaci\u00f3 Inicial&nbsp;\u2013 fer un mapa conceptual : (Qu\u00e8 se? Qu\u00e8 voldria saber\u2026?) Activar els coneixements previs dels nens Formativa&nbsp;\u2013 descrit en tots els recursos Final:A. Reflexi\u00f3 amb el mapa conceptual preparat al principi \u2013 Qu\u00e8 hem apr\u00e8s? Qu\u00e8 va ser el m\u00e9s intrigant? Qu\u00e8 m\u00e9s voldr\u00edem saber sobre la cuina?B. Votar per l\u2019experiment m\u00e9s interessant (els nens poden posar l\u2019adhesiu sota la foto representant el seu experiment preferit)C. Autoavaluaci\u00f3 del propi proc\u00e9s d\u2019aprenentatge.D. Avaluaci\u00f3 del professor: vegeu l\u2019escala seg\u00fcent Ell\/ella pot recon\u00e8ixer els canvis en les subst\u00e0ncies 1 2 3 4 Ell\/ella pot explicar els canvis en les subst\u00e0ncies 1 2 3 4 Ell\/ella pot utilitzar el forn (sota supervisi\u00f3) 1 2 3 4 Ell\/ella es capa\u00e7 d\u2019escriure la f\u00f3rmula qu\u00edmica del gas 1 2 3 4 Ell\/ella pot explicar el proc\u00e9s qu\u00edmic 1 2 3 4 1 \u2013 No del tot234 \u2013&nbsp;En [&hellip;]","protected":false},"author":3,"featured_media":0,"parent":7629,"menu_order":0,"comment_status":"closed","ping_status":"closed","template":"","meta":{"_acf_changed":false,"_uag_custom_page_level_css":"","site-sidebar-layout":"default","site-content-layout":"","ast-site-content-layout":"","site-content-style":"default","site-sidebar-style":"default","ast-global-header-display":"","ast-banner-title-visibility":"","ast-main-header-display":"","ast-hfb-above-header-display":"","ast-hfb-below-header-display":"","ast-hfb-mobile-header-display":"","site-post-title":"","ast-breadcrumbs-content":"","ast-featured-img":"","footer-sml-layout":"","theme-transparent-header-meta":"","adv-header-id-meta":"","stick-header-meta":"","header-above-stick-meta":"","header-main-stick-meta":"","header-below-stick-meta":"","astra-migrate-meta-layouts":"default","ast-page-background-enabled":"default","ast-page-background-meta":{"desktop":{"background-color":"var(--ast-global-color-4)","background-image":"","background-repeat":"repeat","background-position":"center center","background-size":"auto","background-attachment":"scroll","background-type":"","background-media":"","overlay-type":"","overlay-color":"","overlay-opacity":"","overlay-gradient":""},"tablet":{"background-color":"","background-image":"","background-repeat":"repeat","background-position":"center center","background-size":"auto","background-attachment":"scroll","background-type":"","background-media":"","overlay-type":"","overlay-color":"","overlay-opacity":"","overlay-gradient":""},"mobile":{"background-color":"","background-image":"","background-repeat":"repeat","background-position":"center center","background-size":"auto","background-attachment":"scroll","background-type":"","background-media":"","overlay-type":"","overlay-color":"","overlay-opacity":"","overlay-gradient":""}},"ast-content-background-meta":{"desktop":{"background-color":"var(--ast-global-color-5)","background-image":"","background-repeat":"repeat","background-position":"center center","background-size":"auto","background-attachment":"scroll","background-type":"","background-media":"","overlay-type":"","overlay-color":"","overlay-opacity":"","overlay-gradient":""},"tablet":{"background-color":"var(--ast-global-color-5)","background-image":"","background-repeat":"repeat","background-position":"center center","background-size":"auto","background-attachment":"scroll","background-type":"","background-media":"","overlay-type":"","overlay-color":"","overlay-opacity":"","overlay-gradient":""},"mobile":{"background-color":"var(--ast-global-color-5)","background-image":"","background-repeat":"repeat","background-position":"center center","background-size":"auto","background-attachment":"scroll","background-type":"","background-media":"","overlay-type":"","overlay-color":"","overlay-opacity":"","overlay-gradient":""}},"ngg_post_thumbnail":0,"footnotes":""},"acf":[],"uagb_featured_image_src":{"full":false,"thumbnail":false,"medium":false,"medium_large":false,"large":false,"1536x1536":false,"2048x2048":false},"uagb_author_info":{"display_name":"Redaktor","author_link":"https:\/\/kitchenlab4kids.ignatianum.edu.pl\/ca\/author\/dstolarek\/"},"uagb_comment_info":0,"uagb_excerpt":"RUTA D\u2019APRENENTATGE TEM\u00c0TICLaboratori de Forners Objectius: Objectius transversals: Resultats d\u2019aprenentatge previstos Els alumnes seran capa\u00e7os de: Estructura de la ruta d\u2019aprenentatge Etapa I Mesurar la temperatura, pastar, entendre el concepte de que la massa pugui de fermentaci\u00f3. Etapa II Entendre l\u2019osmosi i els processos d\u2019energia est\u00e0tica darrere dels ingredients de la cuina; entendre com diferents&hellip;","_links":{"self":[{"href":"https:\/\/kitchenlab4kids.ignatianum.edu.pl\/ca\/wp-json\/wp\/v2\/pages\/6603"}],"collection":[{"href":"https:\/\/kitchenlab4kids.ignatianum.edu.pl\/ca\/wp-json\/wp\/v2\/pages"}],"about":[{"href":"https:\/\/kitchenlab4kids.ignatianum.edu.pl\/ca\/wp-json\/wp\/v2\/types\/page"}],"author":[{"embeddable":true,"href":"https:\/\/kitchenlab4kids.ignatianum.edu.pl\/ca\/wp-json\/wp\/v2\/users\/3"}],"replies":[{"embeddable":true,"href":"https:\/\/kitchenlab4kids.ignatianum.edu.pl\/ca\/wp-json\/wp\/v2\/comments?post=6603"}],"version-history":[{"count":2,"href":"https:\/\/kitchenlab4kids.ignatianum.edu.pl\/ca\/wp-json\/wp\/v2\/pages\/6603\/revisions"}],"predecessor-version":[{"id":7635,"href":"https:\/\/kitchenlab4kids.ignatianum.edu.pl\/ca\/wp-json\/wp\/v2\/pages\/6603\/revisions\/7635"}],"up":[{"embeddable":true,"href":"https:\/\/kitchenlab4kids.ignatianum.edu.pl\/ca\/wp-json\/wp\/v2\/pages\/7629"}],"wp:attachment":[{"href":"https:\/\/kitchenlab4kids.ignatianum.edu.pl\/ca\/wp-json\/wp\/v2\/media?parent=6603"}],"curies":[{"name":"wp","href":"https:\/\/api.w.org\/{rel}","templated":true}]}}