{"id":7620,"date":"2023-09-22T11:56:18","date_gmt":"2023-09-22T09:56:18","guid":{"rendered":"https:\/\/kitchenlab4kids.uniwersytet.ignatianum.edu.pl\/?page_id=7620"},"modified":"2023-10-26T07:54:10","modified_gmt":"2023-10-26T05:54:10","slug":"kit-deines","status":"publish","type":"page","link":"https:\/\/kitchenlab4kids.ignatianum.edu.pl\/ca\/kit-deines\/","title":{"rendered":"Kit d&#8217;eines"},"content":{"rendered":"\n<h2 class=\"wp-block-heading has-text-align-left\">Kit d&#8217;eines per a educadors<\/h2>\n\n\n\n<p class=\"has-text-align-left\">El conjunt d&#8217;eines \u00e9s una col\u00b7lecci\u00f3 de documents, que inclou directrius i recomanacions per a l&#8217;ensenyament de les STEM a nivell preescolar, amb un enfocament a les &#8220;Vies d&#8217;aprenentatge&#8221;.<\/p>\n\n\n\n<p class=\"has-text-align-left\">Obriu el conjunt d&#8217;eines interactiu:<\/p>\n\n\n\n<div class=\"wp-block-buttons is-content-justification-left is-layout-flex wp-container-core-buttons-is-layout-1 wp-block-buttons-is-layout-flex\">\n<div class=\"wp-block-button\"><a class=\"wp-block-button__link has-text-align-left wp-element-button\" href=\"https:\/\/kitchenlab4kids.uniwersytet.ignatianum.edu.pl\/wp-content\/uploads\/articulate_uploads\/kitchen-lab-4-kids-toolkit-CA\/Kitchen%20Lab%204%20Kids%20-%20Kit%20d'eines%20per%20a%20educadors.html#\/\">Kit d&#8217;eines<\/a><\/div>\n<\/div>\n\n\n\n<div style=\"height:50px\" aria-hidden=\"true\" class=\"wp-block-spacer\"><\/div>\n\n\n\n<h3 class=\"wp-block-heading has-text-align-left\"><strong>El Toolkit inclou una s\u00e8rie de publicacions adre\u00e7ades a diferents col\u00b7lectius:<\/strong><\/h3>\n\n\n\n<h4 class=\"wp-block-heading\">La primera publicaci\u00f3<\/h4>\n\n\n\n<p>&#8220;The Teaching Set&#8221; va dirigit a:&nbsp;Professors i investigadors de les universitats, educadors i professors d&#8217;escola.<br>Inclou els continguts i les metodologies desenvolupades per al Conjunt Docent i revisades despr\u00e9s de les experi\u00e8ncies de camp. A m\u00e9s, inclou una versi\u00f3 revisada i filtrada dels recursos creats i\/o seleccionats per la comunitat de professors a O3, \u00e9s a dir, activitats, bones pr\u00e0ctiques i jocs, provats en les experi\u00e8ncies de treball de camp. La publicaci\u00f3 presenta exemples d&#8217;itineraris d&#8217;aprenentatge per a educadors (a aplicar en el seu context a la llar d&#8217;infants).<\/p>\n\n\n\n<ul class=\"bs-link-block\">\n<li><a href=\"\/ca\/descripcio\/\">El Conjunt Did\u00e0ctic<\/a><\/li>\n<\/ul>\n\n\n\n<div style=\"height:50px\" aria-hidden=\"true\" class=\"wp-block-spacer\"><\/div>\n\n\n\n<h4 class=\"wp-block-heading\"><strong>La segona publicaci\u00f3<\/strong><\/h4>\n\n\n\n<p>El &#8220;<a href=\"\/ca\/un-llibre-per-a-pares\/\">Llibret dels pares<\/a>&#8221; (disponible a&nbsp;EN,&nbsp;PL,&nbsp;IT,&nbsp;ES,&nbsp;CA) est\u00e0 dirigit a:&nbsp;pares.<br>Aquesta publicaci\u00f3 \u00e9s un llibret que inclou alguns exemples de recursos i vies d&#8217;aprenentatge per als pares, perqu\u00e8 puguin replicar activitats STEM (\u00e9s a dir, Ci\u00e8ncies de la cuina) a casa, connectant la ci\u00e8ncia amb el m\u00f3n real i amb els interessos i objectius dels seus fills.<\/p>\n\n\n<div class=\"bst-filelist__item\">\n        <a class=\"bst-filelist__item-link\" href=\"https:\/\/kitchenlab4kids.ignatianum.edu.pl\/wp-content\/uploads\/sites\/20\/2023\/10\/K4K-Booklet-for-parents-CA.pdf\">\n            <span class=\"bst-filelist__item-text\">Llibret dels pares<\/span>\n            <span class=\"bst-filelist__item-details\">\n                <span class=\"bst-filelist__item-format\">PDF<\/span>\n                <span class=\"bst-filelist__item-size\">4 MB<\/span>\n            <\/span>\n        <\/a>\n        <div class=\"bst-filelist__item-container\">\n            <a class=\"bst-filelist__item-link\" href=\"https:\/\/kitchenlab4kids.ignatianum.edu.pl\/wp-content\/uploads\/sites\/20\/2023\/10\/K4K-Booklet-for-parents-CA.pdf\"  download>\n                <span class=\"bst-filelist__item-icon\"><\/span>\n            <\/a>\n        <\/div>\n    <\/div>\n\n\n\n<div style=\"height:50px\" aria-hidden=\"true\" class=\"wp-block-spacer\"><\/div>\n\n\n\n<h4 class=\"wp-block-heading\"><strong>La tercera publicaci\u00f3<\/strong><\/h4>\n\n\n\n<p class=\"has-text-align-left\">&#8220;<a href=\"\/ca\/orientacions-per-al-professorat\/\">Directrius per a activitats STEM a nivell preescolar<\/a>&#8221; (disponible a&nbsp;EN,&nbsp;PL,&nbsp;IT,&nbsp;ES,&nbsp;CA). Els principals p\u00fablics d&#8217;aquesta publicaci\u00f3 s\u00f3n:&nbsp;educadors, investigadors, professors en servei i en formaci\u00f3, responsables pol\u00edtics, etc.<\/p>\n\n\n<div class=\"bst-filelist__item\">\n        <a class=\"bst-filelist__item-link\" href=\"https:\/\/kitchenlab4kids.ignatianum.edu.pl\/wp-content\/uploads\/sites\/20\/2023\/09\/K4K-Guidelines-CA.pdf\">\n            <span class=\"bst-filelist__item-text\">Directrius per a activitats STEM a nivell preescolar<\/span>\n            <span class=\"bst-filelist__item-details\">\n                <span class=\"bst-filelist__item-format\">PDF<\/span>\n                <span class=\"bst-filelist__item-size\">4 MB<\/span>\n            <\/span>\n        <\/a>\n        <div class=\"bst-filelist__item-container\">\n            <a class=\"bst-filelist__item-link\" href=\"https:\/\/kitchenlab4kids.ignatianum.edu.pl\/wp-content\/uploads\/sites\/20\/2023\/09\/K4K-Guidelines-CA.pdf\"  download>\n                <span class=\"bst-filelist__item-icon\"><\/span>\n            <\/a>\n        <\/div>\n    <\/div>\n\n\n\n<div style=\"height:50px\" aria-hidden=\"true\" class=\"wp-block-spacer\"><\/div>\n\n\n\n<h4 class=\"wp-block-heading\"><strong>Camins d&#8217;aprenentatge<\/strong><\/h4>\n\n\n\n<p class=\"has-text-align-left\"><a href=\"\/ca\/rutes-daprenentatge\/\">Rutes d&#8217;aprenentatge<\/a>:&nbsp;seq\u00fc\u00e8ncies de recursos agrupats per ajudar els nens a dominar un tema o una habilitat\/expertesa en particular (disponible a&nbsp;EN,&nbsp;PL,&nbsp;IT,&nbsp;ES,&nbsp;CA).<\/p>\n<!-- PMB print buttons is only displayed on a single post\/page URLs-->","protected":false},"excerpt":{"rendered":"Kit d&#8217;eines per a educadors El conjunt d&#8217;eines \u00e9s una col\u00b7lecci\u00f3 de documents, que inclou directrius i recomanacions per a l&#8217;ensenyament de les STEM a nivell preescolar, amb un enfocament a les &#8220;Vies d&#8217;aprenentatge&#8221;. Obriu el conjunt d&#8217;eines interactiu: El Toolkit inclou una s\u00e8rie de publicacions adre\u00e7ades a diferents col\u00b7lectius: La primera publicaci\u00f3 &#8220;The Teaching Set&#8221; va dirigit a:&nbsp;Professors i investigadors de les universitats, educadors i professors d&#8217;escola.Inclou els continguts i les metodologies desenvolupades per al Conjunt Docent i revisades despr\u00e9s de les experi\u00e8ncies de camp. A m\u00e9s, inclou una versi\u00f3 revisada i filtrada dels recursos creats i\/o seleccionats per la comunitat de professors a O3, \u00e9s a dir, activitats, bones pr\u00e0ctiques i jocs, provats en les experi\u00e8ncies de treball de camp. La publicaci\u00f3 presenta exemples d&#8217;itineraris d&#8217;aprenentatge per a educadors (a aplicar en el seu context a la llar d&#8217;infants). La segona publicaci\u00f3 El &#8220;Llibret dels pares&#8221; (disponible a&nbsp;EN,&nbsp;PL,&nbsp;IT,&nbsp;ES,&nbsp;CA) est\u00e0 dirigit a:&nbsp;pares.Aquesta publicaci\u00f3 \u00e9s un llibret que inclou alguns exemples de recursos i vies d&#8217;aprenentatge per als pares, perqu\u00e8 puguin replicar activitats STEM (\u00e9s a dir, Ci\u00e8ncies de la cuina) a casa, connectant la ci\u00e8ncia amb el m\u00f3n real i amb els interessos i objectius dels seus fills. La tercera publicaci\u00f3 &#8220;Directrius per a activitats STEM a nivell preescolar&#8221; (disponible a&nbsp;EN,&nbsp;PL,&nbsp;IT,&nbsp;ES,&nbsp;CA). Els principals p\u00fablics d&#8217;aquesta publicaci\u00f3 s\u00f3n:&nbsp;educadors, investigadors, professors en servei i en formaci\u00f3, responsables pol\u00edtics, etc. Camins d&#8217;aprenentatge Rutes d&#8217;aprenentatge:&nbsp;seq\u00fc\u00e8ncies de recursos agrupats per ajudar els nens a dominar un tema o una habilitat\/expertesa en particular (disponible [&hellip;]","protected":false},"author":3,"featured_media":0,"parent":0,"menu_order":0,"comment_status":"closed","ping_status":"closed","template":"","meta":{"_acf_changed":false,"_uag_custom_page_level_css":"","site-sidebar-layout":"default","site-content-layout":"","ast-site-content-layout":"","site-content-style":"default","site-sidebar-style":"default","ast-global-header-display":"","ast-banner-title-visibility":"","ast-main-header-display":"","ast-hfb-above-header-display":"","ast-hfb-below-header-display":"","ast-hfb-mobile-header-display":"","site-post-title":"","ast-breadcrumbs-content":"","ast-featured-img":"","footer-sml-layout":"","theme-transparent-header-meta":"","adv-header-id-meta":"","stick-header-meta":"","header-above-stick-meta":"","header-main-stick-meta":"","header-below-stick-meta":"","astra-migrate-meta-layouts":"default","ast-page-background-enabled":"default","ast-page-background-meta":{"desktop":{"background-color":"var(--ast-global-color-4)","background-image":"","background-repeat":"repeat","background-position":"center center","background-size":"auto","background-attachment":"scroll","background-type":"","background-media":"","overlay-type":"","overlay-color":"","overlay-opacity":"","overlay-gradient":""},"tablet":{"background-color":"","background-image":"","background-repeat":"repeat","background-position":"center center","background-size":"auto","background-attachment":"scroll","background-type":"","background-media":"","overlay-type":"","overlay-color":"","overlay-opacity":"","overlay-gradient":""},"mobile":{"background-color":"","background-image":"","background-repeat":"repeat","background-position":"center center","background-size":"auto","background-attachment":"scroll","background-type":"","background-media":"","overlay-type":"","overlay-color":"","overlay-opacity":"","overlay-gradient":""}},"ast-content-background-meta":{"desktop":{"background-color":"var(--ast-global-color-5)","background-image":"","background-repeat":"repeat","background-position":"center center","background-size":"auto","background-attachment":"scroll","background-type":"","background-media":"","overlay-type":"","overlay-color":"","overlay-opacity":"","overlay-gradient":""},"tablet":{"background-color":"var(--ast-global-color-5)","background-image":"","background-repeat":"repeat","background-position":"center center","background-size":"auto","background-attachment":"scroll","background-type":"","background-media":"","overlay-type":"","overlay-color":"","overlay-opacity":"","overlay-gradient":""},"mobile":{"background-color":"var(--ast-global-color-5)","background-image":"","background-repeat":"repeat","background-position":"center center","background-size":"auto","background-attachment":"scroll","background-type":"","background-media":"","overlay-type":"","overlay-color":"","overlay-opacity":"","overlay-gradient":""}},"ngg_post_thumbnail":0,"footnotes":""},"acf":[],"uagb_featured_image_src":{"full":false,"thumbnail":false,"medium":false,"medium_large":false,"large":false,"1536x1536":false,"2048x2048":false},"uagb_author_info":{"display_name":"Redaktor","author_link":"https:\/\/kitchenlab4kids.ignatianum.edu.pl\/ca\/author\/dstolarek\/"},"uagb_comment_info":0,"uagb_excerpt":"Kit d&#8217;eines per a educadors El conjunt d&#8217;eines \u00e9s una col\u00b7lecci\u00f3 de documents, que inclou directrius i recomanacions per a l&#8217;ensenyament de les STEM a nivell preescolar, amb un enfocament a les &#8220;Vies d&#8217;aprenentatge&#8221;. Obriu el conjunt d&#8217;eines interactiu: El Toolkit inclou una s\u00e8rie de publicacions adre\u00e7ades a diferents col\u00b7lectius: La primera publicaci\u00f3 &#8220;The Teaching&hellip;","_links":{"self":[{"href":"https:\/\/kitchenlab4kids.ignatianum.edu.pl\/ca\/wp-json\/wp\/v2\/pages\/7620"}],"collection":[{"href":"https:\/\/kitchenlab4kids.ignatianum.edu.pl\/ca\/wp-json\/wp\/v2\/pages"}],"about":[{"href":"https:\/\/kitchenlab4kids.ignatianum.edu.pl\/ca\/wp-json\/wp\/v2\/types\/page"}],"author":[{"embeddable":true,"href":"https:\/\/kitchenlab4kids.ignatianum.edu.pl\/ca\/wp-json\/wp\/v2\/users\/3"}],"replies":[{"embeddable":true,"href":"https:\/\/kitchenlab4kids.ignatianum.edu.pl\/ca\/wp-json\/wp\/v2\/comments?post=7620"}],"version-history":[{"count":2,"href":"https:\/\/kitchenlab4kids.ignatianum.edu.pl\/ca\/wp-json\/wp\/v2\/pages\/7620\/revisions"}],"predecessor-version":[{"id":8496,"href":"https:\/\/kitchenlab4kids.ignatianum.edu.pl\/ca\/wp-json\/wp\/v2\/pages\/7620\/revisions\/8496"}],"wp:attachment":[{"href":"https:\/\/kitchenlab4kids.ignatianum.edu.pl\/ca\/wp-json\/wp\/v2\/media?parent=7620"}],"curies":[{"name":"wp","href":"https:\/\/api.w.org\/{rel}","templated":true}]}}