{"id":7623,"date":"2023-09-23T18:53:11","date_gmt":"2023-09-23T16:53:11","guid":{"rendered":"https:\/\/kitchenlab4kids.uniwersytet.ignatianum.edu.pl\/?page_id=7623"},"modified":"2023-10-06T08:15:39","modified_gmt":"2023-10-06T06:15:39","slug":"descripcio","status":"publish","type":"page","link":"https:\/\/kitchenlab4kids.ignatianum.edu.pl\/ca\/descripcio\/","title":{"rendered":"Descripci\u00f3"},"content":{"rendered":"\n<div class=\"wp-block-columns is-layout-flex wp-container-core-columns-is-layout-1 wp-block-columns-is-layout-flex\">\n<div class=\"wp-block-column is-layout-flow wp-block-column-is-layout-flow\" style=\"flex-basis:33.33%\">\n<figure class=\"wp-block-image size-full\"><img decoding=\"async\" width=\"378\" height=\"162\" src=\"http:\/\/kitchenlab4kids.uniwersytet.ignatianum.edu.pl\/wp-content\/uploads\/sites\/20\/2023\/09\/teachingSet-74.png\" alt=\"spoon\" class=\"wp-image-2893\" srcset=\"https:\/\/kitchenlab4kids.ignatianum.edu.pl\/wp-content\/uploads\/sites\/20\/2023\/09\/teachingSet-74.png 378w, https:\/\/kitchenlab4kids.ignatianum.edu.pl\/wp-content\/uploads\/sites\/20\/2023\/09\/teachingSet-74-300x129.png 300w\" sizes=\"(max-width: 378px) 100vw, 378px\" \/><\/figure>\n<\/div>\n\n\n\n<div class=\"wp-block-column is-layout-flow wp-block-column-is-layout-flow\" style=\"flex-basis:66.66%\">\n<h2 class=\"wp-block-heading\">Kit did\u00e0ctic<\/h2>\n\n\n\n<p>El kit did\u00e0ctic s&#8217;ha dissenyat per oferir suport a llarg termini a professors i educadors.<\/p>\n\n\n\n<p>Cont\u00e9 exemples de m\u00e8todes d&#8217;ensenyament i bones pr\u00e0ctiques, jocs, experiments, etc. que es poden replicar a parvulari.<\/p>\n\n\n\n<p>El projecte ofereix una oportunitat \u00fanica per desenvolupar i provar a la pr\u00e0ctica activitats interdisciplin\u00e0ries com a part de la doc\u00e8ncia integrada, que permet als estudiants consolidar els seus coneixements en diferents \u00e0mbits i alhora practicar ci\u00e8ncies apassionants.<br>A m\u00e9s, el projecte promou un enfocament &#8220;pr\u00e0ctic&#8221; de l&#8217;aprenentatge i el desenvolupament d&#8217;una \u00e0mplia xarxa de professors, formadors i cient\u00edfics mitjan\u00e7ant la cooperaci\u00f3 internacional destinada a &#8220;conciliar&#8221; nens i professors amb la ci\u00e8ncia.<\/p>\n<\/div>\n<\/div>\n\n\n\n<h2 class=\"wp-block-heading\">Descobreix el kit did\u00e0ctic<\/h2>\n\n\n\n<div class=\"wp-block-buttons is-content-justification-left is-layout-flex wp-container-core-buttons-is-layout-1 wp-block-buttons-is-layout-flex\">\n<div class=\"wp-block-button\"><a class=\"wp-block-button__link has-text-align-left wp-element-button\" href=\"\/ca\/zasoby-dydaktyczne\/\">Va!<\/a><\/div>\n<\/div>\n<!-- PMB print buttons is only displayed on a single post\/page URLs-->","protected":false},"excerpt":{"rendered":"Kit did\u00e0ctic El kit did\u00e0ctic s&#8217;ha dissenyat per oferir suport a llarg termini a professors i educadors. Cont\u00e9 exemples de m\u00e8todes d&#8217;ensenyament i bones pr\u00e0ctiques, jocs, experiments, etc. que es poden replicar a parvulari. El projecte ofereix una oportunitat \u00fanica per desenvolupar i provar a la pr\u00e0ctica activitats interdisciplin\u00e0ries com a part de la doc\u00e8ncia integrada, que permet als estudiants consolidar els seus coneixements en diferents \u00e0mbits i alhora practicar ci\u00e8ncies apassionants.A m\u00e9s, el projecte promou un enfocament &#8220;pr\u00e0ctic&#8221; de l&#8217;aprenentatge i el desenvolupament d&#8217;una \u00e0mplia xarxa de professors, formadors i cient\u00edfics mitjan\u00e7ant la cooperaci\u00f3 internacional destinada a &#8220;conciliar&#8221; nens i professors amb la ci\u00e8ncia. Descobreix el kit [&hellip;]","protected":false},"author":3,"featured_media":0,"parent":0,"menu_order":0,"comment_status":"closed","ping_status":"closed","template":"","meta":{"_acf_changed":false,"_uag_custom_page_level_css":"","site-sidebar-layout":"default","site-content-layout":"","ast-site-content-layout":"","site-content-style":"default","site-sidebar-style":"default","ast-global-header-display":"","ast-banner-title-visibility":"","ast-main-header-display":"","ast-hfb-above-header-display":"","ast-hfb-below-header-display":"","ast-hfb-mobile-header-display":"","site-post-title":"","ast-breadcrumbs-content":"","ast-featured-img":"","footer-sml-layout":"","theme-transparent-header-meta":"","adv-header-id-meta":"","stick-header-meta":"","header-above-stick-meta":"","header-main-stick-meta":"","header-below-stick-meta":"","astra-migrate-meta-layouts":"default","ast-page-background-enabled":"default","ast-page-background-meta":{"desktop":{"background-color":"var(--ast-global-color-4)","background-image":"","background-repeat":"repeat","background-position":"center center","background-size":"auto","background-attachment":"scroll","background-type":"","background-media":"","overlay-type":"","overlay-color":"","overlay-opacity":"","overlay-gradient":""},"tablet":{"background-color":"","background-image":"","background-repeat":"repeat","background-position":"center center","background-size":"auto","background-attachment":"scroll","background-type":"","background-media":"","overlay-type":"","overlay-color":"","overlay-opacity":"","overlay-gradient":""},"mobile":{"background-color":"","background-image":"","background-repeat":"repeat","background-position":"center center","background-size":"auto","background-attachment":"scroll","background-type":"","background-media":"","overlay-type":"","overlay-color":"","overlay-opacity":"","overlay-gradient":""}},"ast-content-background-meta":{"desktop":{"background-color":"var(--ast-global-color-5)","background-image":"","background-repeat":"repeat","background-position":"center center","background-size":"auto","background-attachment":"scroll","background-type":"","background-media":"","overlay-type":"","overlay-color":"","overlay-opacity":"","overlay-gradient":""},"tablet":{"background-color":"var(--ast-global-color-5)","background-image":"","background-repeat":"repeat","background-position":"center center","background-size":"auto","background-attachment":"scroll","background-type":"","background-media":"","overlay-type":"","overlay-color":"","overlay-opacity":"","overlay-gradient":""},"mobile":{"background-color":"var(--ast-global-color-5)","background-image":"","background-repeat":"repeat","background-position":"center center","background-size":"auto","background-attachment":"scroll","background-type":"","background-media":"","overlay-type":"","overlay-color":"","overlay-opacity":"","overlay-gradient":""}},"ngg_post_thumbnail":0,"footnotes":""},"acf":[],"uagb_featured_image_src":{"full":false,"thumbnail":false,"medium":false,"medium_large":false,"large":false,"1536x1536":false,"2048x2048":false},"uagb_author_info":{"display_name":"Redaktor","author_link":"https:\/\/kitchenlab4kids.ignatianum.edu.pl\/ca\/author\/dstolarek\/"},"uagb_comment_info":0,"uagb_excerpt":"Kit did\u00e0ctic El kit did\u00e0ctic s&#8217;ha dissenyat per oferir suport a llarg termini a professors i educadors. Cont\u00e9 exemples de m\u00e8todes d&#8217;ensenyament i bones pr\u00e0ctiques, jocs, experiments, etc. que es poden replicar a parvulari. El projecte ofereix una oportunitat \u00fanica per desenvolupar i provar a la pr\u00e0ctica activitats interdisciplin\u00e0ries com a part de la doc\u00e8ncia&hellip;","_links":{"self":[{"href":"https:\/\/kitchenlab4kids.ignatianum.edu.pl\/ca\/wp-json\/wp\/v2\/pages\/7623"}],"collection":[{"href":"https:\/\/kitchenlab4kids.ignatianum.edu.pl\/ca\/wp-json\/wp\/v2\/pages"}],"about":[{"href":"https:\/\/kitchenlab4kids.ignatianum.edu.pl\/ca\/wp-json\/wp\/v2\/types\/page"}],"author":[{"embeddable":true,"href":"https:\/\/kitchenlab4kids.ignatianum.edu.pl\/ca\/wp-json\/wp\/v2\/users\/3"}],"replies":[{"embeddable":true,"href":"https:\/\/kitchenlab4kids.ignatianum.edu.pl\/ca\/wp-json\/wp\/v2\/comments?post=7623"}],"version-history":[{"count":1,"href":"https:\/\/kitchenlab4kids.ignatianum.edu.pl\/ca\/wp-json\/wp\/v2\/pages\/7623\/revisions"}],"predecessor-version":[{"id":7626,"href":"https:\/\/kitchenlab4kids.ignatianum.edu.pl\/ca\/wp-json\/wp\/v2\/pages\/7623\/revisions\/7626"}],"wp:attachment":[{"href":"https:\/\/kitchenlab4kids.ignatianum.edu.pl\/ca\/wp-json\/wp\/v2\/media?parent=7623"}],"curies":[{"name":"wp","href":"https:\/\/api.w.org\/{rel}","templated":true}]}}