{"id":1817,"date":"2023-09-13T13:40:20","date_gmt":"2023-09-13T11:40:20","guid":{"rendered":"https:\/\/kitchenlab4kids.uniwersytet.ignatianum.edu.pl\/?page_id=1817"},"modified":"2023-10-02T10:37:27","modified_gmt":"2023-10-02T08:37:27","slug":"revision-de-la-literatura","status":"publish","type":"page","link":"https:\/\/kitchenlab4kids.ignatianum.edu.pl\/es\/revision-de-la-literatura\/","title":{"rendered":"Revisi\u00f3n de la literatura"},"content":{"rendered":"\n<ul>\n<li><a href=\"https:\/\/docs.google.com\/spreadsheets\/d\/1cpQ-P5NVWhXGvQofd_2PdI1iv6t8WjsoRRUhnexRUPM\/edit#gid=1573668696&amp;range=A4\" target=\"_blank\" rel=\"noreferrer noopener\"><strong>An\u00e1lisis de la Metodolog\u00eda STEM a trav\u00e9s de la percepci\u00f3n docente<\/strong><\/a>, 2018,\u00a0Pastor, I. <br>Relevant keywords: STEM, Interdisciplinary Education, Active Methodologies, Problem Based Learning, Realistic Mathematics<\/li>\n\n\n\n<li><strong><a href=\"https:\/\/docs.google.com\/spreadsheets\/d\/1cpQ-P5NVWhXGvQofd_2PdI1iv6t8WjsoRRUhnexRUPM\/edit#gid=1573668696&amp;range=A5\" target=\"_blank\" rel=\"noreferrer noopener\">C\u00f3mo interesar a nuestros hijos por la cocina gracias al STEM<\/a><\/strong>, 2018, N\/A<br>Relevant keywords: Family nutrition, Well-being, STEM and STEAM, Cooking workshop<\/li>\n\n\n\n<li><a href=\"https:\/\/docs.google.com\/spreadsheets\/d\/1cpQ-P5NVWhXGvQofd_2PdI1iv6t8WjsoRRUhnexRUPM\/edit#gid=1573668696&amp;range=A6\" target=\"_blank\" rel=\"noreferrer noopener\"><strong>Dise\u00f1o de proyectos STEAM a partir del curr\u00edculum actual de Educaci\u00f3n Primaria utilizando Aprendizaje Basado en Problemas, Aprendizaje Cooperativo, Flipped Classroom y Rob\u00f3tica Educativa.<\/strong><\/a>, 2017, Ruiz, F.<br>Relevant keywords: STEAM Education, Primary Education, Robotics, Technological education, Technological innovations<\/li>\n\n\n\n<li><a href=\"https:\/\/docs.google.com\/spreadsheets\/d\/1cpQ-P5NVWhXGvQofd_2PdI1iv6t8WjsoRRUhnexRUPM\/edit#gid=1573668696&amp;range=A7\" target=\"_blank\" rel=\"noreferrer noopener\"><strong>La Cocina Como Recurso Did\u00e1ctico en Educaci\u00f3n Infantil<\/strong><\/a>, 2015, Pr\u00e1danos, A.<br>Relevant keywords: Cooking, Healthy Eating, Bilingualism, Discover, Manipulate, Symbolic Play, Cooperation<\/li>\n\n\n\n<li><a href=\"https:\/\/docs.google.com\/spreadsheets\/d\/1cpQ-P5NVWhXGvQofd_2PdI1iv6t8WjsoRRUhnexRUPM\/edit#gid=1573668696&amp;range=A8\" target=\"_blank\" rel=\"noreferrer noopener\"><strong>La Gamificaci\u00f3n Y El Desarrollo Del Pensamiento Computacional: Aplicaciones M\u00f3viles Y Rob\u00f3tica Educativa Para La Adquisici\u00f3n De La Competencia Digital Y La Competencia Digital Docente<\/strong><\/a>, 2016, Dra. M\u00f3nica Fern\u00e1ndez, Doctoranda Eva Perdiguer, Dra. Cristina Galv\u00e1n<br>Relevant keywords: Gamification, Computtational Thinking, Robotics, Digital Competence, Digital Teaching<\/li>\n\n\n\n<li><a href=\"https:\/\/docs.google.com\/spreadsheets\/d\/1cpQ-P5NVWhXGvQofd_2PdI1iv6t8WjsoRRUhnexRUPM\/edit#gid=1573668696&amp;range=A9\"><strong>Modelo interdisciplinar de educaci\u00f3n STEM para la etapa de Educaci\u00f3n Primaria<\/strong><\/a>, 2016, Bogdan, R. &amp; Greca, I.M.<br>Relevant keywords: STEM, Methodology of inquiry, Primary Education<\/li>\n\n\n\n<li><a href=\"https:\/\/docs.google.com\/spreadsheets\/d\/1cpQ-P5NVWhXGvQofd_2PdI1iv6t8WjsoRRUhnexRUPM\/edit#gid=1573668696&amp;range=A10\"><strong>Modelo interdisciplinar de educaci\u00f3n STEM para la etapa de Educaci\u00f3n Primaria<\/strong><\/a>, 2016, Bogdan, R. &amp; Grega, I.M.<br>Relevant keywords: STEM, methodology of inquiry, Primary Education<\/li>\n\n\n\n<li><a href=\"https:\/\/docs.google.com\/spreadsheets\/d\/1cpQ-P5NVWhXGvQofd_2PdI1iv6t8WjsoRRUhnexRUPM\/edit#gid=1573668696&amp;range=A11\" target=\"_blank\" rel=\"noreferrer noopener\"><strong>Proyectos STEM desde Infantil hasta Secundaria<\/strong><\/a>, 2016, G\u00f3mez, J.L.<br>Relevant keywords: STEM Education, ICTs, Early Childhood, Primary Education, Secondary Education, Implementation of Projects<\/li>\n\n\n\n<li><a href=\"https:\/\/docs.google.com\/spreadsheets\/d\/1cpQ-P5NVWhXGvQofd_2PdI1iv6t8WjsoRRUhnexRUPM\/edit#gid=1573668696&amp;range=A12\" target=\"_blank\" rel=\"noreferrer noopener\"><strong>Recursos para una educaci\u00f3n STEAM y un aprendizaje por proyectos<\/strong><\/a>, 2017, Touron, J.<br>Relevant keywords: STEM Education, ICT, STEM Resources, PBL Resources<\/li>\n\n\n\n<li><a href=\"https:\/\/docs.google.com\/spreadsheets\/d\/1cpQ-P5NVWhXGvQofd_2PdI1iv6t8WjsoRRUhnexRUPM\/edit#gid=1573668696&amp;range=A13\" target=\"_blank\" rel=\"noreferrer noopener\"><strong>Recursos: STEAM en Educaci\u00f3n Infantil y Primaria.<\/strong><\/a>, 2018, Gan, M.<br>Relevant keywords: STEM, STEAM, Early Childhood Education<\/li>\n\n\n\n<li><a href=\"https:\/\/docs.google.com\/spreadsheets\/d\/1cpQ-P5NVWhXGvQofd_2PdI1iv6t8WjsoRRUhnexRUPM\/edit#gid=1573668696&amp;range=A14\" target=\"_blank\" rel=\"noreferrer noopener\"><strong>Tecnolog\u00eda y creatividad en ni\u00f1os de preescolar<\/strong><\/a>, 2016, Giraldo, L., Reyes, M., Serrano, M., Torres, M.<br>Relevant keywords: Tecnology, Creativity, Preschool<\/li>\n\n\n\n<li><a href=\"https:\/\/docs.google.com\/spreadsheets\/d\/1cpQ-P5NVWhXGvQofd_2PdI1iv6t8WjsoRRUhnexRUPM\/edit#gid=1573668696&amp;range=A15\"><strong>Trabajar STEM en educaci\u00f3n infantil, primaria y secundaria con LEGO Education<\/strong><\/a>, 2018, N\/A<br>Relevant keywords: STEM, LEGO Education, Early Childhood Educaion, Lego STEM park<\/li>\n\n\n\n<li><a href=\"https:\/\/docs.google.com\/spreadsheets\/d\/1cpQ-P5NVWhXGvQofd_2PdI1iv6t8WjsoRRUhnexRUPM\/edit#gid=1573668696&amp;range=A16\" target=\"_blank\" rel=\"noreferrer noopener\"><strong>Una experi\u00e8ncia d\u2019integraci\u00f3 de les noves tecnologies a la did\u00e0ctica de coneixment del medi a l\u2019educaci\u00f3 infantil<\/strong><\/a>. (Pg\u00b7151-168), 2009, Fuertes, M.T., Corc\u00f3, A J.<br>Relevant keywords: Tchnology, Science, Digital Video, Pre-school Education, Curriculum<\/li>\n<\/ul>\n<!-- PMB print buttons is only displayed on a single post\/page URLs-->","protected":false},"excerpt":{"rendered":" [&hellip;]","protected":false},"author":4,"featured_media":0,"parent":0,"menu_order":0,"comment_status":"closed","ping_status":"closed","template":"","meta":{"_acf_changed":false,"_uag_custom_page_level_css":"","site-sidebar-layout":"default","site-content-layout":"","ast-site-content-layout":"","site-content-style":"default","site-sidebar-style":"default","ast-global-header-display":"","ast-banner-title-visibility":"","ast-main-header-display":"","ast-hfb-above-header-display":"","ast-hfb-below-header-display":"","ast-hfb-mobile-header-display":"","site-post-title":"","ast-breadcrumbs-content":"","ast-featured-img":"","footer-sml-layout":"","theme-transparent-header-meta":"","adv-header-id-meta":"","stick-header-meta":"","header-above-stick-meta":"","header-main-stick-meta":"","header-below-stick-meta":"","astra-migrate-meta-layouts":"default","ast-page-background-enabled":"default","ast-page-background-meta":{"desktop":{"background-color":"var(--ast-global-color-4)","background-image":"","background-repeat":"repeat","background-position":"center center","background-size":"auto","background-attachment":"scroll","background-type":"","background-media":"","overlay-type":"","overlay-color":"","overlay-opacity":"","overlay-gradient":""},"tablet":{"background-color":"","background-image":"","background-repeat":"repeat","background-position":"center center","background-size":"auto","background-attachment":"scroll","background-type":"","background-media":"","overlay-type":"","overlay-color":"","overlay-opacity":"","overlay-gradient":""},"mobile":{"background-color":"","background-image":"","background-repeat":"repeat","background-position":"center center","background-size":"auto","background-attachment":"scroll","background-type":"","background-media":"","overlay-type":"","overlay-color":"","overlay-opacity":"","overlay-gradient":""}},"ast-content-background-meta":{"desktop":{"background-color":"var(--ast-global-color-5)","background-image":"","background-repeat":"repeat","background-position":"center center","background-size":"auto","background-attachment":"scroll","background-type":"","background-media":"","overlay-type":"","overlay-color":"","overlay-opacity":"","overlay-gradient":""},"tablet":{"background-color":"var(--ast-global-color-5)","background-image":"","background-repeat":"repeat","background-position":"center center","background-size":"auto","background-attachment":"scroll","background-type":"","background-media":"","overlay-type":"","overlay-color":"","overlay-opacity":"","overlay-gradient":""},"mobile":{"background-color":"var(--ast-global-color-5)","background-image":"","background-repeat":"repeat","background-position":"center center","background-size":"auto","background-attachment":"scroll","background-type":"","background-media":"","overlay-type":"","overlay-color":"","overlay-opacity":"","overlay-gradient":""}},"ngg_post_thumbnail":0,"footnotes":""},"acf":[],"uagb_featured_image_src":{"full":false,"thumbnail":false,"medium":false,"medium_large":false,"large":false,"1536x1536":false,"2048x2048":false},"uagb_author_info":{"display_name":"Andrzej Test","author_link":"https:\/\/kitchenlab4kids.ignatianum.edu.pl\/es\/author\/acieslicka\/"},"uagb_comment_info":0,"uagb_excerpt":"[&hellip;]","_links":{"self":[{"href":"https:\/\/kitchenlab4kids.ignatianum.edu.pl\/es\/wp-json\/wp\/v2\/pages\/1817"}],"collection":[{"href":"https:\/\/kitchenlab4kids.ignatianum.edu.pl\/es\/wp-json\/wp\/v2\/pages"}],"about":[{"href":"https:\/\/kitchenlab4kids.ignatianum.edu.pl\/es\/wp-json\/wp\/v2\/types\/page"}],"author":[{"embeddable":true,"href":"https:\/\/kitchenlab4kids.ignatianum.edu.pl\/es\/wp-json\/wp\/v2\/users\/4"}],"replies":[{"embeddable":true,"href":"https:\/\/kitchenlab4kids.ignatianum.edu.pl\/es\/wp-json\/wp\/v2\/comments?post=1817"}],"version-history":[{"count":2,"href":"https:\/\/kitchenlab4kids.ignatianum.edu.pl\/es\/wp-json\/wp\/v2\/pages\/1817\/revisions"}],"predecessor-version":[{"id":5847,"href":"https:\/\/kitchenlab4kids.ignatianum.edu.pl\/es\/wp-json\/wp\/v2\/pages\/1817\/revisions\/5847"}],"wp:attachment":[{"href":"https:\/\/kitchenlab4kids.ignatianum.edu.pl\/es\/wp-json\/wp\/v2\/media?parent=1817"}],"curies":[{"name":"wp","href":"https:\/\/api.w.org\/{rel}","templated":true}]}}