{"id":2943,"date":"2023-09-13T14:09:43","date_gmt":"2023-09-13T12:09:43","guid":{"rendered":"https:\/\/kitchenlab4kids.uniwersytet.ignatianum.edu.pl\/?page_id=2943"},"modified":"2023-09-23T19:12:01","modified_gmt":"2023-09-23T17:12:01","slug":"practicas-y-aprendizaje","status":"publish","type":"page","link":"https:\/\/kitchenlab4kids.ignatianum.edu.pl\/es\/practicas-y-aprendizaje\/","title":{"rendered":"Pr\u00e1cticas y aprendizaje"},"content":{"rendered":"\n<h2 class=\"wp-block-heading has-text-align-center\">Comunidad de pr\u00e1ctica y aprendizaje.<\/h2>\n\n\n\n<p>La plataforma K4K est\u00e1 dise\u00f1ada para proporcionar recursos en el \u00e1rea de aprendizaje STEM\/ense\u00f1anza STEM en educaci\u00f3n infantil (ideas, ejemplos de buenas pr\u00e1cticas, lecciones en video, literatura, resultados de trabajos infantiles, etc.), materiales, carga de nuevos materiales, compartir experiencias, apoyar el proceso de aprendizaje aprendizaje intercultural para docentes en formaci\u00f3n y en servicio.<\/p>\n\n\n\n<p>Los socios de K4K quieren apoyar el desarrollo de una comunidad compuesta por educadores, aprendices, profesores e investigadores, pero tambi\u00e9n por padres, que permanecer\u00e1 abierta una vez finalizado el proyecto y que incluir\u00e1 tambi\u00e9n a usuarios que no participan directa o indirectamente en el proyecto.<\/p>\n\n\n\n<p>A trav\u00e9s de esta plataforma, los miembros de la comunidad pueden acceder a recursos en l\u00ednea que ya han sido descritos y calificados, pueden compartir sus opiniones y, lo que es m\u00e1s valioso para otros miembros, pueden describir sus experiencias utilizando experimentos STEM: qu\u00e9 dificultades, qu\u00e9 soluciones o simplemente qu\u00e9 alternativas se adoptaron. Es simple, simplemente acceda al cuadro de edici\u00f3n disponible debajo de cada recurso.<\/p>\n\n\n\n<p>Estudiantes y acad\u00e9micos ya han utilizado muchos recursos para realizar pruebas, con el apoyo de expertos de K4K: muchos videos y presentaciones originales se publicar\u00e1n en el canal de YouTube de K4K y estar\u00e1n disponibles en estas p\u00e1ginas.<\/p>\n\n\n\n<p class=\"has-text-align-center\">\u00a1Reg\u00edstrate en la plataforma K4K y \u00fanete a la comunidad!<\/p>\n\n\n\n<h2 class=\"wp-block-heading has-text-align-center\">Marco para describir una unidad educativa.<\/h2>\n\n\n\n<p>\u00bfHa estado involucrado en la comunidad de pr\u00e1ctica de KitchenLab4Kids para contribuir al desarrollo del kit did\u00e1ctico?<\/p>\n\n\n\n<ol>\n<li>Dise\u00f1a tu propio recurso did\u00e1ctico<\/li>\n\n\n\n<li>Descargue el documento a continuaci\u00f3n<\/li>\n\n\n\n<li>Completa el plan de lecci\u00f3n<\/li>\n\n\n\n<li>Mantente en contacto con tu profesor de referencia<\/li>\n<\/ol>\n\n\n\n<div class=\"wp-block-buttons is-content-justification-center is-layout-flex wp-container-core-buttons-is-layout-1 wp-block-buttons-is-layout-flex\">\n<div class=\"wp-block-button\"><a class=\"wp-block-button__link wp-element-button\" href=\"http:\/\/kitchenlab4kids.uniwersytet.ignatianum.edu.pl\/wp-content\/uploads\/sites\/20\/2023\/09\/Framework-learning-unit-ES.doc\">formulario en espa\u00f1ol<\/a><\/div>\n<\/div>\n<!-- PMB print buttons is only displayed on a single post\/page URLs-->","protected":false},"excerpt":{"rendered":"Comunidad de pr\u00e1ctica y aprendizaje. La plataforma K4K est\u00e1 dise\u00f1ada para proporcionar recursos en el \u00e1rea de aprendizaje STEM\/ense\u00f1anza STEM en educaci\u00f3n infantil (ideas, ejemplos de buenas pr\u00e1cticas, lecciones en video, literatura, resultados de trabajos infantiles, etc.), materiales, carga de nuevos materiales, compartir experiencias, apoyar el proceso de aprendizaje aprendizaje intercultural para docentes en formaci\u00f3n y en servicio. Los socios de K4K quieren apoyar el desarrollo de una comunidad compuesta por educadores, aprendices, profesores e investigadores, pero tambi\u00e9n por padres, que permanecer\u00e1 abierta una vez finalizado el proyecto y que incluir\u00e1 tambi\u00e9n a usuarios que no participan directa o indirectamente en el proyecto. A trav\u00e9s de esta plataforma, los miembros de la comunidad pueden acceder a recursos en l\u00ednea que ya han sido descritos y calificados, pueden compartir sus opiniones y, lo que es m\u00e1s valioso para otros miembros, pueden describir sus experiencias utilizando experimentos STEM: qu\u00e9 dificultades, qu\u00e9 soluciones o simplemente qu\u00e9 alternativas se adoptaron. Es simple, simplemente acceda al cuadro de edici\u00f3n disponible debajo de cada recurso. Estudiantes y acad\u00e9micos ya han utilizado muchos recursos para realizar pruebas, con el apoyo de expertos de K4K: muchos videos y presentaciones originales se publicar\u00e1n en el canal de YouTube de K4K y estar\u00e1n disponibles en estas p\u00e1ginas. \u00a1Reg\u00edstrate en la plataforma K4K y \u00fanete a la comunidad! Marco para describir una unidad educativa. \u00bfHa estado involucrado en la comunidad de pr\u00e1ctica de KitchenLab4Kids para contribuir al desarrollo del kit [&hellip;]","protected":false},"author":3,"featured_media":0,"parent":0,"menu_order":0,"comment_status":"closed","ping_status":"closed","template":"","meta":{"_acf_changed":false,"_uag_custom_page_level_css":"","site-sidebar-layout":"default","site-content-layout":"","ast-site-content-layout":"","site-content-style":"default","site-sidebar-style":"default","ast-global-header-display":"","ast-banner-title-visibility":"","ast-main-header-display":"","ast-hfb-above-header-display":"","ast-hfb-below-header-display":"","ast-hfb-mobile-header-display":"","site-post-title":"","ast-breadcrumbs-content":"","ast-featured-img":"","footer-sml-layout":"","theme-transparent-header-meta":"","adv-header-id-meta":"","stick-header-meta":"","header-above-stick-meta":"","header-main-stick-meta":"","header-below-stick-meta":"","astra-migrate-meta-layouts":"default","ast-page-background-enabled":"default","ast-page-background-meta":{"desktop":{"background-color":"var(--ast-global-color-4)","background-image":"","background-repeat":"repeat","background-position":"center center","background-size":"auto","background-attachment":"scroll","background-type":"","background-media":"","overlay-type":"","overlay-color":"","overlay-opacity":"","overlay-gradient":""},"tablet":{"background-color":"","background-image":"","background-repeat":"repeat","background-position":"center center","background-size":"auto","background-attachment":"scroll","background-type":"","background-media":"","overlay-type":"","overlay-color":"","overlay-opacity":"","overlay-gradient":""},"mobile":{"background-color":"","background-image":"","background-repeat":"repeat","background-position":"center center","background-size":"auto","background-attachment":"scroll","background-type":"","background-media":"","overlay-type":"","overlay-color":"","overlay-opacity":"","overlay-gradient":""}},"ast-content-background-meta":{"desktop":{"background-color":"var(--ast-global-color-5)","background-image":"","background-repeat":"repeat","background-position":"center center","background-size":"auto","background-attachment":"scroll","background-type":"","background-media":"","overlay-type":"","overlay-color":"","overlay-opacity":"","overlay-gradient":""},"tablet":{"background-color":"var(--ast-global-color-5)","background-image":"","background-repeat":"repeat","background-position":"center center","background-size":"auto","background-attachment":"scroll","background-type":"","background-media":"","overlay-type":"","overlay-color":"","overlay-opacity":"","overlay-gradient":""},"mobile":{"background-color":"var(--ast-global-color-5)","background-image":"","background-repeat":"repeat","background-position":"center center","background-size":"auto","background-attachment":"scroll","background-type":"","background-media":"","overlay-type":"","overlay-color":"","overlay-opacity":"","overlay-gradient":""}},"ngg_post_thumbnail":0,"footnotes":""},"acf":[],"uagb_featured_image_src":{"full":false,"thumbnail":false,"medium":false,"medium_large":false,"large":false,"1536x1536":false,"2048x2048":false},"uagb_author_info":{"display_name":"Redaktor","author_link":"https:\/\/kitchenlab4kids.ignatianum.edu.pl\/es\/author\/dstolarek\/"},"uagb_comment_info":0,"uagb_excerpt":"Comunidad de pr\u00e1ctica y aprendizaje. La plataforma K4K est\u00e1 dise\u00f1ada para proporcionar recursos en el \u00e1rea de aprendizaje STEM\/ense\u00f1anza STEM en educaci\u00f3n infantil (ideas, ejemplos de buenas pr\u00e1cticas, lecciones en video, literatura, resultados de trabajos infantiles, etc.), materiales, carga de nuevos materiales, compartir experiencias, apoyar el proceso de aprendizaje aprendizaje intercultural para docentes en formaci\u00f3n&hellip;","_links":{"self":[{"href":"https:\/\/kitchenlab4kids.ignatianum.edu.pl\/es\/wp-json\/wp\/v2\/pages\/2943"}],"collection":[{"href":"https:\/\/kitchenlab4kids.ignatianum.edu.pl\/es\/wp-json\/wp\/v2\/pages"}],"about":[{"href":"https:\/\/kitchenlab4kids.ignatianum.edu.pl\/es\/wp-json\/wp\/v2\/types\/page"}],"author":[{"embeddable":true,"href":"https:\/\/kitchenlab4kids.ignatianum.edu.pl\/es\/wp-json\/wp\/v2\/users\/3"}],"replies":[{"embeddable":true,"href":"https:\/\/kitchenlab4kids.ignatianum.edu.pl\/es\/wp-json\/wp\/v2\/comments?post=2943"}],"version-history":[{"count":1,"href":"https:\/\/kitchenlab4kids.ignatianum.edu.pl\/es\/wp-json\/wp\/v2\/pages\/2943\/revisions"}],"predecessor-version":[{"id":2966,"href":"https:\/\/kitchenlab4kids.ignatianum.edu.pl\/es\/wp-json\/wp\/v2\/pages\/2943\/revisions\/2966"}],"wp:attachment":[{"href":"https:\/\/kitchenlab4kids.ignatianum.edu.pl\/es\/wp-json\/wp\/v2\/media?parent=2943"}],"curies":[{"name":"wp","href":"https:\/\/api.w.org\/{rel}","templated":true}]}}