{"id":6576,"date":"2023-09-22T13:27:56","date_gmt":"2023-09-22T11:27:56","guid":{"rendered":"https:\/\/kitchenlab4kids.uniwersytet.ignatianum.edu.pl\/?page_id=6576"},"modified":"2023-10-06T09:00:35","modified_gmt":"2023-10-06T07:00:35","slug":"la-ciencia-detras-de-los-dulces","status":"publish","type":"page","link":"https:\/\/kitchenlab4kids.ignatianum.edu.pl\/es\/rutas-de-aprendizaje\/la-ciencia-detras-de-los-dulces\/","title":{"rendered":"La ciencia detr\u00e1s de los dulces"},"content":{"rendered":"\n<h2 class=\"wp-block-heading has-text-align-center\"><strong>RUTA DE APRENDIZAJE TEM\u00c1TICO<br>La ciencia detr\u00e1s de los dulces. \u00a1Primero los experimentos y luego a comer!<\/strong><\/h2>\n\n\n\n<h3 class=\"wp-block-heading\">Objetivos:<\/h3>\n\n\n\n<ol>\n<li>Potenciar en los alumnos las diferencias entre el s\u00f3lido y el l\u00edquido.<\/li>\n\n\n\n<li>Formar la comprensi\u00f3n de los procesos que hay detr\u00e1s de la transformaci\u00f3n del l\u00edquido en s\u00f3lido;<\/li>\n\n\n\n<li>Potenciar en los alumnos el conocimiento de las propiedades de los dulces (por ejemplo, el az\u00facar).<\/li>\n\n\n\n<li>Potenciar el conocimiento de los alumnos sobre c\u00f3mo se colorean los caramelos.<\/li>\n\n\n\n<li>Desarrollar el conocimiento de los alumnos sobre el proceso de subida. \u00bfQu\u00e9 ser\u00eda el proceso de subida?<\/li>\n\n\n\n<li>Desarrollar el conocimiento de los alumnos sobre el funcionamiento del horneado.<\/li>\n\n\n\n<li>Promover una inclinaci\u00f3n saludable respecto a los dulces.<\/li>\n<\/ol>\n\n\n\n<div style=\"height:30px\" aria-hidden=\"true\" class=\"wp-block-spacer\"><\/div>\n\n\n\n<h3 class=\"wp-block-heading\">Resultados de aprendizaje previstos<\/h3>\n\n\n\n<p><strong><strong><strong>Los alumnos ser\u00e1n capaces de:<\/strong><\/strong><\/strong><\/p>\n\n\n\n<ol>\n<li>Participar en experimentos bajo la supervisi\u00f3n del profesor<\/li>\n\n\n\n<li>Explicar los conceptos de l\u00edquido\/s\u00f3lido y diferenciar entre congelaci\u00f3n, fusi\u00f3n y solidificaci\u00f3n<\/li>\n\n\n\n<li>Comprender el funcionamiento de la cocci\u00f3n<\/li>\n\n\n\n<li>Aprender a utilizar el hornillo bajo la supervisi\u00f3n del profesor<\/li>\n\n\n\n<li>Reconocer los colorantes<\/li>\n\n\n\n<li>Reconocer el proceso de coloraci\u00f3n de los alimentos<\/li>\n\n\n\n<li>Desarrollar una inclinaci\u00f3n saludable hacia los dulces.<\/li>\n\n\n\n<li>Dise\u00f1ar sus propios experimentos realizados con el tema (utilizando materiales proporcionados por el profesor)<\/li>\n\n\n\n<li>Reflexionar sobre los resultados de su propio aprendizaje.<\/li>\n<\/ol>\n\n\n\n<div style=\"height:30px\" aria-hidden=\"true\" class=\"wp-block-spacer\"><\/div>\n\n\n\n<h3 class=\"wp-block-heading\">La estructura del itinerario de aprendizaje<\/h3>\n\n\n\n<p><strong>Etapa I<\/strong><\/p>\n\n\n\n<p>Reconocer las diferencias entre s\u00f3lido y l\u00edquido, comprender la transformaci\u00f3n l\u00edquido-s\u00f3lido, comprender la transformaci\u00f3n reversible de los alimentos.<\/p>\n\n\n\n<ul class=\"bs-link-block\">\n<li><a href=\"\/es\/eksperyment\/la-ciencia-de-la-galleta\/\">Ciencia de las galletas<\/a><\/li>\n\n\n\n<li><a href=\"\/es\/eksperyment\/haz-tu-propio-helado\/\">Helado en bolsas<\/a><\/li>\n\n\n\n<li><a href=\"\/es\/eksperyment\/pastel-en-una-taza\/\">Pastel en una taza<\/a><\/li>\n\n\n\n<li><a href=\"\/es\/eksperyment\/ciencia-del-chocolate-cambio-reversible\/\">Ciencia del chocolate<\/a><\/li>\n<\/ul>\n\n\n\n<p><strong>Etapa II<\/strong><\/p>\n\n\n\n<p>Entender c\u00f3mo funciona el horneado y c\u00f3mo cambian los dulces dentro del horneado.<\/p>\n\n\n\n<ul class=\"bs-link-block\">\n<li><a href=\"\/es\/eksperyment\/cocinando-panellets\/\">Cocinando \u201cpanellets\u201d<\/a><\/li>\n\n\n\n<li><a href=\"\/es\/eksperyment\/cunapes\/\">Cu\u00f1ap\u00e9s<\/a><\/li>\n<\/ul>\n\n\n\n<p><strong>Etapa III<\/strong><\/p>\n\n\n\n<p>Investigar el proceso de coloraci\u00f3n de los alimentos \u2013 comprender las diferencias entre el colorante natural y el artificial.<\/p>\n\n\n\n<ul class=\"bs-link-block\">\n<li><a href=\"\/es\/eksperyment\/la-ciencia-de-los-malvaviscos-o-nubes\/\">La ciencia de los malvaviscos o nubes<\/a><\/li>\n\n\n\n<li><a href=\"\/es\/eksperyment\/tortitas-de-colores-con-pigmentos-naturales\/\">Tortitas de colores con pigmentos naturales<\/a><\/li>\n<\/ul>\n\n\n\n<p><strong>Fase IV<\/strong><\/p>\n\n\n\n<p>promover una inclinaci\u00f3n saludable sobre los dulces, prefiriendo los ingredientes y los dulces caseros.<\/p>\n\n\n\n<ul class=\"bs-link-block\">\n<li><a href=\"\/es\/eksperyment\/helados-de-colores\/\">Helados de colores<\/a><\/li>\n\n\n\n<li><a href=\"\/es\/eksperyment\/fabricar-mantequilla-en-un-bote\/\">Fabricar mantequilla en un bote<\/a><\/li>\n\n\n\n<li><a href=\"\/es\/eksperyment\/pastel-de-zanahoria\/\">Pastel de zanahoria<\/a><\/li>\n<\/ul>\n\n\n\n<div style=\"height:30px\" aria-hidden=\"true\" class=\"wp-block-spacer\"><\/div>\n\n\n\n<h3 class=\"wp-block-heading\">Evaluaci\u00f3n<\/h3>\n\n\n\n<p><strong>Inicial<\/strong>&nbsp;\u2013 construir un mapa mental \u2013 (\u00bfQu\u00e9 s\u00e9? \u00bfQu\u00e9 me gustar\u00eda aprender?) Activar los conocimientos previos de los ni\u00f1os<\/p>\n\n\n\n<p><strong>Continua<\/strong>&nbsp;\u2013 descrita en cada recurso<\/p>\n\n\n\n<p><strong>Evaluaci\u00f3n final<\/strong>:<\/p>\n\n\n\n<ol type=\"A\">\n<li>Reflexi\u00f3n con el mapa mental preparado al principio (\u00bfQu\u00e9 hemos aprendido? \u00bfQu\u00e9 fue lo m\u00e1s intrigante? \u00bfQu\u00e9 m\u00e1s nos gustar\u00eda saber sobre los dulces?).<\/li>\n\n\n\n<li>Votaci\u00f3n del experimento m\u00e1s interesante ( los ni\u00f1os pueden poner la pegatina debajo de la foto que presenta su experimento favorito)<\/li>\n\n\n\n<li>Autoevaluaci\u00f3n del propio proceso de aprendizaje.<\/li>\n\n\n\n<li>Evaluaci\u00f3n del profesor: v\u00e9ase la siguiente escala<\/li>\n<\/ol>\n\n\n\n<figure class=\"wp-block-table\"><table class=\"mtr-table mtr-tr-td\"><tbody><tr><td data-mtr-content=\"Puede reconocer los l\u00edquidos y los s\u00f3lidos\" class=\"mtr-td-tag\"><div class=\"mtr-cell-content\">Puede reconocer los l\u00edquidos y los s\u00f3lidos<\/div><\/td><td data-mtr-content=\"1\" class=\"mtr-td-tag\"><div class=\"mtr-cell-content\">1<\/div><\/td><td data-mtr-content=\"2\" class=\"mtr-td-tag\"><div class=\"mtr-cell-content\">2<\/div><\/td><td data-mtr-content=\"3\" class=\"mtr-td-tag\"><div class=\"mtr-cell-content\">3<\/div><\/td><td data-mtr-content=\"4\" class=\"mtr-td-tag\"><div class=\"mtr-cell-content\">4<\/div><\/td><\/tr><tr><td data-mtr-content=\"Puede reconocer los l\u00edquidos y los s\u00f3lidos\" class=\"mtr-td-tag\"><div class=\"mtr-cell-content\">Puede explicar los cambios en las sustancias<\/div><\/td><td data-mtr-content=\"1\" class=\"mtr-td-tag\"><div class=\"mtr-cell-content\">1<\/div><\/td><td data-mtr-content=\"2\" class=\"mtr-td-tag\"><div class=\"mtr-cell-content\">2<\/div><\/td><td data-mtr-content=\"3\" class=\"mtr-td-tag\"><div class=\"mtr-cell-content\">3<\/div><\/td><td data-mtr-content=\"4\" class=\"mtr-td-tag\"><div class=\"mtr-cell-content\">4<\/div><\/td><\/tr><tr><td data-mtr-content=\"Puede reconocer los l\u00edquidos y los s\u00f3lidos\" class=\"mtr-td-tag\"><div class=\"mtr-cell-content\">Puede utilizar el horno (bajo supervisi\u00f3n)<\/div><\/td><td data-mtr-content=\"1\" class=\"mtr-td-tag\"><div class=\"mtr-cell-content\">1<\/div><\/td><td data-mtr-content=\"2\" class=\"mtr-td-tag\"><div class=\"mtr-cell-content\">2<\/div><\/td><td data-mtr-content=\"3\" class=\"mtr-td-tag\"><div class=\"mtr-cell-content\">3<\/div><\/td><td data-mtr-content=\"4\" class=\"mtr-td-tag\"><div class=\"mtr-cell-content\">4<\/div><\/td><\/tr><tr><td data-mtr-content=\"Puede reconocer los l\u00edquidos y los s\u00f3lidos\" class=\"mtr-td-tag\"><div class=\"mtr-cell-content\">Sabe reconocer los alimentos para colorear<\/div><\/td><td data-mtr-content=\"1\" class=\"mtr-td-tag\"><div class=\"mtr-cell-content\">1<\/div><\/td><td data-mtr-content=\"2\" class=\"mtr-td-tag\"><div class=\"mtr-cell-content\">2<\/div><\/td><td data-mtr-content=\"3\" class=\"mtr-td-tag\"><div class=\"mtr-cell-content\">3<\/div><\/td><td data-mtr-content=\"4\" class=\"mtr-td-tag\"><div class=\"mtr-cell-content\">4<\/div><\/td><\/tr><tr><td data-mtr-content=\"Puede reconocer los l\u00edquidos y los s\u00f3lidos\" class=\"mtr-td-tag\"><div class=\"mtr-cell-content\">Sabe utilizar los alimentos para colorear<\/div><\/td><td data-mtr-content=\"1\" class=\"mtr-td-tag\"><div class=\"mtr-cell-content\">1<\/div><\/td><td data-mtr-content=\"2\" class=\"mtr-td-tag\"><div class=\"mtr-cell-content\">2<\/div><\/td><td data-mtr-content=\"3\" class=\"mtr-td-tag\"><div class=\"mtr-cell-content\">3<\/div><\/td><td data-mtr-content=\"4\" class=\"mtr-td-tag\"><div class=\"mtr-cell-content\">4<\/div><\/td><\/tr><tr><td data-mtr-content=\"Puede reconocer los l\u00edquidos y los s\u00f3lidos\" class=\"mtr-td-tag\"><div class=\"mtr-cell-content\">Desarrolla una actitud saludable ante los dulces<\/div><\/td><td data-mtr-content=\"1\" class=\"mtr-td-tag\"><div class=\"mtr-cell-content\">1<\/div><\/td><td data-mtr-content=\"2\" class=\"mtr-td-tag\"><div class=\"mtr-cell-content\">2<\/div><\/td><td data-mtr-content=\"3\" class=\"mtr-td-tag\"><div class=\"mtr-cell-content\">3<\/div><\/td><td data-mtr-content=\"4\" class=\"mtr-td-tag\"><div class=\"mtr-cell-content\">4<\/div><\/td><\/tr><\/tbody><\/table><\/figure>\n\n\n\n<p>1 \u2013 En absoluto<br>2<br>3<br>4 \u2013 Siempre<\/p>\n<!-- PMB print buttons is only displayed on a single post\/page URLs-->","protected":false},"excerpt":{"rendered":"RUTA DE APRENDIZAJE TEM\u00c1TICOLa ciencia detr\u00e1s de los dulces. \u00a1Primero los experimentos y luego a comer! Objetivos: Resultados de aprendizaje previstos Los alumnos ser\u00e1n capaces de: La estructura del itinerario de aprendizaje Etapa I Reconocer las diferencias entre s\u00f3lido y l\u00edquido, comprender la transformaci\u00f3n l\u00edquido-s\u00f3lido, comprender la transformaci\u00f3n reversible de los alimentos. Etapa II Entender c\u00f3mo funciona el horneado y c\u00f3mo cambian los dulces dentro del horneado. Etapa III Investigar el proceso de coloraci\u00f3n de los alimentos \u2013 comprender las diferencias entre el colorante natural y el artificial. Fase IV promover una inclinaci\u00f3n saludable sobre los dulces, prefiriendo los ingredientes y los dulces caseros. Evaluaci\u00f3n Inicial&nbsp;\u2013 construir un mapa mental \u2013 (\u00bfQu\u00e9 s\u00e9? \u00bfQu\u00e9 me gustar\u00eda aprender?) Activar los conocimientos previos de los ni\u00f1os Continua&nbsp;\u2013 descrita en cada recurso Evaluaci\u00f3n final: Puede reconocer los l\u00edquidos y los s\u00f3lidos 1 2 3 4 Puede explicar los cambios en las sustancias 1 2 3 4 Puede utilizar el horno (bajo supervisi\u00f3n) 1 2 3 4 Sabe reconocer los alimentos para colorear 1 2 3 4 Sabe utilizar los alimentos para colorear 1 2 3 4 Desarrolla una actitud saludable ante los dulces 1 2 3 4 1 \u2013 En absoluto234 \u2013 [&hellip;]","protected":false},"author":3,"featured_media":0,"parent":7704,"menu_order":0,"comment_status":"closed","ping_status":"closed","template":"","meta":{"_acf_changed":false,"_uag_custom_page_level_css":"","site-sidebar-layout":"default","site-content-layout":"","ast-site-content-layout":"","site-content-style":"default","site-sidebar-style":"default","ast-global-header-display":"","ast-banner-title-visibility":"","ast-main-header-display":"","ast-hfb-above-header-display":"","ast-hfb-below-header-display":"","ast-hfb-mobile-header-display":"","site-post-title":"","ast-breadcrumbs-content":"","ast-featured-img":"","footer-sml-layout":"","theme-transparent-header-meta":"","adv-header-id-meta":"","stick-header-meta":"","header-above-stick-meta":"","header-main-stick-meta":"","header-below-stick-meta":"","astra-migrate-meta-layouts":"default","ast-page-background-enabled":"default","ast-page-background-meta":{"desktop":{"background-color":"var(--ast-global-color-4)","background-image":"","background-repeat":"repeat","background-position":"center center","background-size":"auto","background-attachment":"scroll","background-type":"","background-media":"","overlay-type":"","overlay-color":"","overlay-opacity":"","overlay-gradient":""},"tablet":{"background-color":"","background-image":"","background-repeat":"repeat","background-position":"center center","background-size":"auto","background-attachment":"scroll","background-type":"","background-media":"","overlay-type":"","overlay-color":"","overlay-opacity":"","overlay-gradient":""},"mobile":{"background-color":"","background-image":"","background-repeat":"repeat","background-position":"center center","background-size":"auto","background-attachment":"scroll","background-type":"","background-media":"","overlay-type":"","overlay-color":"","overlay-opacity":"","overlay-gradient":""}},"ast-content-background-meta":{"desktop":{"background-color":"var(--ast-global-color-5)","background-image":"","background-repeat":"repeat","background-position":"center center","background-size":"auto","background-attachment":"scroll","background-type":"","background-media":"","overlay-type":"","overlay-color":"","overlay-opacity":"","overlay-gradient":""},"tablet":{"background-color":"var(--ast-global-color-5)","background-image":"","background-repeat":"repeat","background-position":"center center","background-size":"auto","background-attachment":"scroll","background-type":"","background-media":"","overlay-type":"","overlay-color":"","overlay-opacity":"","overlay-gradient":""},"mobile":{"background-color":"var(--ast-global-color-5)","background-image":"","background-repeat":"repeat","background-position":"center center","background-size":"auto","background-attachment":"scroll","background-type":"","background-media":"","overlay-type":"","overlay-color":"","overlay-opacity":"","overlay-gradient":""}},"ngg_post_thumbnail":0,"footnotes":""},"acf":[],"uagb_featured_image_src":{"full":false,"thumbnail":false,"medium":false,"medium_large":false,"large":false,"1536x1536":false,"2048x2048":false},"uagb_author_info":{"display_name":"Redaktor","author_link":"https:\/\/kitchenlab4kids.ignatianum.edu.pl\/es\/author\/dstolarek\/"},"uagb_comment_info":0,"uagb_excerpt":"RUTA DE APRENDIZAJE TEM\u00c1TICOLa ciencia detr\u00e1s de los dulces. \u00a1Primero los experimentos y luego a comer! Objetivos: Resultados de aprendizaje previstos Los alumnos ser\u00e1n capaces de: La estructura del itinerario de aprendizaje Etapa I Reconocer las diferencias entre s\u00f3lido y l\u00edquido, comprender la transformaci\u00f3n l\u00edquido-s\u00f3lido, comprender la transformaci\u00f3n reversible de los alimentos. Etapa II Entender&hellip;","_links":{"self":[{"href":"https:\/\/kitchenlab4kids.ignatianum.edu.pl\/es\/wp-json\/wp\/v2\/pages\/6576"}],"collection":[{"href":"https:\/\/kitchenlab4kids.ignatianum.edu.pl\/es\/wp-json\/wp\/v2\/pages"}],"about":[{"href":"https:\/\/kitchenlab4kids.ignatianum.edu.pl\/es\/wp-json\/wp\/v2\/types\/page"}],"author":[{"embeddable":true,"href":"https:\/\/kitchenlab4kids.ignatianum.edu.pl\/es\/wp-json\/wp\/v2\/users\/3"}],"replies":[{"embeddable":true,"href":"https:\/\/kitchenlab4kids.ignatianum.edu.pl\/es\/wp-json\/wp\/v2\/comments?post=6576"}],"version-history":[{"count":1,"href":"https:\/\/kitchenlab4kids.ignatianum.edu.pl\/es\/wp-json\/wp\/v2\/pages\/6576\/revisions"}],"predecessor-version":[{"id":6579,"href":"https:\/\/kitchenlab4kids.ignatianum.edu.pl\/es\/wp-json\/wp\/v2\/pages\/6576\/revisions\/6579"}],"up":[{"embeddable":true,"href":"https:\/\/kitchenlab4kids.ignatianum.edu.pl\/es\/wp-json\/wp\/v2\/pages\/7704"}],"wp:attachment":[{"href":"https:\/\/kitchenlab4kids.ignatianum.edu.pl\/es\/wp-json\/wp\/v2\/media?parent=6576"}],"curies":[{"name":"wp","href":"https:\/\/api.w.org\/{rel}","templated":true}]}}