{"id":6609,"date":"2023-09-22T13:39:00","date_gmt":"2023-09-22T11:39:00","guid":{"rendered":"https:\/\/kitchenlab4kids.uniwersytet.ignatianum.edu.pl\/?page_id=6609"},"modified":"2023-10-06T09:00:40","modified_gmt":"2023-10-06T07:00:40","slug":"laboratorio-de-panaderos","status":"publish","type":"page","link":"https:\/\/kitchenlab4kids.ignatianum.edu.pl\/es\/rutas-de-aprendizaje\/laboratorio-de-panaderos\/","title":{"rendered":"Laboratorio de Panaderos"},"content":{"rendered":"\n<h2 class=\"wp-block-heading has-text-align-center\"><strong>RUTA DE APRENDIZAJE TEM\u00c1TICO<br>Laboratorio de Panaderos<\/strong><\/h2>\n\n\n\n<h3 class=\"wp-block-heading\">Objetivos:<\/h3>\n\n\n\n<ol>\n<li>Trabajar la capacidad del alumno para medir la temperatura<\/li>\n\n\n\n<li>Mejorar el conocimiento de los alumnos sobre algunas reacciones qu\u00edmicas que se producen en elementos cotidianos<\/li>\n\n\n\n<li>Permitir a los alumnos explorar el concepto de energ\u00eda y calor<\/li>\n\n\n\n<li>Permitir a los alumnos explorar el concepto de energ\u00eda negativa y positiva<\/li>\n\n\n\n<li>Trabajar el conocimiento de los alumnos sobre el proceso de leudar<\/li>\n\n\n\n<li>Permitir a los alumnos explorar el concepto de peso y masa<\/li>\n\n\n\n<li>Dejar a los alumnos explorar c\u00f3mo diferentes ingredientes pueden afectar el resultado final de un pastel<\/li>\n<\/ol>\n\n\n\n<h4 class=\"wp-block-heading\"><strong><strong><strong>Objetivos transversales:<\/strong><\/strong><\/strong><\/h4>\n\n\n\n<ol>\n<li>Trabajar la actitud investigadora de los alumnos<\/li>\n\n\n\n<li>Desarrollar las habilidades de los alumnos para escuchar y seguir instrucciones<\/li>\n\n\n\n<li>Desarrollar las habilidades culinarias de los alumnos<\/li>\n\n\n\n<li>Permitir a los alumnos investigar los cambios alimentarios<\/li>\n\n\n\n<li>Desarrollar las habilidades ling\u00fc\u00edsticas expresivas de los alumnos<\/li>\n\n\n\n<li>Desarrollar la capacidad de los alumnos para trabajar en grupo<\/li>\n<\/ol>\n\n\n\n<div style=\"height:30px\" aria-hidden=\"true\" class=\"wp-block-spacer\"><\/div>\n\n\n\n<h3 class=\"wp-block-heading\">Resultados de aprendizaje previstos<\/h3>\n\n\n\n<p><strong><strong><strong><strong>Los alumnos ser\u00e1n capaces de:<\/strong><\/strong><\/strong><\/strong><\/p>\n\n\n\n<ol>\n<li>Participar en experimentos bajo la supervisi\u00f3n del profesor<\/li>\n\n\n\n<li>Reconocer y explicar los cambios en una sustancia<\/li>\n\n\n\n<li>Comprender el funcionamiento del horno<\/li>\n\n\n\n<li>Aprender a utilizar el horno bajo la supervisi\u00f3n del profesor<\/li>\n\n\n\n<li>Comprender el fen\u00f3meno de la levadura<\/li>\n\n\n\n<li>Anotar la f\u00f3rmula qu\u00edmica de un gas<\/li>\n\n\n\n<li>Investigar c\u00f3mo interact\u00faan la cargas positivas y negativas<\/li>\n\n\n\n<li>Observar y discutir c\u00f3mo se dividen la pimienta y la sal mediante la energ\u00eda electrost\u00e1tica.<\/li>\n<\/ol>\n\n\n\n<div style=\"height:30px\" aria-hidden=\"true\" class=\"wp-block-spacer\"><\/div>\n\n\n\n<h3 class=\"wp-block-heading\">Estructura de la ruta de aprendizaje<\/h3>\n\n\n\n<p><strong>Etapa I<\/strong><\/p>\n\n\n\n<p>Medir la temperatura, amasar, entender el concepto de que la masa suba (fermentaci\u00f3n).<\/p>\n\n\n\n<ul class=\"bs-link-block\">\n<li><a href=\"\/learning-pathways-2\/the-bakers-lab-chemical-reactions-in-everyday-elements\/\">La focaccia m\u00e1gica-levadura<\/a><\/li>\n\n\n\n<li><a href=\"\/es\/eksperyment\/amasamos-los-gases-fermentacion\/\">Amasamos los gases: fermentaci\u00f3n<\/a><\/li>\n\n\n\n<li><a href=\"\/es\/eksperyment\/elaborar-pan-en-una-bolsa-hermetica\/\">Elaborar pan en una bolsa herm\u00e9tica<\/a><\/li>\n<\/ul>\n\n\n\n<p><strong>Etapa II<\/strong><\/p>\n\n\n\n<p>Entender la \u00f3smosis y los procesos de energia est\u00e1tica detr\u00e1s de los ingredientes de cocina; entender c\u00f3mo&nbsp;diferentes ingredientes pueden afectar el resultado de un pastel<\/p>\n\n\n\n<ul class=\"bs-link-block\">\n<li><a href=\"\/es\/eksperyment\/osmosis-golosa-la-quimica-se-vuelve-dulce\/\">\u00d3smosis golosa \u2013 la qu\u00edmica se vuelve dulce<\/a><\/li>\n\n\n\n<li><a href=\"\/es\/eksperyment\/dos-pesos-dos-medidas-electricidad-estatica\/\">Dos pesos, dos medidas-electricidad est\u00e1tica<\/a><\/li>\n\n\n\n<li><a href=\"\/es\/eksperyment\/descubrir-la-ciencia-pastelera\/\">Descubrir la ciencia pastelera<\/a><\/li>\n<\/ul>\n\n\n\n<div style=\"height:30px\" aria-hidden=\"true\" class=\"wp-block-spacer\"><\/div>\n\n\n\n<h3 class=\"wp-block-heading\">Evaluaci\u00f3n<\/h3>\n\n\n\n<p><strong>Inicial<\/strong>&nbsp;\u2013 hacer un mapa conceptual: (por ejemplo, \u00bfqu\u00e9 s\u00e9? \u00bfqu\u00e9 querr\u00eda saber?, \u2026) Activar los conocimientos previos de los ni\u00f1os<\/p>\n\n\n\n<p><strong>Formativa<\/strong>&nbsp;\u2013 descrito en todos los recursos<\/p>\n\n\n\n<p><strong>Final<\/strong>:<br>A. Reflexi\u00f3n con el mapa conceptual preparado al inicio \u2013 \u00bfQu\u00e9 hemos aprendido? \u00bfQu\u00e9 fue lo m\u00e1s intrigante? \u00bfQu\u00e9 m\u00e1s querr\u00edamos saber sobre la cocina?<br>B. Votar por el experimento m\u00e1s interesante (los ni\u00f1os pueden poner pegatinas bajo la foto que representa su experimento favorito)<br>C. Autoevaluaci\u00f3n del propio proceso de aprendizaje.<br>D. Evaluaci\u00f3n del profesor: ver el baremo que aparece a continuaci\u00f3n<\/p>\n\n\n\n<figure class=\"wp-block-table\"><table class=\"mtr-table mtr-tr-td\"><tbody><tr><td data-mtr-content=\"\u00c9l\/ ella puede reconocer los cambios en las sustancias\" class=\"mtr-td-tag\"><div class=\"mtr-cell-content\">\u00c9l\/ ella puede reconocer los cambios en las sustancias<\/div><\/td><td data-mtr-content=\"1\" class=\"mtr-td-tag\"><div class=\"mtr-cell-content\">1<\/div><\/td><td data-mtr-content=\"2\" class=\"mtr-td-tag\"><div class=\"mtr-cell-content\">2<\/div><\/td><td data-mtr-content=\"3\" class=\"mtr-td-tag\"><div class=\"mtr-cell-content\">3<\/div><\/td><td data-mtr-content=\"4\" class=\"mtr-td-tag\"><div class=\"mtr-cell-content\">4<\/div><\/td><\/tr><tr><td data-mtr-content=\"\u00c9l\/ ella puede reconocer los cambios en las sustancias\" class=\"mtr-td-tag\"><div class=\"mtr-cell-content\">\u00c9l\/ ella pueden explicar los cambios en las sustancias<\/div><\/td><td data-mtr-content=\"1\" class=\"mtr-td-tag\"><div class=\"mtr-cell-content\">1<\/div><\/td><td data-mtr-content=\"2\" class=\"mtr-td-tag\"><div class=\"mtr-cell-content\">2<\/div><\/td><td data-mtr-content=\"3\" class=\"mtr-td-tag\"><div class=\"mtr-cell-content\">3<\/div><\/td><td data-mtr-content=\"4\" class=\"mtr-td-tag\"><div class=\"mtr-cell-content\">4<\/div><\/td><\/tr><tr><td data-mtr-content=\"\u00c9l\/ ella puede reconocer los cambios en las sustancias\" class=\"mtr-td-tag\"><div class=\"mtr-cell-content\">\u00c9l\/ ella pueden utilizar el horno ( bajo supervisi\u00f3n)<\/div><\/td><td data-mtr-content=\"1\" class=\"mtr-td-tag\"><div class=\"mtr-cell-content\">1<\/div><\/td><td data-mtr-content=\"2\" class=\"mtr-td-tag\"><div class=\"mtr-cell-content\">2<\/div><\/td><td data-mtr-content=\"3\" class=\"mtr-td-tag\"><div class=\"mtr-cell-content\">3<\/div><\/td><td data-mtr-content=\"4\" class=\"mtr-td-tag\"><div class=\"mtr-cell-content\">4<\/div><\/td><\/tr><tr><td data-mtr-content=\"\u00c9l\/ ella puede reconocer los cambios en las sustancias\" class=\"mtr-td-tag\"><div class=\"mtr-cell-content\">\u00c9l\/ ella es capaz de escribir la f\u00f3rmula qu\u00edmica del gas<\/div><\/td><td data-mtr-content=\"1\" class=\"mtr-td-tag\"><div class=\"mtr-cell-content\">1<\/div><\/td><td data-mtr-content=\"2\" class=\"mtr-td-tag\"><div class=\"mtr-cell-content\">2<\/div><\/td><td data-mtr-content=\"3\" class=\"mtr-td-tag\"><div class=\"mtr-cell-content\">3<\/div><\/td><td data-mtr-content=\"4\" class=\"mtr-td-tag\"><div class=\"mtr-cell-content\">4<\/div><\/td><\/tr><tr><td data-mtr-content=\"\u00c9l\/ ella puede reconocer los cambios en las sustancias\" class=\"mtr-td-tag\"><div class=\"mtr-cell-content\">\u00c9l\/ ella puede explicar el proceso qu\u00edmico<\/div><\/td><td data-mtr-content=\"1\" class=\"mtr-td-tag\"><div class=\"mtr-cell-content\">1<\/div><\/td><td data-mtr-content=\"2\" class=\"mtr-td-tag\"><div class=\"mtr-cell-content\">2<\/div><\/td><td data-mtr-content=\"3\" class=\"mtr-td-tag\"><div class=\"mtr-cell-content\">3<\/div><\/td><td data-mtr-content=\"4\" class=\"mtr-td-tag\"><div class=\"mtr-cell-content\">4<\/div><\/td><\/tr><\/tbody><\/table><\/figure>\n\n\n\n<p>1 \u2013 No del todo<br>2<br>3<br>4 \u2013&nbsp;En absoluto<\/p>\n<!-- PMB print buttons is only displayed on a single post\/page URLs-->","protected":false},"excerpt":{"rendered":"RUTA DE APRENDIZAJE TEM\u00c1TICOLaboratorio de Panaderos Objetivos: Objetivos transversales: Resultados de aprendizaje previstos Los alumnos ser\u00e1n capaces de: Estructura de la ruta de aprendizaje Etapa I Medir la temperatura, amasar, entender el concepto de que la masa suba (fermentaci\u00f3n). Etapa II Entender la \u00f3smosis y los procesos de energia est\u00e1tica detr\u00e1s de los ingredientes de cocina; entender c\u00f3mo&nbsp;diferentes ingredientes pueden afectar el resultado de un pastel Evaluaci\u00f3n Inicial&nbsp;\u2013 hacer un mapa conceptual: (por ejemplo, \u00bfqu\u00e9 s\u00e9? \u00bfqu\u00e9 querr\u00eda saber?, \u2026) Activar los conocimientos previos de los ni\u00f1os Formativa&nbsp;\u2013 descrito en todos los recursos Final:A. Reflexi\u00f3n con el mapa conceptual preparado al inicio \u2013 \u00bfQu\u00e9 hemos aprendido? \u00bfQu\u00e9 fue lo m\u00e1s intrigante? \u00bfQu\u00e9 m\u00e1s querr\u00edamos saber sobre la cocina?B. Votar por el experimento m\u00e1s interesante (los ni\u00f1os pueden poner pegatinas bajo la foto que representa su experimento favorito)C. Autoevaluaci\u00f3n del propio proceso de aprendizaje.D. Evaluaci\u00f3n del profesor: ver el baremo que aparece a continuaci\u00f3n \u00c9l\/ ella puede reconocer los cambios en las sustancias 1 2 3 4 \u00c9l\/ ella pueden explicar los cambios en las sustancias 1 2 3 4 \u00c9l\/ ella pueden utilizar el horno ( bajo supervisi\u00f3n) 1 2 3 4 \u00c9l\/ ella es capaz de escribir la f\u00f3rmula qu\u00edmica del gas 1 2 3 4 \u00c9l\/ ella puede explicar el proceso qu\u00edmico 1 2 3 4 1 \u2013 No del todo234 \u2013&nbsp;En [&hellip;]","protected":false},"author":3,"featured_media":0,"parent":7704,"menu_order":0,"comment_status":"closed","ping_status":"closed","template":"","meta":{"_acf_changed":false,"_uag_custom_page_level_css":"","site-sidebar-layout":"default","site-content-layout":"","ast-site-content-layout":"","site-content-style":"default","site-sidebar-style":"default","ast-global-header-display":"","ast-banner-title-visibility":"","ast-main-header-display":"","ast-hfb-above-header-display":"","ast-hfb-below-header-display":"","ast-hfb-mobile-header-display":"","site-post-title":"","ast-breadcrumbs-content":"","ast-featured-img":"","footer-sml-layout":"","theme-transparent-header-meta":"","adv-header-id-meta":"","stick-header-meta":"","header-above-stick-meta":"","header-main-stick-meta":"","header-below-stick-meta":"","astra-migrate-meta-layouts":"default","ast-page-background-enabled":"default","ast-page-background-meta":{"desktop":{"background-color":"var(--ast-global-color-4)","background-image":"","background-repeat":"repeat","background-position":"center center","background-size":"auto","background-attachment":"scroll","background-type":"","background-media":"","overlay-type":"","overlay-color":"","overlay-opacity":"","overlay-gradient":""},"tablet":{"background-color":"","background-image":"","background-repeat":"repeat","background-position":"center center","background-size":"auto","background-attachment":"scroll","background-type":"","background-media":"","overlay-type":"","overlay-color":"","overlay-opacity":"","overlay-gradient":""},"mobile":{"background-color":"","background-image":"","background-repeat":"repeat","background-position":"center center","background-size":"auto","background-attachment":"scroll","background-type":"","background-media":"","overlay-type":"","overlay-color":"","overlay-opacity":"","overlay-gradient":""}},"ast-content-background-meta":{"desktop":{"background-color":"var(--ast-global-color-5)","background-image":"","background-repeat":"repeat","background-position":"center center","background-size":"auto","background-attachment":"scroll","background-type":"","background-media":"","overlay-type":"","overlay-color":"","overlay-opacity":"","overlay-gradient":""},"tablet":{"background-color":"var(--ast-global-color-5)","background-image":"","background-repeat":"repeat","background-position":"center center","background-size":"auto","background-attachment":"scroll","background-type":"","background-media":"","overlay-type":"","overlay-color":"","overlay-opacity":"","overlay-gradient":""},"mobile":{"background-color":"var(--ast-global-color-5)","background-image":"","background-repeat":"repeat","background-position":"center center","background-size":"auto","background-attachment":"scroll","background-type":"","background-media":"","overlay-type":"","overlay-color":"","overlay-opacity":"","overlay-gradient":""}},"ngg_post_thumbnail":0,"footnotes":""},"acf":[],"uagb_featured_image_src":{"full":false,"thumbnail":false,"medium":false,"medium_large":false,"large":false,"1536x1536":false,"2048x2048":false},"uagb_author_info":{"display_name":"Redaktor","author_link":"https:\/\/kitchenlab4kids.ignatianum.edu.pl\/es\/author\/dstolarek\/"},"uagb_comment_info":0,"uagb_excerpt":"RUTA DE APRENDIZAJE TEM\u00c1TICOLaboratorio de Panaderos Objetivos: Objetivos transversales: Resultados de aprendizaje previstos Los alumnos ser\u00e1n capaces de: Estructura de la ruta de aprendizaje Etapa I Medir la temperatura, amasar, entender el concepto de que la masa suba (fermentaci\u00f3n). Etapa II Entender la \u00f3smosis y los procesos de energia est\u00e1tica detr\u00e1s de los ingredientes de&hellip;","_links":{"self":[{"href":"https:\/\/kitchenlab4kids.ignatianum.edu.pl\/es\/wp-json\/wp\/v2\/pages\/6609"}],"collection":[{"href":"https:\/\/kitchenlab4kids.ignatianum.edu.pl\/es\/wp-json\/wp\/v2\/pages"}],"about":[{"href":"https:\/\/kitchenlab4kids.ignatianum.edu.pl\/es\/wp-json\/wp\/v2\/types\/page"}],"author":[{"embeddable":true,"href":"https:\/\/kitchenlab4kids.ignatianum.edu.pl\/es\/wp-json\/wp\/v2\/users\/3"}],"replies":[{"embeddable":true,"href":"https:\/\/kitchenlab4kids.ignatianum.edu.pl\/es\/wp-json\/wp\/v2\/comments?post=6609"}],"version-history":[{"count":2,"href":"https:\/\/kitchenlab4kids.ignatianum.edu.pl\/es\/wp-json\/wp\/v2\/pages\/6609\/revisions"}],"predecessor-version":[{"id":7710,"href":"https:\/\/kitchenlab4kids.ignatianum.edu.pl\/es\/wp-json\/wp\/v2\/pages\/6609\/revisions\/7710"}],"up":[{"embeddable":true,"href":"https:\/\/kitchenlab4kids.ignatianum.edu.pl\/es\/wp-json\/wp\/v2\/pages\/7704"}],"wp:attachment":[{"href":"https:\/\/kitchenlab4kids.ignatianum.edu.pl\/es\/wp-json\/wp\/v2\/media?parent=6609"}],"curies":[{"name":"wp","href":"https:\/\/api.w.org\/{rel}","templated":true}]}}