{"id":7662,"date":"2023-09-22T11:56:18","date_gmt":"2023-09-22T09:56:18","guid":{"rendered":"https:\/\/kitchenlab4kids.uniwersytet.ignatianum.edu.pl\/?page_id=7662"},"modified":"2023-10-26T07:52:38","modified_gmt":"2023-10-26T05:52:38","slug":"descripcion-2","status":"publish","type":"page","link":"https:\/\/kitchenlab4kids.ignatianum.edu.pl\/es\/descripcion-2\/","title":{"rendered":"Descripci\u00f3n"},"content":{"rendered":"\n<h2 class=\"wp-block-heading has-text-align-left\">Kit de herramientas para profesores<\/h2>\n\n\n\n<p class=\"has-text-align-left\">El conjunto de herramientas es una colecci\u00f3n de documentos que incluyen directrices y recomendaciones para la ense\u00f1anza de STEM en el nivel preescolar, centr\u00e1ndose en las &#8220;v\u00edas de aprendizaje&#8221;.<\/p>\n\n\n\n<p class=\"has-text-align-left\"><strong>Abra el kit de herramientas interactivo:<\/strong><\/p>\n\n\n\n<div class=\"wp-block-buttons is-content-justification-left is-layout-flex wp-container-core-buttons-is-layout-1 wp-block-buttons-is-layout-flex\">\n<div class=\"wp-block-button\"><a class=\"wp-block-button__link has-text-align-left wp-element-button\" href=\"https:\/\/kitchenlab4kids.uniwersytet.ignatianum.edu.pl\/\/wp-content\/uploads\/articulate_uploads\/kitchen-lab-4-kids-toolkit-ES\/Kitchen%20Lab%204%20Kids%20-%20Kit%20de%20herramientas%20para%20educadores.html#\/\">Kit de herramientas<\/a><\/div>\n<\/div>\n\n\n\n<div style=\"height:50px\" aria-hidden=\"true\" class=\"wp-block-spacer\"><\/div>\n\n\n\n<h3 class=\"wp-block-heading has-text-align-left\"><strong>El conjunto de herramientas incluye un conjunto de publicaciones dirigidas a diferentes grupos:<\/strong><\/h3>\n\n\n\n<h4 class=\"wp-block-heading\"><strong>Primera publicaci\u00f3n<\/strong><\/h4>\n\n\n\n<p>El &#8220;kit did\u00e1ctico&#8221; est\u00e1 dirigido a: profesores e investigadores acad\u00e9micos, educadores y profesores de escuela.<br>Contiene contenidos y metodolog\u00edas desarrolladas para el Kit Did\u00e1ctico y verificadas luego de experiencias de campo. Adem\u00e1s, incluye una versi\u00f3n revisada y filtrada de recursos creados y\/o seleccionados por la comunidad docente en O3, es decir, actividades, mejores pr\u00e1cticas y juegos, probados en experimentos de campo. La publicaci\u00f3n presenta ejemplos de itinerarios educativos para profesores (para utilizar en su jard\u00edn de infancia).<\/p>\n\n\n\n<ul class=\"bs-link-block\">\n<li><a href=\"\/es\/descripcion\/\">kit de ense\u00f1anza<\/a><\/li>\n<\/ul>\n\n\n\n<div style=\"height:50px\" aria-hidden=\"true\" class=\"wp-block-spacer\"><\/div>\n\n\n\n<h4 class=\"wp-block-heading\"><strong>Publicaci\u00f3n de drogas<\/strong><\/h4>\n\n\n\n<p>El &#8220;<a href=\"\/es\/un-libro-para-padres\/\">Libro para padres<\/a>&#8221; (disponible en EN, PL, IT, ES, CA) est\u00e1 dirigido a los padres.<br>Esta publicaci\u00f3n es un folleto que proporciona ejemplos de recursos y rutas de aprendizaje para que los padres puedan replicar actividades STEM (por ejemplo, Ciencias de la cocina) en casa, conectando el aprendizaje con el mundo real y los intereses y objetivos de sus hijos.<\/p>\n\n\n<div class=\"bst-filelist__item\">\n        <a class=\"bst-filelist__item-link\" href=\"https:\/\/kitchenlab4kids.ignatianum.edu.pl\/wp-content\/uploads\/sites\/20\/2023\/10\/K4K-Booklet-for-parents-ES-1.pdf\">\n            <span class=\"bst-filelist__item-text\">Un libro para padres<\/span>\n            <span class=\"bst-filelist__item-details\">\n                <span class=\"bst-filelist__item-format\">PDF<\/span>\n                <span class=\"bst-filelist__item-size\">4 MB<\/span>\n            <\/span>\n        <\/a>\n        <div class=\"bst-filelist__item-container\">\n            <a class=\"bst-filelist__item-link\" href=\"https:\/\/kitchenlab4kids.ignatianum.edu.pl\/wp-content\/uploads\/sites\/20\/2023\/10\/K4K-Booklet-for-parents-ES-1.pdf\"  download>\n                <span class=\"bst-filelist__item-icon\"><\/span>\n            <\/a>\n        <\/div>\n    <\/div>\n\n\n\n<div style=\"height:50px\" aria-hidden=\"true\" class=\"wp-block-spacer\"><\/div>\n\n\n\n<h4 class=\"wp-block-heading\"><strong>Tercera publicaci\u00f3n<\/strong><\/h4>\n\n\n\n<p class=\"has-text-align-left\">&#8220;<a href=\"\/es\/directrices-para-profesores\/\">Directrices para actividades STEM en nivel preescolar<\/a>&#8221; (disponible en EN, PL, IT, ES, CA). Los principales destinatarios de esta publicaci\u00f3n son: docentes, investigadores, docentes en formaci\u00f3n y en servicio, tomadores de decisiones, etc.<\/p>\n\n\n<div class=\"bst-filelist__item\">\n        <a class=\"bst-filelist__item-link\" href=\"https:\/\/kitchenlab4kids.ignatianum.edu.pl\/wp-content\/uploads\/sites\/20\/2023\/10\/K4K-Guidelines-ES.pdf\">\n            <span class=\"bst-filelist__item-text\">Directrices para actividades STEM en nivel preescolar<\/span>\n            <span class=\"bst-filelist__item-details\">\n                <span class=\"bst-filelist__item-format\">PDF<\/span>\n                <span class=\"bst-filelist__item-size\">4 MB<\/span>\n            <\/span>\n        <\/a>\n        <div class=\"bst-filelist__item-container\">\n            <a class=\"bst-filelist__item-link\" href=\"https:\/\/kitchenlab4kids.ignatianum.edu.pl\/wp-content\/uploads\/sites\/20\/2023\/10\/K4K-Guidelines-ES.pdf\"  download>\n                <span class=\"bst-filelist__item-icon\"><\/span>\n            <\/a>\n        <\/div>\n    <\/div>\n\n\n\n<div style=\"height:50px\" aria-hidden=\"true\" class=\"wp-block-spacer\"><\/div>\n\n\n\n<h4 class=\"wp-block-heading\"><strong>Caminos educativos<\/strong><\/h4>\n\n\n\n<p class=\"has-text-align-left\"><a href=\"\/es\/rutas-de-aprendizaje\/\">Rutas de aprendizaje<\/a>: secuencias de recursos que se agrupan para permitir que los ni\u00f1os dominen un tema o habilidad\/competencia espec\u00edfica (disponibles en EN, PL, IT, ES, CA).<\/p>\n<!-- PMB print buttons is only displayed on a single post\/page URLs-->","protected":false},"excerpt":{"rendered":"Kit de herramientas para profesores El conjunto de herramientas es una colecci\u00f3n de documentos que incluyen directrices y recomendaciones para la ense\u00f1anza de STEM en el nivel preescolar, centr\u00e1ndose en las &#8220;v\u00edas de aprendizaje&#8221;. Abra el kit de herramientas interactivo: El conjunto de herramientas incluye un conjunto de publicaciones dirigidas a diferentes grupos: Primera publicaci\u00f3n El &#8220;kit did\u00e1ctico&#8221; est\u00e1 dirigido a: profesores e investigadores acad\u00e9micos, educadores y profesores de escuela.Contiene contenidos y metodolog\u00edas desarrolladas para el Kit Did\u00e1ctico y verificadas luego de experiencias de campo. Adem\u00e1s, incluye una versi\u00f3n revisada y filtrada de recursos creados y\/o seleccionados por la comunidad docente en O3, es decir, actividades, mejores pr\u00e1cticas y juegos, probados en experimentos de campo. La publicaci\u00f3n presenta ejemplos de itinerarios educativos para profesores (para utilizar en su jard\u00edn de infancia). Publicaci\u00f3n de drogas El &#8220;Libro para padres&#8221; (disponible en EN, PL, IT, ES, CA) est\u00e1 dirigido a los padres.Esta publicaci\u00f3n es un folleto que proporciona ejemplos de recursos y rutas de aprendizaje para que los padres puedan replicar actividades STEM (por ejemplo, Ciencias de la cocina) en casa, conectando el aprendizaje con el mundo real y los intereses y objetivos de sus hijos. Tercera publicaci\u00f3n &#8220;Directrices para actividades STEM en nivel preescolar&#8221; (disponible en EN, PL, IT, ES, CA). Los principales destinatarios de esta publicaci\u00f3n son: docentes, investigadores, docentes en formaci\u00f3n y en servicio, tomadores de decisiones, etc. Caminos educativos Rutas de aprendizaje: secuencias de recursos que se agrupan para permitir que los ni\u00f1os dominen un tema o habilidad\/competencia espec\u00edfica (disponibles en EN, PL, IT, ES, [&hellip;]","protected":false},"author":3,"featured_media":0,"parent":0,"menu_order":0,"comment_status":"closed","ping_status":"closed","template":"","meta":{"_acf_changed":false,"_uag_custom_page_level_css":"","site-sidebar-layout":"default","site-content-layout":"","ast-site-content-layout":"","site-content-style":"default","site-sidebar-style":"default","ast-global-header-display":"","ast-banner-title-visibility":"","ast-main-header-display":"","ast-hfb-above-header-display":"","ast-hfb-below-header-display":"","ast-hfb-mobile-header-display":"","site-post-title":"","ast-breadcrumbs-content":"","ast-featured-img":"","footer-sml-layout":"","theme-transparent-header-meta":"","adv-header-id-meta":"","stick-header-meta":"","header-above-stick-meta":"","header-main-stick-meta":"","header-below-stick-meta":"","astra-migrate-meta-layouts":"default","ast-page-background-enabled":"default","ast-page-background-meta":{"desktop":{"background-color":"var(--ast-global-color-4)","background-image":"","background-repeat":"repeat","background-position":"center center","background-size":"auto","background-attachment":"scroll","background-type":"","background-media":"","overlay-type":"","overlay-color":"","overlay-opacity":"","overlay-gradient":""},"tablet":{"background-color":"","background-image":"","background-repeat":"repeat","background-position":"center center","background-size":"auto","background-attachment":"scroll","background-type":"","background-media":"","overlay-type":"","overlay-color":"","overlay-opacity":"","overlay-gradient":""},"mobile":{"background-color":"","background-image":"","background-repeat":"repeat","background-position":"center center","background-size":"auto","background-attachment":"scroll","background-type":"","background-media":"","overlay-type":"","overlay-color":"","overlay-opacity":"","overlay-gradient":""}},"ast-content-background-meta":{"desktop":{"background-color":"var(--ast-global-color-5)","background-image":"","background-repeat":"repeat","background-position":"center center","background-size":"auto","background-attachment":"scroll","background-type":"","background-media":"","overlay-type":"","overlay-color":"","overlay-opacity":"","overlay-gradient":""},"tablet":{"background-color":"var(--ast-global-color-5)","background-image":"","background-repeat":"repeat","background-position":"center center","background-size":"auto","background-attachment":"scroll","background-type":"","background-media":"","overlay-type":"","overlay-color":"","overlay-opacity":"","overlay-gradient":""},"mobile":{"background-color":"var(--ast-global-color-5)","background-image":"","background-repeat":"repeat","background-position":"center center","background-size":"auto","background-attachment":"scroll","background-type":"","background-media":"","overlay-type":"","overlay-color":"","overlay-opacity":"","overlay-gradient":""}},"ngg_post_thumbnail":0,"footnotes":""},"acf":[],"uagb_featured_image_src":{"full":false,"thumbnail":false,"medium":false,"medium_large":false,"large":false,"1536x1536":false,"2048x2048":false},"uagb_author_info":{"display_name":"Redaktor","author_link":"https:\/\/kitchenlab4kids.ignatianum.edu.pl\/es\/author\/dstolarek\/"},"uagb_comment_info":0,"uagb_excerpt":"Kit de herramientas para profesores El conjunto de herramientas es una colecci\u00f3n de documentos que incluyen directrices y recomendaciones para la ense\u00f1anza de STEM en el nivel preescolar, centr\u00e1ndose en las &#8220;v\u00edas de aprendizaje&#8221;. Abra el kit de herramientas interactivo: El conjunto de herramientas incluye un conjunto de publicaciones dirigidas a diferentes grupos: Primera publicaci\u00f3n&hellip;","_links":{"self":[{"href":"https:\/\/kitchenlab4kids.ignatianum.edu.pl\/es\/wp-json\/wp\/v2\/pages\/7662"}],"collection":[{"href":"https:\/\/kitchenlab4kids.ignatianum.edu.pl\/es\/wp-json\/wp\/v2\/pages"}],"about":[{"href":"https:\/\/kitchenlab4kids.ignatianum.edu.pl\/es\/wp-json\/wp\/v2\/types\/page"}],"author":[{"embeddable":true,"href":"https:\/\/kitchenlab4kids.ignatianum.edu.pl\/es\/wp-json\/wp\/v2\/users\/3"}],"replies":[{"embeddable":true,"href":"https:\/\/kitchenlab4kids.ignatianum.edu.pl\/es\/wp-json\/wp\/v2\/comments?post=7662"}],"version-history":[{"count":4,"href":"https:\/\/kitchenlab4kids.ignatianum.edu.pl\/es\/wp-json\/wp\/v2\/pages\/7662\/revisions"}],"predecessor-version":[{"id":8490,"href":"https:\/\/kitchenlab4kids.ignatianum.edu.pl\/es\/wp-json\/wp\/v2\/pages\/7662\/revisions\/8490"}],"wp:attachment":[{"href":"https:\/\/kitchenlab4kids.ignatianum.edu.pl\/es\/wp-json\/wp\/v2\/media?parent=7662"}],"curies":[{"name":"wp","href":"https:\/\/api.w.org\/{rel}","templated":true}]}}