{"id":7665,"date":"2023-09-23T18:53:11","date_gmt":"2023-09-23T16:53:11","guid":{"rendered":"https:\/\/kitchenlab4kids.uniwersytet.ignatianum.edu.pl\/?page_id=7665"},"modified":"2023-10-06T08:45:45","modified_gmt":"2023-10-06T06:45:45","slug":"descripcion","status":"publish","type":"page","link":"https:\/\/kitchenlab4kids.ignatianum.edu.pl\/es\/descripcion\/","title":{"rendered":"Descripci\u00f3n"},"content":{"rendered":"\n<div class=\"wp-block-columns is-layout-flex wp-container-core-columns-is-layout-1 wp-block-columns-is-layout-flex\">\n<div class=\"wp-block-column is-layout-flow wp-block-column-is-layout-flow\" style=\"flex-basis:33.33%\">\n<figure class=\"wp-block-image size-full\"><img decoding=\"async\" width=\"378\" height=\"162\" src=\"http:\/\/kitchenlab4kids.uniwersytet.ignatianum.edu.pl\/wp-content\/uploads\/sites\/20\/2023\/09\/teachingSet-74.png\" alt=\"spoon\" class=\"wp-image-2893\" srcset=\"https:\/\/kitchenlab4kids.ignatianum.edu.pl\/wp-content\/uploads\/sites\/20\/2023\/09\/teachingSet-74.png 378w, https:\/\/kitchenlab4kids.ignatianum.edu.pl\/wp-content\/uploads\/sites\/20\/2023\/09\/teachingSet-74-300x129.png 300w\" sizes=\"(max-width: 378px) 100vw, 378px\" \/><\/figure>\n<\/div>\n\n\n\n<div class=\"wp-block-column is-layout-flow wp-block-column-is-layout-flow\" style=\"flex-basis:66.66%\">\n<h2 class=\"wp-block-heading\">kit de ense\u00f1anza<\/h2>\n\n\n\n<p>El kit did\u00e1ctico ha sido dise\u00f1ado para brindar apoyo a largo plazo a profesores y educadores.<\/p>\n\n\n\n<p>Contiene ejemplos de m\u00e9todos de ense\u00f1anza y buenas pr\u00e1cticas, juegos, experimentos, etc. que pueden replicarse en el jard\u00edn de infancia.<\/p>\n\n\n\n<p>El proyecto brinda una oportunidad \u00fanica para desarrollar y probar en la pr\u00e1ctica actividades interdisciplinarias como parte de la ense\u00f1anza integrada, lo que permite a los estudiantes consolidar sus conocimientos en diversos campos y al mismo tiempo practicar ciencias apasionantes.<br>Adem\u00e1s, el proyecto promueve un enfoque &#8220;pr\u00e1ctico&#8221; del aprendizaje y el desarrollo de una amplia red de profesores, formadores y cient\u00edficos a trav\u00e9s de la cooperaci\u00f3n internacional destinada a &#8220;reconciliar&#8221; a ni\u00f1os y profesores con la ciencia.<\/p>\n<\/div>\n<\/div>\n\n\n\n<h2 class=\"wp-block-heading\"><strong>Descubre el kit did\u00e1ctico<\/strong><\/h2>\n\n\n\n<div class=\"wp-block-buttons is-content-justification-left is-layout-flex wp-container-core-buttons-is-layout-1 wp-block-buttons-is-layout-flex\">\n<div class=\"wp-block-button\"><a class=\"wp-block-button__link has-text-align-left wp-element-button\" href=\"\/es\/zasoby-dydaktyczne\/\">\u00a1Ir!<\/a><\/div>\n<\/div>\n<!-- PMB print buttons is only displayed on a single post\/page URLs-->","protected":false},"excerpt":{"rendered":"kit de ense\u00f1anza El kit did\u00e1ctico ha sido dise\u00f1ado para brindar apoyo a largo plazo a profesores y educadores. Contiene ejemplos de m\u00e9todos de ense\u00f1anza y buenas pr\u00e1cticas, juegos, experimentos, etc. que pueden replicarse en el jard\u00edn de infancia. El proyecto brinda una oportunidad \u00fanica para desarrollar y probar en la pr\u00e1ctica actividades interdisciplinarias como parte de la ense\u00f1anza integrada, lo que permite a los estudiantes consolidar sus conocimientos en diversos campos y al mismo tiempo practicar ciencias apasionantes.Adem\u00e1s, el proyecto promueve un enfoque &#8220;pr\u00e1ctico&#8221; del aprendizaje y el desarrollo de una amplia red de profesores, formadores y cient\u00edficos a trav\u00e9s de la cooperaci\u00f3n internacional destinada a &#8220;reconciliar&#8221; a ni\u00f1os y profesores con la ciencia. Descubre el kit [&hellip;]","protected":false},"author":3,"featured_media":0,"parent":0,"menu_order":0,"comment_status":"closed","ping_status":"closed","template":"","meta":{"_acf_changed":false,"_uag_custom_page_level_css":"","site-sidebar-layout":"default","site-content-layout":"","ast-site-content-layout":"","site-content-style":"default","site-sidebar-style":"default","ast-global-header-display":"","ast-banner-title-visibility":"","ast-main-header-display":"","ast-hfb-above-header-display":"","ast-hfb-below-header-display":"","ast-hfb-mobile-header-display":"","site-post-title":"","ast-breadcrumbs-content":"","ast-featured-img":"","footer-sml-layout":"","theme-transparent-header-meta":"","adv-header-id-meta":"","stick-header-meta":"","header-above-stick-meta":"","header-main-stick-meta":"","header-below-stick-meta":"","astra-migrate-meta-layouts":"default","ast-page-background-enabled":"default","ast-page-background-meta":{"desktop":{"background-color":"var(--ast-global-color-4)","background-image":"","background-repeat":"repeat","background-position":"center center","background-size":"auto","background-attachment":"scroll","background-type":"","background-media":"","overlay-type":"","overlay-color":"","overlay-opacity":"","overlay-gradient":""},"tablet":{"background-color":"","background-image":"","background-repeat":"repeat","background-position":"center center","background-size":"auto","background-attachment":"scroll","background-type":"","background-media":"","overlay-type":"","overlay-color":"","overlay-opacity":"","overlay-gradient":""},"mobile":{"background-color":"","background-image":"","background-repeat":"repeat","background-position":"center center","background-size":"auto","background-attachment":"scroll","background-type":"","background-media":"","overlay-type":"","overlay-color":"","overlay-opacity":"","overlay-gradient":""}},"ast-content-background-meta":{"desktop":{"background-color":"var(--ast-global-color-5)","background-image":"","background-repeat":"repeat","background-position":"center center","background-size":"auto","background-attachment":"scroll","background-type":"","background-media":"","overlay-type":"","overlay-color":"","overlay-opacity":"","overlay-gradient":""},"tablet":{"background-color":"var(--ast-global-color-5)","background-image":"","background-repeat":"repeat","background-position":"center center","background-size":"auto","background-attachment":"scroll","background-type":"","background-media":"","overlay-type":"","overlay-color":"","overlay-opacity":"","overlay-gradient":""},"mobile":{"background-color":"var(--ast-global-color-5)","background-image":"","background-repeat":"repeat","background-position":"center center","background-size":"auto","background-attachment":"scroll","background-type":"","background-media":"","overlay-type":"","overlay-color":"","overlay-opacity":"","overlay-gradient":""}},"ngg_post_thumbnail":0,"footnotes":""},"acf":[],"uagb_featured_image_src":{"full":false,"thumbnail":false,"medium":false,"medium_large":false,"large":false,"1536x1536":false,"2048x2048":false},"uagb_author_info":{"display_name":"Redaktor","author_link":"https:\/\/kitchenlab4kids.ignatianum.edu.pl\/es\/author\/dstolarek\/"},"uagb_comment_info":0,"uagb_excerpt":"kit de ense\u00f1anza El kit did\u00e1ctico ha sido dise\u00f1ado para brindar apoyo a largo plazo a profesores y educadores. Contiene ejemplos de m\u00e9todos de ense\u00f1anza y buenas pr\u00e1cticas, juegos, experimentos, etc. que pueden replicarse en el jard\u00edn de infancia. El proyecto brinda una oportunidad \u00fanica para desarrollar y probar en la pr\u00e1ctica actividades interdisciplinarias como&hellip;","_links":{"self":[{"href":"https:\/\/kitchenlab4kids.ignatianum.edu.pl\/es\/wp-json\/wp\/v2\/pages\/7665"}],"collection":[{"href":"https:\/\/kitchenlab4kids.ignatianum.edu.pl\/es\/wp-json\/wp\/v2\/pages"}],"about":[{"href":"https:\/\/kitchenlab4kids.ignatianum.edu.pl\/es\/wp-json\/wp\/v2\/types\/page"}],"author":[{"embeddable":true,"href":"https:\/\/kitchenlab4kids.ignatianum.edu.pl\/es\/wp-json\/wp\/v2\/users\/3"}],"replies":[{"embeddable":true,"href":"https:\/\/kitchenlab4kids.ignatianum.edu.pl\/es\/wp-json\/wp\/v2\/comments?post=7665"}],"version-history":[{"count":2,"href":"https:\/\/kitchenlab4kids.ignatianum.edu.pl\/es\/wp-json\/wp\/v2\/pages\/7665\/revisions"}],"predecessor-version":[{"id":7671,"href":"https:\/\/kitchenlab4kids.ignatianum.edu.pl\/es\/wp-json\/wp\/v2\/pages\/7665\/revisions\/7671"}],"wp:attachment":[{"href":"https:\/\/kitchenlab4kids.ignatianum.edu.pl\/es\/wp-json\/wp\/v2\/media?parent=7665"}],"curies":[{"name":"wp","href":"https:\/\/api.w.org\/{rel}","templated":true}]}}