{"id":7986,"date":"2023-10-06T11:14:33","date_gmt":"2023-10-06T09:14:33","guid":{"rendered":"https:\/\/kitchenlab4kids.uniwersytet.ignatianum.edu.pl\/?page_id=7986"},"modified":"2023-10-06T11:16:40","modified_gmt":"2023-10-06T09:16:40","slug":"desenvolupament-de-les-competencies-stem-a-leducacio-infantil","status":"publish","type":"page","link":"https:\/\/kitchenlab4kids.ignatianum.edu.pl\/es\/sobre-nosotros\/eventos\/desenvolupament-de-les-competencies-stem-a-leducacio-infantil\/","title":{"rendered":"Desenvolupament de les compet\u00e8ncies STEM a l\u2019educaci\u00f3 infantil"},"content":{"rendered":"\n<h2 class=\"wp-block-heading has-text-align-center\"><strong>Comunitat de Pr\u00e0ctica i aprenentatge per al desenvolupament de les compet\u00e8ncies STEM a l\u2019educaci\u00f3 infantil<br>Difondre la recerca collaborativa entre universitats i centres educatius<\/strong><\/h2>\n\n\n\n<div style=\"height:15px\" aria-hidden=\"true\" class=\"wp-block-spacer\"><\/div>\n\n\n\n<h3 class=\"wp-block-heading has-text-align-center\">14 de juliol de 10 a 12h<br><a href=\"https:\/\/bit.ly\/3hmzoXS\">Webinar &#8211;\u00a0enlla\u00e7 d&#8217;acc\u00e9s\u00a0a la sessi\u00f3<\/a><br>Per inscriure-us i rebre el certificat d&#8217;assist\u00e8ncia cal omplir aquest\u00a0<a href=\"https:\/\/forms.gle\/12NPD7ZTqKMzdEyP6\">formulari<\/a>.<\/h3>\n\n\n\n<div style=\"height:25px\" aria-hidden=\"true\" class=\"wp-block-spacer\"><\/div>\n\n\n\n<h4 class=\"wp-block-heading\"><strong>PROGRAMA<\/strong><\/h4>\n\n\n\n<div class=\"wp-block-uagb-faq uagb-faq__outer-wrap uagb-block-b96b6bb8 uagb-faq-icon-row-reverse uagb-faq-layout-accordion uagb-faq-expand-first-false uagb-faq-inactive-other-true uagb-faq__wrap uagb-buttons-layout-wrap uagb-faq-equal-height\" data-faqtoggle=\"false\" role=\"tablist\">\n<div class=\"wp-block-uagb-faq-child uagb-faq-child__outer-wrap uagb-faq-item uagb-block-fc7305f6\" role=\"tab\" tabindex=\"0\"><div class=\"uagb-faq-questions-button uagb-faq-questions\"><span class=\"uagb-icon uagb-faq-icon-wrap\"><svg xmlns=\"https:\/\/www.w3.org\/2000\/svg\" viewBox=\"0 0 448 512\"><path d=\"M224 416c-8.188 0-16.38-3.125-22.62-9.375l-192-192c-12.5-12.5-12.5-32.75 0-45.25s32.75-12.5 45.25 0L224 338.8l169.4-169.4c12.5-12.5 32.75-12.5 45.25 0s12.5 32.75 0 45.25l-192 192C240.4 412.9 232.2 416 224 416z\"><\/path><\/svg><\/span><span class=\"uagb-icon-active uagb-faq-icon-wrap\"><svg xmlns=\"https:\/\/www.w3.org\/2000\/svg\" viewBox=\"0 0 448 512\"><path d=\"M416 352c-8.188 0-16.38-3.125-22.62-9.375L224 173.3l-169.4 169.4c-12.5 12.5-32.75 12.5-45.25 0s-12.5-32.75 0-45.25l192-192c12.5-12.5 32.75-12.5 45.25 0l192 192c12.5 12.5 12.5 32.75 0 45.25C432.4 348.9 424.2 352 416 352z\"><\/path><\/svg><\/span><span class=\"uagb-question\">10:00 &#8211; 10:10<\/span><\/div><p class=\"uagb-faq-content\"><strong>Benvinguda\u00a0i\u00a0presentaci\u00f3\u00a0del projecte\u00a0Erasmus+\u00a0<em>KitchenLab4Kids<\/em><\/strong><br>Dra. M. Teresa Fuertes,\u00a0coordinadora\u00a0i investigadora\u00a0principal del projecte<\/p><\/div>\n\n\n\n<div class=\"wp-block-uagb-faq-child uagb-faq-child__outer-wrap uagb-faq-item uagb-block-10c5f11a\" role=\"tab\" tabindex=\"0\"><div class=\"uagb-faq-questions-button uagb-faq-questions\"><span class=\"uagb-icon uagb-faq-icon-wrap\"><svg xmlns=\"https:\/\/www.w3.org\/2000\/svg\" viewBox=\"0 0 448 512\"><path d=\"M224 416c-8.188 0-16.38-3.125-22.62-9.375l-192-192c-12.5-12.5-12.5-32.75 0-45.25s32.75-12.5 45.25 0L224 338.8l169.4-169.4c12.5-12.5 32.75-12.5 45.25 0s12.5 32.75 0 45.25l-192 192C240.4 412.9 232.2 416 224 416z\"><\/path><\/svg><\/span><span class=\"uagb-icon-active uagb-faq-icon-wrap\"><svg xmlns=\"https:\/\/www.w3.org\/2000\/svg\" viewBox=\"0 0 448 512\"><path d=\"M416 352c-8.188 0-16.38-3.125-22.62-9.375L224 173.3l-169.4 169.4c-12.5 12.5-32.75 12.5-45.25 0s-12.5-32.75 0-45.25l192-192c12.5-12.5 32.75-12.5 45.25 0l192 192c12.5 12.5 12.5 32.75 0 45.25C432.4 348.9 424.2 352 416 352z\"><\/path><\/svg><\/span><span class=\"uagb-question\">10:10 &#8211; 10:35<\/span><\/div><p class=\"uagb-faq-content\"><strong>La cuina com a laboratori de ciencia<\/strong><br>Sra. Ada Parellada, restauradora i directora del restaurant barcelon\u00ed Semproniana. Creu de Sant Jordi 2016. Collaboradora en diversos mitjans de comunicaci\u00f3 i en entorns escolars per difondre els bons h\u00e0bits alimentaris a les fam\u00edlies i als infants<\/p><\/div>\n\n\n\n<div class=\"wp-block-uagb-faq-child uagb-faq-child__outer-wrap uagb-faq-item uagb-block-95b14d24\" role=\"tab\" tabindex=\"0\"><div class=\"uagb-faq-questions-button uagb-faq-questions\"><span class=\"uagb-icon uagb-faq-icon-wrap\"><svg xmlns=\"https:\/\/www.w3.org\/2000\/svg\" viewBox=\"0 0 448 512\"><path d=\"M224 416c-8.188 0-16.38-3.125-22.62-9.375l-192-192c-12.5-12.5-12.5-32.75 0-45.25s32.75-12.5 45.25 0L224 338.8l169.4-169.4c12.5-12.5 32.75-12.5 45.25 0s12.5 32.75 0 45.25l-192 192C240.4 412.9 232.2 416 224 416z\"><\/path><\/svg><\/span><span class=\"uagb-icon-active uagb-faq-icon-wrap\"><svg xmlns=\"https:\/\/www.w3.org\/2000\/svg\" viewBox=\"0 0 448 512\"><path d=\"M416 352c-8.188 0-16.38-3.125-22.62-9.375L224 173.3l-169.4 169.4c-12.5 12.5-32.75 12.5-45.25 0s-12.5-32.75 0-45.25l192-192c12.5-12.5 32.75-12.5 45.25 0l192 192c12.5 12.5 12.5 32.75 0 45.25C432.4 348.9 424.2 352 416 352z\"><\/path><\/svg><\/span><span class=\"uagb-question\">10:35 &#8211; 10:50<\/span><\/div><p class=\"uagb-faq-content\"><strong>Partim\u00a0de\u00a0les\u00a0necessitats\u00a0de\u00a0l&#8217;escola.\u00a0Presentaci\u00f3 del\u00a0resultats\u00a0de\u00a0les entrevistes\u00a0i\u00a0els grups\u00a0foca Is als\u00a0mestres\u00a0i\u00a0les\u00a0mestres de\u00a0les\u00a0escoles<\/strong><br>Dra. Mariana\u00a0Fuentes,\u00a0investigadora\u00a0del projecte<\/p><\/div>\n\n\n\n<div class=\"wp-block-uagb-faq-child uagb-faq-child__outer-wrap uagb-faq-item uagb-block-a965a924\" role=\"tab\" tabindex=\"0\"><div class=\"uagb-faq-questions-button uagb-faq-questions\"><span class=\"uagb-icon uagb-faq-icon-wrap\"><svg xmlns=\"https:\/\/www.w3.org\/2000\/svg\" viewBox=\"0 0 448 512\"><path d=\"M224 416c-8.188 0-16.38-3.125-22.62-9.375l-192-192c-12.5-12.5-12.5-32.75 0-45.25s32.75-12.5 45.25 0L224 338.8l169.4-169.4c12.5-12.5 32.75-12.5 45.25 0s12.5 32.75 0 45.25l-192 192C240.4 412.9 232.2 416 224 416z\"><\/path><\/svg><\/span><span class=\"uagb-icon-active uagb-faq-icon-wrap\"><svg xmlns=\"https:\/\/www.w3.org\/2000\/svg\" viewBox=\"0 0 448 512\"><path d=\"M416 352c-8.188 0-16.38-3.125-22.62-9.375L224 173.3l-169.4 169.4c-12.5 12.5-32.75 12.5-45.25 0s-12.5-32.75 0-45.25l192-192c12.5-12.5 32.75-12.5 45.25 0l192 192c12.5 12.5 12.5 32.75 0 45.25C432.4 348.9 424.2 352 416 352z\"><\/path><\/svg><\/span><span class=\"uagb-question\">10:50 &#8211; 11:05<\/span><\/div><p class=\"uagb-faq-content\"><strong>Comunitat de Practica I aprenentatge online. Mestres, estudiants I fam\u00edlies creen nous recursos STEM<\/strong><br>Dra. Cristina Galv\u00e1n, Community, Manager de la CoP del projecte<\/p><\/div>\n\n\n\n<div class=\"wp-block-uagb-faq-child uagb-faq-child__outer-wrap uagb-faq-item uagb-block-2e49133d\" role=\"tab\" tabindex=\"0\"><div class=\"uagb-faq-questions-button uagb-faq-questions\"><span class=\"uagb-icon uagb-faq-icon-wrap\"><svg xmlns=\"https:\/\/www.w3.org\/2000\/svg\" viewBox=\"0 0 448 512\"><path d=\"M224 416c-8.188 0-16.38-3.125-22.62-9.375l-192-192c-12.5-12.5-12.5-32.75 0-45.25s32.75-12.5 45.25 0L224 338.8l169.4-169.4c12.5-12.5 32.75-12.5 45.25 0s12.5 32.75 0 45.25l-192 192C240.4 412.9 232.2 416 224 416z\"><\/path><\/svg><\/span><span class=\"uagb-icon-active uagb-faq-icon-wrap\"><svg xmlns=\"https:\/\/www.w3.org\/2000\/svg\" viewBox=\"0 0 448 512\"><path d=\"M416 352c-8.188 0-16.38-3.125-22.62-9.375L224 173.3l-169.4 169.4c-12.5 12.5-32.75 12.5-45.25 0s-12.5-32.75 0-45.25l192-192c12.5-12.5 32.75-12.5 45.25 0l192 192c12.5 12.5 12.5 32.75 0 45.25C432.4 348.9 424.2 352 416 352z\"><\/path><\/svg><\/span><span class=\"uagb-question\">11:05 &#8211; 11:35<\/span><\/div><p class=\"uagb-faq-content\"><strong>Com hem\u00a0treballat\u00a0el projecte\u00a0des\u00a0de\u00a0les aules\u00a0de\u00a0la universitat?<\/strong><br>Dra. S\u00edlvia Albareda\u00a0y Dra. M\u00f3nica Fern\u00e1ndez,\u00a0investigadores\u00a0del projecte\u00a0i professores\u00a0de Didactica\u00a0de les Ciencies\u00a0Experimentals\u00a0i d&#8217;lnfancia,\u00a0salut\u00a0i alimentaci\u00f3<\/p><\/div>\n\n\n\n<div class=\"wp-block-uagb-faq-child uagb-faq-child__outer-wrap uagb-faq-item uagb-block-bd4c68e2\" role=\"tab\" tabindex=\"0\"><div class=\"uagb-faq-questions-button uagb-faq-questions\"><span class=\"uagb-icon uagb-faq-icon-wrap\"><svg xmlns=\"https:\/\/www.w3.org\/2000\/svg\" viewBox=\"0 0 448 512\"><path d=\"M224 416c-8.188 0-16.38-3.125-22.62-9.375l-192-192c-12.5-12.5-12.5-32.75 0-45.25s32.75-12.5 45.25 0L224 338.8l169.4-169.4c12.5-12.5 32.75-12.5 45.25 0s12.5 32.75 0 45.25l-192 192C240.4 412.9 232.2 416 224 416z\"><\/path><\/svg><\/span><span class=\"uagb-icon-active uagb-faq-icon-wrap\"><svg xmlns=\"https:\/\/www.w3.org\/2000\/svg\" viewBox=\"0 0 448 512\"><path d=\"M416 352c-8.188 0-16.38-3.125-22.62-9.375L224 173.3l-169.4 169.4c-12.5 12.5-32.75 12.5-45.25 0s-12.5-32.75 0-45.25l192-192c12.5-12.5 32.75-12.5 45.25 0l192 192c12.5 12.5 12.5 32.75 0 45.25C432.4 348.9 424.2 352 416 352z\"><\/path><\/svg><\/span><span class=\"uagb-question\">11:35 &#8211; 11:45<\/span><\/div><p class=\"uagb-faq-content\"><strong>Tornem a les escoles (Fieldwork experiences). Proves pilot amb estudiants universitaris a les aules deis centres educatius<\/strong><br>Dra. M. Teresa Fuertes, investigadora principal del projecte<\/p><\/div>\n\n\n\n<div class=\"wp-block-uagb-faq-child uagb-faq-child__outer-wrap uagb-faq-item uagb-block-b374571c\" role=\"tab\" tabindex=\"0\"><div class=\"uagb-faq-questions-button uagb-faq-questions\"><span class=\"uagb-icon uagb-faq-icon-wrap\"><svg xmlns=\"https:\/\/www.w3.org\/2000\/svg\" viewBox=\"0 0 448 512\"><path d=\"M224 416c-8.188 0-16.38-3.125-22.62-9.375l-192-192c-12.5-12.5-12.5-32.75 0-45.25s32.75-12.5 45.25 0L224 338.8l169.4-169.4c12.5-12.5 32.75-12.5 45.25 0s12.5 32.75 0 45.25l-192 192C240.4 412.9 232.2 416 224 416z\"><\/path><\/svg><\/span><span class=\"uagb-icon-active uagb-faq-icon-wrap\"><svg xmlns=\"https:\/\/www.w3.org\/2000\/svg\" viewBox=\"0 0 448 512\"><path d=\"M416 352c-8.188 0-16.38-3.125-22.62-9.375L224 173.3l-169.4 169.4c-12.5 12.5-32.75 12.5-45.25 0s-12.5-32.75 0-45.25l192-192c12.5-12.5 32.75-12.5 45.25 0l192 192c12.5 12.5 12.5 32.75 0 45.25C432.4 348.9 424.2 352 416 352z\"><\/path><\/svg><\/span><span class=\"uagb-question\">11:45 &#8211; 12:00<\/span><\/div><p class=\"uagb-faq-content\">Preguntes i cloenda<br><small><strong><a href=\"http:\/\/kitchenlab4kids.eu\/?attachment_id=352\"><\/a><\/strong><\/small><\/p><\/div>\n<\/div>\n<!-- PMB print buttons is only displayed on a single post\/page URLs-->","protected":false},"excerpt":{"rendered":"Comunitat de Pr\u00e0ctica i aprenentatge per al desenvolupament de les compet\u00e8ncies STEM a l\u2019educaci\u00f3 infantilDifondre la recerca collaborativa entre universitats i centres educatius 14 de juliol de 10 a 12hWebinar &#8211;\u00a0enlla\u00e7 d&#8217;acc\u00e9s\u00a0a la sessi\u00f3Per inscriure-us i rebre el certificat d&#8217;assist\u00e8ncia cal omplir aquest\u00a0formulari. [&hellip;]","protected":false},"author":3,"featured_media":0,"parent":7971,"menu_order":0,"comment_status":"closed","ping_status":"closed","template":"","meta":{"_acf_changed":false,"_uag_custom_page_level_css":"","site-sidebar-layout":"default","site-content-layout":"","ast-site-content-layout":"","site-content-style":"default","site-sidebar-style":"default","ast-global-header-display":"","ast-banner-title-visibility":"","ast-main-header-display":"","ast-hfb-above-header-display":"","ast-hfb-below-header-display":"","ast-hfb-mobile-header-display":"","site-post-title":"","ast-breadcrumbs-content":"","ast-featured-img":"","footer-sml-layout":"","theme-transparent-header-meta":"","adv-header-id-meta":"","stick-header-meta":"","header-above-stick-meta":"","header-main-stick-meta":"","header-below-stick-meta":"","astra-migrate-meta-layouts":"default","ast-page-background-enabled":"default","ast-page-background-meta":{"desktop":{"background-color":"var(--ast-global-color-4)","background-image":"","background-repeat":"repeat","background-position":"center center","background-size":"auto","background-attachment":"scroll","background-type":"","background-media":"","overlay-type":"","overlay-color":"","overlay-opacity":"","overlay-gradient":""},"tablet":{"background-color":"","background-image":"","background-repeat":"repeat","background-position":"center center","background-size":"auto","background-attachment":"scroll","background-type":"","background-media":"","overlay-type":"","overlay-color":"","overlay-opacity":"","overlay-gradient":""},"mobile":{"background-color":"","background-image":"","background-repeat":"repeat","background-position":"center center","background-size":"auto","background-attachment":"scroll","background-type":"","background-media":"","overlay-type":"","overlay-color":"","overlay-opacity":"","overlay-gradient":""}},"ast-content-background-meta":{"desktop":{"background-color":"var(--ast-global-color-5)","background-image":"","background-repeat":"repeat","background-position":"center center","background-size":"auto","background-attachment":"scroll","background-type":"","background-media":"","overlay-type":"","overlay-color":"","overlay-opacity":"","overlay-gradient":""},"tablet":{"background-color":"var(--ast-global-color-5)","background-image":"","background-repeat":"repeat","background-position":"center center","background-size":"auto","background-attachment":"scroll","background-type":"","background-media":"","overlay-type":"","overlay-color":"","overlay-opacity":"","overlay-gradient":""},"mobile":{"background-color":"var(--ast-global-color-5)","background-image":"","background-repeat":"repeat","background-position":"center center","background-size":"auto","background-attachment":"scroll","background-type":"","background-media":"","overlay-type":"","overlay-color":"","overlay-opacity":"","overlay-gradient":""}},"ngg_post_thumbnail":0,"footnotes":""},"acf":[],"uagb_featured_image_src":{"full":false,"thumbnail":false,"medium":false,"medium_large":false,"large":false,"1536x1536":false,"2048x2048":false},"uagb_author_info":{"display_name":"Redaktor","author_link":"https:\/\/kitchenlab4kids.ignatianum.edu.pl\/es\/author\/dstolarek\/"},"uagb_comment_info":0,"uagb_excerpt":"Comunitat de Pr\u00e0ctica i aprenentatge per al desenvolupament de les compet\u00e8ncies STEM a l\u2019educaci\u00f3 infantilDifondre la recerca collaborativa entre universitats i centres educatius 14 de juliol de 10 a 12hWebinar &#8211;\u00a0enlla\u00e7 d&#8217;acc\u00e9s\u00a0a la sessi\u00f3Per inscriure-us i rebre el certificat d&#8217;assist\u00e8ncia cal omplir aquest\u00a0formulari. [&hellip;]","_links":{"self":[{"href":"https:\/\/kitchenlab4kids.ignatianum.edu.pl\/es\/wp-json\/wp\/v2\/pages\/7986"}],"collection":[{"href":"https:\/\/kitchenlab4kids.ignatianum.edu.pl\/es\/wp-json\/wp\/v2\/pages"}],"about":[{"href":"https:\/\/kitchenlab4kids.ignatianum.edu.pl\/es\/wp-json\/wp\/v2\/types\/page"}],"author":[{"embeddable":true,"href":"https:\/\/kitchenlab4kids.ignatianum.edu.pl\/es\/wp-json\/wp\/v2\/users\/3"}],"replies":[{"embeddable":true,"href":"https:\/\/kitchenlab4kids.ignatianum.edu.pl\/es\/wp-json\/wp\/v2\/comments?post=7986"}],"version-history":[{"count":4,"href":"https:\/\/kitchenlab4kids.ignatianum.edu.pl\/es\/wp-json\/wp\/v2\/pages\/7986\/revisions"}],"predecessor-version":[{"id":8004,"href":"https:\/\/kitchenlab4kids.ignatianum.edu.pl\/es\/wp-json\/wp\/v2\/pages\/7986\/revisions\/8004"}],"up":[{"embeddable":true,"href":"https:\/\/kitchenlab4kids.ignatianum.edu.pl\/es\/wp-json\/wp\/v2\/pages\/7971"}],"wp:attachment":[{"href":"https:\/\/kitchenlab4kids.ignatianum.edu.pl\/es\/wp-json\/wp\/v2\/media?parent=7986"}],"curies":[{"name":"wp","href":"https:\/\/api.w.org\/{rel}","templated":true}]}}