{"id":1560,"date":"2023-09-13T13:22:20","date_gmt":"2023-09-13T11:22:20","guid":{"rendered":"https:\/\/kitchenlab4kids.uniwersytet.ignatianum.edu.pl\/forms\/"},"modified":"2023-10-06T13:00:21","modified_gmt":"2023-10-06T11:00:21","slug":"suirbhe-do-mhuinteoiri","status":"publish","type":"page","link":"https:\/\/kitchenlab4kids.ignatianum.edu.pl\/ga\/suirbhe-do-mhuinteoiri\/","title":{"rendered":"Suirbh\u00e9 do mh\u00fainteoir\u00ed"},"content":{"rendered":"\n<h2 class=\"wp-block-heading has-text-align-left\">STEM agus C\u00f3caireacht sa Kindergarten<\/h2>\n\n\n\n<p class=\"has-text-align-left\">Is \u00e9 aidhm an tsuirbh\u00e9 seo tuairim\u00ed m\u00fainteoir\u00ed a bhaili\u00fa faoi na f\u00e9idearthachta\u00ed at\u00e1 ann chun scileanna\/cumais STEM a fhorbairt in oideachas na luath-\u00f3ige.<\/p>\n\n\n\n<p class=\"has-text-align-left\"><strong>Cuir in i\u00fal d\u00fainn cad a cheapann t\u00fa!<\/strong><\/p>\n\n\n\n<div class=\"wp-block-columns is-layout-flex wp-container-core-columns-is-layout-1 wp-block-columns-is-layout-flex\">\n<div class=\"wp-block-column is-layout-flow wp-block-column-is-layout-flow\" style=\"flex-basis:33.33%\">\n<figure class=\"wp-block-image alignleft size-full\"><img decoding=\"async\" width=\"400\" height=\"304\" src=\"https:\/\/kitchenlab4kids.uniwersytet.ignatianum.edu.pl\/wp-content\/uploads\/sites\/20\/2023\/09\/survey-IE.png\" alt=\"\" class=\"wp-image-1083\" srcset=\"https:\/\/kitchenlab4kids.ignatianum.edu.pl\/wp-content\/uploads\/sites\/20\/2023\/09\/survey-IE.png 400w, https:\/\/kitchenlab4kids.ignatianum.edu.pl\/wp-content\/uploads\/sites\/20\/2023\/09\/survey-IE-300x228.png 300w\" sizes=\"(max-width: 400px) 100vw, 400px\" \/><\/figure>\n<\/div>\n\n\n\n<div class=\"wp-block-column is-layout-flow wp-block-column-is-layout-flow\" style=\"flex-basis:66.66%\">\n<p class=\"has-text-align-left\"><em>An f\u00e9idir scileanna STEM a fhorbairt le linn na Luath-\u00d3ige? An f\u00e9idir linn nasc a tharraingt idir STEM le Bia agus c\u00f3caireacht?<\/em><\/p>\n\n\n\n<p class=\"has-text-align-left\">Cabhraigh linn curaclam nua a dhearadh. Go raibh m\u00edle maith agat as do chuid oibre!<\/p>\n\n\n\n<div class=\"wp-block-buttons is-content-justification-left is-layout-flex wp-container-core-buttons-is-layout-1 wp-block-buttons-is-layout-flex\">\n<div class=\"wp-block-button has-custom-width wp-block-button__width-25\"><a class=\"wp-block-button__link has-text-align-center wp-element-button\" href=\"https:\/\/docs.google.com\/forms\/d\/e\/1FAIpQLScZtWwbJuCFlODKeowA0U9t7hjYvjhGPPRup46cm4SaWHKYSw\/viewform\">Glac p\u00e1irt i suirbh\u00e9 K4K<\/a><\/div>\n<\/div>\n<\/div>\n<\/div>\n<!-- PMB print buttons is only displayed on a single post\/page URLs-->","protected":false},"excerpt":{"rendered":"STEM agus C\u00f3caireacht sa Kindergarten Is \u00e9 aidhm an tsuirbh\u00e9 seo tuairim\u00ed m\u00fainteoir\u00ed a bhaili\u00fa faoi na f\u00e9idearthachta\u00ed at\u00e1 ann chun scileanna\/cumais STEM a fhorbairt in oideachas na luath-\u00f3ige. Cuir in i\u00fal d\u00fainn cad a cheapann t\u00fa! An f\u00e9idir scileanna STEM a fhorbairt le linn na Luath-\u00d3ige? An f\u00e9idir linn nasc a tharraingt idir STEM le Bia agus c\u00f3caireacht? Cabhraigh linn curaclam nua a dhearadh. Go raibh m\u00edle maith agat as do chuid [&hellip;]","protected":false},"author":7,"featured_media":0,"parent":0,"menu_order":0,"comment_status":"closed","ping_status":"closed","template":"","meta":{"_acf_changed":false,"_uag_custom_page_level_css":"","site-sidebar-layout":"default","site-content-layout":"","ast-site-content-layout":"","site-content-style":"default","site-sidebar-style":"default","ast-global-header-display":"","ast-banner-title-visibility":"","ast-main-header-display":"","ast-hfb-above-header-display":"","ast-hfb-below-header-display":"","ast-hfb-mobile-header-display":"","site-post-title":"","ast-breadcrumbs-content":"","ast-featured-img":"","footer-sml-layout":"","theme-transparent-header-meta":"","adv-header-id-meta":"","stick-header-meta":"","header-above-stick-meta":"","header-main-stick-meta":"","header-below-stick-meta":"","astra-migrate-meta-layouts":"default","ast-page-background-enabled":"default","ast-page-background-meta":{"desktop":{"background-color":"var(--ast-global-color-4)","background-image":"","background-repeat":"repeat","background-position":"center center","background-size":"auto","background-attachment":"scroll","background-type":"","background-media":"","overlay-type":"","overlay-color":"","overlay-opacity":"","overlay-gradient":""},"tablet":{"background-color":"","background-image":"","background-repeat":"repeat","background-position":"center center","background-size":"auto","background-attachment":"scroll","background-type":"","background-media":"","overlay-type":"","overlay-color":"","overlay-opacity":"","overlay-gradient":""},"mobile":{"background-color":"","background-image":"","background-repeat":"repeat","background-position":"center center","background-size":"auto","background-attachment":"scroll","background-type":"","background-media":"","overlay-type":"","overlay-color":"","overlay-opacity":"","overlay-gradient":""}},"ast-content-background-meta":{"desktop":{"background-color":"var(--ast-global-color-5)","background-image":"","background-repeat":"repeat","background-position":"center center","background-size":"auto","background-attachment":"scroll","background-type":"","background-media":"","overlay-type":"","overlay-color":"","overlay-opacity":"","overlay-gradient":""},"tablet":{"background-color":"var(--ast-global-color-5)","background-image":"","background-repeat":"repeat","background-position":"center center","background-size":"auto","background-attachment":"scroll","background-type":"","background-media":"","overlay-type":"","overlay-color":"","overlay-opacity":"","overlay-gradient":""},"mobile":{"background-color":"var(--ast-global-color-5)","background-image":"","background-repeat":"repeat","background-position":"center center","background-size":"auto","background-attachment":"scroll","background-type":"","background-media":"","overlay-type":"","overlay-color":"","overlay-opacity":"","overlay-gradient":""}},"ngg_post_thumbnail":0,"footnotes":""},"acf":[],"uagb_featured_image_src":{"full":false,"thumbnail":false,"medium":false,"medium_large":false,"large":false,"1536x1536":false,"2048x2048":false},"uagb_author_info":{"display_name":"pszczubelek","author_link":"https:\/\/kitchenlab4kids.ignatianum.edu.pl\/ga\/author\/pszczubelek\/"},"uagb_comment_info":0,"uagb_excerpt":"STEM agus C\u00f3caireacht sa Kindergarten Is \u00e9 aidhm an tsuirbh\u00e9 seo tuairim\u00ed m\u00fainteoir\u00ed a bhaili\u00fa faoi na f\u00e9idearthachta\u00ed at\u00e1 ann chun scileanna\/cumais STEM a fhorbairt in oideachas na luath-\u00f3ige. Cuir in i\u00fal d\u00fainn cad a cheapann t\u00fa! An f\u00e9idir scileanna STEM a fhorbairt le linn na Luath-\u00d3ige? An f\u00e9idir linn nasc a tharraingt idir STEM&hellip;","_links":{"self":[{"href":"https:\/\/kitchenlab4kids.ignatianum.edu.pl\/ga\/wp-json\/wp\/v2\/pages\/1560"}],"collection":[{"href":"https:\/\/kitchenlab4kids.ignatianum.edu.pl\/ga\/wp-json\/wp\/v2\/pages"}],"about":[{"href":"https:\/\/kitchenlab4kids.ignatianum.edu.pl\/ga\/wp-json\/wp\/v2\/types\/page"}],"author":[{"embeddable":true,"href":"https:\/\/kitchenlab4kids.ignatianum.edu.pl\/ga\/wp-json\/wp\/v2\/users\/7"}],"replies":[{"embeddable":true,"href":"https:\/\/kitchenlab4kids.ignatianum.edu.pl\/ga\/wp-json\/wp\/v2\/comments?post=1560"}],"version-history":[{"count":3,"href":"https:\/\/kitchenlab4kids.ignatianum.edu.pl\/ga\/wp-json\/wp\/v2\/pages\/1560\/revisions"}],"predecessor-version":[{"id":8238,"href":"https:\/\/kitchenlab4kids.ignatianum.edu.pl\/ga\/wp-json\/wp\/v2\/pages\/1560\/revisions\/8238"}],"wp:attachment":[{"href":"https:\/\/kitchenlab4kids.ignatianum.edu.pl\/ga\/wp-json\/wp\/v2\/media?parent=1560"}],"curies":[{"name":"wp","href":"https:\/\/api.w.org\/{rel}","templated":true}]}}