{"id":8457,"date":"2023-10-11T13:05:47","date_gmt":"2023-10-11T11:05:47","guid":{"rendered":"https:\/\/kitchenlab4kids.uniwersytet.ignatianum.edu.pl\/?page_id=8457"},"modified":"2023-10-11T13:09:27","modified_gmt":"2023-10-11T11:09:27","slug":"learscail-an-tsuimh","status":"publish","type":"page","link":"https:\/\/kitchenlab4kids.ignatianum.edu.pl\/ga\/learscail-an-tsuimh\/","title":{"rendered":"L\u00e9arsc\u00e1il an tSu\u00edmh"},"content":{"rendered":"<ul class=\"wp-block-page-list\"><li class=\"wp-block-pages-list__item\"><a class=\"wp-block-pages-list__item__link\" href=\"https:\/\/kitchenlab4kids.ignatianum.edu.pl\/ga\/accessibility-declaration\/\">Accessibility Declaration<\/a><\/li><li class=\"wp-block-pages-list__item menu-item-home\"><a class=\"wp-block-pages-list__item__link\" href=\"https:\/\/kitchenlab4kids.ignatianum.edu.pl\/ga\/\">Baile<\/a><\/li><li class=\"wp-block-pages-list__item has-child\"><a class=\"wp-block-pages-list__item__link\" href=\"https:\/\/kitchenlab4kids.ignatianum.edu.pl\/ga\/fuinn\/\">F\u00fainn<\/a><ul class=\"wp-block-navigation__submenu-container\"><li class=\"wp-block-pages-list__item \"><a class=\"wp-block-pages-list__item__link\" href=\"https:\/\/kitchenlab4kids.ignatianum.edu.pl\/ga\/fuinn\/comhphairtithe\/\">Comhph\u00e1irtithe<\/a><\/li><li class=\"wp-block-pages-list__item \"><a class=\"wp-block-pages-list__item__link\" href=\"https:\/\/kitchenlab4kids.ignatianum.edu.pl\/ga\/fuinn\/teagmhail\/\">teagmh\u00e1il<\/a><\/li><\/ul><\/li><li class=\"wp-block-pages-list__item\"><a class=\"wp-block-pages-list__item__link\" href=\"https:\/\/kitchenlab4kids.ignatianum.edu.pl\/ga\/learscail-an-tsuimh\/\">L\u00e9arsc\u00e1il an tSu\u00edmh<\/a><\/li><li class=\"wp-block-pages-list__item\"><a class=\"wp-block-pages-list__item__link\" href=\"https:\/\/kitchenlab4kids.ignatianum.edu.pl\/ga\/privacy-policy\/\">Privacy policy<\/a><\/li><li class=\"wp-block-pages-list__item\"><a class=\"wp-block-pages-list__item__link\" href=\"https:\/\/kitchenlab4kids.ignatianum.edu.pl\/ga\/suirbhe-do-mhuinteoiri\/\">Suirbh\u00e9 do mh\u00fainteoir\u00ed<\/a><\/li><\/ul><!-- PMB print buttons is only displayed on a single post\/page URLs-->","protected":false},"excerpt":{"rendered":" [&hellip;]","protected":false},"author":3,"featured_media":0,"parent":0,"menu_order":0,"comment_status":"closed","ping_status":"closed","template":"","meta":{"_acf_changed":false,"_uag_custom_page_level_css":"","site-sidebar-layout":"default","site-content-layout":"","ast-site-content-layout":"","site-content-style":"default","site-sidebar-style":"default","ast-global-header-display":"","ast-banner-title-visibility":"","ast-main-header-display":"","ast-hfb-above-header-display":"","ast-hfb-below-header-display":"","ast-hfb-mobile-header-display":"","site-post-title":"","ast-breadcrumbs-content":"","ast-featured-img":"","footer-sml-layout":"","theme-transparent-header-meta":"","adv-header-id-meta":"","stick-header-meta":"","header-above-stick-meta":"","header-main-stick-meta":"","header-below-stick-meta":"","astra-migrate-meta-layouts":"default","ast-page-background-enabled":"default","ast-page-background-meta":{"desktop":{"background-color":"var(--ast-global-color-4)","background-image":"","background-repeat":"repeat","background-position":"center center","background-size":"auto","background-attachment":"scroll","background-type":"","background-media":"","overlay-type":"","overlay-color":"","overlay-opacity":"","overlay-gradient":""},"tablet":{"background-color":"","background-image":"","background-repeat":"repeat","background-position":"center center","background-size":"auto","background-attachment":"scroll","background-type":"","background-media":"","overlay-type":"","overlay-color":"","overlay-opacity":"","overlay-gradient":""},"mobile":{"background-color":"","background-image":"","background-repeat":"repeat","background-position":"center center","background-size":"auto","background-attachment":"scroll","background-type":"","background-media":"","overlay-type":"","overlay-color":"","overlay-opacity":"","overlay-gradient":""}},"ast-content-background-meta":{"desktop":{"background-color":"var(--ast-global-color-5)","background-image":"","background-repeat":"repeat","background-position":"center center","background-size":"auto","background-attachment":"scroll","background-type":"","background-media":"","overlay-type":"","overlay-color":"","overlay-opacity":"","overlay-gradient":""},"tablet":{"background-color":"var(--ast-global-color-5)","background-image":"","background-repeat":"repeat","background-position":"center center","background-size":"auto","background-attachment":"scroll","background-type":"","background-media":"","overlay-type":"","overlay-color":"","overlay-opacity":"","overlay-gradient":""},"mobile":{"background-color":"var(--ast-global-color-5)","background-image":"","background-repeat":"repeat","background-position":"center center","background-size":"auto","background-attachment":"scroll","background-type":"","background-media":"","overlay-type":"","overlay-color":"","overlay-opacity":"","overlay-gradient":""}},"ngg_post_thumbnail":0,"footnotes":""},"acf":[],"uagb_featured_image_src":{"full":false,"thumbnail":false,"medium":false,"medium_large":false,"large":false,"1536x1536":false,"2048x2048":false},"uagb_author_info":{"display_name":"Redaktor","author_link":"https:\/\/kitchenlab4kids.ignatianum.edu.pl\/ga\/author\/dstolarek\/"},"uagb_comment_info":0,"uagb_excerpt":"[&hellip;]","_links":{"self":[{"href":"https:\/\/kitchenlab4kids.ignatianum.edu.pl\/ga\/wp-json\/wp\/v2\/pages\/8457"}],"collection":[{"href":"https:\/\/kitchenlab4kids.ignatianum.edu.pl\/ga\/wp-json\/wp\/v2\/pages"}],"about":[{"href":"https:\/\/kitchenlab4kids.ignatianum.edu.pl\/ga\/wp-json\/wp\/v2\/types\/page"}],"author":[{"embeddable":true,"href":"https:\/\/kitchenlab4kids.ignatianum.edu.pl\/ga\/wp-json\/wp\/v2\/users\/3"}],"replies":[{"embeddable":true,"href":"https:\/\/kitchenlab4kids.ignatianum.edu.pl\/ga\/wp-json\/wp\/v2\/comments?post=8457"}],"version-history":[{"count":1,"href":"https:\/\/kitchenlab4kids.ignatianum.edu.pl\/ga\/wp-json\/wp\/v2\/pages\/8457\/revisions"}],"predecessor-version":[{"id":8472,"href":"https:\/\/kitchenlab4kids.ignatianum.edu.pl\/ga\/wp-json\/wp\/v2\/pages\/8457\/revisions\/8472"}],"wp:attachment":[{"href":"https:\/\/kitchenlab4kids.ignatianum.edu.pl\/ga\/wp-json\/wp\/v2\/media?parent=8457"}],"curies":[{"name":"wp","href":"https:\/\/api.w.org\/{rel}","templated":true}]}}