{"id":2942,"date":"2023-09-13T14:09:43","date_gmt":"2023-09-13T12:09:43","guid":{"rendered":"https:\/\/kitchenlab4kids.uniwersytet.ignatianum.edu.pl\/?page_id=2942"},"modified":"2023-09-23T19:09:44","modified_gmt":"2023-09-23T17:09:44","slug":"pratiche-e-apprendimento","status":"publish","type":"page","link":"https:\/\/kitchenlab4kids.ignatianum.edu.pl\/it\/pratiche-e-apprendimento\/","title":{"rendered":"Pratiche e apprendimento"},"content":{"rendered":"\n<h2 class=\"wp-block-heading has-text-align-center\">Comunit\u00e0 di pratica e apprendimento<\/h2>\n\n\n\n<p>La piattaforma K4K \u00e8 progettata per fornire risorse nell&#8217;area dell&#8217;apprendimento\/insegnamento STEM nell&#8217;educazione della prima infanzia (idee, esempi di buone pratiche, lezioni video, letteratura, risultati del lavoro dei bambini, ecc.), materiali, caricamento di nuovi materiali, condividere esperienze, sostenere il processo di apprendimento e l&#8217;apprendimento interculturale per gli insegnanti in formazione e in servizio.<\/p>\n\n\n\n<p>I partner di K4K vogliono sostenere lo sviluppo di una comunit\u00e0 composta da educatori, tirocinanti, insegnanti e ricercatori, ma anche genitori, che rimarr\u00e0 aperta dopo la fine del progetto e includer\u00e0 anche utenti che non partecipano direttamente o indirettamente al progetto.<\/p>\n\n\n\n<p>Attraverso questa piattaforma, i membri della comunit\u00e0 possono accedere a risorse online che sono gi\u00e0 state descritte e valutate, possono condividere le loro opinioni e, cosa molto utile per gli altri membri, possono descrivere le loro esperienze utilizzando esperimenti STEM: quali difficolt\u00e0, quali soluzioni o semplicemente quali alternative sono state adottate. \u00c8 semplice, basta accedere alla casella di modifica disponibile sotto ciascuna risorsa.<\/p>\n\n\n\n<p>Molte risorse sono gi\u00e0 state utilizzate per la sperimentazione da parte di studenti e accademici, con il supporto degli esperti di K4K: molti video e presentazioni originali saranno pubblicati sul canale YouTube di K4K e saranno disponibili su queste pagine.<\/p>\n\n\n\n<p class=\"has-text-align-center\">Registrati sulla piattaforma K4K ed unisciti alla community!<\/p>\n\n\n\n<h2 class=\"wp-block-heading has-text-align-center\">Quadro per descrivere un&#8217;unit\u00e0 educativa<\/h2>\n\n\n\n<p>Sei stato coinvolto nella comunit\u00e0 di pratica KitchenLab4Kids per contribuire allo sviluppo del kit didattico?<\/p>\n\n\n\n<ol>\n<li>Progetta la tua risorsa didattica<\/li>\n\n\n\n<li>Scarica il documento qui sotto<\/li>\n\n\n\n<li>Completa il programma della lezione<\/li>\n\n\n\n<li>Rimani in contatto con il tuo insegnante di riferimento<\/li>\n<\/ol>\n\n\n\n<div class=\"wp-block-buttons is-content-justification-center is-layout-flex wp-container-core-buttons-is-layout-1 wp-block-buttons-is-layout-flex\">\n<div class=\"wp-block-button\"><a class=\"wp-block-button__link wp-element-button\" href=\"http:\/\/kitchenlab4kids.uniwersytet.ignatianum.edu.pl\/wp-content\/uploads\/sites\/20\/2023\/09\/Framework-learning-unit-IT.doc\">Modulo in italiano<\/a><\/div>\n<\/div>\n<!-- PMB print buttons is only displayed on a single post\/page URLs-->","protected":false},"excerpt":{"rendered":"Comunit\u00e0 di pratica e apprendimento La piattaforma K4K \u00e8 progettata per fornire risorse nell&#8217;area dell&#8217;apprendimento\/insegnamento STEM nell&#8217;educazione della prima infanzia (idee, esempi di buone pratiche, lezioni video, letteratura, risultati del lavoro dei bambini, ecc.), materiali, caricamento di nuovi materiali, condividere esperienze, sostenere il processo di apprendimento e l&#8217;apprendimento interculturale per gli insegnanti in formazione e in servizio. I partner di K4K vogliono sostenere lo sviluppo di una comunit\u00e0 composta da educatori, tirocinanti, insegnanti e ricercatori, ma anche genitori, che rimarr\u00e0 aperta dopo la fine del progetto e includer\u00e0 anche utenti che non partecipano direttamente o indirettamente al progetto. Attraverso questa piattaforma, i membri della comunit\u00e0 possono accedere a risorse online che sono gi\u00e0 state descritte e valutate, possono condividere le loro opinioni e, cosa molto utile per gli altri membri, possono descrivere le loro esperienze utilizzando esperimenti STEM: quali difficolt\u00e0, quali soluzioni o semplicemente quali alternative sono state adottate. \u00c8 semplice, basta accedere alla casella di modifica disponibile sotto ciascuna risorsa. Molte risorse sono gi\u00e0 state utilizzate per la sperimentazione da parte di studenti e accademici, con il supporto degli esperti di K4K: molti video e presentazioni originali saranno pubblicati sul canale YouTube di K4K e saranno disponibili su queste pagine. Registrati sulla piattaforma K4K ed unisciti alla community! Quadro per descrivere un&#8217;unit\u00e0 educativa Sei stato coinvolto nella comunit\u00e0 di pratica KitchenLab4Kids per contribuire allo sviluppo del kit [&hellip;]","protected":false},"author":3,"featured_media":0,"parent":0,"menu_order":0,"comment_status":"closed","ping_status":"closed","template":"","meta":{"_acf_changed":false,"_uag_custom_page_level_css":"","site-sidebar-layout":"default","site-content-layout":"","ast-site-content-layout":"","site-content-style":"default","site-sidebar-style":"default","ast-global-header-display":"","ast-banner-title-visibility":"","ast-main-header-display":"","ast-hfb-above-header-display":"","ast-hfb-below-header-display":"","ast-hfb-mobile-header-display":"","site-post-title":"","ast-breadcrumbs-content":"","ast-featured-img":"","footer-sml-layout":"","theme-transparent-header-meta":"","adv-header-id-meta":"","stick-header-meta":"","header-above-stick-meta":"","header-main-stick-meta":"","header-below-stick-meta":"","astra-migrate-meta-layouts":"default","ast-page-background-enabled":"default","ast-page-background-meta":{"desktop":{"background-color":"var(--ast-global-color-4)","background-image":"","background-repeat":"repeat","background-position":"center center","background-size":"auto","background-attachment":"scroll","background-type":"","background-media":"","overlay-type":"","overlay-color":"","overlay-opacity":"","overlay-gradient":""},"tablet":{"background-color":"","background-image":"","background-repeat":"repeat","background-position":"center center","background-size":"auto","background-attachment":"scroll","background-type":"","background-media":"","overlay-type":"","overlay-color":"","overlay-opacity":"","overlay-gradient":""},"mobile":{"background-color":"","background-image":"","background-repeat":"repeat","background-position":"center center","background-size":"auto","background-attachment":"scroll","background-type":"","background-media":"","overlay-type":"","overlay-color":"","overlay-opacity":"","overlay-gradient":""}},"ast-content-background-meta":{"desktop":{"background-color":"var(--ast-global-color-5)","background-image":"","background-repeat":"repeat","background-position":"center center","background-size":"auto","background-attachment":"scroll","background-type":"","background-media":"","overlay-type":"","overlay-color":"","overlay-opacity":"","overlay-gradient":""},"tablet":{"background-color":"var(--ast-global-color-5)","background-image":"","background-repeat":"repeat","background-position":"center center","background-size":"auto","background-attachment":"scroll","background-type":"","background-media":"","overlay-type":"","overlay-color":"","overlay-opacity":"","overlay-gradient":""},"mobile":{"background-color":"var(--ast-global-color-5)","background-image":"","background-repeat":"repeat","background-position":"center center","background-size":"auto","background-attachment":"scroll","background-type":"","background-media":"","overlay-type":"","overlay-color":"","overlay-opacity":"","overlay-gradient":""}},"ngg_post_thumbnail":0,"footnotes":""},"acf":[],"uagb_featured_image_src":{"full":false,"thumbnail":false,"medium":false,"medium_large":false,"large":false,"1536x1536":false,"2048x2048":false},"uagb_author_info":{"display_name":"Redaktor","author_link":"https:\/\/kitchenlab4kids.ignatianum.edu.pl\/it\/author\/dstolarek\/"},"uagb_comment_info":0,"uagb_excerpt":"Comunit\u00e0 di pratica e apprendimento La piattaforma K4K \u00e8 progettata per fornire risorse nell&#8217;area dell&#8217;apprendimento\/insegnamento STEM nell&#8217;educazione della prima infanzia (idee, esempi di buone pratiche, lezioni video, letteratura, risultati del lavoro dei bambini, ecc.), materiali, caricamento di nuovi materiali, condividere esperienze, sostenere il processo di apprendimento e l&#8217;apprendimento interculturale per gli insegnanti in formazione e&hellip;","_links":{"self":[{"href":"https:\/\/kitchenlab4kids.ignatianum.edu.pl\/it\/wp-json\/wp\/v2\/pages\/2942"}],"collection":[{"href":"https:\/\/kitchenlab4kids.ignatianum.edu.pl\/it\/wp-json\/wp\/v2\/pages"}],"about":[{"href":"https:\/\/kitchenlab4kids.ignatianum.edu.pl\/it\/wp-json\/wp\/v2\/types\/page"}],"author":[{"embeddable":true,"href":"https:\/\/kitchenlab4kids.ignatianum.edu.pl\/it\/wp-json\/wp\/v2\/users\/3"}],"replies":[{"embeddable":true,"href":"https:\/\/kitchenlab4kids.ignatianum.edu.pl\/it\/wp-json\/wp\/v2\/comments?post=2942"}],"version-history":[{"count":1,"href":"https:\/\/kitchenlab4kids.ignatianum.edu.pl\/it\/wp-json\/wp\/v2\/pages\/2942\/revisions"}],"predecessor-version":[{"id":2951,"href":"https:\/\/kitchenlab4kids.ignatianum.edu.pl\/it\/wp-json\/wp\/v2\/pages\/2942\/revisions\/2951"}],"wp:attachment":[{"href":"https:\/\/kitchenlab4kids.ignatianum.edu.pl\/it\/wp-json\/wp\/v2\/media?parent=2942"}],"curies":[{"name":"wp","href":"https:\/\/api.w.org\/{rel}","templated":true}]}}