{"id":6564,"date":"2023-09-22T13:27:56","date_gmt":"2023-09-22T11:27:56","guid":{"rendered":"https:\/\/kitchenlab4kids.uniwersytet.ignatianum.edu.pl\/?page_id=6564"},"modified":"2023-10-06T07:41:29","modified_gmt":"2023-10-06T05:41:29","slug":"la-scienza-dietro-i-dolci","status":"publish","type":"page","link":"https:\/\/kitchenlab4kids.ignatianum.edu.pl\/it\/percorsi-di-apprendimento\/la-scienza-dietro-i-dolci\/","title":{"rendered":"La scienza dietro i dolci"},"content":{"rendered":"\n<h2 class=\"wp-block-heading has-text-align-center\"><strong>PERCORSO DI APPRENDIMENTO TEMATICO<br>La scienza dietro i dolci. Prima gli esperimenti, poi si mangia!<\/strong><\/h2>\n\n\n\n<h3 class=\"wp-block-heading\">Obiettivi:<\/h3>\n\n\n\n<ol>\n<li>Insegnare e far apprendere agli alunni le differenze tra il solido e il liquido;<\/li>\n\n\n\n<li>Insegnare e far apprendere agli alunni i processi relativi alla trasformazione dello stato liquido in stato solido;<\/li>\n\n\n\n<li>Accrescere negli alunni la conoscenza circa le propriet\u00e0 dei dolci (per esempio, lo zucchero)<\/li>\n\n\n\n<li>Migliorare la consapevolezza degli alunni su come si colorano i dolci.<\/li>\n\n\n\n<li>Sviluppare le conoscenze degli alunni sul processo di lievitazione.<\/li>\n\n\n\n<li>Sviluppare la conoscenza dell\u2019alunno sul funzionamento della cottura<\/li>\n\n\n\n<li>Promuovere una sana inclinazione per quanto riguarda i dolci.<\/li>\n<\/ol>\n\n\n\n<div style=\"height:30px\" aria-hidden=\"true\" class=\"wp-block-spacer\"><\/div>\n\n\n\n<h3 class=\"wp-block-heading\">Risultati di apprendimento previsti<\/h3>\n\n\n\n<p><strong>Gli alunni saranno in grado di:<\/strong><\/p>\n\n\n\n<ol>\n<li>Partecipare ad esperimenti sotto la supervisione dell\u2019insegnante<\/li>\n\n\n\n<li>Spiegare i concetti di liquido\/solido e distinguere tra congelamento, fusione e solidificazione<\/li>\n\n\n\n<li>Comprendere il funzionamento del forno<\/li>\n\n\n\n<li>Imparare ad usare il forno sotto la supervisione dell\u2019insegnante<\/li>\n\n\n\n<li>Riconoscere i coloranti<\/li>\n\n\n\n<li>Riconoscere il processo di colorazione degli alimenti<\/li>\n\n\n\n<li>Sviluppare una sana inclinazione verso i dolci.<\/li>\n\n\n\n<li>Progettare propri esperimenti relativi all\u2019argomento (usando materiali forniti dall\u2019insegnante)<\/li>\n\n\n\n<li>Riflettere sui propri risultati di apprendimento.<\/li>\n<\/ol>\n\n\n\n<div style=\"height:30px\" aria-hidden=\"true\" class=\"wp-block-spacer\"><\/div>\n\n\n\n<h3 class=\"wp-block-heading\">La struttura del percorso di apprendimento<\/h3>\n\n\n\n<p><strong>Fase I<\/strong><\/p>\n\n\n\n<p>Riconoscere le differenze tra solido e liquido, capire la trasformazione liquido-solido, capire la trasformazione reversibile degli alimenti.<\/p>\n\n\n\n<ul class=\"bs-link-block\">\n<li><a href=\"\/it\/eksperyment\/scienza-dei-biscotti\/\">Scienza dei biscotti<\/a><\/li>\n\n\n\n<li><a href=\"\/it\/eksperyment\/crea-il-tuo-gelato\/\">Crea il tuo gelato<\/a><\/li>\n\n\n\n<li><a href=\"\/it\/eksperyment\/torta-in-tazza\/\">Torta in tazza<\/a><\/li>\n\n\n\n<li><a href=\"\/it\/eksperyment\/scienza-del-cioccolato-il-cambiamento-reversibile\/\">Scienza del cioccolato \u2013 cambiamento reversibile<\/a><\/li>\n<\/ul>\n\n\n\n<p><strong>Fase II<\/strong><\/p>\n\n\n\n<p>Capire come funziona il forno e come cambiano i dolci all\u2019interno del forno.<\/p>\n\n\n\n<ul class=\"bs-link-block\">\n<li><a href=\"\/it\/eksperyment\/fare-i-panellets\/\">Fare i panellets<\/a><\/li>\n\n\n\n<li><a href=\"\/it\/eksperyment\/cunapes\/\">Cu\u00f1ap\u00e9s<\/a><\/li>\n<\/ul>\n\n\n\n<p><strong>Fase III<\/strong><\/p>\n\n\n\n<p>Indagare il processo di colorazione del cibo \u2013 capire le differenze tra il colorante naturale e quello artificiale.<\/p>\n\n\n\n<ul class=\"bs-link-block\">\n<li><a href=\"\/it\/eksperyment\/la-scienza-dei-marshmallows\/\">La scienza dei marshmallows<\/a><\/li>\n\n\n\n<li><a href=\"\/it\/eksperyment\/pancake-colorati-sperimentazione-con-pigmenti-naturali\/\">Pancake colorati<\/a><\/li>\n<\/ul>\n\n\n\n<p><strong>Fase IV<\/strong><\/p>\n\n\n\n<p>Promuovere una sana inclinazione per i dolci, preferendo ingredienti e dolci fatti in casa<\/p>\n\n\n\n<ul class=\"bs-link-block\">\n<li><a href=\"\/it\/eksperyment\/gelati-colorati\/\">Gelati colorati<\/a><\/li>\n\n\n\n<li><a href=\"\/it\/eksperyment\/burro-fatto-in-casa-in-un-barattolo\/\">Burro fatto in casa in un barattolo<\/a><\/li>\n\n\n\n<li><a href=\"\/it\/eksperyment\/torta-di-carote\/\">Torta di carote<\/a><\/li>\n<\/ul>\n\n\n\n<div style=\"height:30px\" aria-hidden=\"true\" class=\"wp-block-spacer\"><\/div>\n\n\n\n<h3 class=\"wp-block-heading\">Valutazione<\/h3>\n\n\n\n<p><strong>Iniziale<\/strong>&nbsp;\u2013 costruire una mappa mentale \u2013 (Cosa so? Cosa mi piacerebbe imparare\u2026?) Attivare le conoscenze pregresse dei bambini<\/p>\n\n\n\n<p><strong>In corso<\/strong>&nbsp;\u2013 descritto in ogni risorsa<\/p>\n\n\n\n<p><strong><strong>Valutazione finale<\/strong>:<\/strong><\/p>\n\n\n\n<ol type=\"A\">\n<li>Riflessione con la mappa mentale preparata all\u2019inizio (Cosa abbiamo imparato? Cosa \u00e8 stato pi\u00f9 intrigante? Cos\u2019altro ci piacerebbe sapere sui dolci? ).<\/li>\n\n\n\n<li>Votare per l\u2019esperimento pi\u00f9 interessante (i bambini possono mettere l\u2019adesivo sotto la foto che presenta il loro esperimento preferito)<\/li>\n\n\n\n<li>Autovalutazione del proprio processo di apprendimento.<\/li>\n\n\n\n<li>Valutazione dell\u2019insegnante: vedi la scala qui sotto<\/li>\n<\/ol>\n\n\n\n<figure class=\"wp-block-table\"><table class=\"mtr-table mtr-tr-td\"><tbody><tr><td data-mtr-content=\"Pu\u00f2 riconoscere i liquidi e i solidi\" class=\"mtr-td-tag\"><div class=\"mtr-cell-content\">Pu\u00f2 riconoscere i liquidi e i solidi<\/div><\/td><td data-mtr-content=\"1\" class=\"mtr-td-tag\"><div class=\"mtr-cell-content\">1<\/div><\/td><td data-mtr-content=\"2\" class=\"mtr-td-tag\"><div class=\"mtr-cell-content\">2<\/div><\/td><td data-mtr-content=\"3\" class=\"mtr-td-tag\"><div class=\"mtr-cell-content\">3<\/div><\/td><td data-mtr-content=\"4\" class=\"mtr-td-tag\"><div class=\"mtr-cell-content\">4<\/div><\/td><\/tr><tr><td data-mtr-content=\"Pu\u00f2 riconoscere i liquidi e i solidi\" class=\"mtr-td-tag\"><div class=\"mtr-cell-content\">Pu\u00f2 spiegare i cambiamenti delle sostanze<\/div><\/td><td data-mtr-content=\"1\" class=\"mtr-td-tag\"><div class=\"mtr-cell-content\">1<\/div><\/td><td data-mtr-content=\"2\" class=\"mtr-td-tag\"><div class=\"mtr-cell-content\">2<\/div><\/td><td data-mtr-content=\"3\" class=\"mtr-td-tag\"><div class=\"mtr-cell-content\">3<\/div><\/td><td data-mtr-content=\"4\" class=\"mtr-td-tag\"><div class=\"mtr-cell-content\">4<\/div><\/td><\/tr><tr><td data-mtr-content=\"Pu\u00f2 riconoscere i liquidi e i solidi\" class=\"mtr-td-tag\"><div class=\"mtr-cell-content\">Pu\u00f2 usare il forno (sotto supervisione)<\/div><\/td><td data-mtr-content=\"1\" class=\"mtr-td-tag\"><div class=\"mtr-cell-content\">1<\/div><\/td><td data-mtr-content=\"2\" class=\"mtr-td-tag\"><div class=\"mtr-cell-content\">2<\/div><\/td><td data-mtr-content=\"3\" class=\"mtr-td-tag\"><div class=\"mtr-cell-content\">3<\/div><\/td><td data-mtr-content=\"4\" class=\"mtr-td-tag\"><div class=\"mtr-cell-content\">4<\/div><\/td><\/tr><tr><td data-mtr-content=\"Pu\u00f2 riconoscere i liquidi e i solidi\" class=\"mtr-td-tag\"><div class=\"mtr-cell-content\">Sa riconoscere gli alimenti colorati<\/div><\/td><td data-mtr-content=\"1\" class=\"mtr-td-tag\"><div class=\"mtr-cell-content\">1<\/div><\/td><td data-mtr-content=\"2\" class=\"mtr-td-tag\"><div class=\"mtr-cell-content\">2<\/div><\/td><td data-mtr-content=\"3\" class=\"mtr-td-tag\"><div class=\"mtr-cell-content\">3<\/div><\/td><td data-mtr-content=\"4\" class=\"mtr-td-tag\"><div class=\"mtr-cell-content\">4<\/div><\/td><\/tr><tr><td data-mtr-content=\"Pu\u00f2 riconoscere i liquidi e i solidi\" class=\"mtr-td-tag\"><div class=\"mtr-cell-content\">Lui\/lei pu\u00f2 usare gli alimenti coloranti<\/div><\/td><td data-mtr-content=\"1\" class=\"mtr-td-tag\"><div class=\"mtr-cell-content\">1<\/div><\/td><td data-mtr-content=\"2\" class=\"mtr-td-tag\"><div class=\"mtr-cell-content\">2<\/div><\/td><td data-mtr-content=\"3\" class=\"mtr-td-tag\"><div class=\"mtr-cell-content\">3<\/div><\/td><td data-mtr-content=\"4\" class=\"mtr-td-tag\"><div class=\"mtr-cell-content\">4<\/div><\/td><\/tr><tr><td data-mtr-content=\"Pu\u00f2 riconoscere i liquidi e i solidi\" class=\"mtr-td-tag\"><div class=\"mtr-cell-content\">Sviluppa un atteggiamento sano nei confronti dei dolci<\/div><\/td><td data-mtr-content=\"1\" class=\"mtr-td-tag\"><div class=\"mtr-cell-content\">1<\/div><\/td><td data-mtr-content=\"2\" class=\"mtr-td-tag\"><div class=\"mtr-cell-content\">2<\/div><\/td><td data-mtr-content=\"3\" class=\"mtr-td-tag\"><div class=\"mtr-cell-content\">3<\/div><\/td><td data-mtr-content=\"4\" class=\"mtr-td-tag\"><div class=\"mtr-cell-content\">4<\/div><\/td><\/tr><\/tbody><\/table><\/figure>\n\n\n\n<p>1 \u2013 Per niente<br>2<br>3<br>4 \u2013 Completamente<\/p>\n<!-- PMB print buttons is only displayed on a single post\/page URLs-->","protected":false},"excerpt":{"rendered":"PERCORSO DI APPRENDIMENTO TEMATICOLa scienza dietro i dolci. Prima gli esperimenti, poi si mangia! Obiettivi: Risultati di apprendimento previsti Gli alunni saranno in grado di: La struttura del percorso di apprendimento Fase I Riconoscere le differenze tra solido e liquido, capire la trasformazione liquido-solido, capire la trasformazione reversibile degli alimenti. Fase II Capire come funziona il forno e come cambiano i dolci all\u2019interno del forno. Fase III Indagare il processo di colorazione del cibo \u2013 capire le differenze tra il colorante naturale e quello artificiale. Fase IV Promuovere una sana inclinazione per i dolci, preferendo ingredienti e dolci fatti in casa Valutazione Iniziale&nbsp;\u2013 costruire una mappa mentale \u2013 (Cosa so? Cosa mi piacerebbe imparare\u2026?) Attivare le conoscenze pregresse dei bambini In corso&nbsp;\u2013 descritto in ogni risorsa Valutazione finale: Pu\u00f2 riconoscere i liquidi e i solidi 1 2 3 4 Pu\u00f2 spiegare i cambiamenti delle sostanze 1 2 3 4 Pu\u00f2 usare il forno (sotto supervisione) 1 2 3 4 Sa riconoscere gli alimenti colorati 1 2 3 4 Lui\/lei pu\u00f2 usare gli alimenti coloranti 1 2 3 4 Sviluppa un atteggiamento sano nei confronti dei dolci 1 2 3 4 1 \u2013 Per niente234 \u2013 [&hellip;]","protected":false},"author":3,"featured_media":0,"parent":7581,"menu_order":0,"comment_status":"closed","ping_status":"closed","template":"","meta":{"_acf_changed":false,"_uag_custom_page_level_css":"","site-sidebar-layout":"default","site-content-layout":"","ast-site-content-layout":"","site-content-style":"default","site-sidebar-style":"default","ast-global-header-display":"","ast-banner-title-visibility":"","ast-main-header-display":"","ast-hfb-above-header-display":"","ast-hfb-below-header-display":"","ast-hfb-mobile-header-display":"","site-post-title":"","ast-breadcrumbs-content":"","ast-featured-img":"","footer-sml-layout":"","theme-transparent-header-meta":"","adv-header-id-meta":"","stick-header-meta":"","header-above-stick-meta":"","header-main-stick-meta":"","header-below-stick-meta":"","astra-migrate-meta-layouts":"default","ast-page-background-enabled":"default","ast-page-background-meta":{"desktop":{"background-color":"var(--ast-global-color-4)","background-image":"","background-repeat":"repeat","background-position":"center center","background-size":"auto","background-attachment":"scroll","background-type":"","background-media":"","overlay-type":"","overlay-color":"","overlay-opacity":"","overlay-gradient":""},"tablet":{"background-color":"","background-image":"","background-repeat":"repeat","background-position":"center center","background-size":"auto","background-attachment":"scroll","background-type":"","background-media":"","overlay-type":"","overlay-color":"","overlay-opacity":"","overlay-gradient":""},"mobile":{"background-color":"","background-image":"","background-repeat":"repeat","background-position":"center center","background-size":"auto","background-attachment":"scroll","background-type":"","background-media":"","overlay-type":"","overlay-color":"","overlay-opacity":"","overlay-gradient":""}},"ast-content-background-meta":{"desktop":{"background-color":"var(--ast-global-color-5)","background-image":"","background-repeat":"repeat","background-position":"center center","background-size":"auto","background-attachment":"scroll","background-type":"","background-media":"","overlay-type":"","overlay-color":"","overlay-opacity":"","overlay-gradient":""},"tablet":{"background-color":"var(--ast-global-color-5)","background-image":"","background-repeat":"repeat","background-position":"center center","background-size":"auto","background-attachment":"scroll","background-type":"","background-media":"","overlay-type":"","overlay-color":"","overlay-opacity":"","overlay-gradient":""},"mobile":{"background-color":"var(--ast-global-color-5)","background-image":"","background-repeat":"repeat","background-position":"center center","background-size":"auto","background-attachment":"scroll","background-type":"","background-media":"","overlay-type":"","overlay-color":"","overlay-opacity":"","overlay-gradient":""}},"ngg_post_thumbnail":0,"footnotes":""},"acf":[],"uagb_featured_image_src":{"full":false,"thumbnail":false,"medium":false,"medium_large":false,"large":false,"1536x1536":false,"2048x2048":false},"uagb_author_info":{"display_name":"Redaktor","author_link":"https:\/\/kitchenlab4kids.ignatianum.edu.pl\/it\/author\/dstolarek\/"},"uagb_comment_info":0,"uagb_excerpt":"PERCORSO DI APPRENDIMENTO TEMATICOLa scienza dietro i dolci. Prima gli esperimenti, poi si mangia! Obiettivi: Risultati di apprendimento previsti Gli alunni saranno in grado di: La struttura del percorso di apprendimento Fase I Riconoscere le differenze tra solido e liquido, capire la trasformazione liquido-solido, capire la trasformazione reversibile degli alimenti. Fase II Capire come funziona&hellip;","_links":{"self":[{"href":"https:\/\/kitchenlab4kids.ignatianum.edu.pl\/it\/wp-json\/wp\/v2\/pages\/6564"}],"collection":[{"href":"https:\/\/kitchenlab4kids.ignatianum.edu.pl\/it\/wp-json\/wp\/v2\/pages"}],"about":[{"href":"https:\/\/kitchenlab4kids.ignatianum.edu.pl\/it\/wp-json\/wp\/v2\/types\/page"}],"author":[{"embeddable":true,"href":"https:\/\/kitchenlab4kids.ignatianum.edu.pl\/it\/wp-json\/wp\/v2\/users\/3"}],"replies":[{"embeddable":true,"href":"https:\/\/kitchenlab4kids.ignatianum.edu.pl\/it\/wp-json\/wp\/v2\/comments?post=6564"}],"version-history":[{"count":1,"href":"https:\/\/kitchenlab4kids.ignatianum.edu.pl\/it\/wp-json\/wp\/v2\/pages\/6564\/revisions"}],"predecessor-version":[{"id":6567,"href":"https:\/\/kitchenlab4kids.ignatianum.edu.pl\/it\/wp-json\/wp\/v2\/pages\/6564\/revisions\/6567"}],"up":[{"embeddable":true,"href":"https:\/\/kitchenlab4kids.ignatianum.edu.pl\/it\/wp-json\/wp\/v2\/pages\/7581"}],"wp:attachment":[{"href":"https:\/\/kitchenlab4kids.ignatianum.edu.pl\/it\/wp-json\/wp\/v2\/media?parent=6564"}],"curies":[{"name":"wp","href":"https:\/\/api.w.org\/{rel}","templated":true}]}}