{"id":6594,"date":"2023-09-22T13:39:00","date_gmt":"2023-09-22T11:39:00","guid":{"rendered":"https:\/\/kitchenlab4kids.uniwersytet.ignatianum.edu.pl\/?page_id=6594"},"modified":"2023-10-06T07:41:41","modified_gmt":"2023-10-06T05:41:41","slug":"il-laboratorio-del-fornaio","status":"publish","type":"page","link":"https:\/\/kitchenlab4kids.ignatianum.edu.pl\/it\/percorsi-di-apprendimento\/il-laboratorio-del-fornaio\/","title":{"rendered":"Il laboratorio del fornaio"},"content":{"rendered":"\n<h2 class=\"wp-block-heading has-text-align-center\"><strong>THEMATIC PATHWAY<br>Il laboratorio del fornaio \u2013 Reazioni chimiche negli elementi quotidiani<\/strong><\/h2>\n\n\n\n<h3 class=\"wp-block-heading\">Obiettivi:<\/h3>\n\n\n\n<ol>\n<li>Migliorare la capacit\u00e0 dei bambini di misurare la temperatura<\/li>\n\n\n\n<li>Migliorare la conoscenza degli alunni su alcune reazioni chimiche che si verificano &nbsp;nei processi di cucina<\/li>\n\n\n\n<li>Permettere agli alunni di esplorare il concetto di energia e calore<\/li>\n\n\n\n<li>Permettere agli alunni di esplorare il concetto di energia negativa e positiva<\/li>\n\n\n\n<li>Migliorare la conoscenza degli alunni sul processo di lievitazione<\/li>\n\n\n\n<li>Permettere agli alunni di esplorare il concetto di peso e massa<\/li>\n\n\n\n<li>Permettere agli alunni di esplorare come i diversi ingredienti possono influenzare il risultato finale di una torta<\/li>\n<\/ol>\n\n\n\n<h4 class=\"wp-block-heading\"><strong><strong>Obiettivi trasversali:<\/strong><\/strong><\/h4>\n\n\n\n<ol>\n<li>Migliorare l\u2019attitudine alla ricerca degli alunni<\/li>\n\n\n\n<li>Sviluppare la capacit\u00e0 degli alunni di ascoltare e seguire le istruzioni<\/li>\n\n\n\n<li>Sviluppare le abilit\u00e0 culinarie degli alunni<\/li>\n\n\n\n<li>Permettere agli alunni di studiare i cambiamenti del cibo<\/li>\n\n\n\n<li>Sviluppare le abilit\u00e0 linguistiche espressive degli alunni<\/li>\n\n\n\n<li>Sviluppare la capacit\u00e0 degli alunni di lavorare in gruppo<\/li>\n<\/ol>\n\n\n\n<div style=\"height:30px\" aria-hidden=\"true\" class=\"wp-block-spacer\"><\/div>\n\n\n\n<h3 class=\"wp-block-heading\">Risultati di apprendimento previsti<\/h3>\n\n\n\n<p><strong><strong>Gli alunni saranno in grado di:<\/strong><\/strong><\/p>\n\n\n\n<ol>\n<li>Partecipare agli esperimenti sotto la supervisione dell\u2019insegnante<\/li>\n\n\n\n<li>Riconoscere e spiegare i cambiamenti in una sostanza<\/li>\n\n\n\n<li>Capire il funzionamento del forno<\/li>\n\n\n\n<li>Imparare a usare il forno sotto la supervisione dell\u2019insegnante<\/li>\n\n\n\n<li>Comprendere il fenomeno della lievitazione<\/li>\n\n\n\n<li>Scrivi la formula chimica di un gas<\/li>\n\n\n\n<li>Studiare come le cariche positive e negative interagiscono tra loro<\/li>\n\n\n\n<li>Osservare e discutere come il pepe e il sale si dividono attraverso l\u2019energia elettrostatica.<\/li>\n<\/ol>\n\n\n\n<div style=\"height:30px\" aria-hidden=\"true\" class=\"wp-block-spacer\"><\/div>\n\n\n\n<h3 class=\"wp-block-heading\">La struttura del percorso di apprendimento<\/h3>\n\n\n\n<p><strong>Fase I<\/strong><\/p>\n\n\n\n<p>Misurare la temperatura, impastare, capire il processo di lievitazione.<\/p>\n\n\n\n<ul class=\"bs-link-block\">\n<li><a href=\"\/it\/eksperyment\/la-focaccia-magica-lievitazione\/\">La focaccia magica \u2013 lievitazione<\/a><\/li>\n\n\n\n<li><a href=\"\/it\/eksperyment\/impastiamo-i-gas-fermentazione\/\">Impastiamo i gas \u2013 fermentazione<\/a><\/li>\n\n\n\n<li><a href=\"\/it\/eksperyment\/usare-un-sacchetto-con-la-zip-per-fare-il-pane\/\">Usare un sacchetto con la zip per fare il pane<\/a><\/li>\n<\/ul>\n\n\n\n<p><strong>Fase II<\/strong><\/p>\n\n\n\n<p>Capire l\u2019osmosi e i processi energetici statici dietro gli ingredienti di cottura; capire come i diversi ingredienti possono influenzare il risultato di una torta<\/p>\n\n\n\n<ul class=\"bs-link-block\">\n<li><a href=\"\/it\/eksperyment\/osmosi-golosa-la-chimica-diventa-dolce\/\">Osmosi golosa \u2013 la chimica diventa dolce<\/a><\/li>\n\n\n\n<li><a href=\"\/it\/eksperyment\/due-pesi-due-misure-elettricita-statica\/\">Due pesi, due misure \u2013 elettricit\u00e0 statica<\/a><\/li>\n\n\n\n<li><a href=\"\/it\/eksperyment\/scienza-delle-torte-esperimento-chimico\/\">Scienza delle torte<\/a><\/li>\n<\/ul>\n\n\n\n<div style=\"height:30px\" aria-hidden=\"true\" class=\"wp-block-spacer\"><\/div>\n\n\n\n<h3 class=\"wp-block-heading\">Valutazione<\/h3>\n\n\n\n<p><strong>Iniziale<\/strong>&nbsp;\u2013 costruire una mappa mentale: (ad esempio, che cosa so? Che cosa mi piacerebbe imparare su\u2026? ) Attivare le conoscenze pregresse dei bambini<\/p>\n\n\n\n<p><strong>In corso<\/strong>&nbsp;\u2013 descritto in ogni risorsa<\/p>\n\n\n\n<p><strong>Valutazione finale:<\/strong><br>A. Riflessione con la mappa mentale preparata all\u2019inizio \u2013 Cosa abbiamo imparato? Cosa \u00e8 stato pi\u00f9 intrigante? Cos\u2019altro ci piacerebbe sapere sulla cucina?<br>B. Votare per l\u2019esperimento pi\u00f9 interessante (i bambini possono mettere l\u2019adesivo sotto la foto che presenta il loro esperimento preferito)<br>C. Autovalutazione del proprio processo di apprendimento.<br>D. Valutazione dell\u2019insegnante: vedi la scala qui sotto<\/p>\n\n\n\n<figure class=\"wp-block-table\"><table class=\"mtr-table mtr-tr-td\"><tbody><tr><td data-mtr-content=\"Lui\/lei pu\u00f2 spiegarei cambiamenti delle sostanze\" class=\"mtr-td-tag\"><div class=\"mtr-cell-content\">Lui\/lei pu\u00f2 spiegarei cambiamenti delle sostanze<\/div><\/td><td data-mtr-content=\"1\" class=\"mtr-td-tag\"><div class=\"mtr-cell-content\">1<\/div><\/td><td data-mtr-content=\"2\" class=\"mtr-td-tag\"><div class=\"mtr-cell-content\">2<\/div><\/td><td data-mtr-content=\"3\" class=\"mtr-td-tag\"><div class=\"mtr-cell-content\">3<\/div><\/td><td data-mtr-content=\"4\" class=\"mtr-td-tag\"><div class=\"mtr-cell-content\">4<\/div><\/td><\/tr><tr><td data-mtr-content=\"Lui\/lei pu\u00f2 spiegarei cambiamenti delle sostanze\" class=\"mtr-td-tag\"><div class=\"mtr-cell-content\">Pu\u00f2 spiegare i cambiamenti delle sostanze<\/div><\/td><td data-mtr-content=\"1\" class=\"mtr-td-tag\"><div class=\"mtr-cell-content\">1<\/div><\/td><td data-mtr-content=\"2\" class=\"mtr-td-tag\"><div class=\"mtr-cell-content\">2<\/div><\/td><td data-mtr-content=\"3\" class=\"mtr-td-tag\"><div class=\"mtr-cell-content\">3<\/div><\/td><td data-mtr-content=\"4\" class=\"mtr-td-tag\"><div class=\"mtr-cell-content\">4<\/div><\/td><\/tr><tr><td data-mtr-content=\"Lui\/lei pu\u00f2 spiegarei cambiamenti delle sostanze\" class=\"mtr-td-tag\"><div class=\"mtr-cell-content\">Pu\u00f2 usare il forno (sotto supervisione)<\/div><\/td><td data-mtr-content=\"1\" class=\"mtr-td-tag\"><div class=\"mtr-cell-content\">1<\/div><\/td><td data-mtr-content=\"2\" class=\"mtr-td-tag\"><div class=\"mtr-cell-content\">2<\/div><\/td><td data-mtr-content=\"3\" class=\"mtr-td-tag\"><div class=\"mtr-cell-content\">3<\/div><\/td><td data-mtr-content=\"4\" class=\"mtr-td-tag\"><div class=\"mtr-cell-content\">4<\/div><\/td><\/tr><tr><td data-mtr-content=\"Lui\/lei pu\u00f2 spiegarei cambiamenti delle sostanze\" class=\"mtr-td-tag\"><div class=\"mtr-cell-content\">Pu\u00f2 scrivere la formula chimica del gas<\/div><\/td><td data-mtr-content=\"1\" class=\"mtr-td-tag\"><div class=\"mtr-cell-content\">1<\/div><\/td><td data-mtr-content=\"2\" class=\"mtr-td-tag\"><div class=\"mtr-cell-content\">2<\/div><\/td><td data-mtr-content=\"3\" class=\"mtr-td-tag\"><div class=\"mtr-cell-content\">3<\/div><\/td><td data-mtr-content=\"4\" class=\"mtr-td-tag\"><div class=\"mtr-cell-content\">4<\/div><\/td><\/tr><tr><td data-mtr-content=\"Lui\/lei pu\u00f2 spiegarei cambiamenti delle sostanze\" class=\"mtr-td-tag\"><div class=\"mtr-cell-content\">Pu\u00f2 spiegare i processi chimici<\/div><\/td><td data-mtr-content=\"1\" class=\"mtr-td-tag\"><div class=\"mtr-cell-content\">1<\/div><\/td><td data-mtr-content=\"2\" class=\"mtr-td-tag\"><div class=\"mtr-cell-content\">2<\/div><\/td><td data-mtr-content=\"3\" class=\"mtr-td-tag\"><div class=\"mtr-cell-content\">3<\/div><\/td><td data-mtr-content=\"4\" class=\"mtr-td-tag\"><div class=\"mtr-cell-content\">4<\/div><\/td><\/tr><\/tbody><\/table><\/figure>\n\n\n\n<p>1 \u2013 Per niente<br>2<br>3<br>4 \u2013 Completamente<\/p>\n<!-- PMB print buttons is only displayed on a single post\/page URLs-->","protected":false},"excerpt":{"rendered":"THEMATIC PATHWAYIl laboratorio del fornaio \u2013 Reazioni chimiche negli elementi quotidiani Obiettivi: Obiettivi trasversali: Risultati di apprendimento previsti Gli alunni saranno in grado di: La struttura del percorso di apprendimento Fase I Misurare la temperatura, impastare, capire il processo di lievitazione. Fase II Capire l\u2019osmosi e i processi energetici statici dietro gli ingredienti di cottura; capire come i diversi ingredienti possono influenzare il risultato di una torta Valutazione Iniziale&nbsp;\u2013 costruire una mappa mentale: (ad esempio, che cosa so? Che cosa mi piacerebbe imparare su\u2026? ) Attivare le conoscenze pregresse dei bambini In corso&nbsp;\u2013 descritto in ogni risorsa Valutazione finale:A. Riflessione con la mappa mentale preparata all\u2019inizio \u2013 Cosa abbiamo imparato? Cosa \u00e8 stato pi\u00f9 intrigante? Cos\u2019altro ci piacerebbe sapere sulla cucina?B. Votare per l\u2019esperimento pi\u00f9 interessante (i bambini possono mettere l\u2019adesivo sotto la foto che presenta il loro esperimento preferito)C. Autovalutazione del proprio processo di apprendimento.D. Valutazione dell\u2019insegnante: vedi la scala qui sotto Lui\/lei pu\u00f2 spiegarei cambiamenti delle sostanze 1 2 3 4 Pu\u00f2 spiegare i cambiamenti delle sostanze 1 2 3 4 Pu\u00f2 usare il forno (sotto supervisione) 1 2 3 4 Pu\u00f2 scrivere la formula chimica del gas 1 2 3 4 Pu\u00f2 spiegare i processi chimici 1 2 3 4 1 \u2013 Per niente234 \u2013 [&hellip;]","protected":false},"author":3,"featured_media":0,"parent":7581,"menu_order":0,"comment_status":"closed","ping_status":"closed","template":"","meta":{"_acf_changed":false,"_uag_custom_page_level_css":"","site-sidebar-layout":"default","site-content-layout":"","ast-site-content-layout":"","site-content-style":"default","site-sidebar-style":"default","ast-global-header-display":"","ast-banner-title-visibility":"","ast-main-header-display":"","ast-hfb-above-header-display":"","ast-hfb-below-header-display":"","ast-hfb-mobile-header-display":"","site-post-title":"","ast-breadcrumbs-content":"","ast-featured-img":"","footer-sml-layout":"","theme-transparent-header-meta":"","adv-header-id-meta":"","stick-header-meta":"","header-above-stick-meta":"","header-main-stick-meta":"","header-below-stick-meta":"","astra-migrate-meta-layouts":"default","ast-page-background-enabled":"default","ast-page-background-meta":{"desktop":{"background-color":"var(--ast-global-color-4)","background-image":"","background-repeat":"repeat","background-position":"center center","background-size":"auto","background-attachment":"scroll","background-type":"","background-media":"","overlay-type":"","overlay-color":"","overlay-opacity":"","overlay-gradient":""},"tablet":{"background-color":"","background-image":"","background-repeat":"repeat","background-position":"center center","background-size":"auto","background-attachment":"scroll","background-type":"","background-media":"","overlay-type":"","overlay-color":"","overlay-opacity":"","overlay-gradient":""},"mobile":{"background-color":"","background-image":"","background-repeat":"repeat","background-position":"center center","background-size":"auto","background-attachment":"scroll","background-type":"","background-media":"","overlay-type":"","overlay-color":"","overlay-opacity":"","overlay-gradient":""}},"ast-content-background-meta":{"desktop":{"background-color":"var(--ast-global-color-5)","background-image":"","background-repeat":"repeat","background-position":"center center","background-size":"auto","background-attachment":"scroll","background-type":"","background-media":"","overlay-type":"","overlay-color":"","overlay-opacity":"","overlay-gradient":""},"tablet":{"background-color":"var(--ast-global-color-5)","background-image":"","background-repeat":"repeat","background-position":"center center","background-size":"auto","background-attachment":"scroll","background-type":"","background-media":"","overlay-type":"","overlay-color":"","overlay-opacity":"","overlay-gradient":""},"mobile":{"background-color":"var(--ast-global-color-5)","background-image":"","background-repeat":"repeat","background-position":"center center","background-size":"auto","background-attachment":"scroll","background-type":"","background-media":"","overlay-type":"","overlay-color":"","overlay-opacity":"","overlay-gradient":""}},"ngg_post_thumbnail":0,"footnotes":""},"acf":[],"uagb_featured_image_src":{"full":false,"thumbnail":false,"medium":false,"medium_large":false,"large":false,"1536x1536":false,"2048x2048":false},"uagb_author_info":{"display_name":"Redaktor","author_link":"https:\/\/kitchenlab4kids.ignatianum.edu.pl\/it\/author\/dstolarek\/"},"uagb_comment_info":0,"uagb_excerpt":"THEMATIC PATHWAYIl laboratorio del fornaio \u2013 Reazioni chimiche negli elementi quotidiani Obiettivi: Obiettivi trasversali: Risultati di apprendimento previsti Gli alunni saranno in grado di: La struttura del percorso di apprendimento Fase I Misurare la temperatura, impastare, capire il processo di lievitazione. Fase II Capire l\u2019osmosi e i processi energetici statici dietro gli ingredienti di cottura;&hellip;","_links":{"self":[{"href":"https:\/\/kitchenlab4kids.ignatianum.edu.pl\/it\/wp-json\/wp\/v2\/pages\/6594"}],"collection":[{"href":"https:\/\/kitchenlab4kids.ignatianum.edu.pl\/it\/wp-json\/wp\/v2\/pages"}],"about":[{"href":"https:\/\/kitchenlab4kids.ignatianum.edu.pl\/it\/wp-json\/wp\/v2\/types\/page"}],"author":[{"embeddable":true,"href":"https:\/\/kitchenlab4kids.ignatianum.edu.pl\/it\/wp-json\/wp\/v2\/users\/3"}],"replies":[{"embeddable":true,"href":"https:\/\/kitchenlab4kids.ignatianum.edu.pl\/it\/wp-json\/wp\/v2\/comments?post=6594"}],"version-history":[{"count":2,"href":"https:\/\/kitchenlab4kids.ignatianum.edu.pl\/it\/wp-json\/wp\/v2\/pages\/6594\/revisions"}],"predecessor-version":[{"id":6600,"href":"https:\/\/kitchenlab4kids.ignatianum.edu.pl\/it\/wp-json\/wp\/v2\/pages\/6594\/revisions\/6600"}],"up":[{"embeddable":true,"href":"https:\/\/kitchenlab4kids.ignatianum.edu.pl\/it\/wp-json\/wp\/v2\/pages\/7581"}],"wp:attachment":[{"href":"https:\/\/kitchenlab4kids.ignatianum.edu.pl\/it\/wp-json\/wp\/v2\/media?parent=6594"}],"curies":[{"name":"wp","href":"https:\/\/api.w.org\/{rel}","templated":true}]}}