{"id":1082,"date":"2023-09-13T13:22:20","date_gmt":"2023-09-13T11:22:20","guid":{"rendered":"https:\/\/kitchenlab4kids.uniwersytet.ignatianum.edu.pl\/?page_id=1082"},"modified":"2024-01-26T08:52:31","modified_gmt":"2024-01-26T06:52:31","slug":"ankieta-dla-nauczycieli","status":"publish","type":"page","link":"https:\/\/kitchenlab4kids.ignatianum.edu.pl\/pl\/ankieta-dla-nauczycieli\/","title":{"rendered":"Ankieta dla nauczycieli"},"content":{"rendered":"\n<h2 class=\"wp-block-heading has-text-align-left\">STEM i GOTOWANIE w przedszkolu<\/h2>\n\n\n\n<p class=\"has-text-align-left\">Celem tego badania jest zebranie opinii nauczycieli na temat mo\u017cliwo\u015bci rozwijania umiej\u0119tno\u015bci\/zdolno\u015bci STEM we wczesnej edukacji.<\/p>\n\n\n\n<p class=\"has-text-align-left\"><strong>Daj nam zna\u0107, co my\u015blisz!<\/strong><\/p>\n\n\n\n<div class=\"wp-block-columns is-layout-flex wp-container-core-columns-is-layout-1 wp-block-columns-is-layout-flex\">\n<div class=\"wp-block-column is-layout-flow wp-block-column-is-layout-flow\" style=\"flex-basis:33.33%\">\n<figure class=\"wp-block-image alignleft size-full\"><img decoding=\"async\" width=\"400\" height=\"304\" src=\"https:\/\/kitchenlab4kids.uniwersytet.ignatianum.edu.pl\/wp-content\/uploads\/sites\/20\/2023\/09\/survey-PL.png\" alt=\"\" class=\"wp-image-1085\" srcset=\"https:\/\/kitchenlab4kids.ignatianum.edu.pl\/wp-content\/uploads\/sites\/20\/2023\/09\/survey-PL.png 400w, https:\/\/kitchenlab4kids.ignatianum.edu.pl\/wp-content\/uploads\/sites\/20\/2023\/09\/survey-PL-300x228.png 300w\" sizes=\"(max-width: 400px) 100vw, 400px\" \/><\/figure>\n<\/div>\n\n\n\n<div class=\"wp-block-column is-layout-flow wp-block-column-is-layout-flow\" style=\"flex-basis:66.66%\">\n<p class=\"has-text-align-left\"><em>Czy mo\u017cliwe jest rozwijanie umiej\u0119tno\u015bci STEM we wczesnym dzieci\u0144stwie? Czy mo\u017cna znale\u017a\u0107 zwi\u0105zki mi\u0119dzy edukacj\u0105 STEM a kuchni\u0105 i gotowaniem?<\/em><\/p>\n\n\n\n<p class=\"has-text-align-left\">Pom\u00f3\u017c nam zaprojektowa\u0107 nowy program nauczania. Dzi\u0119kujemy!<\/p>\n\n\n\n<div class=\"wp-block-buttons is-content-justification-left is-layout-flex wp-container-core-buttons-is-layout-1 wp-block-buttons-is-layout-flex\">\n<div class=\"wp-block-button\"><a class=\"wp-block-button__link has-text-align-center wp-element-button\" href=\"https:\/\/docs.google.com\/forms\/d\/e\/1FAIpQLSf2WAGYrStMg6YC36mBo-zpOgUwi-kdPhe2x11JHi590xkntA\/viewform\">We\u017a udzia\u0142 w ankiecie K4K<\/a><\/div>\n<\/div>\n<\/div>\n<\/div>\n<!-- PMB print buttons is only displayed on a single post\/page URLs-->","protected":false},"excerpt":{"rendered":"STEM i GOTOWANIE w przedszkolu Celem tego badania jest zebranie opinii nauczycieli na temat mo\u017cliwo\u015bci rozwijania umiej\u0119tno\u015bci\/zdolno\u015bci STEM we wczesnej edukacji. Daj nam zna\u0107, co my\u015blisz! Czy mo\u017cliwe jest rozwijanie umiej\u0119tno\u015bci STEM we wczesnym dzieci\u0144stwie? Czy mo\u017cna znale\u017a\u0107 zwi\u0105zki mi\u0119dzy edukacj\u0105 STEM a kuchni\u0105 i gotowaniem? Pom\u00f3\u017c nam zaprojektowa\u0107 nowy program nauczania. [&hellip;]","protected":false},"author":7,"featured_media":0,"parent":0,"menu_order":0,"comment_status":"closed","ping_status":"closed","template":"","meta":{"_acf_changed":false,"_uag_custom_page_level_css":"","site-sidebar-layout":"default","site-content-layout":"","ast-site-content-layout":"","site-content-style":"default","site-sidebar-style":"default","ast-global-header-display":"","ast-banner-title-visibility":"","ast-main-header-display":"","ast-hfb-above-header-display":"","ast-hfb-below-header-display":"","ast-hfb-mobile-header-display":"","site-post-title":"","ast-breadcrumbs-content":"","ast-featured-img":"","footer-sml-layout":"","theme-transparent-header-meta":"","adv-header-id-meta":"","stick-header-meta":"","header-above-stick-meta":"","header-main-stick-meta":"","header-below-stick-meta":"","astra-migrate-meta-layouts":"default","ast-page-background-enabled":"default","ast-page-background-meta":{"desktop":{"background-color":"var(--ast-global-color-4)","background-image":"","background-repeat":"repeat","background-position":"center center","background-size":"auto","background-attachment":"scroll","background-type":"","background-media":"","overlay-type":"","overlay-color":"","overlay-opacity":"","overlay-gradient":""},"tablet":{"background-color":"","background-image":"","background-repeat":"repeat","background-position":"center center","background-size":"auto","background-attachment":"scroll","background-type":"","background-media":"","overlay-type":"","overlay-color":"","overlay-opacity":"","overlay-gradient":""},"mobile":{"background-color":"","background-image":"","background-repeat":"repeat","background-position":"center center","background-size":"auto","background-attachment":"scroll","background-type":"","background-media":"","overlay-type":"","overlay-color":"","overlay-opacity":"","overlay-gradient":""}},"ast-content-background-meta":{"desktop":{"background-color":"var(--ast-global-color-5)","background-image":"","background-repeat":"repeat","background-position":"center center","background-size":"auto","background-attachment":"scroll","background-type":"","background-media":"","overlay-type":"","overlay-color":"","overlay-opacity":"","overlay-gradient":""},"tablet":{"background-color":"var(--ast-global-color-5)","background-image":"","background-repeat":"repeat","background-position":"center center","background-size":"auto","background-attachment":"scroll","background-type":"","background-media":"","overlay-type":"","overlay-color":"","overlay-opacity":"","overlay-gradient":""},"mobile":{"background-color":"var(--ast-global-color-5)","background-image":"","background-repeat":"repeat","background-position":"center center","background-size":"auto","background-attachment":"scroll","background-type":"","background-media":"","overlay-type":"","overlay-color":"","overlay-opacity":"","overlay-gradient":""}},"ngg_post_thumbnail":0,"footnotes":""},"acf":[],"uagb_featured_image_src":{"full":false,"thumbnail":false,"medium":false,"medium_large":false,"large":false,"1536x1536":false,"2048x2048":false},"uagb_author_info":{"display_name":"pszczubelek","author_link":"https:\/\/kitchenlab4kids.ignatianum.edu.pl\/pl\/author\/pszczubelek\/"},"uagb_comment_info":0,"uagb_excerpt":"STEM i GOTOWANIE w przedszkolu Celem tego badania jest zebranie opinii nauczycieli na temat mo\u017cliwo\u015bci rozwijania umiej\u0119tno\u015bci\/zdolno\u015bci STEM we wczesnej edukacji. Daj nam zna\u0107, co my\u015blisz! Czy mo\u017cliwe jest rozwijanie umiej\u0119tno\u015bci STEM we wczesnym dzieci\u0144stwie? Czy mo\u017cna znale\u017a\u0107 zwi\u0105zki mi\u0119dzy edukacj\u0105 STEM a kuchni\u0105 i gotowaniem? Pom\u00f3\u017c nam zaprojektowa\u0107 nowy program nauczania. [&hellip;]","_links":{"self":[{"href":"https:\/\/kitchenlab4kids.ignatianum.edu.pl\/pl\/wp-json\/wp\/v2\/pages\/1082"}],"collection":[{"href":"https:\/\/kitchenlab4kids.ignatianum.edu.pl\/pl\/wp-json\/wp\/v2\/pages"}],"about":[{"href":"https:\/\/kitchenlab4kids.ignatianum.edu.pl\/pl\/wp-json\/wp\/v2\/types\/page"}],"author":[{"embeddable":true,"href":"https:\/\/kitchenlab4kids.ignatianum.edu.pl\/pl\/wp-json\/wp\/v2\/users\/7"}],"replies":[{"embeddable":true,"href":"https:\/\/kitchenlab4kids.ignatianum.edu.pl\/pl\/wp-json\/wp\/v2\/comments?post=1082"}],"version-history":[{"count":8,"href":"https:\/\/kitchenlab4kids.ignatianum.edu.pl\/pl\/wp-json\/wp\/v2\/pages\/1082\/revisions"}],"predecessor-version":[{"id":8805,"href":"https:\/\/kitchenlab4kids.ignatianum.edu.pl\/pl\/wp-json\/wp\/v2\/pages\/1082\/revisions\/8805"}],"wp:attachment":[{"href":"https:\/\/kitchenlab4kids.ignatianum.edu.pl\/pl\/wp-json\/wp\/v2\/media?parent=1082"}],"curies":[{"name":"wp","href":"https:\/\/api.w.org\/{rel}","templated":true}]}}