{"id":1112,"date":"2023-09-13T13:40:20","date_gmt":"2023-09-13T11:40:20","guid":{"rendered":"https:\/\/kitchenlab4kids.uniwersytet.ignatianum.edu.pl\/?page_id=1112"},"modified":"2023-10-02T10:35:23","modified_gmt":"2023-10-02T08:35:23","slug":"przeglad-literatury","status":"publish","type":"page","link":"https:\/\/kitchenlab4kids.ignatianum.edu.pl\/pl\/przeglad-literatury\/","title":{"rendered":"Przegl\u0105d literatury"},"content":{"rendered":"\n<ul>\n<li><a href=\"https:\/\/docs.google.com\/spreadsheets\/d\/1cpQ-P5NVWhXGvQofd_2PdI1iv6t8WjsoRRUhnexRUPM\/edit#gid=199798365&amp;range=A4\" target=\"_blank\" rel=\"noreferrer noopener\"><strong>Edukacja STEM a aktywno\u015b\u0107 poznawcza dziecka w wieku przedszkolnym<\/strong><\/a>, 2019, Iwona Samborska<br>Relevant keywords: edukacja STEM, ciekawo\u015b\u0107 poznawcza, potencja\u0142 naukowy dziecka, edukacja przedszkolna, program edukacji przedszkolnej<\/li>\n\n\n\n<li><a href=\"https:\/\/docs.google.com\/spreadsheets\/d\/1cpQ-P5NVWhXGvQofd_2PdI1iv6t8WjsoRRUhnexRUPM\/edit#gid=199798365&amp;range=A5\" target=\"_blank\" rel=\"noreferrer noopener\"><strong>Fascynuj\u0105ce eksperymenty naukowe<\/strong><\/a>, 2017, Thomas Canavan<\/li>\n\n\n\n<li><a href=\"https:\/\/docs.google.com\/spreadsheets\/d\/1cpQ-P5NVWhXGvQofd_2PdI1iv6t8WjsoRRUhnexRUPM\/edit#gid=199798365&amp;range=A6\" target=\"_blank\" rel=\"noreferrer noopener\"><strong>Guzik z mleka czyli fantastyczne eksperymenty dla ciekawych \u015bwiata<\/strong><\/a>, 2018, Krzysztof Zi\u0119ba<\/li>\n\n\n\n<li><a href=\"https:\/\/docs.google.com\/spreadsheets\/d\/1cpQ-P5NVWhXGvQofd_2PdI1iv6t8WjsoRRUhnexRUPM\/edit#gid=199798365&amp;range=A7\" target=\"_blank\" rel=\"noreferrer noopener\"><strong>I Ty mo\u017cesz zosta\u0107 naukowcem. Pomy\u015bl i zr\u00f3b. Do\u015bwiadczenia naukowe<\/strong><\/a>, 2018, Rafa\u0142 Jakubowski, Miros\u0142aw \u0141o\u015b, Kazimierz Paprzycki<\/li>\n\n\n\n<li><a href=\"https:\/\/docs.google.com\/spreadsheets\/d\/1cpQ-P5NVWhXGvQofd_2PdI1iv6t8WjsoRRUhnexRUPM\/edit#gid=199798365&amp;range=A8\" target=\"_blank\" rel=\"noreferrer noopener\"><strong>Narracje w edukacji STEM<\/strong><\/a>, 2019, Irmina Rostek<br>Relevant keywords: Narracje, edukacja STEM, zainteresowanie, zaanga\u017cowanie, przedszkole<\/li>\n\n\n\n<li><a href=\"https:\/\/docs.google.com\/spreadsheets\/d\/1cpQ-P5NVWhXGvQofd_2PdI1iv6t8WjsoRRUhnexRUPM\/edit#gid=199798365&amp;range=A9\" target=\"_blank\" rel=\"noreferrer noopener\"><strong>Nowe trendy w edukacji \u2013 koncepcja \u201eg\u0142\u0119bokiego uczenia si\u0119\u201d<\/strong><\/a>, 2018, Emilia Musia\u0142<br>Relevant keywords: Nowe trendy umiej\u0119tno\u015b\u0107 kodowania STEAM przestrze\u0144 edukacyjna mierzenie post\u0119p\u00f3w w nauce kultura innowacji g\u0142\u0119bokie uczenie si\u0119 metoda problemowa (PBL) uczenie oparte na wyzwaniach (CBL) ocenianie kszta\u0142tuj\u0105ce<\/li>\n\n\n\n<li><a href=\"https:\/\/docs.google.com\/spreadsheets\/d\/1cpQ-P5NVWhXGvQofd_2PdI1iv6t8WjsoRRUhnexRUPM\/edit#gid=199798365&amp;range=A10\" target=\"_blank\" rel=\"noreferrer noopener\"><strong>Rozwijanie my\u015blenia naukowego jako istotne zadanie edukacyjne wspieraj\u0105ce harmonijny rozw\u00f3j dziecka w wieku przedszkolnym<\/strong><\/a>, 2019, Ewa Arleta Kos<br>Relevant keywords: Key competences, STEAM education, scientific thinking, kindergarten, development of thinking in children, kompetencje kluczowe, edukacja STEAM, my\u015blenie naukowe, przedszkole, rozw\u00f3j my\u015blenia dzieci<\/li>\n\n\n\n<li><a href=\"https:\/\/docs.google.com\/spreadsheets\/d\/1cpQ-P5NVWhXGvQofd_2PdI1iv6t8WjsoRRUhnexRUPM\/edit#gid=199798365&amp;range=A11\" target=\"_blank\" rel=\"noreferrer noopener\"><strong>STEAM-owe Lekcje<\/strong><\/a>, 2018, Marlena Pleba\u0144ska, Katarzyna Troja\u0144ska<\/li>\n\n\n\n<li><a href=\"https:\/\/docs.google.com\/spreadsheets\/d\/1cpQ-P5NVWhXGvQofd_2PdI1iv6t8WjsoRRUhnexRUPM\/edit#gid=199798365&amp;range=A12\" target=\"_blank\" rel=\"noreferrer noopener\"><strong>STEM \u2013 edukacja przyszlo\u015bci<\/strong><\/a>, 2018, Marlena Pleba\u0144ska<\/li>\n\n\n\n<li><a href=\"https:\/\/docs.google.com\/spreadsheets\/d\/1cpQ-P5NVWhXGvQofd_2PdI1iv6t8WjsoRRUhnexRUPM\/edit#gid=199798365&amp;range=A13\" target=\"_blank\" rel=\"noreferrer noopener\"><strong>W poszukiwaniu uwarunkowa\u0144 trwa\u0142ego wprowadzenia STEM\/STEAM w polskich szko\u0142ach<\/strong><\/a>, 2019, Rafa\u0142 Jakubowski, Marek Piotrowski<br>Relevant keywords: STEM, edukacja progresywistyczna, model 5E, model 8-punktowy<\/li>\n\n\n\n<li><a href=\"https:\/\/docs.google.com\/spreadsheets\/d\/1cpQ-P5NVWhXGvQofd_2PdI1iv6t8WjsoRRUhnexRUPM\/edit#gid=199798365&amp;range=A14\" target=\"_blank\" rel=\"noreferrer noopener\"><strong>Wielkie eksperymenty dla ma\u0142ych ludzi<\/strong><\/a>, 2016, Wojciech Miko\u0142uszko<\/li>\n<\/ul>\n<!-- PMB print buttons is only displayed on a single post\/page URLs-->","protected":false},"excerpt":{"rendered":" [&hellip;]","protected":false},"author":7,"featured_media":0,"parent":0,"menu_order":0,"comment_status":"closed","ping_status":"closed","template":"","meta":{"_acf_changed":false,"_uag_custom_page_level_css":"","site-sidebar-layout":"default","site-content-layout":"","ast-site-content-layout":"","site-content-style":"default","site-sidebar-style":"default","ast-global-header-display":"","ast-banner-title-visibility":"","ast-main-header-display":"","ast-hfb-above-header-display":"","ast-hfb-below-header-display":"","ast-hfb-mobile-header-display":"","site-post-title":"","ast-breadcrumbs-content":"","ast-featured-img":"","footer-sml-layout":"","theme-transparent-header-meta":"","adv-header-id-meta":"","stick-header-meta":"","header-above-stick-meta":"","header-main-stick-meta":"","header-below-stick-meta":"","astra-migrate-meta-layouts":"default","ast-page-background-enabled":"default","ast-page-background-meta":{"desktop":{"background-color":"var(--ast-global-color-4)","background-image":"","background-repeat":"repeat","background-position":"center center","background-size":"auto","background-attachment":"scroll","background-type":"","background-media":"","overlay-type":"","overlay-color":"","overlay-opacity":"","overlay-gradient":""},"tablet":{"background-color":"","background-image":"","background-repeat":"repeat","background-position":"center center","background-size":"auto","background-attachment":"scroll","background-type":"","background-media":"","overlay-type":"","overlay-color":"","overlay-opacity":"","overlay-gradient":""},"mobile":{"background-color":"","background-image":"","background-repeat":"repeat","background-position":"center center","background-size":"auto","background-attachment":"scroll","background-type":"","background-media":"","overlay-type":"","overlay-color":"","overlay-opacity":"","overlay-gradient":""}},"ast-content-background-meta":{"desktop":{"background-color":"var(--ast-global-color-5)","background-image":"","background-repeat":"repeat","background-position":"center center","background-size":"auto","background-attachment":"scroll","background-type":"","background-media":"","overlay-type":"","overlay-color":"","overlay-opacity":"","overlay-gradient":""},"tablet":{"background-color":"var(--ast-global-color-5)","background-image":"","background-repeat":"repeat","background-position":"center center","background-size":"auto","background-attachment":"scroll","background-type":"","background-media":"","overlay-type":"","overlay-color":"","overlay-opacity":"","overlay-gradient":""},"mobile":{"background-color":"var(--ast-global-color-5)","background-image":"","background-repeat":"repeat","background-position":"center center","background-size":"auto","background-attachment":"scroll","background-type":"","background-media":"","overlay-type":"","overlay-color":"","overlay-opacity":"","overlay-gradient":""}},"ngg_post_thumbnail":0,"footnotes":""},"acf":[],"uagb_featured_image_src":{"full":false,"thumbnail":false,"medium":false,"medium_large":false,"large":false,"1536x1536":false,"2048x2048":false},"uagb_author_info":{"display_name":"pszczubelek","author_link":"https:\/\/kitchenlab4kids.ignatianum.edu.pl\/pl\/author\/pszczubelek\/"},"uagb_comment_info":0,"uagb_excerpt":"[&hellip;]","_links":{"self":[{"href":"https:\/\/kitchenlab4kids.ignatianum.edu.pl\/pl\/wp-json\/wp\/v2\/pages\/1112"}],"collection":[{"href":"https:\/\/kitchenlab4kids.ignatianum.edu.pl\/pl\/wp-json\/wp\/v2\/pages"}],"about":[{"href":"https:\/\/kitchenlab4kids.ignatianum.edu.pl\/pl\/wp-json\/wp\/v2\/types\/page"}],"author":[{"embeddable":true,"href":"https:\/\/kitchenlab4kids.ignatianum.edu.pl\/pl\/wp-json\/wp\/v2\/users\/7"}],"replies":[{"embeddable":true,"href":"https:\/\/kitchenlab4kids.ignatianum.edu.pl\/pl\/wp-json\/wp\/v2\/comments?post=1112"}],"version-history":[{"count":4,"href":"https:\/\/kitchenlab4kids.ignatianum.edu.pl\/pl\/wp-json\/wp\/v2\/pages\/1112\/revisions"}],"predecessor-version":[{"id":5841,"href":"https:\/\/kitchenlab4kids.ignatianum.edu.pl\/pl\/wp-json\/wp\/v2\/pages\/1112\/revisions\/5841"}],"wp:attachment":[{"href":"https:\/\/kitchenlab4kids.ignatianum.edu.pl\/pl\/wp-json\/wp\/v2\/media?parent=1112"}],"curies":[{"name":"wp","href":"https:\/\/api.w.org\/{rel}","templated":true}]}}