{"id":1122,"date":"2023-09-13T13:50:26","date_gmt":"2023-09-13T11:50:26","guid":{"rendered":"https:\/\/kitchenlab4kids.uniwersytet.ignatianum.edu.pl\/?page_id=1122"},"modified":"2023-09-22T11:10:41","modified_gmt":"2023-09-22T09:10:41","slug":"formularz-oceny","status":"publish","type":"page","link":"https:\/\/kitchenlab4kids.ignatianum.edu.pl\/pl\/formularz-oceny\/","title":{"rendered":"Formularz oceny"},"content":{"rendered":"\n<h2 class=\"wp-block-heading has-text-align-center\">Formularz oceny wybranych zasob\u00f3w<\/h2>\n\n\n\n<p class=\"has-text-align-center\">Czy jeste\u015b zaanga\u017cowany w spo\u0142eczno\u015b\u0107&nbsp;KitchenLab4Kids&nbsp;? z zakresem ewaluacji wybranych przez partnerstwo zasob\u00f3w dydaktycznych?<\/p>\n\n\n\n<p class=\"has-text-align-center\">Prosimy o udzielenie odpowiedzi w tej ankiecie w odniesieniu do ka\u017cdego z testowanych zasob\u00f3w. Twoje opinie b\u0119d\u0105 pomocne w ocenie, jakie s\u0105 najlepsze sposoby wykorzystania wybranych zasob\u00f3w.<\/p>\n\n\n\n<div class=\"wp-block-uagb-container uagb-block-385fedbd alignfull uagb-is-root-container\"><div class=\"uagb-container-inner-blocks-wrap\">\n<div class=\"wp-block-uagb-info-box uagb-block-6154e5f2 uagb-infobox__content-wrap  uagb-infobox-icon-above-title uagb-infobox-image-valign-top\"><div class=\"uagb-ifb-content\"><div class=\"uagb-ifb-image-content\"><img decoding=\"async\" src=\"http:\/\/kitchenlab4kids.uniwersytet.ignatianum.edu.pl\/wp-content\/uploads\/sites\/20\/2023\/09\/survey-PL-150x150.png\" alt=\"Formularz Polski\" width=\"\" height=\"0\" loading=\"lazy\" \/><\/div><div class=\"uagb-ifb-title-wrap\"><h3 class=\"uagb-ifb-title\"><a href=\"https:\/\/docs.google.com\/forms\/d\/e\/1FAIpQLSepA6cDdvQ_RZ2bdZoIIxQ1yPjaIS5qaAXLBJAKRWe0EwaDxA\/viewform?usp=send_form\">Polski Formularz<\/a><\/h3><\/div><\/div><\/div>\n<\/div><\/div>\n<!-- PMB print buttons is only displayed on a single post\/page URLs-->","protected":false},"excerpt":{"rendered":"Formularz oceny wybranych zasob\u00f3w Czy jeste\u015b zaanga\u017cowany w spo\u0142eczno\u015b\u0107&nbsp;KitchenLab4Kids&nbsp;? z zakresem ewaluacji wybranych przez partnerstwo zasob\u00f3w dydaktycznych? Prosimy o udzielenie odpowiedzi w tej ankiecie w odniesieniu do ka\u017cdego z testowanych zasob\u00f3w. Twoje opinie b\u0119d\u0105 pomocne w ocenie, jakie s\u0105 najlepsze sposoby wykorzystania wybranych [&hellip;]","protected":false},"author":7,"featured_media":0,"parent":0,"menu_order":0,"comment_status":"closed","ping_status":"closed","template":"","meta":{"_acf_changed":false,"_uag_custom_page_level_css":"","site-sidebar-layout":"default","site-content-layout":"","ast-site-content-layout":"","site-content-style":"default","site-sidebar-style":"default","ast-global-header-display":"","ast-banner-title-visibility":"","ast-main-header-display":"","ast-hfb-above-header-display":"","ast-hfb-below-header-display":"","ast-hfb-mobile-header-display":"","site-post-title":"","ast-breadcrumbs-content":"","ast-featured-img":"","footer-sml-layout":"","theme-transparent-header-meta":"","adv-header-id-meta":"","stick-header-meta":"","header-above-stick-meta":"","header-main-stick-meta":"","header-below-stick-meta":"","astra-migrate-meta-layouts":"default","ast-page-background-enabled":"default","ast-page-background-meta":{"desktop":{"background-color":"var(--ast-global-color-4)","background-image":"","background-repeat":"repeat","background-position":"center center","background-size":"auto","background-attachment":"scroll","background-type":"","background-media":"","overlay-type":"","overlay-color":"","overlay-opacity":"","overlay-gradient":""},"tablet":{"background-color":"","background-image":"","background-repeat":"repeat","background-position":"center center","background-size":"auto","background-attachment":"scroll","background-type":"","background-media":"","overlay-type":"","overlay-color":"","overlay-opacity":"","overlay-gradient":""},"mobile":{"background-color":"","background-image":"","background-repeat":"repeat","background-position":"center center","background-size":"auto","background-attachment":"scroll","background-type":"","background-media":"","overlay-type":"","overlay-color":"","overlay-opacity":"","overlay-gradient":""}},"ast-content-background-meta":{"desktop":{"background-color":"var(--ast-global-color-5)","background-image":"","background-repeat":"repeat","background-position":"center center","background-size":"auto","background-attachment":"scroll","background-type":"","background-media":"","overlay-type":"","overlay-color":"","overlay-opacity":"","overlay-gradient":""},"tablet":{"background-color":"var(--ast-global-color-5)","background-image":"","background-repeat":"repeat","background-position":"center center","background-size":"auto","background-attachment":"scroll","background-type":"","background-media":"","overlay-type":"","overlay-color":"","overlay-opacity":"","overlay-gradient":""},"mobile":{"background-color":"var(--ast-global-color-5)","background-image":"","background-repeat":"repeat","background-position":"center center","background-size":"auto","background-attachment":"scroll","background-type":"","background-media":"","overlay-type":"","overlay-color":"","overlay-opacity":"","overlay-gradient":""}},"ngg_post_thumbnail":0,"footnotes":""},"acf":[],"uagb_featured_image_src":{"full":false,"thumbnail":false,"medium":false,"medium_large":false,"large":false,"1536x1536":false,"2048x2048":false},"uagb_author_info":{"display_name":"pszczubelek","author_link":"https:\/\/kitchenlab4kids.ignatianum.edu.pl\/pl\/author\/pszczubelek\/"},"uagb_comment_info":0,"uagb_excerpt":"Formularz oceny wybranych zasob\u00f3w Czy jeste\u015b zaanga\u017cowany w spo\u0142eczno\u015b\u0107&nbsp;KitchenLab4Kids&nbsp;? z zakresem ewaluacji wybranych przez partnerstwo zasob\u00f3w dydaktycznych? Prosimy o udzielenie odpowiedzi w tej ankiecie w odniesieniu do ka\u017cdego z testowanych zasob\u00f3w. Twoje opinie b\u0119d\u0105 pomocne w ocenie, jakie s\u0105 najlepsze sposoby wykorzystania wybranych [&hellip;]","_links":{"self":[{"href":"https:\/\/kitchenlab4kids.ignatianum.edu.pl\/pl\/wp-json\/wp\/v2\/pages\/1122"}],"collection":[{"href":"https:\/\/kitchenlab4kids.ignatianum.edu.pl\/pl\/wp-json\/wp\/v2\/pages"}],"about":[{"href":"https:\/\/kitchenlab4kids.ignatianum.edu.pl\/pl\/wp-json\/wp\/v2\/types\/page"}],"author":[{"embeddable":true,"href":"https:\/\/kitchenlab4kids.ignatianum.edu.pl\/pl\/wp-json\/wp\/v2\/users\/7"}],"replies":[{"embeddable":true,"href":"https:\/\/kitchenlab4kids.ignatianum.edu.pl\/pl\/wp-json\/wp\/v2\/comments?post=1122"}],"version-history":[{"count":5,"href":"https:\/\/kitchenlab4kids.ignatianum.edu.pl\/pl\/wp-json\/wp\/v2\/pages\/1122\/revisions"}],"predecessor-version":[{"id":5916,"href":"https:\/\/kitchenlab4kids.ignatianum.edu.pl\/pl\/wp-json\/wp\/v2\/pages\/1122\/revisions\/5916"}],"wp:attachment":[{"href":"https:\/\/kitchenlab4kids.ignatianum.edu.pl\/pl\/wp-json\/wp\/v2\/media?parent=1122"}],"curies":[{"name":"wp","href":"https:\/\/api.w.org\/{rel}","templated":true}]}}