{"id":1128,"date":"2023-09-13T14:09:43","date_gmt":"2023-09-13T12:09:43","guid":{"rendered":"https:\/\/kitchenlab4kids.uniwersytet.ignatianum.edu.pl\/?page_id=1128"},"modified":"2023-09-22T11:24:05","modified_gmt":"2023-09-22T09:24:05","slug":"praktyki-i-nauka","status":"publish","type":"page","link":"https:\/\/kitchenlab4kids.ignatianum.edu.pl\/pl\/praktyki-i-nauka\/","title":{"rendered":"Praktyki i nauka"},"content":{"rendered":"\n<h2 class=\"wp-block-heading has-text-align-center\">Spo\u0142eczno\u015b\u0107 praktyk i uczenia si\u0119<\/h2>\n\n\n\n<p>Platforma K4K zosta\u0142a zaprojektowana w celu zapewnienia zasob\u00f3w z obszaru uczenia si\u0119 STEM\/nauczania STEM we wczesnej edukacji (pomys\u0142y, przyk\u0142ady dobrych praktyk, lekcje wideo, literatura, wyniki pracy dzieci itp.) materia\u0142\u00f3w, przesy\u0142anie nowych materia\u0142\u00f3w, dzielenie si\u0119 do\u015bwiadczeniami, wspieranie procesu uczenia si\u0119 mi\u0119dzykulturowego dla nauczycieli przed i w trakcie pracy.<\/p>\n\n\n\n<p>Partnerzy K4K chc\u0105 wspiera\u0107 rozw\u00f3j spo\u0142eczno\u015bci z\u0142o\u017conej z edukator\u00f3w, sta\u017cyst\u00f3w, nauczycieli i badaczy, ale tak\u017ce rodzic\u00f3w, kt\u00f3ra pozostanie otwarta po zako\u0144czeniu projektu i obejmie r\u00f3wnie\u017c u\u017cytkownik\u00f3w nieuczestnicz\u0105cych bezpo\u015brednio lub po\u015brednio w projekcie.<\/p>\n\n\n\n<p>Za po\u015brednictwem tej platformy cz\u0142onkowie spo\u0142eczno\u015bci mog\u0105 uzyska\u0107 dost\u0119p do zasob\u00f3w online, kt\u00f3re zosta\u0142y ju\u017c opisane i ocenione, mog\u0105 dzieli\u0107 si\u0119 swoimi opiniami i, co najcenniejsze dla innych cz\u0142onk\u00f3w, mog\u0105 opisywa\u0107 swoje do\u015bwiadczenia z wykorzystaniem eksperyment\u00f3w STEM: jakie trudno\u015bci, jakie rozwi\u0105zania lub po prostu jakie alternatywy zosta\u0142y przyj\u0119te. To proste, wystarczy uzyska\u0107 dost\u0119p do pola edycji dost\u0119pnego pod ka\u017cdym zasobem.<\/p>\n\n\n\n<p>Wiele zasob\u00f3w zosta\u0142o ju\u017c wykorzystanych do testowania przez student\u00f3w i nauczycieli akademickich, przy wsparciu ekspert\u00f3w K4K: wiele oryginalnych film\u00f3w i prezentacji zostanie opublikowanych na kanale youtube K4K i b\u0119dzie dost\u0119pnych na tych stronach.<\/p>\n\n\n\n<p class=\"has-text-align-center\"><a href=\"http:\/\/kitchenlab4kids.eu\/?page_id=1175%2F#login\">Zarejestruj si\u0119 na platformie K4K i do\u0142\u0105cz do spo\u0142eczno\u015bci!<\/a><\/p>\n\n\n\n<p><\/p>\n\n\n\n<h2 class=\"wp-block-heading has-text-align-center\">Ramy opisu jednostki edukacyjnej<\/h2>\n\n\n\n<p>Czy by\u0142e\u015b zaanga\u017cowany w spo\u0142eczno\u015b\u0107 praktyk\u00f3w KitchenLab4Kids, aby przyczyni\u0107 si\u0119 do rozwoju zestawu dydaktycznego?<\/p>\n\n\n\n<ol>\n<li>Zaprojektuj w\u0142asny zas\u00f3b dydaktyczny<\/li>\n\n\n\n<li>Pobierz dokument poni\u017cej<\/li>\n\n\n\n<li>Wype\u0142nij plan lekcji<\/li>\n\n\n\n<li>Pozosta\u0144 w kontakcie ze swoim nauczycielem referencyjnym<\/li>\n<\/ol>\n\n\n\n<div class=\"wp-block-buttons is-content-justification-center is-layout-flex wp-container-core-buttons-is-layout-1 wp-block-buttons-is-layout-flex\">\n<div class=\"wp-block-button\"><a class=\"wp-block-button__link wp-element-button\" href=\"http:\/\/kitchenlab4kids.uniwersytet.ignatianum.edu.pl\/wp-content\/uploads\/sites\/20\/2023\/09\/Framework-learning-unit-PL.doc\">Formularz po polsku<\/a><\/div>\n<\/div>\n<!-- PMB print buttons is only displayed on a single post\/page URLs-->","protected":false},"excerpt":{"rendered":"Spo\u0142eczno\u015b\u0107 praktyk i uczenia si\u0119 Platforma K4K zosta\u0142a zaprojektowana w celu zapewnienia zasob\u00f3w z obszaru uczenia si\u0119 STEM\/nauczania STEM we wczesnej edukacji (pomys\u0142y, przyk\u0142ady dobrych praktyk, lekcje wideo, literatura, wyniki pracy dzieci itp.) materia\u0142\u00f3w, przesy\u0142anie nowych materia\u0142\u00f3w, dzielenie si\u0119 do\u015bwiadczeniami, wspieranie procesu uczenia si\u0119 mi\u0119dzykulturowego dla nauczycieli przed i w trakcie pracy. Partnerzy K4K chc\u0105 wspiera\u0107 rozw\u00f3j spo\u0142eczno\u015bci z\u0142o\u017conej z edukator\u00f3w, sta\u017cyst\u00f3w, nauczycieli i badaczy, ale tak\u017ce rodzic\u00f3w, kt\u00f3ra pozostanie otwarta po zako\u0144czeniu projektu i obejmie r\u00f3wnie\u017c u\u017cytkownik\u00f3w nieuczestnicz\u0105cych bezpo\u015brednio lub po\u015brednio w projekcie. Za po\u015brednictwem tej platformy cz\u0142onkowie spo\u0142eczno\u015bci mog\u0105 uzyska\u0107 dost\u0119p do zasob\u00f3w online, kt\u00f3re zosta\u0142y ju\u017c opisane i ocenione, mog\u0105 dzieli\u0107 si\u0119 swoimi opiniami i, co najcenniejsze dla innych cz\u0142onk\u00f3w, mog\u0105 opisywa\u0107 swoje do\u015bwiadczenia z wykorzystaniem eksperyment\u00f3w STEM: jakie trudno\u015bci, jakie rozwi\u0105zania lub po prostu jakie alternatywy zosta\u0142y przyj\u0119te. To proste, wystarczy uzyska\u0107 dost\u0119p do pola edycji dost\u0119pnego pod ka\u017cdym zasobem. Wiele zasob\u00f3w zosta\u0142o ju\u017c wykorzystanych do testowania przez student\u00f3w i nauczycieli akademickich, przy wsparciu ekspert\u00f3w K4K: wiele oryginalnych film\u00f3w i prezentacji zostanie opublikowanych na kanale youtube K4K i b\u0119dzie dost\u0119pnych na tych stronach. Zarejestruj si\u0119 na platformie K4K i do\u0142\u0105cz do spo\u0142eczno\u015bci! Ramy opisu jednostki edukacyjnej Czy by\u0142e\u015b zaanga\u017cowany w spo\u0142eczno\u015b\u0107 praktyk\u00f3w KitchenLab4Kids, aby przyczyni\u0107 si\u0119 do rozwoju zestawu [&hellip;]","protected":false},"author":7,"featured_media":0,"parent":0,"menu_order":0,"comment_status":"closed","ping_status":"closed","template":"","meta":{"_acf_changed":false,"_uag_custom_page_level_css":"","site-sidebar-layout":"default","site-content-layout":"","ast-site-content-layout":"","site-content-style":"default","site-sidebar-style":"default","ast-global-header-display":"","ast-banner-title-visibility":"","ast-main-header-display":"","ast-hfb-above-header-display":"","ast-hfb-below-header-display":"","ast-hfb-mobile-header-display":"","site-post-title":"","ast-breadcrumbs-content":"","ast-featured-img":"","footer-sml-layout":"","theme-transparent-header-meta":"","adv-header-id-meta":"","stick-header-meta":"","header-above-stick-meta":"","header-main-stick-meta":"","header-below-stick-meta":"","astra-migrate-meta-layouts":"default","ast-page-background-enabled":"default","ast-page-background-meta":{"desktop":{"background-color":"var(--ast-global-color-4)","background-image":"","background-repeat":"repeat","background-position":"center center","background-size":"auto","background-attachment":"scroll","background-type":"","background-media":"","overlay-type":"","overlay-color":"","overlay-opacity":"","overlay-gradient":""},"tablet":{"background-color":"","background-image":"","background-repeat":"repeat","background-position":"center center","background-size":"auto","background-attachment":"scroll","background-type":"","background-media":"","overlay-type":"","overlay-color":"","overlay-opacity":"","overlay-gradient":""},"mobile":{"background-color":"","background-image":"","background-repeat":"repeat","background-position":"center center","background-size":"auto","background-attachment":"scroll","background-type":"","background-media":"","overlay-type":"","overlay-color":"","overlay-opacity":"","overlay-gradient":""}},"ast-content-background-meta":{"desktop":{"background-color":"var(--ast-global-color-5)","background-image":"","background-repeat":"repeat","background-position":"center center","background-size":"auto","background-attachment":"scroll","background-type":"","background-media":"","overlay-type":"","overlay-color":"","overlay-opacity":"","overlay-gradient":""},"tablet":{"background-color":"var(--ast-global-color-5)","background-image":"","background-repeat":"repeat","background-position":"center center","background-size":"auto","background-attachment":"scroll","background-type":"","background-media":"","overlay-type":"","overlay-color":"","overlay-opacity":"","overlay-gradient":""},"mobile":{"background-color":"var(--ast-global-color-5)","background-image":"","background-repeat":"repeat","background-position":"center center","background-size":"auto","background-attachment":"scroll","background-type":"","background-media":"","overlay-type":"","overlay-color":"","overlay-opacity":"","overlay-gradient":""}},"ngg_post_thumbnail":0,"footnotes":""},"acf":[],"uagb_featured_image_src":{"full":false,"thumbnail":false,"medium":false,"medium_large":false,"large":false,"1536x1536":false,"2048x2048":false},"uagb_author_info":{"display_name":"pszczubelek","author_link":"https:\/\/kitchenlab4kids.ignatianum.edu.pl\/pl\/author\/pszczubelek\/"},"uagb_comment_info":0,"uagb_excerpt":"Spo\u0142eczno\u015b\u0107 praktyk i uczenia si\u0119 Platforma K4K zosta\u0142a zaprojektowana w celu zapewnienia zasob\u00f3w z obszaru uczenia si\u0119 STEM\/nauczania STEM we wczesnej edukacji (pomys\u0142y, przyk\u0142ady dobrych praktyk, lekcje wideo, literatura, wyniki pracy dzieci itp.) materia\u0142\u00f3w, przesy\u0142anie nowych materia\u0142\u00f3w, dzielenie si\u0119 do\u015bwiadczeniami, wspieranie procesu uczenia si\u0119 mi\u0119dzykulturowego dla nauczycieli przed i w trakcie pracy. Partnerzy K4K chc\u0105&hellip;","_links":{"self":[{"href":"https:\/\/kitchenlab4kids.ignatianum.edu.pl\/pl\/wp-json\/wp\/v2\/pages\/1128"}],"collection":[{"href":"https:\/\/kitchenlab4kids.ignatianum.edu.pl\/pl\/wp-json\/wp\/v2\/pages"}],"about":[{"href":"https:\/\/kitchenlab4kids.ignatianum.edu.pl\/pl\/wp-json\/wp\/v2\/types\/page"}],"author":[{"embeddable":true,"href":"https:\/\/kitchenlab4kids.ignatianum.edu.pl\/pl\/wp-json\/wp\/v2\/users\/7"}],"replies":[{"embeddable":true,"href":"https:\/\/kitchenlab4kids.ignatianum.edu.pl\/pl\/wp-json\/wp\/v2\/comments?post=1128"}],"version-history":[{"count":4,"href":"https:\/\/kitchenlab4kids.ignatianum.edu.pl\/pl\/wp-json\/wp\/v2\/pages\/1128\/revisions"}],"predecessor-version":[{"id":2217,"href":"https:\/\/kitchenlab4kids.ignatianum.edu.pl\/pl\/wp-json\/wp\/v2\/pages\/1128\/revisions\/2217"}],"wp:attachment":[{"href":"https:\/\/kitchenlab4kids.ignatianum.edu.pl\/pl\/wp-json\/wp\/v2\/media?parent=1128"}],"curies":[{"name":"wp","href":"https:\/\/api.w.org\/{rel}","templated":true}]}}