{"id":1139,"date":"2023-09-13T14:59:18","date_gmt":"2023-09-13T12:59:18","guid":{"rendered":"https:\/\/kitchenlab4kids.uniwersytet.ignatianum.edu.pl\/?page_id=1139"},"modified":"2023-10-06T10:34:49","modified_gmt":"2023-10-06T08:34:49","slug":"wydarzenia","status":"publish","type":"page","link":"https:\/\/kitchenlab4kids.ignatianum.edu.pl\/pl\/o-nas\/wydarzenia\/","title":{"rendered":"Wydarzenia"},"content":{"rendered":"\n<div class=\"wp-block-uagb-container bs-full-width uagb-block-79b0945d alignfull uagb-is-root-container\"><div class=\"uagb-container-inner-blocks-wrap\">\n<div class=\"wp-block-columns bs-container alignfull is-layout-flex wp-container-core-columns-is-layout-1 wp-block-columns-is-layout-flex\">\n<div class=\"wp-block-column is-layout-flow wp-block-column-is-layout-flow\">\n<div class=\"wp-block-uagb-image uagb-block-46b635ca wp-block-uagb-image--layout-default wp-block-uagb-image--effect-static wp-block-uagb-image--align-none\"><figure class=\"wp-block-uagb-image__figure\"><img decoding=\"async\" srcset=\"https:\/\/kitchenlab4kids.uniwersytet.ignatianum.edu.pl\/wp-content\/uploads\/sites\/20\/2023\/09\/c0a6764ad08543c98fa39e55e9cd66c4-1024x683.png \" sizes=\"(max-width: 480px) 150px\" src=\"https:\/\/kitchenlab4kids.uniwersytet.ignatianum.edu.pl\/wp-content\/uploads\/sites\/20\/2023\/09\/c0a6764ad08543c98fa39e55e9cd66c4-1024x683.png\" alt=\"\" class=\"uag-image-799\" width=\"1024\" height=\"683\" title=\"\" loading=\"lazy\"\/><\/figure><\/div>\n<\/div>\n\n\n\n<div class=\"wp-block-column is-vertically-aligned-center bs-text-column is-layout-flow wp-container-core-column-is-layout-2 wp-block-column-is-layout-flow\" style=\"padding-top:0px;padding-right:10%;padding-bottom:35px\">\n<p class=\"bs-text-separator\">B\u0105d\u017a na bie\u017c\u0105co!<\/p>\n\n\n\n<h2 class=\"wp-block-heading\" style=\"padding-bottom:25px\">Wydarzenia<\/h2>\n\n\n<ul class=\"wp-block-page-list\"><li class=\"wp-block-pages-list__item has-child\"><a class=\"wp-block-pages-list__item__link\" href=\"https:\/\/kitchenlab4kids.ignatianum.edu.pl\/pl\/o-nas\/wydarzenia\/wydarzenia\/\">Wydarzenia<\/a><ul class=\"wp-block-navigation__submenu-container\"><li class=\"wp-block-pages-list__item \"><a class=\"wp-block-pages-list__item__link\" href=\"https:\/\/kitchenlab4kids.ignatianum.edu.pl\/pl\/o-nas\/wydarzenia\/wydarzenia\/edukacja-stem-w-przedszkolnej-kuchni\/\">Edukacja STEM w przedszkolnej kuchni<\/a><\/li><li class=\"wp-block-pages-list__item \"><a class=\"wp-block-pages-list__item__link\" href=\"https:\/\/kitchenlab4kids.ignatianum.edu.pl\/pl\/o-nas\/wydarzenia\/wydarzenia\/kuchnia-jako-laboratorium-edukacji-stem-w-przedszkolu\/\">Kuchnia jako laboratorium edukacji STEM w przedszkolu<\/a><\/li><li class=\"wp-block-pages-list__item \"><a class=\"wp-block-pages-list__item__link\" href=\"https:\/\/kitchenlab4kids.ignatianum.edu.pl\/pl\/o-nas\/wydarzenia\/wydarzenia\/kuchnia-jako-laboratorium-edukacji-stem-w-przedszkolu-2\/\">Kuchnia jako laboratorium edukacji STEM w przedszkolu<\/a><\/li><\/ul><\/li><li class=\"wp-block-pages-list__item has-child\"><a class=\"wp-block-pages-list__item__link\" href=\"https:\/\/kitchenlab4kids.ignatianum.edu.pl\/pl\/o-nas\/wydarzenia\/wydarzenia-zewnetrzne\/\">Wydarzenia zewn\u0119trzne<\/a><ul class=\"wp-block-navigation__submenu-container\"><li class=\"wp-block-pages-list__item \"><a class=\"wp-block-pages-list__item__link\" href=\"https:\/\/kitchenlab4kids.ignatianum.edu.pl\/pl\/o-nas\/wydarzenia\/wydarzenia-zewnetrzne\/podziel-sie-sukcesem-programu-erasmus\/\">Podziel si\u0119 sukcesem programu Erasmus+!<\/a><\/li><\/ul><\/li><\/ul><\/div>\n<\/div>\n<\/div><\/div>\n<!-- PMB print buttons is only displayed on a single post\/page URLs-->","protected":false},"excerpt":{"rendered":"B\u0105d\u017a na bie\u017c\u0105co! [&hellip;]","protected":false},"author":7,"featured_media":0,"parent":1133,"menu_order":0,"comment_status":"closed","ping_status":"closed","template":"","meta":{"_acf_changed":false,"_uag_custom_page_level_css":"","site-sidebar-layout":"default","site-content-layout":"","ast-site-content-layout":"","site-content-style":"default","site-sidebar-style":"default","ast-global-header-display":"","ast-banner-title-visibility":"","ast-main-header-display":"","ast-hfb-above-header-display":"","ast-hfb-below-header-display":"","ast-hfb-mobile-header-display":"","site-post-title":"","ast-breadcrumbs-content":"","ast-featured-img":"","footer-sml-layout":"","theme-transparent-header-meta":"","adv-header-id-meta":"","stick-header-meta":"","header-above-stick-meta":"","header-main-stick-meta":"","header-below-stick-meta":"","astra-migrate-meta-layouts":"default","ast-page-background-enabled":"default","ast-page-background-meta":{"desktop":{"background-color":"var(--ast-global-color-4)","background-image":"","background-repeat":"repeat","background-position":"center center","background-size":"auto","background-attachment":"scroll","background-type":"","background-media":"","overlay-type":"","overlay-color":"","overlay-opacity":"","overlay-gradient":""},"tablet":{"background-color":"","background-image":"","background-repeat":"repeat","background-position":"center center","background-size":"auto","background-attachment":"scroll","background-type":"","background-media":"","overlay-type":"","overlay-color":"","overlay-opacity":"","overlay-gradient":""},"mobile":{"background-color":"","background-image":"","background-repeat":"repeat","background-position":"center center","background-size":"auto","background-attachment":"scroll","background-type":"","background-media":"","overlay-type":"","overlay-color":"","overlay-opacity":"","overlay-gradient":""}},"ast-content-background-meta":{"desktop":{"background-color":"var(--ast-global-color-5)","background-image":"","background-repeat":"repeat","background-position":"center center","background-size":"auto","background-attachment":"scroll","background-type":"","background-media":"","overlay-type":"","overlay-color":"","overlay-opacity":"","overlay-gradient":""},"tablet":{"background-color":"var(--ast-global-color-5)","background-image":"","background-repeat":"repeat","background-position":"center center","background-size":"auto","background-attachment":"scroll","background-type":"","background-media":"","overlay-type":"","overlay-color":"","overlay-opacity":"","overlay-gradient":""},"mobile":{"background-color":"var(--ast-global-color-5)","background-image":"","background-repeat":"repeat","background-position":"center center","background-size":"auto","background-attachment":"scroll","background-type":"","background-media":"","overlay-type":"","overlay-color":"","overlay-opacity":"","overlay-gradient":""}},"ngg_post_thumbnail":0,"footnotes":""},"acf":[],"uagb_featured_image_src":{"full":false,"thumbnail":false,"medium":false,"medium_large":false,"large":false,"1536x1536":false,"2048x2048":false},"uagb_author_info":{"display_name":"pszczubelek","author_link":"https:\/\/kitchenlab4kids.ignatianum.edu.pl\/pl\/author\/pszczubelek\/"},"uagb_comment_info":0,"uagb_excerpt":"B\u0105d\u017a na bie\u017c\u0105co! [&hellip;]","_links":{"self":[{"href":"https:\/\/kitchenlab4kids.ignatianum.edu.pl\/pl\/wp-json\/wp\/v2\/pages\/1139"}],"collection":[{"href":"https:\/\/kitchenlab4kids.ignatianum.edu.pl\/pl\/wp-json\/wp\/v2\/pages"}],"about":[{"href":"https:\/\/kitchenlab4kids.ignatianum.edu.pl\/pl\/wp-json\/wp\/v2\/types\/page"}],"author":[{"embeddable":true,"href":"https:\/\/kitchenlab4kids.ignatianum.edu.pl\/pl\/wp-json\/wp\/v2\/users\/7"}],"replies":[{"embeddable":true,"href":"https:\/\/kitchenlab4kids.ignatianum.edu.pl\/pl\/wp-json\/wp\/v2\/comments?post=1139"}],"version-history":[{"count":6,"href":"https:\/\/kitchenlab4kids.ignatianum.edu.pl\/pl\/wp-json\/wp\/v2\/pages\/1139\/revisions"}],"predecessor-version":[{"id":7905,"href":"https:\/\/kitchenlab4kids.ignatianum.edu.pl\/pl\/wp-json\/wp\/v2\/pages\/1139\/revisions\/7905"}],"up":[{"embeddable":true,"href":"https:\/\/kitchenlab4kids.ignatianum.edu.pl\/pl\/wp-json\/wp\/v2\/pages\/1133"}],"wp:attachment":[{"href":"https:\/\/kitchenlab4kids.ignatianum.edu.pl\/pl\/wp-json\/wp\/v2\/media?parent=1139"}],"curies":[{"name":"wp","href":"https:\/\/api.w.org\/{rel}","templated":true}]}}