{"id":1146,"date":"2023-09-13T15:10:12","date_gmt":"2023-09-13T13:10:12","guid":{"rendered":"https:\/\/kitchenlab4kids.uniwersytet.ignatianum.edu.pl\/?page_id=1146"},"modified":"2023-09-22T19:07:02","modified_gmt":"2023-09-22T17:07:02","slug":"kuchnia-jako-laboratorium-edukacji-stem-w-przedszkolu","status":"publish","type":"page","link":"https:\/\/kitchenlab4kids.ignatianum.edu.pl\/pl\/o-nas\/wydarzenia\/wydarzenia\/kuchnia-jako-laboratorium-edukacji-stem-w-przedszkolu\/","title":{"rendered":"Kuchnia jako laboratorium edukacji STEM w przedszkolu"},"content":{"rendered":"\n<h2 class=\"wp-block-heading has-text-align-center\">Mi\u0119dzynarodowe Sympozjum<\/h2>\n\n\n\n<h2 class=\"wp-block-heading has-text-align-center\">Kuchnia jako laboratorium edukacji STEM w przedszkolu &#8211; KitchenLab4Kids<\/h2>\n\n\n\n<h3 class=\"wp-block-heading has-text-align-center\">21-03-2020 &#8211;&nbsp;Z przykro\u015bci\u0105 informujemy, \u017ce konferencja zostaje odwo\u0142ana. O nowym terminie poinformujemy p\u00f3\u017aniej.<\/h3>\n\n\n\n<h3 class=\"wp-block-heading has-text-align-center\">9.00 &#8211; 14.30<\/h3>\n\n\n\n<h3 class=\"wp-block-heading has-text-align-center\">Akademia lgnatianum w Krakowie<\/h3>\n\n\n\n<h3 class=\"wp-block-heading has-text-align-center\">ul. Kopernika 26<\/h3>\n\n\n\n<h2 class=\"wp-block-heading\">PROGRAM<\/h2>\n\n\n\n<h3 class=\"wp-block-heading\">9.00-10.30 \u2022 SESJA PLENARNA&nbsp;\u2022&nbsp;SALA&nbsp;412<\/h3>\n\n\n\n<p>9.00-9.30<\/p>\n\n\n\n<p>Przywitanie uczestnik\u00f3w<\/p>\n\n\n\n<p><strong>STEM w przedszkolu &#8211; przedstawienie cel\u00f3w i za\u0142o\u017ce\u0144 projektu Kitchenlab4Kids<\/strong>&nbsp;&#8211; dr hab. Barbara Surma, prof. AIK<\/p>\n\n\n\n<p>9.30-10.00<\/p>\n\n\n\n<p><strong>Osiem warunk\u00f3w edukacji STEM\/STEAM na prostych przyk\u0142adach<\/strong>&nbsp;&#8211; dr hab. Marek Piotrowski, prof. ChAT<\/p>\n\n\n\n<p>10.00-10.30<\/p>\n\n\n\n<p>Od STEAM do 3C: kreatywno\u015b\u0107, tre\u015b\u0107 i spo\u0142eczno\u015b\u0107\u00a0&#8211; Prof. Christina Galvan, Universitat de Barcelona<\/p>\n\n\n\n<p>10.30-11.00<\/p>\n\n\n\n<p>Przerwa kawowa<\/p>\n\n\n\n<h3 class=\"wp-block-heading\">11.00-12.00 \u2022 SESJA WARSZTATOWA NR I&nbsp;\u2022&nbsp;SALA&nbsp;501 i 339<\/h3>\n\n\n\n<p>Warsztat 1<\/p>\n\n\n\n<p><strong>Code&amp;Play, Code&amp;Create, Code&amp;Learn!<\/strong>&nbsp;&#8211; Prof. Christina Galvan, UIC Barcelona<\/p>\n\n\n\n<p>Warsztat 2<\/p>\n\n\n\n<p><strong>I Ty mo\u017cesz zosta\u0107 naukowcem &#8211; eksperymentowanie w przedszkolu i nauczaniu zintegrowanym<\/strong>&nbsp;&#8211; dr Rafa\u0142 Jakubowski, mgr Kazimierz Paprzycki<\/p>\n\n\n\n<p>Warsztat 3<\/p>\n\n\n\n<p><strong>Przyk\u0142ady dobrych praktyk edukacji STEM w przedszkolu<\/strong>&nbsp;&#8211; dr Katarzyna Szewczuk, dr Martyna Szczotka<\/p>\n\n\n\n<p>12.00-12.30<\/p>\n\n\n\n<p>Przerwa kawowa<\/p>\n\n\n\n<h3 class=\"wp-block-heading\">12.30-13.30 \u2022 SESJA WARSZTATOWA NR li&nbsp;\u2022&nbsp;SALA 501 i 339<\/h3>\n\n\n\n<p>Warsztat 1<\/p>\n\n\n\n<p><strong>Code&amp;Play, Code&amp;Create, Code&amp;Learn!<\/strong>&nbsp;&#8211; Prof. Cristina Galvan<\/p>\n\n\n\n<p>Warsztat 2<\/p>\n\n\n\n<p><strong>Przyk\u0142ady dobrych praktyk edukacji STEM w przedszkolu<\/strong>&nbsp;&#8211; dr Katarzyna Szewczuk, dr Martyna Szczotka<\/p>\n\n\n\n<p>Warsztat 3<\/p>\n\n\n\n<p><strong>Praca z uczniami o specjalnych potrzebach edukacyjnych z klockami LEGO<\/strong>&nbsp;&#8211; Mgr Marcin Pietraszko<\/p>\n\n\n\n<h3 class=\"wp-block-heading\">13.30-14.30 \u2022 PODSUMOWANIE KONFERENCJI&nbsp;\u2022&nbsp;SALA 412<\/h3>\n\n\n\n<p>13.30-14.00<\/p>\n\n\n\n<p><strong>Umiej\u0119tno\u015bci STEM, czyli co? O rozwijaniu my\u015blenia naukowego dzieci w przedszkolu&nbsp;<\/strong><strong>w \u015bwietle bada\u0144 por\u00f3wnawczych<\/strong>&nbsp;&#8211; dr Dorota Zdybel<\/p>\n\n\n\n<p>14.00<\/p>\n\n\n\n<p>Wr\u0119czenie certyfikat\u00f3w uczestnictwa w konferencji<\/p>\n<!-- PMB print buttons is only displayed on a single post\/page URLs-->","protected":false},"excerpt":{"rendered":"Mi\u0119dzynarodowe Sympozjum Kuchnia jako laboratorium edukacji STEM w przedszkolu &#8211; KitchenLab4Kids 21-03-2020 &#8211;&nbsp;Z przykro\u015bci\u0105 informujemy, \u017ce konferencja zostaje odwo\u0142ana. O nowym terminie poinformujemy p\u00f3\u017aniej. 9.00 &#8211; 14.30 Akademia lgnatianum w Krakowie ul. Kopernika 26 PROGRAM 9.00-10.30 \u2022 SESJA PLENARNA&nbsp;\u2022&nbsp;SALA&nbsp;412 9.00-9.30 Przywitanie uczestnik\u00f3w STEM w przedszkolu &#8211; przedstawienie cel\u00f3w i za\u0142o\u017ce\u0144 projektu Kitchenlab4Kids&nbsp;&#8211; dr hab. Barbara Surma, prof. AIK 9.30-10.00 Osiem warunk\u00f3w edukacji STEM\/STEAM na prostych przyk\u0142adach&nbsp;&#8211; dr hab. Marek Piotrowski, prof. ChAT 10.00-10.30 Od STEAM do 3C: kreatywno\u015b\u0107, tre\u015b\u0107 i spo\u0142eczno\u015b\u0107\u00a0&#8211; Prof. Christina Galvan, Universitat de Barcelona 10.30-11.00 Przerwa kawowa 11.00-12.00 \u2022 SESJA WARSZTATOWA NR I&nbsp;\u2022&nbsp;SALA&nbsp;501 i 339 Warsztat 1 Code&amp;Play, Code&amp;Create, Code&amp;Learn!&nbsp;&#8211; Prof. Christina Galvan, UIC Barcelona Warsztat 2 I Ty mo\u017cesz zosta\u0107 naukowcem &#8211; eksperymentowanie w przedszkolu i nauczaniu zintegrowanym&nbsp;&#8211; dr Rafa\u0142 Jakubowski, mgr Kazimierz Paprzycki Warsztat 3 Przyk\u0142ady dobrych praktyk edukacji STEM w przedszkolu&nbsp;&#8211; dr Katarzyna Szewczuk, dr Martyna Szczotka 12.00-12.30 Przerwa kawowa 12.30-13.30 \u2022 SESJA WARSZTATOWA NR li&nbsp;\u2022&nbsp;SALA 501 i 339 Warsztat 1 Code&amp;Play, Code&amp;Create, Code&amp;Learn!&nbsp;&#8211; Prof. Cristina Galvan Warsztat 2 Przyk\u0142ady dobrych praktyk edukacji STEM w przedszkolu&nbsp;&#8211; dr Katarzyna Szewczuk, dr Martyna Szczotka Warsztat 3 Praca z uczniami o specjalnych potrzebach edukacyjnych z klockami LEGO&nbsp;&#8211; Mgr Marcin Pietraszko 13.30-14.30 \u2022 PODSUMOWANIE KONFERENCJI&nbsp;\u2022&nbsp;SALA 412 13.30-14.00 Umiej\u0119tno\u015bci STEM, czyli co? O rozwijaniu my\u015blenia naukowego dzieci w przedszkolu&nbsp;w \u015bwietle bada\u0144 por\u00f3wnawczych&nbsp;&#8211; dr Dorota Zdybel 14.00 Wr\u0119czenie certyfikat\u00f3w uczestnictwa w [&hellip;]","protected":false},"author":7,"featured_media":0,"parent":1143,"menu_order":0,"comment_status":"closed","ping_status":"closed","template":"","meta":{"_acf_changed":false,"_uag_custom_page_level_css":"","site-sidebar-layout":"default","site-content-layout":"","ast-site-content-layout":"","site-content-style":"default","site-sidebar-style":"default","ast-global-header-display":"","ast-banner-title-visibility":"","ast-main-header-display":"","ast-hfb-above-header-display":"","ast-hfb-below-header-display":"","ast-hfb-mobile-header-display":"","site-post-title":"","ast-breadcrumbs-content":"","ast-featured-img":"","footer-sml-layout":"","theme-transparent-header-meta":"","adv-header-id-meta":"","stick-header-meta":"","header-above-stick-meta":"","header-main-stick-meta":"","header-below-stick-meta":"","astra-migrate-meta-layouts":"default","ast-page-background-enabled":"default","ast-page-background-meta":{"desktop":{"background-color":"var(--ast-global-color-4)","background-image":"","background-repeat":"repeat","background-position":"center center","background-size":"auto","background-attachment":"scroll","background-type":"","background-media":"","overlay-type":"","overlay-color":"","overlay-opacity":"","overlay-gradient":""},"tablet":{"background-color":"","background-image":"","background-repeat":"repeat","background-position":"center center","background-size":"auto","background-attachment":"scroll","background-type":"","background-media":"","overlay-type":"","overlay-color":"","overlay-opacity":"","overlay-gradient":""},"mobile":{"background-color":"","background-image":"","background-repeat":"repeat","background-position":"center center","background-size":"auto","background-attachment":"scroll","background-type":"","background-media":"","overlay-type":"","overlay-color":"","overlay-opacity":"","overlay-gradient":""}},"ast-content-background-meta":{"desktop":{"background-color":"var(--ast-global-color-5)","background-image":"","background-repeat":"repeat","background-position":"center center","background-size":"auto","background-attachment":"scroll","background-type":"","background-media":"","overlay-type":"","overlay-color":"","overlay-opacity":"","overlay-gradient":""},"tablet":{"background-color":"var(--ast-global-color-5)","background-image":"","background-repeat":"repeat","background-position":"center center","background-size":"auto","background-attachment":"scroll","background-type":"","background-media":"","overlay-type":"","overlay-color":"","overlay-opacity":"","overlay-gradient":""},"mobile":{"background-color":"var(--ast-global-color-5)","background-image":"","background-repeat":"repeat","background-position":"center center","background-size":"auto","background-attachment":"scroll","background-type":"","background-media":"","overlay-type":"","overlay-color":"","overlay-opacity":"","overlay-gradient":""}},"ngg_post_thumbnail":0,"footnotes":""},"acf":[],"uagb_featured_image_src":{"full":false,"thumbnail":false,"medium":false,"medium_large":false,"large":false,"1536x1536":false,"2048x2048":false},"uagb_author_info":{"display_name":"pszczubelek","author_link":"https:\/\/kitchenlab4kids.ignatianum.edu.pl\/pl\/author\/pszczubelek\/"},"uagb_comment_info":0,"uagb_excerpt":"Mi\u0119dzynarodowe Sympozjum Kuchnia jako laboratorium edukacji STEM w przedszkolu &#8211; KitchenLab4Kids 21-03-2020 &#8211;&nbsp;Z przykro\u015bci\u0105 informujemy, \u017ce konferencja zostaje odwo\u0142ana. O nowym terminie poinformujemy p\u00f3\u017aniej. 9.00 &#8211; 14.30 Akademia lgnatianum w Krakowie ul. Kopernika 26 PROGRAM 9.00-10.30 \u2022 SESJA PLENARNA&nbsp;\u2022&nbsp;SALA&nbsp;412 9.00-9.30 Przywitanie uczestnik\u00f3w STEM w przedszkolu &#8211; przedstawienie cel\u00f3w i za\u0142o\u017ce\u0144 projektu Kitchenlab4Kids&nbsp;&#8211; dr hab. Barbara&hellip;","_links":{"self":[{"href":"https:\/\/kitchenlab4kids.ignatianum.edu.pl\/pl\/wp-json\/wp\/v2\/pages\/1146"}],"collection":[{"href":"https:\/\/kitchenlab4kids.ignatianum.edu.pl\/pl\/wp-json\/wp\/v2\/pages"}],"about":[{"href":"https:\/\/kitchenlab4kids.ignatianum.edu.pl\/pl\/wp-json\/wp\/v2\/types\/page"}],"author":[{"embeddable":true,"href":"https:\/\/kitchenlab4kids.ignatianum.edu.pl\/pl\/wp-json\/wp\/v2\/users\/7"}],"replies":[{"embeddable":true,"href":"https:\/\/kitchenlab4kids.ignatianum.edu.pl\/pl\/wp-json\/wp\/v2\/comments?post=1146"}],"version-history":[{"count":4,"href":"https:\/\/kitchenlab4kids.ignatianum.edu.pl\/pl\/wp-json\/wp\/v2\/pages\/1146\/revisions"}],"predecessor-version":[{"id":2410,"href":"https:\/\/kitchenlab4kids.ignatianum.edu.pl\/pl\/wp-json\/wp\/v2\/pages\/1146\/revisions\/2410"}],"up":[{"embeddable":true,"href":"https:\/\/kitchenlab4kids.ignatianum.edu.pl\/pl\/wp-json\/wp\/v2\/pages\/1143"}],"wp:attachment":[{"href":"https:\/\/kitchenlab4kids.ignatianum.edu.pl\/pl\/wp-json\/wp\/v2\/media?parent=1146"}],"curies":[{"name":"wp","href":"https:\/\/api.w.org\/{rel}","templated":true}]}}