{"id":1175,"date":"2023-09-13T15:56:37","date_gmt":"2023-09-13T13:56:37","guid":{"rendered":"https:\/\/kitchenlab4kids.uniwersytet.ignatianum.edu.pl\/?page_id=1175"},"modified":"2023-09-23T19:31:39","modified_gmt":"2023-09-23T17:31:39","slug":"ksiazeczka-dla-rodzicow","status":"publish","type":"page","link":"https:\/\/kitchenlab4kids.ignatianum.edu.pl\/pl\/ksiazeczka-dla-rodzicow\/","title":{"rendered":"Ksi\u0105\u017ceczka dla Rodzic\u00f3w"},"content":{"rendered":"\n<div class=\"wp-block-columns is-layout-flex wp-container-core-columns-is-layout-1 wp-block-columns-is-layout-flex\">\n<div class=\"wp-block-column is-layout-flow wp-block-column-is-layout-flow\" style=\"flex-basis:25%\">\n<figure class=\"wp-block-image size-full\"><img decoding=\"async\" width=\"619\" height=\"873\" src=\"https:\/\/kitchenlab4kids.uniwersytet.ignatianum.edu.pl\/wp-content\/uploads\/sites\/20\/2023\/09\/cover-booklet.png\" alt=\"Booklet for parents. New methods for teaching STEM to young children.\" class=\"wp-image-1176\" srcset=\"https:\/\/kitchenlab4kids.ignatianum.edu.pl\/wp-content\/uploads\/sites\/20\/2023\/09\/cover-booklet.png 619w, https:\/\/kitchenlab4kids.ignatianum.edu.pl\/wp-content\/uploads\/sites\/20\/2023\/09\/cover-booklet-213x300.png 213w\" sizes=\"(max-width: 619px) 100vw, 619px\" \/><\/figure>\n<\/div>\n\n\n\n<div class=\"wp-block-column is-layout-flow wp-block-column-is-layout-flow\" style=\"flex-basis:75%\">\n<p>Publikacja zawieraj\u0105ca przyk\u0142ady zasob\u00f3w i \u015bcie\u017cek edukacyjnych dla rodzic\u00f3w, dzi\u0119ki czemu b\u0119d\u0105 oni mogli powiela\u0107 dzia\u0142ania STEM (np. Kitchen Science) w domu, \u0142\u0105cz\u0105c nauk\u0119 z prawdziwym \u015bwiatem oraz zainteresowaniami i celami swoich dzieci.<\/p>\n\n\n<div class=\"bst-filelist__item\">\n        <a class=\"bst-filelist__item-link\" href=\"https:\/\/kitchenlab4kids.ignatianum.edu.pl\/wp-content\/uploads\/sites\/20\/2023\/09\/K4K-Booklet-for-parents-PL.pdf\">\n            <span class=\"bst-filelist__item-text\">Polski<\/span>\n            <span class=\"bst-filelist__item-details\">\n                <span class=\"bst-filelist__item-format\">PDF<\/span>\n                <span class=\"bst-filelist__item-size\">4 MB<\/span>\n            <\/span>\n        <\/a>\n        <div class=\"bst-filelist__item-container\">\n            <a class=\"bst-filelist__item-link\" href=\"https:\/\/kitchenlab4kids.ignatianum.edu.pl\/wp-content\/uploads\/sites\/20\/2023\/09\/K4K-Booklet-for-parents-PL.pdf\"  download>\n                <span class=\"bst-filelist__item-icon\"><\/span>\n            <\/a>\n        <\/div>\n    <\/div>\n<\/div>\n<\/div>\n<!-- PMB print buttons is only displayed on a single post\/page URLs-->","protected":false},"excerpt":{"rendered":"Publikacja zawieraj\u0105ca przyk\u0142ady zasob\u00f3w i \u015bcie\u017cek edukacyjnych dla rodzic\u00f3w, dzi\u0119ki czemu b\u0119d\u0105 oni mogli powiela\u0107 dzia\u0142ania STEM (np. Kitchen Science) w domu, \u0142\u0105cz\u0105c nauk\u0119 z prawdziwym \u015bwiatem oraz zainteresowaniami i celami swoich [&hellip;]","protected":false},"author":7,"featured_media":0,"parent":0,"menu_order":0,"comment_status":"closed","ping_status":"closed","template":"","meta":{"_acf_changed":false,"_uag_custom_page_level_css":"","site-sidebar-layout":"default","site-content-layout":"","ast-site-content-layout":"","site-content-style":"default","site-sidebar-style":"default","ast-global-header-display":"","ast-banner-title-visibility":"","ast-main-header-display":"","ast-hfb-above-header-display":"","ast-hfb-below-header-display":"","ast-hfb-mobile-header-display":"","site-post-title":"","ast-breadcrumbs-content":"","ast-featured-img":"","footer-sml-layout":"","theme-transparent-header-meta":"","adv-header-id-meta":"","stick-header-meta":"","header-above-stick-meta":"","header-main-stick-meta":"","header-below-stick-meta":"","astra-migrate-meta-layouts":"default","ast-page-background-enabled":"default","ast-page-background-meta":{"desktop":{"background-color":"var(--ast-global-color-4)","background-image":"","background-repeat":"repeat","background-position":"center center","background-size":"auto","background-attachment":"scroll","background-type":"","background-media":"","overlay-type":"","overlay-color":"","overlay-opacity":"","overlay-gradient":""},"tablet":{"background-color":"","background-image":"","background-repeat":"repeat","background-position":"center center","background-size":"auto","background-attachment":"scroll","background-type":"","background-media":"","overlay-type":"","overlay-color":"","overlay-opacity":"","overlay-gradient":""},"mobile":{"background-color":"","background-image":"","background-repeat":"repeat","background-position":"center center","background-size":"auto","background-attachment":"scroll","background-type":"","background-media":"","overlay-type":"","overlay-color":"","overlay-opacity":"","overlay-gradient":""}},"ast-content-background-meta":{"desktop":{"background-color":"var(--ast-global-color-5)","background-image":"","background-repeat":"repeat","background-position":"center center","background-size":"auto","background-attachment":"scroll","background-type":"","background-media":"","overlay-type":"","overlay-color":"","overlay-opacity":"","overlay-gradient":""},"tablet":{"background-color":"var(--ast-global-color-5)","background-image":"","background-repeat":"repeat","background-position":"center center","background-size":"auto","background-attachment":"scroll","background-type":"","background-media":"","overlay-type":"","overlay-color":"","overlay-opacity":"","overlay-gradient":""},"mobile":{"background-color":"var(--ast-global-color-5)","background-image":"","background-repeat":"repeat","background-position":"center center","background-size":"auto","background-attachment":"scroll","background-type":"","background-media":"","overlay-type":"","overlay-color":"","overlay-opacity":"","overlay-gradient":""}},"ngg_post_thumbnail":0,"footnotes":""},"acf":[],"uagb_featured_image_src":{"full":false,"thumbnail":false,"medium":false,"medium_large":false,"large":false,"1536x1536":false,"2048x2048":false},"uagb_author_info":{"display_name":"pszczubelek","author_link":"https:\/\/kitchenlab4kids.ignatianum.edu.pl\/pl\/author\/pszczubelek\/"},"uagb_comment_info":0,"uagb_excerpt":"Publikacja zawieraj\u0105ca przyk\u0142ady zasob\u00f3w i \u015bcie\u017cek edukacyjnych dla rodzic\u00f3w, dzi\u0119ki czemu b\u0119d\u0105 oni mogli powiela\u0107 dzia\u0142ania STEM (np. Kitchen Science) w domu, \u0142\u0105cz\u0105c nauk\u0119 z prawdziwym \u015bwiatem oraz zainteresowaniami i celami swoich [&hellip;]","_links":{"self":[{"href":"https:\/\/kitchenlab4kids.ignatianum.edu.pl\/pl\/wp-json\/wp\/v2\/pages\/1175"}],"collection":[{"href":"https:\/\/kitchenlab4kids.ignatianum.edu.pl\/pl\/wp-json\/wp\/v2\/pages"}],"about":[{"href":"https:\/\/kitchenlab4kids.ignatianum.edu.pl\/pl\/wp-json\/wp\/v2\/types\/page"}],"author":[{"embeddable":true,"href":"https:\/\/kitchenlab4kids.ignatianum.edu.pl\/pl\/wp-json\/wp\/v2\/users\/7"}],"replies":[{"embeddable":true,"href":"https:\/\/kitchenlab4kids.ignatianum.edu.pl\/pl\/wp-json\/wp\/v2\/comments?post=1175"}],"version-history":[{"count":3,"href":"https:\/\/kitchenlab4kids.ignatianum.edu.pl\/pl\/wp-json\/wp\/v2\/pages\/1175\/revisions"}],"predecessor-version":[{"id":2997,"href":"https:\/\/kitchenlab4kids.ignatianum.edu.pl\/pl\/wp-json\/wp\/v2\/pages\/1175\/revisions\/2997"}],"wp:attachment":[{"href":"https:\/\/kitchenlab4kids.ignatianum.edu.pl\/pl\/wp-json\/wp\/v2\/media?parent=1175"}],"curies":[{"name":"wp","href":"https:\/\/api.w.org\/{rel}","templated":true}]}}