{"id":1366,"date":"2023-09-15T09:34:19","date_gmt":"2023-09-15T07:34:19","guid":{"rendered":"https:\/\/kitchenlab4kids.uniwersytet.ignatianum.edu.pl\/?page_id=1366"},"modified":"2023-10-02T10:54:16","modified_gmt":"2023-10-02T08:54:16","slug":"zagraj-z-nami","status":"publish","type":"page","link":"https:\/\/kitchenlab4kids.ignatianum.edu.pl\/pl\/zagraj-z-nami\/","title":{"rendered":"Graj razem z nami"},"content":{"rendered":"\n<h2 class=\"wp-block-heading\">Jak to si\u0119 nazywa?<\/h2>\n\n\n\n<iframe title=\"KitchenLab4Kids - Jak to si\u0119 nazywa?\" src=\"https:\/\/h5p.org\/h5p\/embed\/1208466\" width=\"1073\" height=\"844\" frameborder=\"0\" allowfullscreen=\"allowfullscreen\"><\/iframe><script src=\"https:\/\/h5p.org\/sites\/all\/modules\/h5p\/library\/js\/h5p-resizer.js\" charset=\"UTF-8\"><\/script>\n\n\n\n<div style=\"height:60px\" aria-hidden=\"true\" class=\"wp-block-spacer\"><\/div>\n\n\n\n<h2 class=\"wp-block-heading\">Przetestuj eksperymenty<\/h2>\n\n\n\n<p>Co za niespodzianka!&nbsp;Ile podobie\u0144stw istnieje mi\u0119dzy r\u00f3\u017cnymi j\u0119zykami, spodziewa\u0142e\u015b si\u0119 tego?<br>Teraz wybierz spo\u015br\u00f3d zasob\u00f3w, kt\u00f3re przygotowali\u015bmy dla Ciebie na stronie&nbsp;<em>KitchenLab4kids<\/em>&nbsp;<a href=\"\/zasoby-dydaktyczne\"><strong>zasoby dydaktyczne<\/strong><\/a>&nbsp;i eksperymentuj!<\/p>\n\n\n\n\t\t\t<div class=\"wp-block-uagb-post-grid uagb-post-grid  uagb-post__image-position-top uagb-post__image-enabled uagb-block-f54f762e     uagb-post__items uagb-post__columns-3 is-grid uagb-post__columns-tablet-2 uagb-post__columns-mobile-1 uagb-post__equal-height\" data-total=\"13\" style=\"\">\n\n\t\t\t\t\t\t\t\t\t\t\t\t<article class=\"uagb-post__inner-wrap\">\t\t\t\t\t\t\t\t<div class='uagb-post__image'>\n\t\t\t\t\t\t\t\t\t<a href=\"https:\/\/kitchenlab4kids.ignatianum.edu.pl\/pl\/eksperyment\/lodowe-pieklo-lody-waniliowe\/\" target=\"_self\" rel=\"bookmark noopener noreferrer\" class='uagb-image-ratio-inherit'><img decoding=\"async\" width=\"882\" height=\"619\" src=\"https:\/\/kitchenlab4kids.ignatianum.edu.pl\/wp-content\/uploads\/sites\/20\/2023\/09\/Lodowe-pieklo-73.png\" class=\"attachment-large size-large\" alt=\"Lodowe piek\u0142o \u2013 lody waniliowe\" srcset=\"https:\/\/kitchenlab4kids.ignatianum.edu.pl\/wp-content\/uploads\/sites\/20\/2023\/09\/Lodowe-pieklo-73.png 882w, https:\/\/kitchenlab4kids.ignatianum.edu.pl\/wp-content\/uploads\/sites\/20\/2023\/09\/Lodowe-pieklo-73-300x211.png 300w, https:\/\/kitchenlab4kids.ignatianum.edu.pl\/wp-content\/uploads\/sites\/20\/2023\/09\/Lodowe-pieklo-73-768x539.png 768w\" sizes=\"(max-width: 882px) 100vw, 882px\" \/>\t\t\t\t\t<\/a>\n\t\t\t\t\t\t\t<\/div>\n\t\t\t\t\t\t<h3 class=\"uagb-post__title uagb-post__text\">\n\t\t\t\t<a href=\"https:\/\/kitchenlab4kids.ignatianum.edu.pl\/pl\/eksperyment\/lodowe-pieklo-lody-waniliowe\/\" target=\"_self\" rel=\"bookmark noopener noreferrer\">Lodowe piek\u0142o \u2013 lody waniliowe<\/a>\n\t\t\t<\/h3>\n\t\t\t\t\t\t<div class='uagb-post__text uagb-post-grid-byline'>\n\t\t\t\t\t\t\t<\/div>\n\t\t\t\n\t\t\t\t\t\t\t\t\t<\/article>\n\t\t\t\t\t\t\t\t\t\t\t\t\t\t\t\t<article class=\"uagb-post__inner-wrap\">\t\t\t\t\t\t\t\t<div class='uagb-post__image'>\n\t\t\t\t\t\t\t\t\t<a href=\"https:\/\/kitchenlab4kids.ignatianum.edu.pl\/pl\/eksperyment\/barwniki-roslinne-prosty-chromatograf\/\" target=\"_self\" rel=\"bookmark noopener noreferrer\" class='uagb-image-ratio-inherit'><img decoding=\"async\" width=\"882\" height=\"619\" src=\"https:\/\/kitchenlab4kids.ignatianum.edu.pl\/wp-content\/uploads\/sites\/20\/2023\/09\/Plants-pigments-chromatograph-73.png\" class=\"attachment-large size-large\" alt=\"Barwniki ro\u015blinne \u2013 prosty chromatograf\" srcset=\"https:\/\/kitchenlab4kids.ignatianum.edu.pl\/wp-content\/uploads\/sites\/20\/2023\/09\/Plants-pigments-chromatograph-73.png 882w, https:\/\/kitchenlab4kids.ignatianum.edu.pl\/wp-content\/uploads\/sites\/20\/2023\/09\/Plants-pigments-chromatograph-73-300x211.png 300w, https:\/\/kitchenlab4kids.ignatianum.edu.pl\/wp-content\/uploads\/sites\/20\/2023\/09\/Plants-pigments-chromatograph-73-768x539.png 768w\" sizes=\"(max-width: 882px) 100vw, 882px\" \/>\t\t\t\t\t<\/a>\n\t\t\t\t\t\t\t<\/div>\n\t\t\t\t\t\t<h3 class=\"uagb-post__title uagb-post__text\">\n\t\t\t\t<a href=\"https:\/\/kitchenlab4kids.ignatianum.edu.pl\/pl\/eksperyment\/barwniki-roslinne-prosty-chromatograf\/\" target=\"_self\" rel=\"bookmark noopener noreferrer\">Barwniki ro\u015blinne \u2013 prosty chromatograf<\/a>\n\t\t\t<\/h3>\n\t\t\t\t\t\t<div class='uagb-post__text uagb-post-grid-byline'>\n\t\t\t\t\t\t\t<\/div>\n\t\t\t\n\t\t\t\t\t\t\t\t\t<\/article>\n\t\t\t\t\t\t\t\t\t\t\t\t\t\t\t\t<article class=\"uagb-post__inner-wrap\">\t\t\t\t\t\t\t\t<div class='uagb-post__image'>\n\t\t\t\t\t\t\t\t\t<a href=\"https:\/\/kitchenlab4kids.ignatianum.edu.pl\/pl\/eksperyment\/zelazne-sniadanie-eksperyment\/\" target=\"_self\" rel=\"bookmark noopener noreferrer\" class='uagb-image-ratio-inherit'><img decoding=\"async\" width=\"882\" height=\"619\" src=\"https:\/\/kitchenlab4kids.ignatianum.edu.pl\/wp-content\/uploads\/sites\/20\/2023\/09\/4Zelazne-sniadani-73.png\" class=\"attachment-large size-large\" alt=\"\u017belazne \u015bniadanie \u2013 eksperyment\" srcset=\"https:\/\/kitchenlab4kids.ignatianum.edu.pl\/wp-content\/uploads\/sites\/20\/2023\/09\/4Zelazne-sniadani-73.png 882w, https:\/\/kitchenlab4kids.ignatianum.edu.pl\/wp-content\/uploads\/sites\/20\/2023\/09\/4Zelazne-sniadani-73-300x211.png 300w, https:\/\/kitchenlab4kids.ignatianum.edu.pl\/wp-content\/uploads\/sites\/20\/2023\/09\/4Zelazne-sniadani-73-768x539.png 768w\" sizes=\"(max-width: 882px) 100vw, 882px\" \/>\t\t\t\t\t<\/a>\n\t\t\t\t\t\t\t<\/div>\n\t\t\t\t\t\t<h3 class=\"uagb-post__title uagb-post__text\">\n\t\t\t\t<a href=\"https:\/\/kitchenlab4kids.ignatianum.edu.pl\/pl\/eksperyment\/zelazne-sniadanie-eksperyment\/\" target=\"_self\" rel=\"bookmark noopener noreferrer\">\u017belazne \u015bniadanie \u2013 eksperyment<\/a>\n\t\t\t<\/h3>\n\t\t\t\t\t\t<div class='uagb-post__text uagb-post-grid-byline'>\n\t\t\t\t\t\t\t<\/div>\n\t\t\t\n\t\t\t\t\t\t\t\t\t<\/article>\n\t\t\t\t\t\t\t\t\t\t\t\t\t\t\t\t<article class=\"uagb-post__inner-wrap\">\t\t\t\t\t\t\t\t<div class='uagb-post__image'>\n\t\t\t\t\t\t\t\t\t<a href=\"https:\/\/kitchenlab4kids.ignatianum.edu.pl\/pl\/eksperyment\/chleb-w-torebce-biologia-chleba\/\" target=\"_self\" rel=\"bookmark noopener noreferrer\" class='uagb-image-ratio-inherit'><img decoding=\"async\" width=\"882\" height=\"619\" src=\"https:\/\/kitchenlab4kids.ignatianum.edu.pl\/wp-content\/uploads\/sites\/20\/2023\/09\/Chleb-w-torebce-73.png\" class=\"attachment-large size-large\" alt=\"Chleb w torebce \u2013 Biologia chleba\" srcset=\"https:\/\/kitchenlab4kids.ignatianum.edu.pl\/wp-content\/uploads\/sites\/20\/2023\/09\/Chleb-w-torebce-73.png 882w, https:\/\/kitchenlab4kids.ignatianum.edu.pl\/wp-content\/uploads\/sites\/20\/2023\/09\/Chleb-w-torebce-73-300x211.png 300w, https:\/\/kitchenlab4kids.ignatianum.edu.pl\/wp-content\/uploads\/sites\/20\/2023\/09\/Chleb-w-torebce-73-768x539.png 768w\" sizes=\"(max-width: 882px) 100vw, 882px\" \/>\t\t\t\t\t<\/a>\n\t\t\t\t\t\t\t<\/div>\n\t\t\t\t\t\t<h3 class=\"uagb-post__title uagb-post__text\">\n\t\t\t\t<a href=\"https:\/\/kitchenlab4kids.ignatianum.edu.pl\/pl\/eksperyment\/chleb-w-torebce-biologia-chleba\/\" target=\"_self\" rel=\"bookmark noopener noreferrer\">Chleb w torebce \u2013 Biologia chleba<\/a>\n\t\t\t<\/h3>\n\t\t\t\t\t\t<div class='uagb-post__text uagb-post-grid-byline'>\n\t\t\t\t\t\t\t<\/div>\n\t\t\t\n\t\t\t\t\t\t\t\t\t<\/article>\n\t\t\t\t\t\t\t\t\t\t\t\t\t\t\t\t<article class=\"uagb-post__inner-wrap\">\t\t\t\t\t\t\t\t<div class='uagb-post__image'>\n\t\t\t\t\t\t\t\t\t<a href=\"https:\/\/kitchenlab4kids.ignatianum.edu.pl\/pl\/eksperyment\/higiena-zywnosci-mikroby\/\" target=\"_self\" rel=\"bookmark noopener noreferrer\" class='uagb-image-ratio-inherit'><img decoding=\"async\" width=\"882\" height=\"619\" src=\"https:\/\/kitchenlab4kids.ignatianum.edu.pl\/wp-content\/uploads\/sites\/20\/2023\/09\/6Higiena-zywnosci-73.png\" class=\"attachment-large size-large\" alt=\"Higiena \u017cywno\u015bci \u2013 mikroby\" srcset=\"https:\/\/kitchenlab4kids.ignatianum.edu.pl\/wp-content\/uploads\/sites\/20\/2023\/09\/6Higiena-zywnosci-73.png 882w, https:\/\/kitchenlab4kids.ignatianum.edu.pl\/wp-content\/uploads\/sites\/20\/2023\/09\/6Higiena-zywnosci-73-300x211.png 300w, https:\/\/kitchenlab4kids.ignatianum.edu.pl\/wp-content\/uploads\/sites\/20\/2023\/09\/6Higiena-zywnosci-73-768x539.png 768w\" sizes=\"(max-width: 882px) 100vw, 882px\" \/>\t\t\t\t\t<\/a>\n\t\t\t\t\t\t\t<\/div>\n\t\t\t\t\t\t<h3 class=\"uagb-post__title uagb-post__text\">\n\t\t\t\t<a href=\"https:\/\/kitchenlab4kids.ignatianum.edu.pl\/pl\/eksperyment\/higiena-zywnosci-mikroby\/\" target=\"_self\" rel=\"bookmark noopener noreferrer\">Higiena \u017cywno\u015bci \u2013 mikroby<\/a>\n\t\t\t<\/h3>\n\t\t\t\t\t\t<div class='uagb-post__text uagb-post-grid-byline'>\n\t\t\t\t\t\t\t<\/div>\n\t\t\t\n\t\t\t\t\t\t\t\t\t<\/article>\n\t\t\t\t\t\t\t\t\t\t\t\t\t\t\t\t<article class=\"uagb-post__inner-wrap\">\t\t\t\t\t\t\t\t<div class='uagb-post__image'>\n\t\t\t\t\t\t\t\t\t<a href=\"https:\/\/kitchenlab4kids.ignatianum.edu.pl\/pl\/eksperyment\/prad-z-ziemniaka-fizyka-w-praktyce\/\" target=\"_self\" rel=\"bookmark noopener noreferrer\" class='uagb-image-ratio-inherit'><img decoding=\"async\" width=\"882\" height=\"619\" src=\"https:\/\/kitchenlab4kids.ignatianum.edu.pl\/wp-content\/uploads\/sites\/20\/2023\/09\/7Prad-z-ziemniaka-73.png\" class=\"attachment-large size-large\" alt=\"Pr\u0105d z ziemniaka \u2013 fizyka w praktyce\" srcset=\"https:\/\/kitchenlab4kids.ignatianum.edu.pl\/wp-content\/uploads\/sites\/20\/2023\/09\/7Prad-z-ziemniaka-73.png 882w, https:\/\/kitchenlab4kids.ignatianum.edu.pl\/wp-content\/uploads\/sites\/20\/2023\/09\/7Prad-z-ziemniaka-73-300x211.png 300w, https:\/\/kitchenlab4kids.ignatianum.edu.pl\/wp-content\/uploads\/sites\/20\/2023\/09\/7Prad-z-ziemniaka-73-768x539.png 768w\" sizes=\"(max-width: 882px) 100vw, 882px\" \/>\t\t\t\t\t<\/a>\n\t\t\t\t\t\t\t<\/div>\n\t\t\t\t\t\t<h3 class=\"uagb-post__title uagb-post__text\">\n\t\t\t\t<a href=\"https:\/\/kitchenlab4kids.ignatianum.edu.pl\/pl\/eksperyment\/prad-z-ziemniaka-fizyka-w-praktyce\/\" target=\"_self\" rel=\"bookmark noopener noreferrer\">Pr\u0105d z ziemniaka \u2013 fizyka w praktyce<\/a>\n\t\t\t<\/h3>\n\t\t\t\t\t\t<div class='uagb-post__text uagb-post-grid-byline'>\n\t\t\t\t\t\t\t<\/div>\n\t\t\t\n\t\t\t\t\t\t\t\t\t<\/article>\n\t\t\t\t\t\t\t\t\t\t\t<\/div>\n\t\t\t\n\n\n<p><\/p>\n<!-- PMB print buttons is only displayed on a single post\/page URLs-->","protected":false},"excerpt":{"rendered":"Jak to si\u0119 nazywa? Przetestuj eksperymenty Co za niespodzianka!&nbsp;Ile podobie\u0144stw istnieje mi\u0119dzy r\u00f3\u017cnymi j\u0119zykami, spodziewa\u0142e\u015b si\u0119 tego?Teraz wybierz spo\u015br\u00f3d zasob\u00f3w, kt\u00f3re przygotowali\u015bmy dla Ciebie na stronie&nbsp;KitchenLab4kids&nbsp;zasoby dydaktyczne&nbsp;i [&hellip;]","protected":false},"author":4,"featured_media":0,"parent":0,"menu_order":0,"comment_status":"closed","ping_status":"closed","template":"","meta":{"_acf_changed":false,"_uag_custom_page_level_css":"","site-sidebar-layout":"default","site-content-layout":"","ast-site-content-layout":"","site-content-style":"default","site-sidebar-style":"default","ast-global-header-display":"","ast-banner-title-visibility":"","ast-main-header-display":"","ast-hfb-above-header-display":"","ast-hfb-below-header-display":"","ast-hfb-mobile-header-display":"","site-post-title":"","ast-breadcrumbs-content":"","ast-featured-img":"","footer-sml-layout":"","theme-transparent-header-meta":"","adv-header-id-meta":"","stick-header-meta":"","header-above-stick-meta":"","header-main-stick-meta":"","header-below-stick-meta":"","astra-migrate-meta-layouts":"default","ast-page-background-enabled":"default","ast-page-background-meta":{"desktop":{"background-color":"var(--ast-global-color-4)","background-image":"","background-repeat":"repeat","background-position":"center center","background-size":"auto","background-attachment":"scroll","background-type":"","background-media":"","overlay-type":"","overlay-color":"","overlay-opacity":"","overlay-gradient":""},"tablet":{"background-color":"","background-image":"","background-repeat":"repeat","background-position":"center center","background-size":"auto","background-attachment":"scroll","background-type":"","background-media":"","overlay-type":"","overlay-color":"","overlay-opacity":"","overlay-gradient":""},"mobile":{"background-color":"","background-image":"","background-repeat":"repeat","background-position":"center center","background-size":"auto","background-attachment":"scroll","background-type":"","background-media":"","overlay-type":"","overlay-color":"","overlay-opacity":"","overlay-gradient":""}},"ast-content-background-meta":{"desktop":{"background-color":"var(--ast-global-color-5)","background-image":"","background-repeat":"repeat","background-position":"center center","background-size":"auto","background-attachment":"scroll","background-type":"","background-media":"","overlay-type":"","overlay-color":"","overlay-opacity":"","overlay-gradient":""},"tablet":{"background-color":"var(--ast-global-color-5)","background-image":"","background-repeat":"repeat","background-position":"center center","background-size":"auto","background-attachment":"scroll","background-type":"","background-media":"","overlay-type":"","overlay-color":"","overlay-opacity":"","overlay-gradient":""},"mobile":{"background-color":"var(--ast-global-color-5)","background-image":"","background-repeat":"repeat","background-position":"center center","background-size":"auto","background-attachment":"scroll","background-type":"","background-media":"","overlay-type":"","overlay-color":"","overlay-opacity":"","overlay-gradient":""}},"ngg_post_thumbnail":0,"footnotes":""},"acf":[],"uagb_featured_image_src":{"full":false,"thumbnail":false,"medium":false,"medium_large":false,"large":false,"1536x1536":false,"2048x2048":false},"uagb_author_info":{"display_name":"Andrzej Test","author_link":"https:\/\/kitchenlab4kids.ignatianum.edu.pl\/pl\/author\/acieslicka\/"},"uagb_comment_info":0,"uagb_excerpt":"Jak to si\u0119 nazywa? Przetestuj eksperymenty Co za niespodzianka!&nbsp;Ile podobie\u0144stw istnieje mi\u0119dzy r\u00f3\u017cnymi j\u0119zykami, spodziewa\u0142e\u015b si\u0119 tego?Teraz wybierz spo\u015br\u00f3d zasob\u00f3w, kt\u00f3re przygotowali\u015bmy dla Ciebie na stronie&nbsp;KitchenLab4kids&nbsp;zasoby dydaktyczne&nbsp;i [&hellip;]","_links":{"self":[{"href":"https:\/\/kitchenlab4kids.ignatianum.edu.pl\/pl\/wp-json\/wp\/v2\/pages\/1366"}],"collection":[{"href":"https:\/\/kitchenlab4kids.ignatianum.edu.pl\/pl\/wp-json\/wp\/v2\/pages"}],"about":[{"href":"https:\/\/kitchenlab4kids.ignatianum.edu.pl\/pl\/wp-json\/wp\/v2\/types\/page"}],"author":[{"embeddable":true,"href":"https:\/\/kitchenlab4kids.ignatianum.edu.pl\/pl\/wp-json\/wp\/v2\/users\/4"}],"replies":[{"embeddable":true,"href":"https:\/\/kitchenlab4kids.ignatianum.edu.pl\/pl\/wp-json\/wp\/v2\/comments?post=1366"}],"version-history":[{"count":5,"href":"https:\/\/kitchenlab4kids.ignatianum.edu.pl\/pl\/wp-json\/wp\/v2\/pages\/1366\/revisions"}],"predecessor-version":[{"id":5895,"href":"https:\/\/kitchenlab4kids.ignatianum.edu.pl\/pl\/wp-json\/wp\/v2\/pages\/1366\/revisions\/5895"}],"wp:attachment":[{"href":"https:\/\/kitchenlab4kids.ignatianum.edu.pl\/pl\/wp-json\/wp\/v2\/media?parent=1366"}],"curies":[{"name":"wp","href":"https:\/\/api.w.org\/{rel}","templated":true}]}}