{"id":2219,"date":"2023-09-22T11:56:18","date_gmt":"2023-09-22T09:56:18","guid":{"rendered":"https:\/\/kitchenlab4kids.uniwersytet.ignatianum.edu.pl\/?page_id=2219"},"modified":"2023-10-26T07:54:14","modified_gmt":"2023-10-26T05:54:14","slug":"opis","status":"publish","type":"page","link":"https:\/\/kitchenlab4kids.ignatianum.edu.pl\/pl\/opis\/","title":{"rendered":"Opis"},"content":{"rendered":"\n<h2 class=\"wp-block-heading has-text-align-left\">Zestaw narz\u0119dzi dla nauczycieli<\/h2>\n\n\n\n<p class=\"has-text-align-left\">Zestaw narz\u0119dzi to zbi\u00f3r dokument\u00f3w, w tym wytycznych i zalece\u0144 dotycz\u0105cych nauczania STEM na poziomie przedszkolnym, ze szczeg\u00f3lnym uwzgl\u0119dnieniem &#8220;\u015bcie\u017cek edukacyjnych&#8221;.<\/p>\n\n\n\n<p class=\"has-text-align-left\"><strong>Otw\u00f3rz interaktywny zestaw narz\u0119dzi:<\/strong><\/p>\n\n\n\n<div class=\"wp-block-buttons is-content-justification-left is-layout-flex wp-container-core-buttons-is-layout-1 wp-block-buttons-is-layout-flex\">\n<div class=\"wp-block-button\"><a class=\"wp-block-button__link has-text-align-left wp-element-button\" href=\"https:\/\/kitchenlab4kids.uniwersytet.ignatianum.edu.pl\/wp-content\/uploads\/articulate_uploads\/kitchen-lab-4-kids-toolkit-PL\/Kitchen%20Lab%204%20Kids%20-%20Zestaw%20narz%C4%99dzi%20edukacyjnych%20dla%20nauczycieli.html#\/\">Zestaw narz\u0119dzi<\/a><\/div>\n<\/div>\n\n\n\n<div style=\"height:50px\" aria-hidden=\"true\" class=\"wp-block-spacer\"><\/div>\n\n\n\n<h3 class=\"wp-block-heading has-text-align-left\"><strong>Zestaw narz\u0119dzi obejmuje zestaw publikacji skierowanych do r\u00f3\u017cnych grup:<\/strong><\/h3>\n\n\n\n<h4 class=\"wp-block-heading\"><strong>Pierwsza publikacja<\/strong><\/h4>\n\n\n\n<p class=\"has-text-align-left\">&#8220;Zestaw dydaktyczny&#8221; skierowana jest do: nauczycieli akademickich i badaczy, wychowawc\u00f3w i nauczycieli szkolnych.<br>Zawiera ona tre\u015bci i metodologie opracowane dla Zestawu Dydaktycznego i zweryfikowane po do\u015bwiadczeniach terenowych. Ponadto zawiera poprawion\u0105 i przefiltrowan\u0105 wersj\u0119 zasob\u00f3w stworzonych i \/ lub wybranych przez spo\u0142eczno\u015b\u0107 nauczycieli w O3, tj. dzia\u0142ania, najlepsze praktyki i gry, przetestowane w do\u015bwiadczeniach terenowych. Publikacja przedstawia przyk\u0142ady \u015bcie\u017cek edukacyjnych dla nauczycieli (do zastosowania w ich przedszkolu).<\/p>\n\n\n\n<ul class=\"bs-link-block\">\n<li><a href=\"\/pl\/opis-zestaw-dydaktyczny\/\">Zestaw dydaktyczny<\/a><\/li>\n<\/ul>\n\n\n\n<div style=\"height:50px\" aria-hidden=\"true\" class=\"wp-block-spacer\"><\/div>\n\n\n\n<h4 class=\"wp-block-heading\"><strong>Druga publikacja<\/strong><\/h4>\n\n\n\n<p class=\"has-text-align-left\">&#8220;<a href=\"\/pl\/ksiazeczka-dla-rodzicow\/\">Ksi\u0105\u017ceczka dla rodzic\u00f3w<\/a>&#8221; (dost\u0119pna w j\u0119zykach EN, PL, IT, ES, CA) jest skierowana do rodzic\u00f3w.<br>Ta publikacja to broszura zawieraj\u0105ca przyk\u0142ady zasob\u00f3w i \u015bcie\u017cek edukacyjnych dla rodzic\u00f3w, dzi\u0119ki czemu b\u0119d\u0105 oni mogli powiela\u0107 dzia\u0142ania STEM (np. Kitchen Science) w domu, \u0142\u0105cz\u0105c nauk\u0119 z prawdziwym \u015bwiatem oraz zainteresowaniami i celami swoich dzieci.<\/p>\n\n\n<div class=\"bst-filelist__item\">\n        <a class=\"bst-filelist__item-link\" href=\"https:\/\/kitchenlab4kids.ignatianum.edu.pl\/wp-content\/uploads\/sites\/20\/2023\/09\/K4K-Guidelines-PL-1.pdf\">\n            <span class=\"bst-filelist__item-text\">Ksi\u0105\u017ceczka dla rodzic\u00f3w<\/span>\n            <span class=\"bst-filelist__item-details\">\n                <span class=\"bst-filelist__item-format\">PDF<\/span>\n                <span class=\"bst-filelist__item-size\">4 MB<\/span>\n            <\/span>\n        <\/a>\n        <div class=\"bst-filelist__item-container\">\n            <a class=\"bst-filelist__item-link\" href=\"https:\/\/kitchenlab4kids.ignatianum.edu.pl\/wp-content\/uploads\/sites\/20\/2023\/09\/K4K-Guidelines-PL-1.pdf\"  download>\n                <span class=\"bst-filelist__item-icon\"><\/span>\n            <\/a>\n        <\/div>\n    <\/div>\n\n\n\n<div style=\"height:50px\" aria-hidden=\"true\" class=\"wp-block-spacer\"><\/div>\n\n\n\n<h4 class=\"wp-block-heading\"><strong>Trzecia publikacja<\/strong><\/h4>\n\n\n\n<p class=\"has-text-align-left\">&#8220;<a href=\"\/pl\/wytyczne-dla-nauczycieli\/\">Wytyczne dotycz\u0105ce dzia\u0142a\u0144 STEM na poziomie przedszkolnym<\/a>&#8221; (dost\u0119pna w EN, PL, IT, ES, CA). G\u0142\u00f3wnymi adresatami tej publikacji s\u0105: nauczyciele, badacze, nauczyciele w trakcie i przed rozpocz\u0119ciem pracy, decydenci itp.<\/p>\n\n\n<div class=\"bst-filelist__item\">\n        <a class=\"bst-filelist__item-link\" href=\"https:\/\/kitchenlab4kids.ignatianum.edu.pl\/wp-content\/uploads\/sites\/20\/2023\/09\/K4K-Booklet-for-parents-PL-1.pdf\">\n            <span class=\"bst-filelist__item-text\">Wytyczne dotycz\u0105ce dzia\u0142a\u0144 STEM na poziomie przedszkolnym<\/span>\n            <span class=\"bst-filelist__item-details\">\n                <span class=\"bst-filelist__item-format\">PDF<\/span>\n                <span class=\"bst-filelist__item-size\">4 MB<\/span>\n            <\/span>\n        <\/a>\n        <div class=\"bst-filelist__item-container\">\n            <a class=\"bst-filelist__item-link\" href=\"https:\/\/kitchenlab4kids.ignatianum.edu.pl\/wp-content\/uploads\/sites\/20\/2023\/09\/K4K-Booklet-for-parents-PL-1.pdf\"  download>\n                <span class=\"bst-filelist__item-icon\"><\/span>\n            <\/a>\n        <\/div>\n    <\/div>\n\n\n\n<div style=\"height:50px\" aria-hidden=\"true\" class=\"wp-block-spacer\"><\/div>\n\n\n\n<h4 class=\"wp-block-heading\"><strong>\u015acie\u017cki edukacyjne<\/strong><\/h4>\n\n\n\n<p class=\"has-text-align-left\"><a href=\"\/pl\/sciezki-uczenia-sie\/\">\u015acie\u017cki edukacyjne:<\/a> sekwencje zasob\u00f3w, kt\u00f3re s\u0105 pogrupowane, aby umo\u017cliwi\u0107 dzieciom opanowanie okre\u015blonego tematu lub umiej\u0119tno\u015bci\/kompetencji (dost\u0119pne w EN, PL, IT, ES, CA).<\/p>\n<!-- PMB print buttons is only displayed on a single post\/page URLs-->","protected":false},"excerpt":{"rendered":"Zestaw narz\u0119dzi dla nauczycieli Zestaw narz\u0119dzi to zbi\u00f3r dokument\u00f3w, w tym wytycznych i zalece\u0144 dotycz\u0105cych nauczania STEM na poziomie przedszkolnym, ze szczeg\u00f3lnym uwzgl\u0119dnieniem &#8220;\u015bcie\u017cek edukacyjnych&#8221;. Otw\u00f3rz interaktywny zestaw narz\u0119dzi: Zestaw narz\u0119dzi obejmuje zestaw publikacji skierowanych do r\u00f3\u017cnych grup: Pierwsza publikacja &#8220;Zestaw dydaktyczny&#8221; skierowana jest do: nauczycieli akademickich i badaczy, wychowawc\u00f3w i nauczycieli szkolnych.Zawiera ona tre\u015bci i metodologie opracowane dla Zestawu Dydaktycznego i zweryfikowane po do\u015bwiadczeniach terenowych. Ponadto zawiera poprawion\u0105 i przefiltrowan\u0105 wersj\u0119 zasob\u00f3w stworzonych i \/ lub wybranych przez spo\u0142eczno\u015b\u0107 nauczycieli w O3, tj. dzia\u0142ania, najlepsze praktyki i gry, przetestowane w do\u015bwiadczeniach terenowych. Publikacja przedstawia przyk\u0142ady \u015bcie\u017cek edukacyjnych dla nauczycieli (do zastosowania w ich przedszkolu). Druga publikacja &#8220;Ksi\u0105\u017ceczka dla rodzic\u00f3w&#8221; (dost\u0119pna w j\u0119zykach EN, PL, IT, ES, CA) jest skierowana do rodzic\u00f3w.Ta publikacja to broszura zawieraj\u0105ca przyk\u0142ady zasob\u00f3w i \u015bcie\u017cek edukacyjnych dla rodzic\u00f3w, dzi\u0119ki czemu b\u0119d\u0105 oni mogli powiela\u0107 dzia\u0142ania STEM (np. Kitchen Science) w domu, \u0142\u0105cz\u0105c nauk\u0119 z prawdziwym \u015bwiatem oraz zainteresowaniami i celami swoich dzieci. Trzecia publikacja &#8220;Wytyczne dotycz\u0105ce dzia\u0142a\u0144 STEM na poziomie przedszkolnym&#8221; (dost\u0119pna w EN, PL, IT, ES, CA). G\u0142\u00f3wnymi adresatami tej publikacji s\u0105: nauczyciele, badacze, nauczyciele w trakcie i przed rozpocz\u0119ciem pracy, decydenci itp. \u015acie\u017cki edukacyjne \u015acie\u017cki edukacyjne: sekwencje zasob\u00f3w, kt\u00f3re s\u0105 pogrupowane, aby umo\u017cliwi\u0107 dzieciom opanowanie okre\u015blonego tematu lub umiej\u0119tno\u015bci\/kompetencji (dost\u0119pne w EN, PL, IT, ES, [&hellip;]","protected":false},"author":14,"featured_media":0,"parent":0,"menu_order":0,"comment_status":"closed","ping_status":"closed","template":"","meta":{"_acf_changed":false,"_uag_custom_page_level_css":"","site-sidebar-layout":"default","site-content-layout":"","ast-site-content-layout":"","site-content-style":"default","site-sidebar-style":"default","ast-global-header-display":"","ast-banner-title-visibility":"","ast-main-header-display":"","ast-hfb-above-header-display":"","ast-hfb-below-header-display":"","ast-hfb-mobile-header-display":"","site-post-title":"","ast-breadcrumbs-content":"","ast-featured-img":"","footer-sml-layout":"","theme-transparent-header-meta":"","adv-header-id-meta":"","stick-header-meta":"","header-above-stick-meta":"","header-main-stick-meta":"","header-below-stick-meta":"","astra-migrate-meta-layouts":"default","ast-page-background-enabled":"default","ast-page-background-meta":{"desktop":{"background-color":"var(--ast-global-color-4)","background-image":"","background-repeat":"repeat","background-position":"center center","background-size":"auto","background-attachment":"scroll","background-type":"","background-media":"","overlay-type":"","overlay-color":"","overlay-opacity":"","overlay-gradient":""},"tablet":{"background-color":"","background-image":"","background-repeat":"repeat","background-position":"center center","background-size":"auto","background-attachment":"scroll","background-type":"","background-media":"","overlay-type":"","overlay-color":"","overlay-opacity":"","overlay-gradient":""},"mobile":{"background-color":"","background-image":"","background-repeat":"repeat","background-position":"center center","background-size":"auto","background-attachment":"scroll","background-type":"","background-media":"","overlay-type":"","overlay-color":"","overlay-opacity":"","overlay-gradient":""}},"ast-content-background-meta":{"desktop":{"background-color":"var(--ast-global-color-5)","background-image":"","background-repeat":"repeat","background-position":"center center","background-size":"auto","background-attachment":"scroll","background-type":"","background-media":"","overlay-type":"","overlay-color":"","overlay-opacity":"","overlay-gradient":""},"tablet":{"background-color":"var(--ast-global-color-5)","background-image":"","background-repeat":"repeat","background-position":"center center","background-size":"auto","background-attachment":"scroll","background-type":"","background-media":"","overlay-type":"","overlay-color":"","overlay-opacity":"","overlay-gradient":""},"mobile":{"background-color":"var(--ast-global-color-5)","background-image":"","background-repeat":"repeat","background-position":"center center","background-size":"auto","background-attachment":"scroll","background-type":"","background-media":"","overlay-type":"","overlay-color":"","overlay-opacity":"","overlay-gradient":""}},"ngg_post_thumbnail":0,"footnotes":""},"acf":[],"uagb_featured_image_src":{"full":false,"thumbnail":false,"medium":false,"medium_large":false,"large":false,"1536x1536":false,"2048x2048":false},"uagb_author_info":{"display_name":"pklubko","author_link":"https:\/\/kitchenlab4kids.ignatianum.edu.pl\/pl\/author\/pklubko\/"},"uagb_comment_info":0,"uagb_excerpt":"Zestaw narz\u0119dzi dla nauczycieli Zestaw narz\u0119dzi to zbi\u00f3r dokument\u00f3w, w tym wytycznych i zalece\u0144 dotycz\u0105cych nauczania STEM na poziomie przedszkolnym, ze szczeg\u00f3lnym uwzgl\u0119dnieniem &#8220;\u015bcie\u017cek edukacyjnych&#8221;. Otw\u00f3rz interaktywny zestaw narz\u0119dzi: Zestaw narz\u0119dzi obejmuje zestaw publikacji skierowanych do r\u00f3\u017cnych grup: Pierwsza publikacja &#8220;Zestaw dydaktyczny&#8221; skierowana jest do: nauczycieli akademickich i badaczy, wychowawc\u00f3w i nauczycieli szkolnych.Zawiera ona tre\u015bci&hellip;","_links":{"self":[{"href":"https:\/\/kitchenlab4kids.ignatianum.edu.pl\/pl\/wp-json\/wp\/v2\/pages\/2219"}],"collection":[{"href":"https:\/\/kitchenlab4kids.ignatianum.edu.pl\/pl\/wp-json\/wp\/v2\/pages"}],"about":[{"href":"https:\/\/kitchenlab4kids.ignatianum.edu.pl\/pl\/wp-json\/wp\/v2\/types\/page"}],"author":[{"embeddable":true,"href":"https:\/\/kitchenlab4kids.ignatianum.edu.pl\/pl\/wp-json\/wp\/v2\/users\/14"}],"replies":[{"embeddable":true,"href":"https:\/\/kitchenlab4kids.ignatianum.edu.pl\/pl\/wp-json\/wp\/v2\/comments?post=2219"}],"version-history":[{"count":9,"href":"https:\/\/kitchenlab4kids.ignatianum.edu.pl\/pl\/wp-json\/wp\/v2\/pages\/2219\/revisions"}],"predecessor-version":[{"id":8499,"href":"https:\/\/kitchenlab4kids.ignatianum.edu.pl\/pl\/wp-json\/wp\/v2\/pages\/2219\/revisions\/8499"}],"wp:attachment":[{"href":"https:\/\/kitchenlab4kids.ignatianum.edu.pl\/pl\/wp-json\/wp\/v2\/media?parent=2219"}],"curies":[{"name":"wp","href":"https:\/\/api.w.org\/{rel}","templated":true}]}}