{"id":2361,"date":"2023-09-22T14:13:20","date_gmt":"2023-09-22T12:13:20","guid":{"rendered":"https:\/\/kitchenlab4kids.uniwersytet.ignatianum.edu.pl\/?page_id=2361"},"modified":"2023-10-02T12:49:23","modified_gmt":"2023-10-02T10:49:23","slug":"m-w-stem-zastosowanie-matematyki-w-zyciu-codziennym","status":"publish","type":"page","link":"https:\/\/kitchenlab4kids.ignatianum.edu.pl\/pl\/sciezki-uczenia-sie\/m-w-stem-zastosowanie-matematyki-w-zyciu-codziennym\/","title":{"rendered":"M w STEM: Zastosowanie matematyki w \u017cyciu codziennym"},"content":{"rendered":"\n<h2 class=\"wp-block-heading\">Cele og\u00f3lne:<\/h2>\n\n\n\n<ul>\n<li>Rozwijanie umiej\u0119tno\u015bci przeliczania<\/li>\n\n\n\n<li>Rozwijanie umiej\u0119tno\u015bci mierzenia substancji w jednostkach standardowych i niestandardowych<\/li>\n\n\n\n<li>Rozwijanie umiej\u0119tno\u015bci mierzenia ilo\u015bci cieczy i cia\u0142 sta\u0142ych<\/li>\n\n\n\n<li>Rozwijanie \u015bwiadomo\u015bci praktycznych zastosowa\u0144 matematyki w \u017cyciu codziennym<\/li>\n<\/ul>\n\n\n\n<div style=\"height:30px\" aria-hidden=\"true\" class=\"wp-block-spacer\"><\/div>\n\n\n\n<h2 class=\"wp-block-heading\">Zamierzone rezultaty uczenia si\u0119<\/h2>\n\n\n\n<p><strong>Dziecko:<\/strong><\/p>\n\n\n\n<ul>\n<li>przelicza sk\u0142adniki<\/li>\n\n\n\n<li>przelicza ilo\u015b\u0107\/ liczb\u0119 sk\u0142adnik\u00f3w podczas mierzenia<\/li>\n\n\n\n<li>odmierza potrzebn\u0105 ilo\u015b\u0107 sk\u0142adnik\u00f3w z wykorzystaniem r\u00f3\u017cnych narz\u0119dzi kuchennych, np. \u0142y\u017ceczki, \u0142y\u017cki, miarki, kubka itp.<\/li>\n\n\n\n<li>odmierza r\u00f3\u017cne ilo\u015bci cia\u0142 sta\u0142ych i cieczy<\/li>\n\n\n\n<li>identyfikuje narz\u0119dzia odpowiednie do mierzenia r\u00f3\u017cnych typ\u00f3w substancji kuchennych<\/li>\n<\/ul>\n\n\n\n<div style=\"height:30px\" aria-hidden=\"true\" class=\"wp-block-spacer\"><\/div>\n\n\n\n<h2 class=\"wp-block-heading\">Struktura \u015bcie\u017cki uczenia si\u0119<\/h2>\n\n\n\n<p><strong>Krok I<\/strong><\/p>\n\n\n\n<p>Liczenie przy gotowaniu (przeliczanie kostek \u017celowych)<\/p>\n\n\n\n<ul class=\"bs-link-block\">\n<li><a href=\"https:\/\/kitchenlab4kids.uniwersytet.ignatianum.edu.pl\/eksperyment\/wykonanie-galaretki\/\">Wykonanie galaretki \u2013 Badanie procesu \u017celowania<\/a><\/li>\n<\/ul>\n\n\n\n<p><strong>Krok II<\/strong><\/p>\n\n\n\n<p>Odmierzanie za pomoc\u0105 \u0142y\u017cki<\/p>\n\n\n\n<ul class=\"bs-link-block\">\n<li><a href=\"https:\/\/kitchenlab4kids.uniwersytet.ignatianum.edu.pl\/eksperyment\/ciasto-w-kubku\/\">Ciasto w kubku<\/a><\/li>\n<\/ul>\n\n\n\n<p><strong>Krok III<\/strong><\/p>\n\n\n\n<p>Mierzenie cieczy i substancji sta\u0142ych w kuchni<\/p>\n\n\n\n<ul class=\"bs-link-block\">\n<li><a href=\"https:\/\/kitchenlab4kids.uniwersytet.ignatianum.edu.pl\/eksperyment\/jadalne-szklo\/\">Jadalne szk\u0142o<\/a><\/li>\n\n\n\n<li><a href=\"https:\/\/kitchenlab4kids.uniwersytet.ignatianum.edu.pl\/eksperyment\/domowa-ciastolina-z-ziolami-i-przyprawami\/\">Domowa ciastolina z zio\u0142ami i przyprawami<\/a><\/li>\n\n\n\n<li><a href=\"https:\/\/kitchenlab4kids.uniwersytet.ignatianum.edu.pl\/eksperyment\/przygotowanie-domowych-lodow\/\">Przygotowanie domowych lod\u00f3w<\/a><\/li>\n<\/ul>\n\n\n\n<div style=\"height:30px\" aria-hidden=\"true\" class=\"wp-block-spacer\"><\/div>\n\n\n\n<h2 class=\"wp-block-heading\">Ewaluacja<\/h2>\n\n\n\n<p><strong>Pocz\u0105tkowa<\/strong><\/p>\n\n\n\n<p>Rozmowa z dzie\u0107mi \u2013 pytania, kt\u00f3re ujawni\u0105 wiedz\u0119 i do\u015bwiadczenie uczni\u00f3w w liczeniu i mierzeniu w kuchni, zwracaj\u0105c uwag\u0119 na j\u0119zyk, z kt\u00f3rym s\u0105 ju\u017c zaznajomieni, a tak\u017ce narz\u0119dzia, kt\u00f3rych ju\u017c potrafi\u0105 u\u017cywa\u0107.<\/p>\n\n\n\n<p><strong>Bie\u017c\u0105ca<\/strong><\/p>\n\n\n\n<p>Wype\u0142nienie dzienniczka nauki i narysowanie przy ka\u017cdym eksperymencie\/ badaniu:<\/p>\n\n\n\n<ul>\n<li>jednej rzeczy, kt\u00f3ra im si\u0119 najbardziej podoba\u0142a?<\/li>\n\n\n\n<li>jednej rzeczy nowej, kt\u00f3rej si\u0119 nauczyli?<\/li>\n<\/ul>\n\n\n\n<p><strong>Ko\u0144cowa<\/strong><\/p>\n\n\n\n<p>Wype\u0142nianie karty refleksji przygotowanej przez nauczyciela \u2013 po wykonaniu wszystkich zada\u0144 z zaznaczeniem:<\/p>\n\n\n\n<ul>\n<li>Jakie jest Twoje ulubione narz\u0119dzie pomiaru w kuchni \u2013 dlaczego to narz\u0119dzie podoba Ci si\u0119 najbardziej?<\/li>\n\n\n\n<li>Jakie inne substancje mo\u017cna mierzy\u0107 z wykorzystaniem tego narz\u0119dzia?<\/li>\n<\/ul>\n<!-- PMB print buttons is only displayed on a single post\/page URLs-->","protected":false},"excerpt":{"rendered":"Cele og\u00f3lne: Zamierzone rezultaty uczenia si\u0119 Dziecko: Struktura \u015bcie\u017cki uczenia si\u0119 Krok I Liczenie przy gotowaniu (przeliczanie kostek \u017celowych) Krok II Odmierzanie za pomoc\u0105 \u0142y\u017cki Krok III Mierzenie cieczy i substancji sta\u0142ych w kuchni Ewaluacja Pocz\u0105tkowa Rozmowa z dzie\u0107mi \u2013 pytania, kt\u00f3re ujawni\u0105 wiedz\u0119 i do\u015bwiadczenie uczni\u00f3w w liczeniu i mierzeniu w kuchni, zwracaj\u0105c uwag\u0119 na j\u0119zyk, z kt\u00f3rym s\u0105 ju\u017c zaznajomieni, a tak\u017ce narz\u0119dzia, kt\u00f3rych ju\u017c potrafi\u0105 u\u017cywa\u0107. Bie\u017c\u0105ca Wype\u0142nienie dzienniczka nauki i narysowanie przy ka\u017cdym eksperymencie\/ badaniu: Ko\u0144cowa Wype\u0142nianie karty refleksji przygotowanej przez nauczyciela \u2013 po wykonaniu wszystkich zada\u0144 z [&hellip;]","protected":false},"author":14,"featured_media":0,"parent":2252,"menu_order":0,"comment_status":"closed","ping_status":"closed","template":"","meta":{"_acf_changed":false,"_uag_custom_page_level_css":"","site-sidebar-layout":"default","site-content-layout":"","ast-site-content-layout":"","site-content-style":"default","site-sidebar-style":"default","ast-global-header-display":"","ast-banner-title-visibility":"","ast-main-header-display":"","ast-hfb-above-header-display":"","ast-hfb-below-header-display":"","ast-hfb-mobile-header-display":"","site-post-title":"","ast-breadcrumbs-content":"","ast-featured-img":"","footer-sml-layout":"","theme-transparent-header-meta":"","adv-header-id-meta":"","stick-header-meta":"","header-above-stick-meta":"","header-main-stick-meta":"","header-below-stick-meta":"","astra-migrate-meta-layouts":"default","ast-page-background-enabled":"default","ast-page-background-meta":{"desktop":{"background-color":"var(--ast-global-color-4)","background-image":"","background-repeat":"repeat","background-position":"center center","background-size":"auto","background-attachment":"scroll","background-type":"","background-media":"","overlay-type":"","overlay-color":"","overlay-opacity":"","overlay-gradient":""},"tablet":{"background-color":"","background-image":"","background-repeat":"repeat","background-position":"center center","background-size":"auto","background-attachment":"scroll","background-type":"","background-media":"","overlay-type":"","overlay-color":"","overlay-opacity":"","overlay-gradient":""},"mobile":{"background-color":"","background-image":"","background-repeat":"repeat","background-position":"center center","background-size":"auto","background-attachment":"scroll","background-type":"","background-media":"","overlay-type":"","overlay-color":"","overlay-opacity":"","overlay-gradient":""}},"ast-content-background-meta":{"desktop":{"background-color":"var(--ast-global-color-5)","background-image":"","background-repeat":"repeat","background-position":"center center","background-size":"auto","background-attachment":"scroll","background-type":"","background-media":"","overlay-type":"","overlay-color":"","overlay-opacity":"","overlay-gradient":""},"tablet":{"background-color":"var(--ast-global-color-5)","background-image":"","background-repeat":"repeat","background-position":"center center","background-size":"auto","background-attachment":"scroll","background-type":"","background-media":"","overlay-type":"","overlay-color":"","overlay-opacity":"","overlay-gradient":""},"mobile":{"background-color":"var(--ast-global-color-5)","background-image":"","background-repeat":"repeat","background-position":"center center","background-size":"auto","background-attachment":"scroll","background-type":"","background-media":"","overlay-type":"","overlay-color":"","overlay-opacity":"","overlay-gradient":""}},"ngg_post_thumbnail":0,"footnotes":""},"acf":[],"uagb_featured_image_src":{"full":false,"thumbnail":false,"medium":false,"medium_large":false,"large":false,"1536x1536":false,"2048x2048":false},"uagb_author_info":{"display_name":"pklubko","author_link":"https:\/\/kitchenlab4kids.ignatianum.edu.pl\/pl\/author\/pklubko\/"},"uagb_comment_info":0,"uagb_excerpt":"Cele og\u00f3lne: Zamierzone rezultaty uczenia si\u0119 Dziecko: Struktura \u015bcie\u017cki uczenia si\u0119 Krok I Liczenie przy gotowaniu (przeliczanie kostek \u017celowych) Krok II Odmierzanie za pomoc\u0105 \u0142y\u017cki Krok III Mierzenie cieczy i substancji sta\u0142ych w kuchni Ewaluacja Pocz\u0105tkowa Rozmowa z dzie\u0107mi \u2013 pytania, kt\u00f3re ujawni\u0105 wiedz\u0119 i do\u015bwiadczenie uczni\u00f3w w liczeniu i mierzeniu w kuchni, zwracaj\u0105c uwag\u0119&hellip;","_links":{"self":[{"href":"https:\/\/kitchenlab4kids.ignatianum.edu.pl\/pl\/wp-json\/wp\/v2\/pages\/2361"}],"collection":[{"href":"https:\/\/kitchenlab4kids.ignatianum.edu.pl\/pl\/wp-json\/wp\/v2\/pages"}],"about":[{"href":"https:\/\/kitchenlab4kids.ignatianum.edu.pl\/pl\/wp-json\/wp\/v2\/types\/page"}],"author":[{"embeddable":true,"href":"https:\/\/kitchenlab4kids.ignatianum.edu.pl\/pl\/wp-json\/wp\/v2\/users\/14"}],"replies":[{"embeddable":true,"href":"https:\/\/kitchenlab4kids.ignatianum.edu.pl\/pl\/wp-json\/wp\/v2\/comments?post=2361"}],"version-history":[{"count":2,"href":"https:\/\/kitchenlab4kids.ignatianum.edu.pl\/pl\/wp-json\/wp\/v2\/pages\/2361\/revisions"}],"predecessor-version":[{"id":6150,"href":"https:\/\/kitchenlab4kids.ignatianum.edu.pl\/pl\/wp-json\/wp\/v2\/pages\/2361\/revisions\/6150"}],"up":[{"embeddable":true,"href":"https:\/\/kitchenlab4kids.ignatianum.edu.pl\/pl\/wp-json\/wp\/v2\/pages\/2252"}],"wp:attachment":[{"href":"https:\/\/kitchenlab4kids.ignatianum.edu.pl\/pl\/wp-json\/wp\/v2\/media?parent=2361"}],"curies":[{"name":"wp","href":"https:\/\/api.w.org\/{rel}","templated":true}]}}