{"id":2390,"date":"2023-09-22T18:54:49","date_gmt":"2023-09-22T16:54:49","guid":{"rendered":"https:\/\/kitchenlab4kids.uniwersytet.ignatianum.edu.pl\/?page_id=2390"},"modified":"2023-10-04T13:56:05","modified_gmt":"2023-10-04T11:56:05","slug":"co-to-jest-osmoza","status":"publish","type":"page","link":"https:\/\/kitchenlab4kids.ignatianum.edu.pl\/pl\/sciezki-uczenia-sie\/co-to-jest-osmoza\/","title":{"rendered":"Co to jest osmoza?"},"content":{"rendered":"\n<h2 class=\"wp-block-heading has-text-align-center\"><strong>\u015aCIE\u017bKA OPARTA NA POJ\u0118CIACH NAUKOWYCH<br>Co to jest osmoza?<\/strong><\/h2>\n\n\n\n<h3 class=\"wp-block-heading\">Cele og\u00f3lne:<\/h3>\n\n\n\n<ul>\n<li>Odkrywanie znaczenia poj\u0119cia: osmoza, roztw\u00f3r.<\/li>\n\n\n\n<li>Badanie zjawiska osmozy i zastosowania w kuchni.<\/li>\n\n\n\n<li>Nabywanie umiej\u0119tno\u015bci badawczych poprzez przeprowadzanie do\u015bwiadcze\u0144.<\/li>\n\n\n\n<li>Tworzenie okazji do wyja\u015bniania obserwowanych zjawisk \u2013 osmoza w r\u00f3\u017cnych sytuacjach<\/li>\n\n\n\n<li>Wzmocnienie postawy badawczej dzieci<\/li>\n<\/ul>\n\n\n\n<div style=\"height:30px\" aria-hidden=\"true\" class=\"wp-block-spacer\"><\/div>\n\n\n\n<h3 class=\"wp-block-heading\">Zamierzone rezultaty uczenia si\u0119<\/h3>\n\n\n\n<p><strong>Dziecko:<\/strong><\/p>\n\n\n\n<ul>\n<li>aktywnie uczestniczy w eksperymentach pod kierunkiem nauczyciela<\/li>\n\n\n\n<li>obserwuje zachowanie si\u0119 zjawiska osmozy w r\u00f3\u017cnych sytuacjach i wyprowadza definicj\u0119 poj\u0119cia osmoza<\/li>\n\n\n\n<li>podejmuje krytyczn\u0105 refleksj\u0119 nad w\u0142asnym uczeniem si\u0119<\/li>\n<\/ul>\n\n\n\n<div style=\"height:30px\" aria-hidden=\"true\" class=\"wp-block-spacer\"><\/div>\n\n\n\n<h3 class=\"wp-block-heading\">Struktura \u015bcie\u017cki uczenia si\u0119<\/h3>\n\n\n\n<p><strong>Krok I<\/strong><\/p>\n\n\n\n<p>Tworzenie okazji do odkrywania i budowania poj\u0119cia: osmoza<\/p>\n\n\n\n<ul class=\"bs-link-block\">\n<li><a href=\"\/pl\/eksperyment\/hodujemy-zelkowego-misia\/\">Hodujemy \u017celkowego misia<\/a><\/li>\n\n\n\n<li><a href=\"\/pl\/eksperyment\/zelki-i-osmoza\/\">\u017belki i osmoza \u2013 Jak zachowaj\u0105 si\u0119 \u017celki w r\u00f3\u017cnych roztworach?<\/a><\/li>\n<\/ul>\n\n\n\n<p><strong>Krok II<\/strong><\/p>\n\n\n\n<p>Zastosowanie osmozy w kuchni \u2013 badanie r\u00f3\u017cnych wymiar\u00f3w osmozy<\/p>\n\n\n\n<ul class=\"bs-link-block\">\n<li><a href=\"\/pl\/eksperyment\/lakoma-osmoza\/\">\u0141akoma osmoza<\/a><\/li>\n\n\n\n<li><a href=\"\/pl\/eksperyment\/co-burak-powie-nam-o-osmozie\/\">Co burak nam powie o osmozie?<\/a><\/li>\n<\/ul>\n\n\n\n<p><strong>Krok III<\/strong><\/p>\n\n\n\n<p>Osmoza w zabawie<\/p>\n\n\n\n<ul class=\"bs-link-block\">\n<li><a href=\"\/pl\/eksperyment\/osmozowe-granie-eksperyment\/\">Osmozowe granie \u2013 eksperyment<\/a><\/li>\n<\/ul>\n\n\n\n<div style=\"height:30px\" aria-hidden=\"true\" class=\"wp-block-spacer\"><\/div>\n\n\n\n<h3 class=\"wp-block-heading\">Ewaluacja<\/h3>\n\n\n\n<p><strong>Pocz\u0105tkowa<\/strong>&nbsp;\u2013 przygotowanie mapy my\u015bli (co wiem? Czego chcia\u0142bym si\u0119 dowiedzie\u0107) \u2013 aktywowanie aktualne wiedzy dzieci;<\/p>\n\n\n\n<p><strong>Bie\u017c\u0105ca<\/strong>&nbsp;\u2013 opisana w ka\u017cdym zasobie<\/p>\n\n\n\n<p><strong>Ko\u0144cowa<\/strong><\/p>\n\n\n\n<ol>\n<li>Powr\u00f3t do mapy my\u015bli i refleksja nad tym, czego si\u0119 dowiedzieli\u015bmy\/ nauczyli\u015bmy? Co nas najbardziej zaintrygowa\u0142o\/ zdziwi\u0142o? Czego jeszcze nie wiemy o stanach osmozie, a chcieliby\u015bmy si\u0119 tego dowiedzie\u0107?<\/li>\n\n\n\n<li>G\u0142osowanie na najciekawszy eksperyment (dzieci mog\u0105 przykleja\u0107 naklejki pod zdj\u0119ciem przedstawiaj\u0105cym r\u00f3\u017cne eksperymenty)<\/li>\n\n\n\n<li>Samoewaluacja w\u0142asnego uczenia si\u0119 na przygotowanej przez nauczyciela karcie pracy (dzieci rysuj\u0105 -\/ +\/ ?)<\/li>\n<\/ol>\n\n\n\n<figure class=\"wp-block-table\"><table><tbody><tr><td>1. Umiem wyja\u015bni\u0107 co to jest osmoza<\/td><\/tr><tr><td>2. Umiem poda\u0107 przyk\u0142ady gdzie zachodzi osmoza<\/td><\/tr><tr><td>3. Umiem przeprowadzi\u0107 eksperymenty<\/td><\/tr><tr><td>4. Umiem by\u0107 ostro\u017cnym naukowcem \u2013 wiem jak zachowywa\u0107 si\u0119 bezpiecznie w laboratorium<\/td><\/tr><tr><td>5. Umiem obserwowa\u0107 i robi\u0107 notatki<\/td><\/tr><tr><td>6. Umiem zastosowa\u0107 osmoz\u0119 w kuchni<\/td><\/tr><tr><td>7. Umiem odmierza\u0107 obj\u0119to\u015b\u0107 cieczy<\/td><\/tr><\/tbody><\/table><\/figure>\n<!-- PMB print buttons is only displayed on a single post\/page URLs-->","protected":false},"excerpt":{"rendered":"\u015aCIE\u017bKA OPARTA NA POJ\u0118CIACH NAUKOWYCHCo to jest osmoza? Cele og\u00f3lne: Zamierzone rezultaty uczenia si\u0119 Dziecko: Struktura \u015bcie\u017cki uczenia si\u0119 Krok I Tworzenie okazji do odkrywania i budowania poj\u0119cia: osmoza Krok II Zastosowanie osmozy w kuchni \u2013 badanie r\u00f3\u017cnych wymiar\u00f3w osmozy Krok III Osmoza w zabawie Ewaluacja Pocz\u0105tkowa&nbsp;\u2013 przygotowanie mapy my\u015bli (co wiem? Czego chcia\u0142bym si\u0119 dowiedzie\u0107) \u2013 aktywowanie aktualne wiedzy dzieci; Bie\u017c\u0105ca&nbsp;\u2013 opisana w ka\u017cdym zasobie Ko\u0144cowa 1. Umiem wyja\u015bni\u0107 co to jest osmoza 2. Umiem poda\u0107 przyk\u0142ady gdzie zachodzi osmoza 3. Umiem przeprowadzi\u0107 eksperymenty 4. Umiem by\u0107 ostro\u017cnym naukowcem \u2013 wiem jak zachowywa\u0107 si\u0119 bezpiecznie w laboratorium 5. Umiem obserwowa\u0107 i robi\u0107 notatki 6. Umiem zastosowa\u0107 osmoz\u0119 w kuchni 7. Umiem odmierza\u0107 obj\u0119to\u015b\u0107 [&hellip;]","protected":false},"author":14,"featured_media":0,"parent":2252,"menu_order":0,"comment_status":"closed","ping_status":"closed","template":"","meta":{"_acf_changed":false,"_uag_custom_page_level_css":"","site-sidebar-layout":"default","site-content-layout":"","ast-site-content-layout":"","site-content-style":"default","site-sidebar-style":"default","ast-global-header-display":"","ast-banner-title-visibility":"","ast-main-header-display":"","ast-hfb-above-header-display":"","ast-hfb-below-header-display":"","ast-hfb-mobile-header-display":"","site-post-title":"","ast-breadcrumbs-content":"","ast-featured-img":"","footer-sml-layout":"","theme-transparent-header-meta":"","adv-header-id-meta":"","stick-header-meta":"","header-above-stick-meta":"","header-main-stick-meta":"","header-below-stick-meta":"","astra-migrate-meta-layouts":"default","ast-page-background-enabled":"default","ast-page-background-meta":{"desktop":{"background-color":"var(--ast-global-color-4)","background-image":"","background-repeat":"repeat","background-position":"center center","background-size":"auto","background-attachment":"scroll","background-type":"","background-media":"","overlay-type":"","overlay-color":"","overlay-opacity":"","overlay-gradient":""},"tablet":{"background-color":"","background-image":"","background-repeat":"repeat","background-position":"center center","background-size":"auto","background-attachment":"scroll","background-type":"","background-media":"","overlay-type":"","overlay-color":"","overlay-opacity":"","overlay-gradient":""},"mobile":{"background-color":"","background-image":"","background-repeat":"repeat","background-position":"center center","background-size":"auto","background-attachment":"scroll","background-type":"","background-media":"","overlay-type":"","overlay-color":"","overlay-opacity":"","overlay-gradient":""}},"ast-content-background-meta":{"desktop":{"background-color":"var(--ast-global-color-5)","background-image":"","background-repeat":"repeat","background-position":"center center","background-size":"auto","background-attachment":"scroll","background-type":"","background-media":"","overlay-type":"","overlay-color":"","overlay-opacity":"","overlay-gradient":""},"tablet":{"background-color":"var(--ast-global-color-5)","background-image":"","background-repeat":"repeat","background-position":"center center","background-size":"auto","background-attachment":"scroll","background-type":"","background-media":"","overlay-type":"","overlay-color":"","overlay-opacity":"","overlay-gradient":""},"mobile":{"background-color":"var(--ast-global-color-5)","background-image":"","background-repeat":"repeat","background-position":"center center","background-size":"auto","background-attachment":"scroll","background-type":"","background-media":"","overlay-type":"","overlay-color":"","overlay-opacity":"","overlay-gradient":""}},"ngg_post_thumbnail":0,"footnotes":""},"acf":[],"uagb_featured_image_src":{"full":false,"thumbnail":false,"medium":false,"medium_large":false,"large":false,"1536x1536":false,"2048x2048":false},"uagb_author_info":{"display_name":"pklubko","author_link":"https:\/\/kitchenlab4kids.ignatianum.edu.pl\/pl\/author\/pklubko\/"},"uagb_comment_info":0,"uagb_excerpt":"\u015aCIE\u017bKA OPARTA NA POJ\u0118CIACH NAUKOWYCHCo to jest osmoza? Cele og\u00f3lne: Zamierzone rezultaty uczenia si\u0119 Dziecko: Struktura \u015bcie\u017cki uczenia si\u0119 Krok I Tworzenie okazji do odkrywania i budowania poj\u0119cia: osmoza Krok II Zastosowanie osmozy w kuchni \u2013 badanie r\u00f3\u017cnych wymiar\u00f3w osmozy Krok III Osmoza w zabawie Ewaluacja Pocz\u0105tkowa&nbsp;\u2013 przygotowanie mapy my\u015bli (co wiem? Czego chcia\u0142bym si\u0119&hellip;","_links":{"self":[{"href":"https:\/\/kitchenlab4kids.ignatianum.edu.pl\/pl\/wp-json\/wp\/v2\/pages\/2390"}],"collection":[{"href":"https:\/\/kitchenlab4kids.ignatianum.edu.pl\/pl\/wp-json\/wp\/v2\/pages"}],"about":[{"href":"https:\/\/kitchenlab4kids.ignatianum.edu.pl\/pl\/wp-json\/wp\/v2\/types\/page"}],"author":[{"embeddable":true,"href":"https:\/\/kitchenlab4kids.ignatianum.edu.pl\/pl\/wp-json\/wp\/v2\/users\/14"}],"replies":[{"embeddable":true,"href":"https:\/\/kitchenlab4kids.ignatianum.edu.pl\/pl\/wp-json\/wp\/v2\/comments?post=2390"}],"version-history":[{"count":4,"href":"https:\/\/kitchenlab4kids.ignatianum.edu.pl\/pl\/wp-json\/wp\/v2\/pages\/2390\/revisions"}],"predecessor-version":[{"id":6726,"href":"https:\/\/kitchenlab4kids.ignatianum.edu.pl\/pl\/wp-json\/wp\/v2\/pages\/2390\/revisions\/6726"}],"up":[{"embeddable":true,"href":"https:\/\/kitchenlab4kids.ignatianum.edu.pl\/pl\/wp-json\/wp\/v2\/pages\/2252"}],"wp:attachment":[{"href":"https:\/\/kitchenlab4kids.ignatianum.edu.pl\/pl\/wp-json\/wp\/v2\/media?parent=2390"}],"curies":[{"name":"wp","href":"https:\/\/api.w.org\/{rel}","templated":true}]}}