{"id":2660,"date":"2023-09-23T15:18:35","date_gmt":"2023-09-23T13:18:35","guid":{"rendered":"https:\/\/kitchenlab4kids.uniwersytet.ignatianum.edu.pl\/?page_id=2660"},"modified":"2023-10-11T13:49:47","modified_gmt":"2023-10-11T11:49:47","slug":"automatycznie-zapisany-szkic","status":"publish","type":"page","link":"https:\/\/kitchenlab4kids.ignatianum.edu.pl\/pl\/","title":{"rendered":"Strona g\u0142\u00f3wna"},"content":{"rendered":"\n<div class=\"wp-block-uagb-container bs-home-block uagb-block-06da0052 alignfull uagb-is-root-container\"><div class=\"uagb-container-inner-blocks-wrap\">\n<div class=\"wp-block-uagb-container uagb-block-47cfa1f1 alignfull uagb-is-root-container\"><div class=\"uagb-container-inner-blocks-wrap\">\n<div class=\"wp-block-uagb-container uagb-block-aa8c58a0 alignfull uagb-is-root-container\"><div class=\"uagb-container-inner-blocks-wrap\">\n<div class=\"wp-block-uagb-container uagb-block-eb120462 alignfull uagb-is-root-container\"><div class=\"uagb-container-inner-blocks-wrap\">\n<h2 class=\"wp-block-heading has-ast-global-color-5-color has-text-color has-x-large-font-size\"><strong>Kitchen Lab 4 Kids<\/strong><\/h2>\n<\/div><\/div>\n\n\n\n<div class=\"wp-block-uagb-container uag-hide-mob uagb-block-3c57bd85 alignfull uagb-is-root-container\"><div class=\"uagb-container-inner-blocks-wrap\"><\/div><\/div>\n\n\n\n<div class=\"wp-block-uagb-container uagb-block-fc4a1fd0 alignfull uagb-is-root-container\"><div class=\"uagb-container-inner-blocks-wrap\"><\/div><\/div>\n<\/div><\/div>\n<\/div><\/div>\n<\/div><\/div>\n\n\n\n<div class=\"wp-block-uagb-container bs-full-width uagb-block-79b0945d alignfull uagb-is-root-container\"><div class=\"uagb-container-inner-blocks-wrap\">\n<div class=\"wp-block-columns bs-container alignfull is-layout-flex wp-container-core-columns-is-layout-1 wp-block-columns-is-layout-flex\">\n<div class=\"wp-block-column bs-image-container is-layout-flow wp-block-column-is-layout-flow\">\n<figure class=\"wp-block-embed alignfull is-type-video is-provider-youtube wp-block-embed-youtube wp-embed-aspect-16-9 wp-has-aspect-ratio\"><div class=\"wp-block-embed__wrapper\">\n<div class=\"ast-oembed-container \" style=\"height: 100%;\"><iframe title=\"KitchenLab4Kids is baked!\" width=\"500\" height=\"281\" src=\"https:\/\/www.youtube.com\/embed\/kHScpETey2o?feature=oembed\" frameborder=\"0\" allow=\"accelerometer; autoplay; clipboard-write; encrypted-media; gyroscope; picture-in-picture; web-share\" referrerpolicy=\"strict-origin-when-cross-origin\" allowfullscreen><\/iframe><\/div>\n<\/div><\/figure>\n<\/div>\n\n\n\n<div class=\"wp-block-column is-vertically-aligned-center bs-text-column is-layout-flow wp-container-core-column-is-layout-2 wp-block-column-is-layout-flow\" style=\"padding-top:0px;padding-right:10%;padding-bottom:35px\">\n<p class=\"bs-text-separator\">DOBRY START<\/p>\n\n\n\n<h2 class=\"wp-block-heading\">Umiej\u0119tno\u015bci w zakresie nauk \u015bcis\u0142ych, technologii, in\u017cynierii i matematyki (STEM) staj\u0105 si\u0119 coraz wa\u017cniejszym elementem podstawowej umiej\u0119tno\u015bci czytania i pisania opartej na wiedzy.<\/h2>\n\n\n\n<p>Celem projektu jest udoskonalenie program\u00f3w nauczania nauczycieli poprzez wspieranie ich w zapewnianiu wysokiej jako\u015bci nauczania, stosowaniu innowacyjnych metod nauczania przedmiot\u00f3w \u015bcis\u0142ych oraz kszta\u0142towaniu u dzieci pozytywnej i ciekawej postawy od wczesnych lat ich \u017cycia, zapobiegaj\u0105c w ten spos\u00f3b niedostatecznym umiej\u0119tno\u015bciom w zakresie STEM .<\/p>\n<\/div>\n<\/div>\n<\/div><\/div>\n\n\n\n<div class=\"wp-block-columns bs-block-four-columns is-layout-flex wp-container-core-columns-is-layout-2 wp-block-columns-is-layout-flex\" style=\"margin-bottom:120px\">\n<div class=\"wp-block-column bs-first-column is-layout-flow wp-block-column-is-layout-flow\">\n<p class=\"bs-text-separator\">CZAS NA LEKCJ\u0118<\/p>\n\n\n\n<h2 class=\"wp-block-heading\">Otwarte zasoby edukacyjne<\/h2>\n<\/div>\n\n\n\n<div class=\"wp-block-column bs-column-border is-layout-flow wp-block-column-is-layout-flow\">\n<div class=\"wp-block-uagb-info-box uagb-block-3b91d7cc uagb-infobox__content-wrap  uagb-infobox-icon-above-title uagb-infobox-image-valign-top\"><div class=\"uagb-ifb-content\"><div class=\"uagb-ifb-image-content\"><img decoding=\"async\" src=\"http:\/\/kitchenlab4kids.uniwersytet.ignatianum.edu.pl\/wp-content\/uploads\/sites\/15\/2023\/09\/Rectangle-458.png\" alt=\"\" width=\"\" height=\"0\" loading=\"lazy\"\/><\/div><div class=\"uagb-ifb-title-wrap\"><h4 class=\"uagb-ifb-title\"><strong>Zestaw dydaktyczny<\/strong><\/h4><\/div><p class=\"uagb-ifb-desc\">Przyk\u0142ady metod nauczania i dobrych praktyk, gier, eksperyment\u00f3w itp., kt\u00f3re mo\u017cna odtworzy\u0107 w przedszkolu.<\/p><\/div><\/div>\n\n\n\n<p><a href=\"\/pl\/opis-zestaw-dydaktyczny\/\">Czytaj wi\u0119cej<\/a><\/p>\n<\/div>\n\n\n\n<div class=\"wp-block-column bs-column-border is-layout-flow wp-block-column-is-layout-flow\">\n<div class=\"wp-block-uagb-info-box uagb-block-e622cf44 uagb-infobox__content-wrap  uagb-infobox-icon-above-title uagb-infobox-image-valign-top\"><div class=\"uagb-ifb-content\"><div class=\"uagb-ifb-image-content\"><img decoding=\"async\" src=\"http:\/\/kitchenlab4kids.uniwersytet.ignatianum.edu.pl\/wp-content\/uploads\/sites\/15\/2023\/09\/Rectangle-459.png\" alt=\"\" width=\"\" height=\"0\" loading=\"lazy\"\/><\/div><div class=\"uagb-ifb-title-wrap\"><h4 class=\"uagb-ifb-title\"><strong>Zestaw narz\u0119dzi<\/strong><\/h4><\/div><p class=\"uagb-ifb-desc\">Wytyczne i zalecenia dotycz\u0105ce nauczania przedmiot\u00f3w STEM na poziomie przedszkola.<\/p><\/div><\/div>\n\n\n\n<p><a href=\"\/pl\/opis\/\">Czytaj wi\u0119cej<\/a><\/p>\n<\/div>\n\n\n\n<div class=\"wp-block-column bs-column-border is-layout-flow wp-block-column-is-layout-flow\">\n<div class=\"wp-block-uagb-info-box uagb-block-e5e65c17 uagb-infobox__content-wrap  uagb-infobox-icon-above-title uagb-infobox-image-valign-top\"><div class=\"uagb-ifb-content\"><div class=\"uagb-ifb-image-content\"><img decoding=\"async\" src=\"http:\/\/kitchenlab4kids.uniwersytet.ignatianum.edu.pl\/wp-content\/uploads\/sites\/15\/2023\/09\/Rectangle-460.png\" alt=\"\" width=\"\" height=\"0\" loading=\"lazy\"\/><\/div><div class=\"uagb-ifb-title-wrap\"><h4 class=\"uagb-ifb-title\"><strong>Spo\u0142eczno\u015b\u0107<\/strong><\/h4><\/div><p class=\"uagb-ifb-desc\">Przyczyniaj si\u0119 do rozwoju projektu dziel\u0105c si\u0119 swoj\u0105 opini\u0105 i opisuj\u0105c swoje do\u015bwiadczenia.<\/p><\/div><\/div>\n\n\n\n<p><a href=\"\/community-of-practice-and-learning\/\">Czytaj wi\u0119cej<\/a><\/p>\n<\/div>\n<\/div>\n\n\n\n<div class=\"wp-block-uagb-container bs-full-width uagb-block-dc03e0de alignfull uagb-is-root-container\"><div class=\"uagb-container-inner-blocks-wrap\">\n<div class=\"wp-block-columns bs-container alignfull is-layout-flex wp-container-core-columns-is-layout-3 wp-block-columns-is-layout-flex\">\n<div class=\"wp-block-column is-vertically-aligned-top bs-text-column is-layout-flow wp-container-core-column-is-layout-7 wp-block-column-is-layout-flow\" style=\"padding-top:0px;padding-right:10%;padding-bottom:35px;flex-basis:25%\">\n<p class=\"bs-text-separator\">SPRAWD\u0179 TO<\/p>\n\n\n\n<h2 class=\"wp-block-heading\">Zagraj z nami!<\/h2>\n\n\n\n<p>Odkryj sk\u0142adniki zapisane w innym j\u0119zyku i odkryj, co mo\u017cesz z nimi zrobi\u0107.<\/p>\n<\/div>\n\n\n\n<div class=\"wp-block-column is-layout-flow wp-block-column-is-layout-flow\" style=\"flex-basis:75%\">\n<iframe src=\"https:\/\/h5p.org\/h5p\/embed\/1203645\" width=\"567\" height=\"865\" frameborder=\"0\" allowfullscreen=\"allowfullscreen\" allow=\"geolocation *; microphone *; camera *; midi *; encrypted-media *\" title=\"KitchenLab4Kids - Name it!\"><\/iframe><script src=\"https:\/\/h5p.org\/sites\/all\/modules\/h5p\/library\/js\/h5p-resizer.js\" charset=\"UTF-8\"><\/script>\n<\/div>\n<\/div>\n<\/div><\/div>\n\n\n\n<div class=\"wp-block-columns bs-two-columns is-layout-flex wp-container-core-columns-is-layout-4 wp-block-columns-is-layout-flex\" style=\"margin-bottom:120px\">\n<div class=\"wp-block-column bs-column-with-border has-border-color has-luminous-vivid-amber-border-color is-layout-flow wp-block-column-is-layout-flow\" style=\"border-width:1px\">\n<p class=\"bs-text-separator\">SP\u00d3JRZ<\/p>\n\n\n\n<h2 class=\"wp-block-heading\">Przetestuj eksperymenty!<\/h2>\n\n\n\n<p>Teraz wybierz spo\u015br\u00f3d zasob\u00f3w, kt\u00f3re dla Ciebie wybrali\u015bmy z zestawu KitchenLab4kids Teaching i \u015bled\u017a eksperymenty!<\/p>\n\n\n\n<div class=\"wp-block-buttons is-layout-flex wp-block-buttons-is-layout-flex\">\n<div class=\"wp-block-button\"><a class=\"wp-block-button__link wp-element-button\" href=\"\/pl\/zasoby-dydaktyczne\/\">Przejd\u017a do zasob\u00f3w<\/a><\/div>\n<\/div>\n<\/div>\n\n\n\n<div class=\"wp-block-column has-ast-global-color-0-background-color has-background is-layout-flow wp-block-column-is-layout-flow\">\n<p class=\"bs-text-separator\">ZMIE\u0143 J\u0118ZYK<\/p>\n\n\n\n<h2 class=\"wp-block-heading\">Chcesz gra\u0107 w innym j\u0119zyku?<\/h2>\n\n\n\n<div class=\"wp-block-buttons is-layout-flex wp-block-buttons-is-layout-flex\">\n<div class=\"wp-block-button has-custom-width wp-block-button__width-50\"><a class=\"wp-block-button__link wp-element-button\" href=\"\/pl\/zagraj-z-nami\/\">Polski<\/a><\/div>\n\n\n\n<div class=\"wp-block-button has-custom-width wp-block-button__width-50\"><a class=\"wp-block-button__link wp-element-button\" href=\"\/it\/gioca-con-noi\/\">W\u0142oski<\/a><\/div>\n\n\n\n<div class=\"wp-block-button has-custom-width wp-block-button__width-50\"><a class=\"wp-block-button__link wp-element-button\" href=\"\/play-with-us\/\">Angielski<\/a><\/div>\n\n\n\n<div class=\"wp-block-button has-custom-width wp-block-button__width-50\"><a class=\"wp-block-button__link wp-element-button\" href=\"\/ca\/juga-amb-nosaltres\/\">Katalo\u0144ski<\/a><\/div>\n<\/div>\n<\/div>\n<\/div>\n<!-- PMB print buttons is only displayed on a single post\/page URLs-->","protected":false},"excerpt":{"rendered":"Kitchen Lab 4 Kids DOBRY START Umiej\u0119tno\u015bci w zakresie nauk \u015bcis\u0142ych, technologii, in\u017cynierii i matematyki (STEM) staj\u0105 si\u0119 coraz wa\u017cniejszym elementem podstawowej umiej\u0119tno\u015bci czytania i pisania opartej na wiedzy. Celem projektu jest udoskonalenie program\u00f3w nauczania nauczycieli poprzez wspieranie ich w zapewnianiu wysokiej jako\u015bci nauczania, stosowaniu innowacyjnych metod nauczania przedmiot\u00f3w \u015bcis\u0142ych oraz kszta\u0142towaniu u dzieci pozytywnej i ciekawej postawy od wczesnych lat ich \u017cycia, zapobiegaj\u0105c w ten spos\u00f3b niedostatecznym umiej\u0119tno\u015bciom w zakresie STEM . CZAS NA LEKCJ\u0118 Otwarte zasoby edukacyjne Czytaj wi\u0119cej Czytaj wi\u0119cej Czytaj wi\u0119cej SPRAWD\u0179 TO Zagraj z nami! Odkryj sk\u0142adniki zapisane w innym j\u0119zyku i odkryj, co mo\u017cesz z nimi zrobi\u0107. SP\u00d3JRZ Przetestuj eksperymenty! Teraz wybierz spo\u015br\u00f3d zasob\u00f3w, kt\u00f3re dla Ciebie wybrali\u015bmy z zestawu KitchenLab4kids Teaching i \u015bled\u017a eksperymenty! ZMIE\u0143 J\u0118ZYK Chcesz gra\u0107 w innym [&hellip;]","protected":false},"author":3,"featured_media":0,"parent":0,"menu_order":0,"comment_status":"closed","ping_status":"closed","template":"","meta":{"_acf_changed":false,"_uag_custom_page_level_css":"","site-sidebar-layout":"default","site-content-layout":"","ast-site-content-layout":"","site-content-style":"default","site-sidebar-style":"default","ast-global-header-display":"","ast-banner-title-visibility":"","ast-main-header-display":"","ast-hfb-above-header-display":"","ast-hfb-below-header-display":"","ast-hfb-mobile-header-display":"","site-post-title":"","ast-breadcrumbs-content":"","ast-featured-img":"","footer-sml-layout":"","theme-transparent-header-meta":"enabled","adv-header-id-meta":"","stick-header-meta":"","header-above-stick-meta":"","header-main-stick-meta":"","header-below-stick-meta":"","astra-migrate-meta-layouts":"default","ast-page-background-enabled":"default","ast-page-background-meta":{"desktop":{"background-color":"var(--ast-global-color-4)","background-image":"","background-repeat":"repeat","background-position":"center center","background-size":"auto","background-attachment":"scroll","background-type":"","background-media":"","overlay-type":"","overlay-color":"","overlay-opacity":"","overlay-gradient":""},"tablet":{"background-color":"","background-image":"","background-repeat":"repeat","background-position":"center center","background-size":"auto","background-attachment":"scroll","background-type":"","background-media":"","overlay-type":"","overlay-color":"","overlay-opacity":"","overlay-gradient":""},"mobile":{"background-color":"","background-image":"","background-repeat":"repeat","background-position":"center center","background-size":"auto","background-attachment":"scroll","background-type":"","background-media":"","overlay-type":"","overlay-color":"","overlay-opacity":"","overlay-gradient":""}},"ast-content-background-meta":{"desktop":{"background-color":"var(--ast-global-color-5)","background-image":"","background-repeat":"repeat","background-position":"center center","background-size":"auto","background-attachment":"scroll","background-type":"","background-media":"","overlay-type":"","overlay-color":"","overlay-opacity":"","overlay-gradient":""},"tablet":{"background-color":"var(--ast-global-color-5)","background-image":"","background-repeat":"repeat","background-position":"center center","background-size":"auto","background-attachment":"scroll","background-type":"","background-media":"","overlay-type":"","overlay-color":"","overlay-opacity":"","overlay-gradient":""},"mobile":{"background-color":"var(--ast-global-color-5)","background-image":"","background-repeat":"repeat","background-position":"center center","background-size":"auto","background-attachment":"scroll","background-type":"","background-media":"","overlay-type":"","overlay-color":"","overlay-opacity":"","overlay-gradient":""}},"ngg_post_thumbnail":0,"footnotes":""},"acf":[],"uagb_featured_image_src":{"full":false,"thumbnail":false,"medium":false,"medium_large":false,"large":false,"1536x1536":false,"2048x2048":false},"uagb_author_info":{"display_name":"Redaktor","author_link":"https:\/\/kitchenlab4kids.ignatianum.edu.pl\/pl\/author\/dstolarek\/"},"uagb_comment_info":0,"uagb_excerpt":"Kitchen Lab 4 Kids DOBRY START Umiej\u0119tno\u015bci w zakresie nauk \u015bcis\u0142ych, technologii, in\u017cynierii i matematyki (STEM) staj\u0105 si\u0119 coraz wa\u017cniejszym elementem podstawowej umiej\u0119tno\u015bci czytania i pisania opartej na wiedzy. Celem projektu jest udoskonalenie program\u00f3w nauczania nauczycieli poprzez wspieranie ich w zapewnianiu wysokiej jako\u015bci nauczania, stosowaniu innowacyjnych metod nauczania przedmiot\u00f3w \u015bcis\u0142ych oraz kszta\u0142towaniu u dzieci pozytywnej&hellip;","_links":{"self":[{"href":"https:\/\/kitchenlab4kids.ignatianum.edu.pl\/pl\/wp-json\/wp\/v2\/pages\/2660"}],"collection":[{"href":"https:\/\/kitchenlab4kids.ignatianum.edu.pl\/pl\/wp-json\/wp\/v2\/pages"}],"about":[{"href":"https:\/\/kitchenlab4kids.ignatianum.edu.pl\/pl\/wp-json\/wp\/v2\/types\/page"}],"author":[{"embeddable":true,"href":"https:\/\/kitchenlab4kids.ignatianum.edu.pl\/pl\/wp-json\/wp\/v2\/users\/3"}],"replies":[{"embeddable":true,"href":"https:\/\/kitchenlab4kids.ignatianum.edu.pl\/pl\/wp-json\/wp\/v2\/comments?post=2660"}],"version-history":[{"count":5,"href":"https:\/\/kitchenlab4kids.ignatianum.edu.pl\/pl\/wp-json\/wp\/v2\/pages\/2660\/revisions"}],"predecessor-version":[{"id":8484,"href":"https:\/\/kitchenlab4kids.ignatianum.edu.pl\/pl\/wp-json\/wp\/v2\/pages\/2660\/revisions\/8484"}],"wp:attachment":[{"href":"https:\/\/kitchenlab4kids.ignatianum.edu.pl\/pl\/wp-json\/wp\/v2\/media?parent=2660"}],"curies":[{"name":"wp","href":"https:\/\/api.w.org\/{rel}","templated":true}]}}