{"id":7533,"date":"2023-09-23T18:53:11","date_gmt":"2023-09-23T16:53:11","guid":{"rendered":"https:\/\/kitchenlab4kids.uniwersytet.ignatianum.edu.pl\/?page_id=7533"},"modified":"2023-10-06T06:48:52","modified_gmt":"2023-10-06T04:48:52","slug":"opis-zestaw-dydaktyczny","status":"publish","type":"page","link":"https:\/\/kitchenlab4kids.ignatianum.edu.pl\/pl\/opis-zestaw-dydaktyczny\/","title":{"rendered":"Opis"},"content":{"rendered":"\n<div class=\"wp-block-columns is-layout-flex wp-container-core-columns-is-layout-1 wp-block-columns-is-layout-flex\">\n<div class=\"wp-block-column is-layout-flow wp-block-column-is-layout-flow\" style=\"flex-basis:33.33%\">\n<figure class=\"wp-block-image size-full\"><img decoding=\"async\" width=\"378\" height=\"162\" src=\"http:\/\/kitchenlab4kids.uniwersytet.ignatianum.edu.pl\/wp-content\/uploads\/sites\/20\/2023\/09\/teachingSet-74.png\" alt=\"spoon\" class=\"wp-image-2893\" srcset=\"https:\/\/kitchenlab4kids.ignatianum.edu.pl\/wp-content\/uploads\/sites\/20\/2023\/09\/teachingSet-74.png 378w, https:\/\/kitchenlab4kids.ignatianum.edu.pl\/wp-content\/uploads\/sites\/20\/2023\/09\/teachingSet-74-300x129.png 300w\" sizes=\"(max-width: 378px) 100vw, 378px\" \/><\/figure>\n<\/div>\n\n\n\n<div class=\"wp-block-column is-layout-flow wp-block-column-is-layout-flow\" style=\"flex-basis:66.66%\">\n<h2 class=\"wp-block-heading\">Zestaw dydaktyczny<\/h2>\n\n\n\n<p>Zestaw dydaktyczny zosta\u0142 zaprojektowany tak, aby zapewni\u0107 d\u0142ugotrwa\u0142e wsparcie nauczycielom i wychowawcom.<\/p>\n\n\n\n<p>Zawiera przyk\u0142ady metod nauczania i dobrych praktyk, gier, eksperyment\u00f3w itp., kt\u00f3re mo\u017cna odtworzy\u0107 w przedszkolu.<\/p>\n\n\n\n<p>Projekt daje niepowtarzaln\u0105 mo\u017cliwo\u015b\u0107 rozwoju i sprawdzenia w praktyce dzia\u0142a\u0144 interdyscyplinarnych w ramach zintegrowanego nauczania, kt\u00f3re pozwala uczniom ugruntowa\u0107 swoj\u0105 wiedz\u0119 z r\u00f3\u017cnych dziedzin, a jednocze\u015bnie \u0107wiczy\u0107 pasjonuj\u0105c\u0105 nauk\u0119.<br>Ponadto projekt promuje \u201epraktyczne\u201d podej\u015bcie do nauki i rozw\u00f3j szerokiej sieci nauczycieli, trener\u00f3w i naukowc\u00f3w poprzez mi\u0119dzynarodow\u0105 wsp\u00f3\u0142prac\u0119 maj\u0105c\u0105 na celu \u201epogodzenie\u201d dzieci i nauczycieli z nauk\u0105.<\/p>\n<\/div>\n<\/div>\n\n\n\n<h2 class=\"wp-block-heading\"><strong>Odkryj zestaw do nauczania<\/strong><\/h2>\n\n\n\n<div class=\"wp-block-buttons is-content-justification-left is-layout-flex wp-container-core-buttons-is-layout-1 wp-block-buttons-is-layout-flex\">\n<div class=\"wp-block-button\"><a class=\"wp-block-button__link has-text-align-left wp-element-button\" href=\"\/pl\/zasoby-dydaktyczne\/\">Go!<\/a><\/div>\n<\/div>\n<!-- PMB print buttons is only displayed on a single post\/page URLs-->","protected":false},"excerpt":{"rendered":"Zestaw dydaktyczny Zestaw dydaktyczny zosta\u0142 zaprojektowany tak, aby zapewni\u0107 d\u0142ugotrwa\u0142e wsparcie nauczycielom i wychowawcom. Zawiera przyk\u0142ady metod nauczania i dobrych praktyk, gier, eksperyment\u00f3w itp., kt\u00f3re mo\u017cna odtworzy\u0107 w przedszkolu. Projekt daje niepowtarzaln\u0105 mo\u017cliwo\u015b\u0107 rozwoju i sprawdzenia w praktyce dzia\u0142a\u0144 interdyscyplinarnych w ramach zintegrowanego nauczania, kt\u00f3re pozwala uczniom ugruntowa\u0107 swoj\u0105 wiedz\u0119 z r\u00f3\u017cnych dziedzin, a jednocze\u015bnie \u0107wiczy\u0107 pasjonuj\u0105c\u0105 nauk\u0119.Ponadto projekt promuje \u201epraktyczne\u201d podej\u015bcie do nauki i rozw\u00f3j szerokiej sieci nauczycieli, trener\u00f3w i naukowc\u00f3w poprzez mi\u0119dzynarodow\u0105 wsp\u00f3\u0142prac\u0119 maj\u0105c\u0105 na celu \u201epogodzenie\u201d dzieci i nauczycieli z nauk\u0105. Odkryj zestaw do [&hellip;]","protected":false},"author":3,"featured_media":0,"parent":0,"menu_order":0,"comment_status":"closed","ping_status":"closed","template":"","meta":{"_acf_changed":false,"_uag_custom_page_level_css":"","site-sidebar-layout":"default","site-content-layout":"","ast-site-content-layout":"","site-content-style":"default","site-sidebar-style":"default","ast-global-header-display":"","ast-banner-title-visibility":"","ast-main-header-display":"","ast-hfb-above-header-display":"","ast-hfb-below-header-display":"","ast-hfb-mobile-header-display":"","site-post-title":"","ast-breadcrumbs-content":"","ast-featured-img":"","footer-sml-layout":"","theme-transparent-header-meta":"","adv-header-id-meta":"","stick-header-meta":"","header-above-stick-meta":"","header-main-stick-meta":"","header-below-stick-meta":"","astra-migrate-meta-layouts":"default","ast-page-background-enabled":"default","ast-page-background-meta":{"desktop":{"background-color":"var(--ast-global-color-4)","background-image":"","background-repeat":"repeat","background-position":"center center","background-size":"auto","background-attachment":"scroll","background-type":"","background-media":"","overlay-type":"","overlay-color":"","overlay-opacity":"","overlay-gradient":""},"tablet":{"background-color":"","background-image":"","background-repeat":"repeat","background-position":"center center","background-size":"auto","background-attachment":"scroll","background-type":"","background-media":"","overlay-type":"","overlay-color":"","overlay-opacity":"","overlay-gradient":""},"mobile":{"background-color":"","background-image":"","background-repeat":"repeat","background-position":"center center","background-size":"auto","background-attachment":"scroll","background-type":"","background-media":"","overlay-type":"","overlay-color":"","overlay-opacity":"","overlay-gradient":""}},"ast-content-background-meta":{"desktop":{"background-color":"var(--ast-global-color-5)","background-image":"","background-repeat":"repeat","background-position":"center center","background-size":"auto","background-attachment":"scroll","background-type":"","background-media":"","overlay-type":"","overlay-color":"","overlay-opacity":"","overlay-gradient":""},"tablet":{"background-color":"var(--ast-global-color-5)","background-image":"","background-repeat":"repeat","background-position":"center center","background-size":"auto","background-attachment":"scroll","background-type":"","background-media":"","overlay-type":"","overlay-color":"","overlay-opacity":"","overlay-gradient":""},"mobile":{"background-color":"var(--ast-global-color-5)","background-image":"","background-repeat":"repeat","background-position":"center center","background-size":"auto","background-attachment":"scroll","background-type":"","background-media":"","overlay-type":"","overlay-color":"","overlay-opacity":"","overlay-gradient":""}},"ngg_post_thumbnail":0,"footnotes":""},"acf":[],"uagb_featured_image_src":{"full":false,"thumbnail":false,"medium":false,"medium_large":false,"large":false,"1536x1536":false,"2048x2048":false},"uagb_author_info":{"display_name":"Redaktor","author_link":"https:\/\/kitchenlab4kids.ignatianum.edu.pl\/pl\/author\/dstolarek\/"},"uagb_comment_info":0,"uagb_excerpt":"Zestaw dydaktyczny Zestaw dydaktyczny zosta\u0142 zaprojektowany tak, aby zapewni\u0107 d\u0142ugotrwa\u0142e wsparcie nauczycielom i wychowawcom. Zawiera przyk\u0142ady metod nauczania i dobrych praktyk, gier, eksperyment\u00f3w itp., kt\u00f3re mo\u017cna odtworzy\u0107 w przedszkolu. Projekt daje niepowtarzaln\u0105 mo\u017cliwo\u015b\u0107 rozwoju i sprawdzenia w praktyce dzia\u0142a\u0144 interdyscyplinarnych w ramach zintegrowanego nauczania, kt\u00f3re pozwala uczniom ugruntowa\u0107 swoj\u0105 wiedz\u0119 z r\u00f3\u017cnych dziedzin, a jednocze\u015bnie&hellip;","_links":{"self":[{"href":"https:\/\/kitchenlab4kids.ignatianum.edu.pl\/pl\/wp-json\/wp\/v2\/pages\/7533"}],"collection":[{"href":"https:\/\/kitchenlab4kids.ignatianum.edu.pl\/pl\/wp-json\/wp\/v2\/pages"}],"about":[{"href":"https:\/\/kitchenlab4kids.ignatianum.edu.pl\/pl\/wp-json\/wp\/v2\/types\/page"}],"author":[{"embeddable":true,"href":"https:\/\/kitchenlab4kids.ignatianum.edu.pl\/pl\/wp-json\/wp\/v2\/users\/3"}],"replies":[{"embeddable":true,"href":"https:\/\/kitchenlab4kids.ignatianum.edu.pl\/pl\/wp-json\/wp\/v2\/comments?post=7533"}],"version-history":[{"count":1,"href":"https:\/\/kitchenlab4kids.ignatianum.edu.pl\/pl\/wp-json\/wp\/v2\/pages\/7533\/revisions"}],"predecessor-version":[{"id":7536,"href":"https:\/\/kitchenlab4kids.ignatianum.edu.pl\/pl\/wp-json\/wp\/v2\/pages\/7533\/revisions\/7536"}],"wp:attachment":[{"href":"https:\/\/kitchenlab4kids.ignatianum.edu.pl\/pl\/wp-json\/wp\/v2\/media?parent=7533"}],"curies":[{"name":"wp","href":"https:\/\/api.w.org\/{rel}","templated":true}]}}