{"id":8445,"date":"2023-10-11T13:05:47","date_gmt":"2023-10-11T11:05:47","guid":{"rendered":"https:\/\/kitchenlab4kids.uniwersytet.ignatianum.edu.pl\/?page_id=8445"},"modified":"2023-10-11T13:06:07","modified_gmt":"2023-10-11T11:06:07","slug":"mapa-strony","status":"publish","type":"page","link":"https:\/\/kitchenlab4kids.ignatianum.edu.pl\/pl\/mapa-strony\/","title":{"rendered":"Mapa strony"},"content":{"rendered":"<ul class=\"wp-block-page-list\"><li class=\"wp-block-pages-list__item\"><a class=\"wp-block-pages-list__item__link\" href=\"https:\/\/kitchenlab4kids.ignatianum.edu.pl\/pl\/accessibility-declaration\/\">Accessibility Declaration<\/a><\/li><li class=\"wp-block-pages-list__item\"><a class=\"wp-block-pages-list__item__link\" href=\"https:\/\/kitchenlab4kids.ignatianum.edu.pl\/pl\/ankieta-dla-nauczycieli\/\">Ankieta dla nauczycieli<\/a><\/li><li class=\"wp-block-pages-list__item\"><a class=\"wp-block-pages-list__item__link\" href=\"https:\/\/kitchenlab4kids.ignatianum.edu.pl\/pl\/formularz-oceny\/\">Formularz oceny<\/a><\/li><li class=\"wp-block-pages-list__item\"><a class=\"wp-block-pages-list__item__link\" href=\"https:\/\/kitchenlab4kids.ignatianum.edu.pl\/pl\/zagraj-z-nami\/\">Graj razem z nami<\/a><\/li><li class=\"wp-block-pages-list__item\"><a class=\"wp-block-pages-list__item__link\" href=\"https:\/\/kitchenlab4kids.ignatianum.edu.pl\/pl\/ksiazeczka-dla-rodzicow\/\">Ksi\u0105\u017ceczka dla Rodzic\u00f3w<\/a><\/li><li class=\"wp-block-pages-list__item\"><a class=\"wp-block-pages-list__item__link\" href=\"https:\/\/kitchenlab4kids.ignatianum.edu.pl\/pl\/mapa-strony\/\">Mapa strony<\/a><\/li><li class=\"wp-block-pages-list__item has-child\"><a class=\"wp-block-pages-list__item__link\" href=\"https:\/\/kitchenlab4kids.ignatianum.edu.pl\/pl\/o-nas\/\">O nas<\/a><ul class=\"wp-block-navigation__submenu-container\"><li class=\"wp-block-pages-list__item \"><a class=\"wp-block-pages-list__item__link\" href=\"https:\/\/kitchenlab4kids.ignatianum.edu.pl\/pl\/o-nas\/kontakt\/\">Kontakt<\/a><\/li><li class=\"wp-block-pages-list__item \"><a class=\"wp-block-pages-list__item__link\" href=\"https:\/\/kitchenlab4kids.ignatianum.edu.pl\/pl\/o-nas\/partnerzy\/\">Partnerzy<\/a><\/li><li class=\"wp-block-pages-list__item has-child \"><a class=\"wp-block-pages-list__item__link\" href=\"https:\/\/kitchenlab4kids.ignatianum.edu.pl\/pl\/o-nas\/wydarzenia\/\">Wydarzenia<\/a><ul class=\"wp-block-navigation__submenu-container\"><li class=\"wp-block-pages-list__item has-child \"><a class=\"wp-block-pages-list__item__link\" href=\"https:\/\/kitchenlab4kids.ignatianum.edu.pl\/pl\/o-nas\/wydarzenia\/wydarzenia\/\">Wydarzenia<\/a><ul class=\"wp-block-navigation__submenu-container\"><li class=\"wp-block-pages-list__item \"><a class=\"wp-block-pages-list__item__link\" href=\"https:\/\/kitchenlab4kids.ignatianum.edu.pl\/pl\/o-nas\/wydarzenia\/wydarzenia\/edukacja-stem-w-przedszkolnej-kuchni\/\">Edukacja STEM w przedszkolnej kuchni<\/a><\/li><li class=\"wp-block-pages-list__item \"><a class=\"wp-block-pages-list__item__link\" href=\"https:\/\/kitchenlab4kids.ignatianum.edu.pl\/pl\/o-nas\/wydarzenia\/wydarzenia\/kuchnia-jako-laboratorium-edukacji-stem-w-przedszkolu\/\">Kuchnia jako laboratorium edukacji STEM w przedszkolu<\/a><\/li><li class=\"wp-block-pages-list__item \"><a class=\"wp-block-pages-list__item__link\" href=\"https:\/\/kitchenlab4kids.ignatianum.edu.pl\/pl\/o-nas\/wydarzenia\/wydarzenia\/kuchnia-jako-laboratorium-edukacji-stem-w-przedszkolu-2\/\">Kuchnia jako laboratorium edukacji STEM w przedszkolu<\/a><\/li><\/ul><\/li><li class=\"wp-block-pages-list__item has-child \"><a class=\"wp-block-pages-list__item__link\" href=\"https:\/\/kitchenlab4kids.ignatianum.edu.pl\/pl\/o-nas\/wydarzenia\/wydarzenia-zewnetrzne\/\">Wydarzenia zewn\u0119trzne<\/a><ul class=\"wp-block-navigation__submenu-container\"><li class=\"wp-block-pages-list__item \"><a class=\"wp-block-pages-list__item__link\" href=\"https:\/\/kitchenlab4kids.ignatianum.edu.pl\/pl\/o-nas\/wydarzenia\/wydarzenia-zewnetrzne\/podziel-sie-sukcesem-programu-erasmus\/\">Podziel si\u0119 sukcesem programu Erasmus+!<\/a><\/li><\/ul><\/li><\/ul><\/li><\/ul><\/li><li class=\"wp-block-pages-list__item\"><a class=\"wp-block-pages-list__item__link\" href=\"https:\/\/kitchenlab4kids.ignatianum.edu.pl\/pl\/opis-zestaw-dydaktyczny\/\">Opis<\/a><\/li><li class=\"wp-block-pages-list__item\"><a class=\"wp-block-pages-list__item__link\" href=\"https:\/\/kitchenlab4kids.ignatianum.edu.pl\/pl\/opis\/\">Opis<\/a><\/li><li class=\"wp-block-pages-list__item\"><a class=\"wp-block-pages-list__item__link\" href=\"https:\/\/kitchenlab4kids.ignatianum.edu.pl\/pl\/praktyki-i-nauka\/\">Praktyki i nauka<\/a><\/li><li class=\"wp-block-pages-list__item\"><a class=\"wp-block-pages-list__item__link\" href=\"https:\/\/kitchenlab4kids.ignatianum.edu.pl\/pl\/privacy-policy\/\">Privacy policy<\/a><\/li><li class=\"wp-block-pages-list__item\"><a class=\"wp-block-pages-list__item__link\" href=\"https:\/\/kitchenlab4kids.ignatianum.edu.pl\/pl\/przeglad-literatury\/\">Przegl\u0105d literatury<\/a><\/li><li class=\"wp-block-pages-list__item has-child\"><a class=\"wp-block-pages-list__item__link\" href=\"https:\/\/kitchenlab4kids.ignatianum.edu.pl\/pl\/sciezki-uczenia-sie\/\">\u015acie\u017cki uczenia si\u0119<\/a><ul class=\"wp-block-navigation__submenu-container\"><li class=\"wp-block-pages-list__item \"><a class=\"wp-block-pages-list__item__link\" href=\"https:\/\/kitchenlab4kids.ignatianum.edu.pl\/pl\/sciezki-uczenia-sie\/badamy-gestosc-cieczy-w-naturze-i-w-kuchni\/\">Badamy g\u0119sto\u015b\u0107 cieczy<\/a><\/li><li class=\"wp-block-pages-list__item \"><a class=\"wp-block-pages-list__item__link\" href=\"https:\/\/kitchenlab4kids.ignatianum.edu.pl\/pl\/sciezki-uczenia-sie\/co-to-jest-osmoza\/\">Co to jest osmoza?<\/a><\/li><li class=\"wp-block-pages-list__item \"><a class=\"wp-block-pages-list__item__link\" href=\"https:\/\/kitchenlab4kids.ignatianum.edu.pl\/pl\/sciezki-uczenia-sie\/dwutlenek-wegla-co2przyjaciel-czy-wrog\/\">Dwutlenek w\u0119gla (CO2)Przyjaciel czy wr\u00f3g<\/a><\/li><li class=\"wp-block-pages-list__item \"><a class=\"wp-block-pages-list__item__link\" href=\"https:\/\/kitchenlab4kids.ignatianum.edu.pl\/pl\/sciezki-uczenia-sie\/konstruowanie-i-myslenie-w-3d-jak-zostac-inzynierem\/\">Konstruowanie i my\u015blenie w 3D \u2013 Jak zosta\u0107 in\u017cynierem?<\/a><\/li><li class=\"wp-block-pages-list__item \"><a class=\"wp-block-pages-list__item__link\" href=\"https:\/\/kitchenlab4kids.ignatianum.edu.pl\/pl\/sciezki-uczenia-sie\/laboratorium-piekarza\/\">Laboratorium piekarza<\/a><\/li><li class=\"wp-block-pages-list__item \"><a class=\"wp-block-pages-list__item__link\" href=\"https:\/\/kitchenlab4kids.ignatianum.edu.pl\/pl\/sciezki-uczenia-sie\/m-w-stem-zastosowanie-matematyki-w-zyciu-codziennym\/\">M w STEM: Zastosowanie matematyki w \u017cyciu codziennym<\/a><\/li><li class=\"wp-block-pages-list__item \"><a class=\"wp-block-pages-list__item__link\" href=\"https:\/\/kitchenlab4kids.ignatianum.edu.pl\/pl\/sciezki-uczenia-sie\/nauka-o-slodyczach-najpierw-eksperymentuj-potem-jedz\/\">Nauka o s\u0142odyczach<\/a><\/li><li class=\"wp-block-pages-list__item \"><a class=\"wp-block-pages-list__item__link\" href=\"https:\/\/kitchenlab4kids.ignatianum.edu.pl\/pl\/sciezki-uczenia-sie\/stem-eksperymentalne-projektowanie-uczymy-sie-projektowac\/\">STEM \u2013 Eksperymentalne projektowanie: Uczymy si\u0119 projektowa\u0107<\/a><\/li><li class=\"wp-block-pages-list__item \"><a class=\"wp-block-pages-list__item__link\" href=\"https:\/\/kitchenlab4kids.ignatianum.edu.pl\/pl\/sciezki-uczenia-sie\/uczenie-sie-jak-obserwowac-i-odkrywac\/\">Uczenie si\u0119 jak obserwowa\u0107 i odkrywa\u0107<\/a><\/li><li class=\"wp-block-pages-list__item \"><a class=\"wp-block-pages-list__item__link\" href=\"https:\/\/kitchenlab4kids.ignatianum.edu.pl\/pl\/sciezki-uczenia-sie\/uczymy-sie-wspolpracowac-w-zespole-umiejetnosci-spoleczne\/\">Uczymy si\u0119 wsp\u00f3\u0142pracowa\u0107 w zespole<\/a><\/li><li class=\"wp-block-pages-list__item \"><a class=\"wp-block-pages-list__item__link\" href=\"https:\/\/kitchenlab4kids.ignatianum.edu.pl\/pl\/sciezki-uczenia-sie\/zmiana-stanu-skupienia-ciala-stale-i-ciecze\/\">Zmiana stanu skupienia<\/a><\/li><\/ul><\/li><li class=\"wp-block-pages-list__item menu-item-home\"><a class=\"wp-block-pages-list__item__link\" href=\"https:\/\/kitchenlab4kids.ignatianum.edu.pl\/pl\/\">Strona g\u0142\u00f3wna<\/a><\/li><li class=\"wp-block-pages-list__item\"><a class=\"wp-block-pages-list__item__link\" href=\"https:\/\/kitchenlab4kids.ignatianum.edu.pl\/pl\/wideo\/\">Wideo<\/a><\/li><li class=\"wp-block-pages-list__item\"><a class=\"wp-block-pages-list__item__link\" href=\"https:\/\/kitchenlab4kids.ignatianum.edu.pl\/pl\/wytyczne-dla-nauczycieli\/\">Wytyczne dla nauczycieli<\/a><\/li><\/ul><!-- PMB print buttons is only displayed on a single post\/page URLs-->","protected":false},"excerpt":{"rendered":" [&hellip;]","protected":false},"author":3,"featured_media":0,"parent":0,"menu_order":0,"comment_status":"closed","ping_status":"closed","template":"","meta":{"_acf_changed":false,"_uag_custom_page_level_css":"","site-sidebar-layout":"default","site-content-layout":"","ast-site-content-layout":"","site-content-style":"default","site-sidebar-style":"default","ast-global-header-display":"","ast-banner-title-visibility":"","ast-main-header-display":"","ast-hfb-above-header-display":"","ast-hfb-below-header-display":"","ast-hfb-mobile-header-display":"","site-post-title":"","ast-breadcrumbs-content":"","ast-featured-img":"","footer-sml-layout":"","theme-transparent-header-meta":"","adv-header-id-meta":"","stick-header-meta":"","header-above-stick-meta":"","header-main-stick-meta":"","header-below-stick-meta":"","astra-migrate-meta-layouts":"default","ast-page-background-enabled":"default","ast-page-background-meta":{"desktop":{"background-color":"var(--ast-global-color-4)","background-image":"","background-repeat":"repeat","background-position":"center center","background-size":"auto","background-attachment":"scroll","background-type":"","background-media":"","overlay-type":"","overlay-color":"","overlay-opacity":"","overlay-gradient":""},"tablet":{"background-color":"","background-image":"","background-repeat":"repeat","background-position":"center center","background-size":"auto","background-attachment":"scroll","background-type":"","background-media":"","overlay-type":"","overlay-color":"","overlay-opacity":"","overlay-gradient":""},"mobile":{"background-color":"","background-image":"","background-repeat":"repeat","background-position":"center center","background-size":"auto","background-attachment":"scroll","background-type":"","background-media":"","overlay-type":"","overlay-color":"","overlay-opacity":"","overlay-gradient":""}},"ast-content-background-meta":{"desktop":{"background-color":"var(--ast-global-color-5)","background-image":"","background-repeat":"repeat","background-position":"center center","background-size":"auto","background-attachment":"scroll","background-type":"","background-media":"","overlay-type":"","overlay-color":"","overlay-opacity":"","overlay-gradient":""},"tablet":{"background-color":"var(--ast-global-color-5)","background-image":"","background-repeat":"repeat","background-position":"center center","background-size":"auto","background-attachment":"scroll","background-type":"","background-media":"","overlay-type":"","overlay-color":"","overlay-opacity":"","overlay-gradient":""},"mobile":{"background-color":"var(--ast-global-color-5)","background-image":"","background-repeat":"repeat","background-position":"center center","background-size":"auto","background-attachment":"scroll","background-type":"","background-media":"","overlay-type":"","overlay-color":"","overlay-opacity":"","overlay-gradient":""}},"ngg_post_thumbnail":0,"footnotes":""},"acf":[],"uagb_featured_image_src":{"full":false,"thumbnail":false,"medium":false,"medium_large":false,"large":false,"1536x1536":false,"2048x2048":false},"uagb_author_info":{"display_name":"Redaktor","author_link":"https:\/\/kitchenlab4kids.ignatianum.edu.pl\/pl\/author\/dstolarek\/"},"uagb_comment_info":0,"uagb_excerpt":"[&hellip;]","_links":{"self":[{"href":"https:\/\/kitchenlab4kids.ignatianum.edu.pl\/pl\/wp-json\/wp\/v2\/pages\/8445"}],"collection":[{"href":"https:\/\/kitchenlab4kids.ignatianum.edu.pl\/pl\/wp-json\/wp\/v2\/pages"}],"about":[{"href":"https:\/\/kitchenlab4kids.ignatianum.edu.pl\/pl\/wp-json\/wp\/v2\/types\/page"}],"author":[{"embeddable":true,"href":"https:\/\/kitchenlab4kids.ignatianum.edu.pl\/pl\/wp-json\/wp\/v2\/users\/3"}],"replies":[{"embeddable":true,"href":"https:\/\/kitchenlab4kids.ignatianum.edu.pl\/pl\/wp-json\/wp\/v2\/comments?post=8445"}],"version-history":[{"count":1,"href":"https:\/\/kitchenlab4kids.ignatianum.edu.pl\/pl\/wp-json\/wp\/v2\/pages\/8445\/revisions"}],"predecessor-version":[{"id":8448,"href":"https:\/\/kitchenlab4kids.ignatianum.edu.pl\/pl\/wp-json\/wp\/v2\/pages\/8445\/revisions\/8448"}],"wp:attachment":[{"href":"https:\/\/kitchenlab4kids.ignatianum.edu.pl\/pl\/wp-json\/wp\/v2\/media?parent=8445"}],"curies":[{"name":"wp","href":"https:\/\/api.w.org\/{rel}","templated":true}]}}