{"id":8562,"date":"2023-12-18T10:00:55","date_gmt":"2023-12-18T08:00:55","guid":{"rendered":"https:\/\/kitchenlab4kids.uniwersytet.ignatianum.edu.pl\/privacy-policy\/"},"modified":"2023-12-18T10:00:55","modified_gmt":"2023-12-18T08:00:55","slug":"privacy-policy","status":"publish","type":"page","link":"https:\/\/kitchenlab4kids.ignatianum.edu.pl\/pl\/privacy-policy\/","title":{"rendered":"Privacy policy"},"content":{"rendered":"\n<h2 class=\"wp-block-heading\">Polityka Prywatno\u015bci Akademii Ignatianum w Krakowie<\/h2>\n\n\n\n<ol start=\"1\">\n<li>Informacje og\u00f3lne.&nbsp;\n<ol>\n<li>Niniejsza polityka dotyczy Serwisu internetowego, <a href=\"https:\/\/uniwersytet.ignatianum.edu.pl\/\" target=\"_blank\" rel=\"noreferrer noopener\">https:\/\/uniwersytet.ignatianum.edu.pl\/<\/a>&nbsp;<\/li>\n\n\n\n<li>Operatorem Serwisu oraz jest Uniwersytet Ignatianum w Krakowie, ul. Kopernika 26, 31-501 Krak\u00f3w.&nbsp;<\/li>\n\n\n\n<li>Adres kontaktowy poczty elektronicznej Operatora: rektorat@ignatianum.edu.pl.&nbsp;<\/li>\n\n\n\n<li>Operator jest Administratorem Twoich danych osobowych w odniesieniu do danych wpisywanych w formularzach kontaktowym.&nbsp;<\/li>\n\n\n\n<li>Serwis realizuje funkcje pozyskiwania informacji o u\u017cytkownikach i ich zachowaniu w Serwisie:&nbsp;\n<ol type=\"a\">\n<li>Poprzez dobrowolnie wprowadzone w formularzu kontaktowym dane, kt\u00f3re zostaj\u0105 wprowadzone do system\u00f3w Operatora.&nbsp;<\/li>\n\n\n\n<li>Poprzez zapisywanie w urz\u0105dzeniach ko\u0144cowych plik\u00f3w cookie (tzw. \u201eciasteczek\u201d).&nbsp;<\/li>\n<\/ol>\n<\/li>\n<\/ol>\n<\/li>\n<\/ol>\n\n\n\n<ol start=\"2\">\n<li>Wybrane metody ochrony danych stosowane przez Operatora.&nbsp;\n<ol>\n<li>Miejsca logowania i wprowadzania danych s\u0105 chronione w warstwie transmisji (certyfikat SSL). Dzi\u0119ki temu dane logowania, wprowadzone na stronie, zostaj\u0105 zaszyfrowane w komputerze u\u017cytkownika i mog\u0105 by\u0107 odczytane jedynie na docelowym serwerze.&nbsp;<\/li>\n\n\n\n<li>Dane przechowywane w bazie danych s\u0105 zaszyfrowane w taki spos\u00f3b, \u017ce jedynie Operator, kt\u00f3ry posiada klucz mo\u017ce je odczyta\u0107. Dzi\u0119ki temu dane s\u0105 chronione na wypadek kradzie\u017cy bazy danych z serwera.&nbsp;<\/li>\n\n\n\n<li>Operator okresowo zmienia swoje has\u0142a administracyjne.&nbsp;<\/li>\n\n\n\n<li>W celu ochrony danych Operator regularnie wykonuje kopie bezpiecze\u0144stwa.&nbsp;<\/li>\n\n\n\n<li>Istotnym elementem ochrony danych jest regularna aktualizacja wszelkiego oprogramowania, wykorzystywanego przez Operatora do przetwarzania danych osobowych, co w szczeg\u00f3lno\u015bci oznacza regularne aktualizacje komponent\u00f3w programistycznych.&nbsp;<\/li>\n<\/ol>\n<\/li>\n<\/ol>\n\n\n\n<ol start=\"3\">\n<li>Hosting.&nbsp;\n<ol>\n<li>Serwis jest hostowany na serwerach: Uniwersytetu Ignatianum w Krakowie.&nbsp;<\/li>\n\n\n\n<li>Dane rejestrowe firmy hostingowej: Uniwersytet Ignatianum w Krakowie, ul. Kopernika 26, 31-501 Krak\u00f3w.&nbsp;<\/li>\n\n\n\n<li>Pod adresem ignatianum.edu.pl\u202fmo\u017cesz dowiedzie\u0107 si\u0119 wi\u0119cej o hostingu i sprawdzi\u0107 polityk\u0119 prywatno\u015bci firmy hostingowej.&nbsp;<\/li>\n\n\n\n<li>Firma hostingowa:&nbsp;\n<ul>\n<li>stosuje \u015brodki ochrony przed utrat\u0105 danych (np. macierze dyskowe, regularne kopie bezpiecze\u0144stwa),&nbsp;<\/li>\n\n\n\n<li>stosuje adekwatne \u015brodki ochrony miejsc przetwarzania na wypadek po\u017caru (np. specjalne systemy ga\u015bnicze),&nbsp;<\/li>\n\n\n\n<li>stosuje adekwatne \u015brodki ochrony system\u00f3w przetwarzania na wypadek nag\u0142ej awarii zasilania (np. podw\u00f3jne tory zasilania, agregaty, systemy podtrzymania napi\u0119cia UPS),&nbsp;<\/li>\n\n\n\n<li>stosuje \u015brodki fizycznej ochrony dost\u0119pu do miejsc przetwarzania danych (np. kontrola dost\u0119pu, monitoring),&nbsp;<\/li>\n\n\n\n<li>stosuje \u015brodki zapewnienia odpowiednich warunk\u00f3w \u015brodowiskowych dla serwer\u00f3w jako element\u00f3w systemu przetwarzania danych (np. kontrola warunk\u00f3w \u015brodowiskowych, specjalistyczne systemy klimatyzacji),&nbsp;<\/li>\n\n\n\n<li>stosuje rozwi\u0105zania organizacyjne dla zapewnienia mo\u017cliwie wysokiego stopnia ochrony i poufno\u015bci (szkolenia, wewn\u0119trzne regulaminy, polityki hase\u0142 itp.),&nbsp;<\/li>\n\n\n\n<li>powo\u0142a\u0142a Inspektora Ochrony Danych.&nbsp;<\/li>\n<\/ul>\n<\/li>\n\n\n\n<li>Firma hostingowa w celu zapewnienia niezawodno\u015bci technicznej prowadzi logi na poziomie serwera. Zapisowi mog\u0105 podlega\u0107: zasoby okre\u015blone identyfikatorem URL (adresy \u017c\u0105danych zasob\u00f3w \u2013 stron, plik\u00f3w),&nbsp;\n<ul>\n<li>czas nadej\u015bcia zapytania,&nbsp;<\/li>\n\n\n\n<li>czas wys\u0142ania odpowiedzi,&nbsp;<\/li>\n\n\n\n<li>nazw\u0119 stacji klienta \u2013 identyfikacja realizowana przez protok\u00f3\u0142 HTTP,&nbsp;<\/li>\n\n\n\n<li>informacje o b\u0142\u0119dach jakie nast\u0105pi\u0142y przy realizacji transakcji HTTP,&nbsp;<\/li>\n\n\n\n<li>adres URL strony poprzednio odwiedzanej przez u\u017cytkownika (referer\u202flink) \u2013 w przypadku, gdy przej\u015bcie do Serwisu nast\u0105pi\u0142o przez odno\u015bnik,&nbsp;<\/li>\n\n\n\n<li>informacje o przegl\u0105darce u\u017cytkownika,&nbsp;<\/li>\n\n\n\n<li>informacje o adresie IP,&nbsp;<\/li>\n\n\n\n<li>informacje diagnostyczne zwi\u0105zane z procesem samodzielnego zamawiania us\u0142ug poprzez rejestratory na stronie,&nbsp;<\/li>\n\n\n\n<li>informacje zwi\u0105zane z obs\u0142ug\u0105 poczty elektronicznej kierowanej do Operatora oraz wysy\u0142anej przez Operatora.&nbsp;<\/li>\n<\/ul>\n<\/li>\n<\/ol>\n<\/li>\n<\/ol>\n\n\n\n<ol start=\"4\">\n<li>Informacje o danych osobowych, kt\u00f3re przetwarzamy poprzez formularz kontaktowy umieszczony w Serwisie.&nbsp;\n<ol>\n<li>Administratorem Twoich danych osobowych jest\u202fUniwersytet Ignatianum w Krakowie przy ul. Kopernika 26, 31-501 Krak\u00f3w. Kontakt do Administratora: rektorat@ignatianum.edu.pl lub nr tel.: 123 999 502.&nbsp;<\/li>\n\n\n\n<li>Administrator wyznaczy\u0142 Inspektora Ochrony Danych, z kt\u00f3rym mo\u017cna skontaktowa\u0107 si\u0119 pod adresem:\u202fiod@ignatianum.edu.pl.&nbsp;<\/li>\n\n\n\n<li>Twoje dane osobowe przetwarzane b\u0119d\u0105 na podstawie art. 6 ust. 1 lit. a RODO w celu kontaktu z klientem.&nbsp;<\/li>\n\n\n\n<li>Podane przez Ciebie dane osobowe mog\u0105 by\u0107 udost\u0119pniane:&nbsp;\n<ul>\n<li>dostawcom us\u0142ug hostingowych,&nbsp;<\/li>\n\n\n\n<li>innym odbiorcom wy\u0142\u0105cznie na podstawie przepis\u00f3w prawa.&nbsp;<\/li>\n<\/ul>\n<\/li>\n\n\n\n<li>Dane osobowe b\u0119d\u0105 przetwarzane do momentu odwo\u0142ania zgody lub po up\u0142ywie 6 miesi\u0119cy. Zgody na przetwarzanie danych osobowych mo\u017ce zosta\u0107 cofni\u0119ta w dowolnym momencie, za pomoc\u0105 wys\u0142ania informacji na adres:\u202fiod@ignatianum.edu.pl.&nbsp;<\/li>\n\n\n\n<li>Posiada Pani\/Pan prawo dost\u0119pu do tre\u015bci swoich danych oraz prawo ich sprostowania, usuni\u0119cia, ograniczenia przetwarzania, prawo do przenoszenia danych, prawo wniesienia sprzeciwu- na warunkach okre\u015blonych w przepisach RODO. Posiada Pani\/Pan prawo wniesienia skargi do organu nadzorczego zajmuj\u0105cego si\u0119 ochron\u0105 danych osobowych.&nbsp;<\/li>\n\n\n\n<li>Podanie przez Pani\u0105\/Pana danych osobowych jest dobrowolne, lecz niezb\u0119dne do kontaktu przez pracownika Uniwersytetu Ignatianum w sprawie wskazanej przez Pani\u0105\/Pana w tre\u015bci formularza&nbsp;<\/li>\n<\/ol>\n<\/li>\n<\/ol>\n\n\n\n<ol start=\"5\">\n<li>Pliki cookies.&nbsp;\n<ol>\n<li>Serwis zbiera informacje za pomoc\u0105 plik\u00f3w cookies \u2013 sesyjnych, sta\u0142ych i podmiot\u00f3w zewn\u0119trznych.&nbsp;<\/li>\n\n\n\n<li>Zbieranie plik\u00f3w cookies wspiera poprawne \u015bwiadczenie us\u0142ug w Serwisie i s\u0142u\u017cy celom statystycznym.&nbsp;<\/li>\n\n\n\n<li>U\u017cytkownik mo\u017ce okre\u015bli\u0107 zakres dost\u0119pu plik\u00f3w cookies do swojego urz\u0105dzenia w ustawieniach przegl\u0105darki.&nbsp;<\/li>\n<\/ol>\n<\/li>\n\n\n\n<li>Jakie dane przetwarzane poprzez kana\u0142y spo\u0142eczno\u015bciowe?&nbsp;<br>Informacje o danych osobowych, kt\u00f3re przetwarzamy poprzez fanpage Sp\u00f3\u0142ki (Facebook)&nbsp;<br>Zgodnie z art. 13 Og\u00f3lnego rozporz\u0105dzenia o ochronie danych osobowych z dnia 27 kwietnia 2016 r.(tj. RODO)\u202finformujemy Ci\u0119, \u017ce:&nbsp;\n<ol>\n<li>Administratorem Pani\/Pana danych osobowych jest\u202fUniwersytet Ignatianum w Krakowie, ul. Kopernika 26, 31-501 Krak\u00f3w, 12 39 99 502.&nbsp;<\/li>\n\n\n\n<li>Administrator wyznaczy\u0142 Inspektora Ochrony Danych, z kt\u00f3rym mo\u017cna skontaktowa\u0107 si\u0119 pod adresem: iod@ignatianum.edu.pl.&nbsp;<\/li>\n\n\n\n<li>Wsp\u00f3\u0142administratorem Twoich danych jest Facebook\u202fIreland Ltd. 4 Grand Canal Square, Grand Canal Harbour, D2 Dublin Ireland.&nbsp;<\/li>\n\n\n\n<li>Punktem kontaktowym w sprawach ochrony danych jest: Uniwersytet Ignatianum w Krakowie, ul. Kopernika 26, 31-501 Krak\u00f3w, 12 39 99 502, rektorat@ignatianum.edu.pl.&nbsp;<\/li>\n\n\n\n<li>Twoje dane osobowe przetwarzane b\u0119d\u0105 w celu na podstawie art. 6 ust. 1 lit.f\u202f RODO&nbsp;<br>w celu:&nbsp;\n<ul>\n<li>prowadzenia fanpage na portalu Facebook poprzez umieszczenia na nim wpis\u00f3w, zdj\u0119\u0107 oraz odpowiedzi na komentarze,&nbsp;<\/li>\n\n\n\n<li>kontaktu przez fanpage (w tym: przesy\u0142ania informacji i \u201epolubie\u0144\u201d),&nbsp;<\/li>\n\n\n\n<li>zarz\u0105dzania polubieniami, wydarzeniami i komentarzami poprzez portal Facebook.&nbsp;<\/li>\n<\/ul>\n<\/li>\n\n\n\n<li>Twoje dane b\u0119d\u0105 udost\u0119pniane:&nbsp;\n<ul>\n<li>dostawcom us\u0142ug informatycznych lub prawnych,&nbsp;<\/li>\n\n\n\n<li>podmiotom uprawnionym do uzyskania danych osobowych na podstawie przepis\u00f3w prawa.&nbsp;<\/li>\n<\/ul>\n<\/li>\n\n\n\n<li>Dane osobowe b\u0119d\u0105 przetwarzane do momentu zamkni\u0119cia fanpage Uniwersytetu Ignatianum\u202fna Facebook.&nbsp;<\/li>\n\n\n\n<li>Posiadasz prawo dost\u0119pu do tre\u015bci swoich danych oraz prawo ich sprostowania, usuni\u0119cia, ograniczenia przetwarzania, prawo do przenoszenia danych, prawo wniesienia sprzeciwu- na warunkach okre\u015blonych w przepisach RODO.&nbsp;<\/li>\n\n\n\n<li>Posiadasz prawo wniesienia skargi do organu nadzorczego zajmuj\u0105cego si\u0119 ochron\u0105 danych osobowych.&nbsp;<\/li>\n\n\n\n<li>Przetwarzanie Twoich danych osobowych jest niezb\u0119dne do umieszczania informacji, komentarzy i \u201epolubie\u0144\u201d na fanpage Uniwersytetu Ignatianum.&nbsp;<\/li>\n<\/ol>\n<\/li>\n<\/ol>\n\n\n\n<ol start=\"7\">\n<li>&nbsp;Wi\u0119cej na temat polityki prywatno\u015bci pod adresem: <a href=\"https:\/\/www.ignatianum.edu.pl\/polityka-prywatnosci\" target=\"_blank\" rel=\"noreferrer noopener\">https:\/\/www.ignatianum.edu.pl\/polityka-prywatnosci<\/a>&nbsp;<\/li>\n<\/ol>\n<!-- PMB print buttons is only displayed on a single post\/page URLs-->","protected":false},"excerpt":{"rendered":"Polityka Prywatno\u015bci Akademii Ignatianum w [&hellip;]","protected":false},"author":4,"featured_media":0,"parent":0,"menu_order":0,"comment_status":"closed","ping_status":"closed","template":"","meta":{"_acf_changed":false,"_uag_custom_page_level_css":"","site-sidebar-layout":"default","site-content-layout":"","ast-site-content-layout":"","site-content-style":"default","site-sidebar-style":"default","ast-global-header-display":"","ast-banner-title-visibility":"","ast-main-header-display":"","ast-hfb-above-header-display":"","ast-hfb-below-header-display":"","ast-hfb-mobile-header-display":"","site-post-title":"","ast-breadcrumbs-content":"","ast-featured-img":"","footer-sml-layout":"","theme-transparent-header-meta":"","adv-header-id-meta":"","stick-header-meta":"","header-above-stick-meta":"","header-main-stick-meta":"","header-below-stick-meta":"","astra-migrate-meta-layouts":"default","ast-page-background-enabled":"default","ast-page-background-meta":{"desktop":{"background-color":"var(--ast-global-color-4)","background-image":"","background-repeat":"repeat","background-position":"center center","background-size":"auto","background-attachment":"scroll","background-type":"","background-media":"","overlay-type":"","overlay-color":"","overlay-opacity":"","overlay-gradient":""},"tablet":{"background-color":"","background-image":"","background-repeat":"repeat","background-position":"center center","background-size":"auto","background-attachment":"scroll","background-type":"","background-media":"","overlay-type":"","overlay-color":"","overlay-opacity":"","overlay-gradient":""},"mobile":{"background-color":"","background-image":"","background-repeat":"repeat","background-position":"center center","background-size":"auto","background-attachment":"scroll","background-type":"","background-media":"","overlay-type":"","overlay-color":"","overlay-opacity":"","overlay-gradient":""}},"ast-content-background-meta":{"desktop":{"background-color":"var(--ast-global-color-5)","background-image":"","background-repeat":"repeat","background-position":"center center","background-size":"auto","background-attachment":"scroll","background-type":"","background-media":"","overlay-type":"","overlay-color":"","overlay-opacity":"","overlay-gradient":""},"tablet":{"background-color":"var(--ast-global-color-5)","background-image":"","background-repeat":"repeat","background-position":"center center","background-size":"auto","background-attachment":"scroll","background-type":"","background-media":"","overlay-type":"","overlay-color":"","overlay-opacity":"","overlay-gradient":""},"mobile":{"background-color":"var(--ast-global-color-5)","background-image":"","background-repeat":"repeat","background-position":"center center","background-size":"auto","background-attachment":"scroll","background-type":"","background-media":"","overlay-type":"","overlay-color":"","overlay-opacity":"","overlay-gradient":""}},"ngg_post_thumbnail":0,"footnotes":""},"acf":[],"uagb_featured_image_src":{"full":false,"thumbnail":false,"medium":false,"medium_large":false,"large":false,"1536x1536":false,"2048x2048":false},"uagb_author_info":{"display_name":"Andrzej Test","author_link":"https:\/\/kitchenlab4kids.ignatianum.edu.pl\/pl\/author\/acieslicka\/"},"uagb_comment_info":0,"uagb_excerpt":"Polityka Prywatno\u015bci Akademii Ignatianum w [&hellip;]","_links":{"self":[{"href":"https:\/\/kitchenlab4kids.ignatianum.edu.pl\/pl\/wp-json\/wp\/v2\/pages\/8562"}],"collection":[{"href":"https:\/\/kitchenlab4kids.ignatianum.edu.pl\/pl\/wp-json\/wp\/v2\/pages"}],"about":[{"href":"https:\/\/kitchenlab4kids.ignatianum.edu.pl\/pl\/wp-json\/wp\/v2\/types\/page"}],"author":[{"embeddable":true,"href":"https:\/\/kitchenlab4kids.ignatianum.edu.pl\/pl\/wp-json\/wp\/v2\/users\/4"}],"replies":[{"embeddable":true,"href":"https:\/\/kitchenlab4kids.ignatianum.edu.pl\/pl\/wp-json\/wp\/v2\/comments?post=8562"}],"version-history":[{"count":0,"href":"https:\/\/kitchenlab4kids.ignatianum.edu.pl\/pl\/wp-json\/wp\/v2\/pages\/8562\/revisions"}],"wp:attachment":[{"href":"https:\/\/kitchenlab4kids.ignatianum.edu.pl\/pl\/wp-json\/wp\/v2\/media?parent=8562"}],"curies":[{"name":"wp","href":"https:\/\/api.w.org\/{rel}","templated":true}]}}